{"id":32199,"date":"2025-12-09T17:03:37","date_gmt":"2025-12-09T14:03:37","guid":{"rendered":"https:\/\/yuntes.com.tr\/?post_type=product&#038;p=32199"},"modified":"2025-12-09T17:45:31","modified_gmt":"2025-12-09T14:45:31","slug":"wele-vq650-cnc-dik-isleme-merkezi","status":"publish","type":"product","link":"https:\/\/yuntes.com.tr\/ru\/product\/wele-vq650-cnc-dik-isleme-merkezi\/","title":{"rendered":"WELE VQ650 CNC Dik \u0130\u015fleme Merkezi"},"content":{"rendered":"<p>Dikey i\u015fleme merkezi (lineer k\u0131lavuz)<\/p>\n<p>Y\u00fcksek verimli hassas i\u015fleme<\/p>\n<p>\ud83d\udd34 Ekstra geni\u015f a\u00e7\u0131kl\u0131kl\u0131 ve ekstra y\u00fcksek sertlikte kolonlar<br \/>\n\ud83d\udd34 Omuz \u00fcst\u00fc alet \u015farj\u00f6r\u00fc montaj\u0131 (yan tarafa monte edilmemi\u015f)<br \/>\n\ud83d\udd34 Do\u011frudan tahrikli y\u00fcksek h\u0131zl\u0131 mil \u00e7ift so\u011futma tasar\u0131m\u0131<br \/>\n\ud83d\udd34 Y\u00fcksek dereceli bas\u0131n\u00e7 tahliye ya\u011flay\u0131c\u0131s\u0131 ve bak\u0131r ya\u011f borular\u0131 kullan\u0131larak hassasiyet ve dayan\u0131kl\u0131l\u0131k sa\u011flanm\u0131\u015ft\u0131r.<br \/>\n\ud83d\udd34 Tamamen kapal\u0131 d\u0131\u015f kasa d\u00fc\u015f\u00fck g\u00fcr\u00fclt\u00fcl\u00fc, g\u00fcvenli ve s\u0131zd\u0131rmazd\u0131r.<br \/>\n\ud83d\udd34 T\u00fcm \u00f6nemli birle\u015fme y\u00fczeyleri, do\u011frulu\u011fu ve dengeyi art\u0131rmak i\u00e7in ta\u015flama i\u015flemi kullan\u0131larak hassas bir \u015fekilde \u00fcretilir (kolon ve taban aras\u0131nda, mil ucu y\u00fczeyi, bilyal\u0131 somun y\u00fczeyi vb.).<\/p>","protected":false},"excerpt":{"rendered":"<p>Dikey i\u015fleme merkezi (lineer k\u0131lavuz) Y\u00fcksek verimli hassas i\u015fleme \ud83d\udd34 Ekstra geni\u015f a\u00e7\u0131kl\u0131kl\u0131 ve ekstra y\u00fcksek sertlikte kolonlar \ud83d\udd34 Omuz \u00fcst\u00fc alet \u015farj\u00f6r\u00fc montaj\u0131 (yan tarafa monte edilmemi\u015f) \ud83d\udd34 Do\u011frudan tahrikli y\u00fcksek h\u0131zl\u0131 mil \u00e7ift so\u011futma tasar\u0131m\u0131 \ud83d\udd34 Y\u00fcksek dereceli bas\u0131n\u00e7 tahliye ya\u011flay\u0131c\u0131s\u0131 ve bak\u0131r ya\u011f borular\u0131 kullan\u0131larak hassasiyet ve dayan\u0131kl\u0131l\u0131k sa\u011flanm\u0131\u015ft\u0131r. \ud83d\udd34 Tamamen kapal\u0131 [&hellip;]<\/p>","protected":false},"featured_media":32204,"comment_status":"closed","ping_status":"closed","template":"","meta":[],"product_brand":[232],"product_cat":[172],"product_tag":[],"class_list":{"0":"post-32199","1":"product","2":"type-product","3":"status-publish","4":"has-post-thumbnail","6":"product_brand-wele","7":"product_cat-cnc-isleme-merkezi","9":"first","10":"instock","11":"shipping-taxable","12":"product-type-simple"},"ct_brands":[{"id":232,"name":"WELE","slug":"wele"}],"_links":{"self":[{"href":"https:\/\/yuntes.com.tr\/ru\/wp-json\/wp\/v2\/product\/32199","targetHints":{"allow":["GET"]}}],"collection":[{"href":"https:\/\/yuntes.com.tr\/ru\/wp-json\/wp\/v2\/product"}],"about":[{"href":"https:\/\/yuntes.com.tr\/ru\/wp-json\/wp\/v2\/types\/product"}],"replies":[{"embeddable":true,"href":"https:\/\/yuntes.com.tr\/ru\/wp-json\/wp\/v2\/comments?post=32199"}],"version-history":[{"count":2,"href":"https:\/\/yuntes.com.tr\/ru\/wp-json\/wp\/v2\/product\/32199\/revisions"}],"predecessor-version":[{"id":32214,"href":"https:\/\/yuntes.com.tr\/ru\/wp-json\/wp\/v2\/product\/32199\/revisions\/32214"}],"wp:featuredmedia":[{"embeddable":true,"href":"https:\/\/yuntes.com.tr\/ru\/wp-json\/wp\/v2\/media\/32204"}],"wp:attachment":[{"href":"https:\/\/yuntes.com.tr\/ru\/wp-json\/wp\/v2\/media?parent=32199"}],"wp:term":[{"taxonomy":"product_brand","embeddable":true,"href":"https:\/\/yuntes.com.tr\/ru\/wp-json\/wp\/v2\/product_brand?post=32199"},{"taxonomy":"product_cat","embeddable":true,"href":"https:\/\/yuntes.com.tr\/ru\/wp-json\/wp\/v2\/product_cat?post=32199"},{"taxonomy":"product_tag","embeddable":true,"href":"https:\/\/yuntes.com.tr\/ru\/wp-json\/wp\/v2\/product_tag?post=32199"}],"curies":[{"name":"wp","href":"https:\/\/api.w.org\/{rel}","templated":true}]}}