{"id":32117,"date":"2025-10-07T10:54:50","date_gmt":"2025-10-07T07:54:50","guid":{"rendered":"https:\/\/yuntes.com.tr\/?post_type=product&#038;p=32117"},"modified":"2025-10-07T10:54:50","modified_gmt":"2025-10-07T07:54:50","slug":"ydm-oree-laser-or-ta-series-6020","status":"publish","type":"product","link":"https:\/\/yuntes.com.tr\/ru\/product\/ydm-oree-laser-or-ta-series-6020\/","title":{"rendered":"YDM \u2013 Oree Laser OR-TA Series 6020"},"content":{"rendered":"","protected":false},"excerpt":{"rendered":"<p>Boru s\u0131k\u0131\u015ft\u0131rma aral\u0131\u011f\u0131 geni\u015ftir, Yuvarlak boru \u03c610-\u03c610 ve Kare boru kenar uzunlu\u011fu 10 * 10mm-350mm * 350mm&#8217;dir. I-kiri\u015f, kanal \u00e7eli\u011fi, a\u00e7\u0131l\u0131 \u00e7elik, eliptik boru, bel borusu, \u00e7ok deforme olmu\u015f boru vb. gibi \u00e7e\u015fitli \u015fekillerdeki boru malzemelerinin kesilmesini destekler.<\/p>\n<div class=\"mk-font\">\n<div class=\"mk-desc\"><span dir=\"auto\">Boruyu destek silindiri \u00fczerine yerle\u015ftirin, d\u00fczeltme bile\u015feni \u00e7al\u0131\u015f\u0131r ve d\u00fczeltme cihaz\u0131 boruyu otomatik olarak mandrenin ortas\u0131na hizalayacak \u015fekilde s\u0131k\u0131\u015ft\u0131r\u0131r ve mandrenin malzemeyi hassas bir \u015fekilde s\u0131k\u0131\u015ft\u0131rmas\u0131 ve beslemesi sa\u011flan\u0131r.<\/span><\/div>\n<div class=\"mk-desc\"><span dir=\"auto\">Genel olarak a\u011f\u0131r hizmet tipi y\u00fcksek mukavemetli so\u011fuk haddelenmi\u015f boru levha, \u00f6zel kaynakl\u0131 yatak, fi\u015fli yap\u0131 ve e\u015fit mukavemetli kaynak benimsenmi\u015ftir<\/span><\/div>\n<\/div>","protected":false},"featured_media":32124,"comment_status":"closed","ping_status":"closed","template":"","meta":[],"product_brand":[701],"product_cat":[18,174,212],"product_tag":[],"class_list":{"0":"post-32117","1":"product","2":"type-product","3":"status-publish","4":"has-post-thumbnail","6":"product_brand-ydm","7":"product_cat-genel","8":"product_cat-cnc-lazer-boru-profil-kesim-makinesi","9":"product_cat-lazer-kesim-makineleri","11":"first","12":"instock","13":"shipping-taxable","14":"product-type-simple"},"ct_brands":[{"id":701,"name":"YDM","slug":"ydm"}],"_links":{"self":[{"href":"https:\/\/yuntes.com.tr\/ru\/wp-json\/wp\/v2\/product\/32117","targetHints":{"allow":["GET"]}}],"collection":[{"href":"https:\/\/yuntes.com.tr\/ru\/wp-json\/wp\/v2\/product"}],"about":[{"href":"https:\/\/yuntes.com.tr\/ru\/wp-json\/wp\/v2\/types\/product"}],"replies":[{"embeddable":true,"href":"https:\/\/yuntes.com.tr\/ru\/wp-json\/wp\/v2\/comments?post=32117"}],"version-history":[{"count":1,"href":"https:\/\/yuntes.com.tr\/ru\/wp-json\/wp\/v2\/product\/32117\/revisions"}],"predecessor-version":[{"id":32125,"href":"https:\/\/yuntes.com.tr\/ru\/wp-json\/wp\/v2\/product\/32117\/revisions\/32125"}],"wp:featuredmedia":[{"embeddable":true,"href":"https:\/\/yuntes.com.tr\/ru\/wp-json\/wp\/v2\/media\/32124"}],"wp:attachment":[{"href":"https:\/\/yuntes.com.tr\/ru\/wp-json\/wp\/v2\/media?parent=32117"}],"wp:term":[{"taxonomy":"product_brand","embeddable":true,"href":"https:\/\/yuntes.com.tr\/ru\/wp-json\/wp\/v2\/product_brand?post=32117"},{"taxonomy":"product_cat","embeddable":true,"href":"https:\/\/yuntes.com.tr\/ru\/wp-json\/wp\/v2\/product_cat?post=32117"},{"taxonomy":"product_tag","embeddable":true,"href":"https:\/\/yuntes.com.tr\/ru\/wp-json\/wp\/v2\/product_tag?post=32117"}],"curies":[{"name":"wp","href":"https:\/\/api.w.org\/{rel}","templated":true}]}}