{"id":32096,"date":"2025-10-07T09:39:59","date_gmt":"2025-10-07T06:39:59","guid":{"rendered":"https:\/\/yuntes.com.tr\/?post_type=product&#038;p=32096"},"modified":"2025-10-07T09:39:59","modified_gmt":"2025-10-07T06:39:59","slug":"ydm-oree-laser-pg-series-6025","status":"publish","type":"product","link":"https:\/\/yuntes.com.tr\/ru\/product\/ydm-oree-laser-pg-series-6025\/","title":{"rendered":"YDM \u2013 Oree Laser PG Series 6025"},"content":{"rendered":"","protected":false},"excerpt":{"rendered":"<p>Makine g\u00f6vdesi, a\u011f\u0131r hizmet tipi i\u015fleme s\u0131ras\u0131nda \u0131s\u0131 kaynakl\u0131 bozulma riskini \u00f6nemli \u00f6l\u00e7\u00fcde azaltmak ve ekipman\u0131n hizmet \u00f6mr\u00fcn\u00fc uzatmak i\u00e7in mineral yang\u0131na dayan\u0131kl\u0131 malzemeler kullan\u0131r.<\/p>\n<p>\u00c7al\u0131\u015fma s\u0131ras\u0131nda beklenmedik engelleri aktif olarak tespit edip \u00f6nlemek i\u00e7in ak\u0131ll\u0131 alg\u0131lama ile donat\u0131lm\u0131\u015ft\u0131r. Bu sayede kesme kafas\u0131 ile i\u015f par\u00e7as\u0131 aras\u0131ndaki \u00e7arp\u0131\u015fmalar \u00f6nlenir, ekipman g\u00fcvenli\u011fi art\u0131r\u0131l\u0131r ve bak\u0131m maliyetleri azalt\u0131l\u0131r.<\/p>\n<p>Yanma \u00f6nleyici \u00f6zelliklere sahip geli\u015ftirilmi\u015f yap\u0131sal tasar\u0131m, termal deformasyonu etkili bir \u015fekilde azalt\u0131r. Verimli ve istikrarl\u0131 \u00fcretim i\u00e7in daha ak\u0131c\u0131, y\u00fcksek h\u0131zl\u0131 hareket ve uzun vadeli kesim hassasiyeti sa\u011flar.<\/p>","protected":false},"featured_media":32090,"comment_status":"closed","ping_status":"closed","template":"","meta":[],"product_brand":[701],"product_cat":[176,212],"product_tag":[],"class_list":{"0":"post-32096","1":"product","2":"type-product","3":"status-publish","4":"has-post-thumbnail","6":"product_brand-ydm","7":"product_cat-cnc-lazer-sac-levha-kesim-makinesi","8":"product_cat-lazer-kesim-makineleri","10":"first","11":"instock","12":"shipping-taxable","13":"product-type-simple"},"ct_brands":[{"id":701,"name":"YDM","slug":"ydm"}],"_links":{"self":[{"href":"https:\/\/yuntes.com.tr\/ru\/wp-json\/wp\/v2\/product\/32096","targetHints":{"allow":["GET"]}}],"collection":[{"href":"https:\/\/yuntes.com.tr\/ru\/wp-json\/wp\/v2\/product"}],"about":[{"href":"https:\/\/yuntes.com.tr\/ru\/wp-json\/wp\/v2\/types\/product"}],"replies":[{"embeddable":true,"href":"https:\/\/yuntes.com.tr\/ru\/wp-json\/wp\/v2\/comments?post=32096"}],"version-history":[{"count":1,"href":"https:\/\/yuntes.com.tr\/ru\/wp-json\/wp\/v2\/product\/32096\/revisions"}],"predecessor-version":[{"id":32099,"href":"https:\/\/yuntes.com.tr\/ru\/wp-json\/wp\/v2\/product\/32096\/revisions\/32099"}],"wp:featuredmedia":[{"embeddable":true,"href":"https:\/\/yuntes.com.tr\/ru\/wp-json\/wp\/v2\/media\/32090"}],"wp:attachment":[{"href":"https:\/\/yuntes.com.tr\/ru\/wp-json\/wp\/v2\/media?parent=32096"}],"wp:term":[{"taxonomy":"product_brand","embeddable":true,"href":"https:\/\/yuntes.com.tr\/ru\/wp-json\/wp\/v2\/product_brand?post=32096"},{"taxonomy":"product_cat","embeddable":true,"href":"https:\/\/yuntes.com.tr\/ru\/wp-json\/wp\/v2\/product_cat?post=32096"},{"taxonomy":"product_tag","embeddable":true,"href":"https:\/\/yuntes.com.tr\/ru\/wp-json\/wp\/v2\/product_tag?post=32096"}],"curies":[{"name":"wp","href":"https:\/\/api.w.org\/{rel}","templated":true}]}}