{"id":11991,"date":"2025-08-09T17:31:29","date_gmt":"2025-08-09T17:31:29","guid":{"rendered":"https:\/\/yun.defnemedia.com\/?post_type=product&amp;p=11991"},"modified":"2025-08-09T17:31:29","modified_gmt":"2025-08-09T17:31:29","slug":"wele-vtc-3030-cnc-dik-torna-tezgahi","status":"publish","type":"product","link":"https:\/\/yuntes.com.tr\/ru\/product\/wele-vtc-3030-cnc-dik-torna-tezgahi\/","title":{"rendered":"WELE VTC-3030 CNC Dik Torna Tezgah\u0131"},"content":{"rendered":"<div data-elementor-type=\"wp-post\" data-elementor-id=\"11991\" class=\"elementor elementor-11991\" data-elementor-post-type=\"product\">\n\t\t\t\t<div class=\"elementor-element elementor-element-52b2d53 e-flex e-con-boxed e-con e-parent\" data-id=\"52b2d53\" data-element_type=\"container\">\n\t\t\t\t\t<div class=\"e-con-inner\">\n\t\t\t\t\t<\/div>\n\t\t\t\t<\/div>\n\t\t<div class=\"elementor-element elementor-element-8c3c2c7 e-flex e-con-boxed e-con e-parent\" data-id=\"8c3c2c7\" data-element_type=\"container\">\n\t\t\t\t\t<div class=\"e-con-inner\">\n\t\t<div class=\"elementor-element elementor-element-d0a7da0 e-con-full e-flex e-con e-child\" data-id=\"d0a7da0\" data-element_type=\"container\">\n\t\t\t\t<\/div>\n\t\t<div class=\"elementor-element elementor-element-7fdcc65 e-con-full e-flex e-con e-child\" data-id=\"7fdcc65\" data-element_type=\"container\">\n\t\t\t\t<\/div>\n\t\t\t\t\t<\/div>\n\t\t\t\t<\/div>\n\t\t<div class=\"elementor-element elementor-element-0406615 e-flex e-con-boxed e-con e-parent\" data-id=\"0406615\" data-element_type=\"container\" data-settings=\"{&quot;background_background&quot;:&quot;classic&quot;}\">\n\t\t\t\t\t<div class=\"e-con-inner\">\n\t\t<div class=\"elementor-element elementor-element-9ec2134 e-con-full e-flex e-con e-child\" data-id=\"9ec2134\" data-element_type=\"container\">\n\t\t\t\t<\/div>\n\t\t\t\t\t<\/div>\n\t\t\t\t<\/div>\n\t\t<div class=\"elementor-element elementor-element-22367a7 e-flex e-con-boxed e-con e-parent\" data-id=\"22367a7\" data-element_type=\"container\">\n\t\t\t\t\t<div class=\"e-con-inner\">\n\t\t<div class=\"elementor-element elementor-element-0b29d0c e-con-full e-flex e-con e-child\" data-id=\"0b29d0c\" data-element_type=\"container\">\n\t\t<div class=\"elementor-element elementor-element-e6e4b9c e-con-full e-flex e-con e-child\" data-id=\"e6e4b9c\" data-element_type=\"container\">\n\t\t\t\t<\/div>\n\t\t<div class=\"elementor-element elementor-element-de10621 e-con-full e-flex e-con e-child\" data-id=\"de10621\" data-element_type=\"container\">\n\t\t\t\t<\/div>\n\t\t<div class=\"elementor-element elementor-element-dc6a439 e-con-full e-flex e-con e-child\" data-id=\"dc6a439\" data-element_type=\"container\">\n\t\t\t\t<\/div>\n\t\t<div class=\"elementor-element elementor-element-df01612 e-con-full e-flex e-con e-child\" data-id=\"df01612\" data-element_type=\"container\">\n\t\t\t\t<\/div>\n\t\t\t\t<\/div>\n\t\t\t\t\t<\/div>\n\t\t\t\t<\/div>\n\t\t\t\t<\/div>","protected":false},"excerpt":{"rendered":"<p>WELE UG 630 modeli; 5 eksenli, y\u00fcksek hassasiyetli dik i\u015fleme merkezidir. FANUC kontrol \u00fcnitesi, 24000 RPM i\u015f mili devri ve otomasyon destekli yap\u0131s\u0131 ile karma\u015f\u0131k par\u00e7alar\u0131n i\u015flenmesinde \u00fcst seviye performans sunar.<\/p>","protected":false},"featured_media":0,"comment_status":"open","ping_status":"closed","template":"","meta":[],"product_brand":[232],"product_cat":[172,178],"product_tag":[],"class_list":{"0":"post-11991","1":"product","2":"type-product","3":"status-publish","5":"product_brand-wele","6":"product_cat-cnc-isleme-merkezi","7":"product_cat-cnc-makineleri","8":"pa_is-mili-devri-rpm-147","9":"pa_isleme-ekseni-4-eksen","10":"pa_isleme-turu-dik","11":"pa_kontrol-unitesi-fanuc","12":"pa_makine-turu-cnc-isleme-merkezi","13":"pa_otomasyon-destegi-var","14":"pa_sogutma-tipi-yag","15":"pa_tabla-olcusu-mm-1150x600","16":"pa_takim-degistirici-carousel-doner","17":"pa_uretim-mensei-tayvan","19":"first","20":"instock","21":"shipping-taxable","22":"product-type-simple"},"ct_brands":[{"id":232,"name":"WELE","slug":"wele"}],"_links":{"self":[{"href":"https:\/\/yuntes.com.tr\/ru\/wp-json\/wp\/v2\/product\/11991","targetHints":{"allow":["GET"]}}],"collection":[{"href":"https:\/\/yuntes.com.tr\/ru\/wp-json\/wp\/v2\/product"}],"about":[{"href":"https:\/\/yuntes.com.tr\/ru\/wp-json\/wp\/v2\/types\/product"}],"replies":[{"embeddable":true,"href":"https:\/\/yuntes.com.tr\/ru\/wp-json\/wp\/v2\/comments?post=11991"}],"version-history":[{"count":0,"href":"https:\/\/yuntes.com.tr\/ru\/wp-json\/wp\/v2\/product\/11991\/revisions"}],"wp:attachment":[{"href":"https:\/\/yuntes.com.tr\/ru\/wp-json\/wp\/v2\/media?parent=11991"}],"wp:term":[{"taxonomy":"product_brand","embeddable":true,"href":"https:\/\/yuntes.com.tr\/ru\/wp-json\/wp\/v2\/product_brand?post=11991"},{"taxonomy":"product_cat","embeddable":true,"href":"https:\/\/yuntes.com.tr\/ru\/wp-json\/wp\/v2\/product_cat?post=11991"},{"taxonomy":"product_tag","embeddable":true,"href":"https:\/\/yuntes.com.tr\/ru\/wp-json\/wp\/v2\/product_tag?post=11991"}],"curies":[{"name":"wp","href":"https:\/\/api.w.org\/{rel}","templated":true}]}}