{"id":11985,"date":"2025-08-09T17:20:57","date_gmt":"2025-08-09T17:20:57","guid":{"rendered":"https:\/\/yun.defnemedia.com\/?post_type=product&#038;p=11985"},"modified":"2025-12-11T11:21:46","modified_gmt":"2025-12-11T08:21:46","slug":"wele-vq-1060-cnc-dik-isleme-merkezi","status":"publish","type":"product","link":"https:\/\/yuntes.com.tr\/ru\/product\/wele-vq-1060-cnc-dik-isleme-merkezi\/","title":{"rendered":"WELE VQ 1060 CNC Dik \u0130\u015fleme Merkezi"},"content":{"rendered":"<div data-elementor-type=\"wp-post\" data-elementor-id=\"11985\" class=\"elementor elementor-11985\" data-elementor-post-type=\"product\">\n\t\t\t\t<div class=\"elementor-element elementor-element-52b2d53 e-flex e-con-boxed e-con e-parent\" data-id=\"52b2d53\" data-element_type=\"container\">\n\t\t\t\t\t<div class=\"e-con-inner\">\n\t\t\t\t\t<\/div>\n\t\t\t\t<\/div>\n\t\t<div class=\"elementor-element elementor-element-8c3c2c7 e-flex e-con-boxed e-con e-parent\" data-id=\"8c3c2c7\" data-element_type=\"container\">\n\t\t\t\t\t<div class=\"e-con-inner\">\n\t\t<div class=\"elementor-element elementor-element-d0a7da0 e-con-full e-flex e-con e-child\" data-id=\"d0a7da0\" data-element_type=\"container\">\n\t\t\t\t<\/div>\n\t\t<div class=\"elementor-element elementor-element-7fdcc65 e-con-full e-flex e-con e-child\" data-id=\"7fdcc65\" data-element_type=\"container\">\n\t\t\t\t<\/div>\n\t\t\t\t\t<\/div>\n\t\t\t\t<\/div>\n\t\t<div class=\"elementor-element elementor-element-0406615 e-flex e-con-boxed e-con e-parent\" data-id=\"0406615\" data-element_type=\"container\" data-settings=\"{&quot;background_background&quot;:&quot;classic&quot;}\">\n\t\t\t\t\t<div class=\"e-con-inner\">\n\t\t<div class=\"elementor-element elementor-element-9ec2134 e-con-full e-flex e-con e-child\" data-id=\"9ec2134\" data-element_type=\"container\">\n\t\t\t\t<\/div>\n\t\t\t\t\t<\/div>\n\t\t\t\t<\/div>\n\t\t<div class=\"elementor-element elementor-element-22367a7 e-flex e-con-boxed e-con e-parent\" data-id=\"22367a7\" data-element_type=\"container\">\n\t\t\t\t\t<div class=\"e-con-inner\">\n\t\t<div class=\"elementor-element elementor-element-0b29d0c e-con-full e-flex e-con e-child\" data-id=\"0b29d0c\" data-element_type=\"container\">\n\t\t<div class=\"elementor-element elementor-element-e6e4b9c e-con-full e-flex e-con e-child\" data-id=\"e6e4b9c\" data-element_type=\"container\">\n\t\t\t\t<\/div>\n\t\t<div class=\"elementor-element elementor-element-de10621 e-con-full e-flex e-con e-child\" data-id=\"de10621\" data-element_type=\"container\">\n\t\t\t\t<\/div>\n\t\t<div class=\"elementor-element elementor-element-dc6a439 e-con-full e-flex e-con e-child\" data-id=\"dc6a439\" data-element_type=\"container\">\n\t\t\t\t<\/div>\n\t\t<div class=\"elementor-element elementor-element-df01612 e-con-full e-flex e-con e-child\" data-id=\"df01612\" data-element_type=\"container\">\n\t\t\t\t<\/div>\n\t\t\t\t<\/div>\n\t\t\t\t\t<\/div>\n\t\t\t\t<\/div>\n\t\t\t\t<\/div>","protected":false},"excerpt":{"rendered":"<p data-start=\"0\" data-end=\"481\">WELE VQ 1060 <strong data-start=\"13\" data-end=\"39\">CNC Dik \u0130\u015fleme Merkezi<\/strong>, end\u00fcstriyel \u00fcretimde maksimum verimlilik ve uzun \u00f6m\u00fcrl\u00fc kullan\u0131m i\u00e7in tasarlanm\u0131\u015ft\u0131r. Sa\u011flam g\u00f6vde yap\u0131s\u0131 ve geli\u015fmi\u015f teknolojisi sayesinde zorlu \u015fartlarda dahi y\u00fcksek performans sunar. \u00d6zellikle <strong data-start=\"237\" data-end=\"267\">y\u00fcksek hassasiyetli i\u015fleme<\/strong> gerektiren otomotiv, savunma sanayi ve a\u011f\u0131r sanayi sekt\u00f6rlerinde g\u00fcvenle tercih edilmektedir. Dayan\u0131kl\u0131 yap\u0131s\u0131 sayesinde titre\u015fimleri minimuma indirerek hassas \u00f6l\u00e7\u00fclerde m\u00fckemmel sonu\u00e7lar elde edilmesini sa\u011flar.Kullan\u0131c\u0131 dostu tasar\u0131m\u0131, y\u00fcksek verimlilik sa\u011flayan i\u015fleme kapasitesi ve kesintisiz \u00e7al\u0131\u015fma avantaj\u0131 ile \u00fcretim s\u00fcre\u00e7lerini daha g\u00fcvenilir ve h\u0131zl\u0131 hale getirir. G\u00fcc\u00fcn\u00fc sa\u011flam m\u00fchendislikten alan WELE VQ 1060, i\u015fletmelere sadece bir makine de\u011fil, ayn\u0131 zamanda \u00fcretimde g\u00fcvenilir bir \u00e7\u00f6z\u00fcm orta\u011f\u0131 sunar. Profesyonel ihtiya\u00e7lar i\u00e7in geli\u015ftirilmi\u015f bu <strong data-start=\"832\" data-end=\"858\">CNC Dik \u0130\u015fleme Merkezi<\/strong>, kalite ve s\u00fcreklili\u011fi \u00f6n planda tutan her i\u015fletme i\u00e7in g\u00fc\u00e7l\u00fc bir tercihtir.<\/p>","protected":false},"featured_media":15802,"comment_status":"open","ping_status":"closed","template":"","meta":[],"product_brand":[232],"product_cat":[172,178],"product_tag":[],"class_list":{"0":"post-11985","1":"product","2":"type-product","3":"status-publish","4":"has-post-thumbnail","6":"product_brand-wele","7":"product_cat-cnc-isleme-merkezi","8":"product_cat-cnc-makineleri","9":"pa_is-mili-devri-rpm-121","10":"pa_isleme-ekseni-3-eksen","11":"pa_isleme-turu-dik","12":"pa_kontrol-unitesi-mitsubishi","13":"pa_makine-turu-cnc-isleme-merkezi","14":"pa_otomasyon-destegi-var","15":"pa_sogutma-tipi-yag","16":"pa_tabla-olcusu-mm-1150x600","17":"pa_takim-degistirici-carousel-doner","18":"pa_uretim-mensei-tayvan","20":"first","21":"instock","22":"shipping-taxable","23":"product-type-simple"},"ct_brands":[{"id":232,"name":"WELE","slug":"wele"}],"_links":{"self":[{"href":"https:\/\/yuntes.com.tr\/ru\/wp-json\/wp\/v2\/product\/11985","targetHints":{"allow":["GET"]}}],"collection":[{"href":"https:\/\/yuntes.com.tr\/ru\/wp-json\/wp\/v2\/product"}],"about":[{"href":"https:\/\/yuntes.com.tr\/ru\/wp-json\/wp\/v2\/types\/product"}],"replies":[{"embeddable":true,"href":"https:\/\/yuntes.com.tr\/ru\/wp-json\/wp\/v2\/comments?post=11985"}],"version-history":[{"count":1,"href":"https:\/\/yuntes.com.tr\/ru\/wp-json\/wp\/v2\/product\/11985\/revisions"}],"predecessor-version":[{"id":15813,"href":"https:\/\/yuntes.com.tr\/ru\/wp-json\/wp\/v2\/product\/11985\/revisions\/15813"}],"wp:featuredmedia":[{"embeddable":true,"href":"https:\/\/yuntes.com.tr\/ru\/wp-json\/wp\/v2\/media\/15802"}],"wp:attachment":[{"href":"https:\/\/yuntes.com.tr\/ru\/wp-json\/wp\/v2\/media?parent=11985"}],"wp:term":[{"taxonomy":"product_brand","embeddable":true,"href":"https:\/\/yuntes.com.tr\/ru\/wp-json\/wp\/v2\/product_brand?post=11985"},{"taxonomy":"product_cat","embeddable":true,"href":"https:\/\/yuntes.com.tr\/ru\/wp-json\/wp\/v2\/product_cat?post=11985"},{"taxonomy":"product_tag","embeddable":true,"href":"https:\/\/yuntes.com.tr\/ru\/wp-json\/wp\/v2\/product_tag?post=11985"}],"curies":[{"name":"wp","href":"https:\/\/api.w.org\/{rel}","templated":true}]}}