{"id":11981,"date":"2025-08-09T17:04:03","date_gmt":"2025-08-09T17:04:03","guid":{"rendered":"https:\/\/yun.defnemedia.com\/?post_type=product&#038;p=11981"},"modified":"2025-12-11T10:36:30","modified_gmt":"2025-12-11T07:36:30","slug":"wele-vb-315-kopru-tipi-isleme-merkezi","status":"publish","type":"product","link":"https:\/\/yuntes.com.tr\/ru\/product\/wele-vb-315-kopru-tipi-isleme-merkezi\/","title":{"rendered":"WELE VB 315 K\u00f6pr\u00fc Tipi \u0130\u015fleme Merkezi"},"content":{"rendered":"<div data-elementor-type=\"wp-post\" data-elementor-id=\"11981\" class=\"elementor elementor-11981\" data-elementor-post-type=\"product\">\n\t\t\t\t<div class=\"elementor-element elementor-element-52b2d53 e-flex e-con-boxed e-con e-parent\" data-id=\"52b2d53\" data-element_type=\"container\">\n\t\t\t\t\t<div class=\"e-con-inner\">\n\t\t\t\t\t<\/div>\n\t\t\t\t<\/div>\n\t\t<div class=\"elementor-element elementor-element-8c3c2c7 e-flex e-con-boxed e-con e-parent\" data-id=\"8c3c2c7\" data-element_type=\"container\">\n\t\t\t\t\t<div class=\"e-con-inner\">\n\t\t<div class=\"elementor-element elementor-element-d0a7da0 e-con-full e-flex e-con e-child\" data-id=\"d0a7da0\" data-element_type=\"container\">\n\t\t\t\t<\/div>\n\t\t<div class=\"elementor-element elementor-element-7fdcc65 e-con-full e-flex e-con e-child\" data-id=\"7fdcc65\" data-element_type=\"container\">\n\t\t\t\t<\/div>\n\t\t\t\t\t<\/div>\n\t\t\t\t<\/div>\n\t\t<div class=\"elementor-element elementor-element-0406615 e-flex e-con-boxed e-con e-parent\" data-id=\"0406615\" data-element_type=\"container\" data-settings=\"{&quot;background_background&quot;:&quot;classic&quot;}\">\n\t\t\t\t\t<div class=\"e-con-inner\">\n\t\t<div class=\"elementor-element elementor-element-9ec2134 e-con-full e-flex e-con e-child\" data-id=\"9ec2134\" data-element_type=\"container\">\n\t\t\t\t<\/div>\n\t\t\t\t\t<\/div>\n\t\t\t\t<\/div>\n\t\t<div class=\"elementor-element elementor-element-22367a7 e-flex e-con-boxed e-con e-parent\" data-id=\"22367a7\" data-element_type=\"container\">\n\t\t\t\t\t<div class=\"e-con-inner\">\n\t\t<div class=\"elementor-element elementor-element-0b29d0c e-con-full e-flex e-con e-child\" data-id=\"0b29d0c\" data-element_type=\"container\">\n\t\t<div class=\"elementor-element elementor-element-e6e4b9c e-con-full e-flex e-con e-child\" data-id=\"e6e4b9c\" data-element_type=\"container\">\n\t\t\t\t<\/div>\n\t\t<div class=\"elementor-element elementor-element-de10621 e-con-full e-flex e-con e-child\" data-id=\"de10621\" data-element_type=\"container\">\n\t\t\t\t<\/div>\n\t\t<div class=\"elementor-element elementor-element-dc6a439 e-con-full e-flex e-con e-child\" data-id=\"dc6a439\" data-element_type=\"container\">\n\t\t\t\t<\/div>\n\t\t<div class=\"elementor-element elementor-element-df01612 e-con-full e-flex e-con e-child\" data-id=\"df01612\" data-element_type=\"container\">\n\t\t\t\t<\/div>\n\t\t\t\t<\/div>\n\t\t\t\t\t<\/div>\n\t\t\t\t<\/div>\n\t\t\t\t<\/div>","protected":false},"excerpt":{"rendered":"<p>WELE VB 315 K\u00f6pr\u00fc Tipi \u0130\u015fleme Merkezi, <strong data-start=\"39\" data-end=\"69\">y\u00fcksek hassasiyetli i\u015fleme<\/strong> kabiliyeti ve sa\u011flam g\u00f6vde yap\u0131s\u0131yla <strong data-start=\"107\" data-end=\"129\">end\u00fcstriyel \u00fcretim<\/strong> s\u00fcre\u00e7lerinde maksimum verimlilik sunar. Dayan\u0131kl\u0131 yap\u0131s\u0131 sayesinde uzun \u00f6m\u00fcrl\u00fc kullan\u0131m imk\u00e2n\u0131 sa\u011flayan bu model, hem a\u011f\u0131r y\u00fckler alt\u0131nda stabil \u00e7al\u0131\u015f\u0131r hem de en ince detaylarda kusursuz sonu\u00e7lar \u00fcretir. <strong data-start=\"335\" data-end=\"364\">K\u00f6pr\u00fc Tipi \u0130\u015fleme Merkezi<\/strong> yap\u0131s\u0131, otomotiv, savunma sanayi ve a\u011f\u0131r sanayi gibi y\u00fcksek standartlar\u0131n arand\u0131\u011f\u0131 sekt\u00f6rlerde g\u00fcvenilir \u00e7\u00f6z\u00fcmler sunar. Y\u00fcksek verimlili\u011fi ile \u00fcretim s\u00fcrelerini k\u0131salt\u0131rken, i\u015fletmelere maliyet avantaj\u0131 da kazand\u0131r\u0131r. G\u00fcvenilirli\u011fi, performans\u0131 ve \u00fcst\u00fcn i\u015fleme kalitesiyle WELE VB 315, i\u015fletmelerin \u00fcretim g\u00fcc\u00fcn\u00fc art\u0131rmak i\u00e7in ideal bir tercihtir. Profesyonel \u00fcretim ihtiya\u00e7lar\u0131na y\u00f6nelik geli\u015ftirilmi\u015f bu g\u00fc\u00e7l\u00fc i\u015fleme merkezi, modern sanayinin rekabet\u00e7i ortam\u0131nda fark yaratman\u0131z\u0131 sa\u011flar.<\/p>","protected":false},"featured_media":15135,"comment_status":"open","ping_status":"closed","template":"","meta":[],"product_brand":[232],"product_cat":[164,172,178],"product_tag":[],"class_list":{"0":"post-11981","1":"product","2":"type-product","3":"status-publish","4":"has-post-thumbnail","6":"product_brand-wele","7":"product_cat-5-eksen-cnc","8":"product_cat-cnc-isleme-merkezi","9":"product_cat-cnc-makineleri","10":"pa_is-mili-devri-rpm-90","11":"pa_isleme-ekseni-3-eksen","12":"pa_isleme-turu-dik","13":"pa_kontrol-unitesi-fanuc","14":"pa_makine-turu-cnc-isleme-merkezi","15":"pa_otomasyon-destegi-var","16":"pa_sogutma-tipi-yag","17":"pa_tabla-olcusu-mm-3100x1400","18":"pa_takim-degistirici-carousel-doner","19":"pa_uretim-mensei-tayvan","21":"first","22":"instock","23":"shipping-taxable","24":"product-type-simple"},"ct_brands":[{"id":232,"name":"WELE","slug":"wele"}],"_links":{"self":[{"href":"https:\/\/yuntes.com.tr\/ru\/wp-json\/wp\/v2\/product\/11981","targetHints":{"allow":["GET"]}}],"collection":[{"href":"https:\/\/yuntes.com.tr\/ru\/wp-json\/wp\/v2\/product"}],"about":[{"href":"https:\/\/yuntes.com.tr\/ru\/wp-json\/wp\/v2\/types\/product"}],"replies":[{"embeddable":true,"href":"https:\/\/yuntes.com.tr\/ru\/wp-json\/wp\/v2\/comments?post=11981"}],"version-history":[{"count":2,"href":"https:\/\/yuntes.com.tr\/ru\/wp-json\/wp\/v2\/product\/11981\/revisions"}],"predecessor-version":[{"id":32215,"href":"https:\/\/yuntes.com.tr\/ru\/wp-json\/wp\/v2\/product\/11981\/revisions\/32215"}],"wp:featuredmedia":[{"embeddable":true,"href":"https:\/\/yuntes.com.tr\/ru\/wp-json\/wp\/v2\/media\/15135"}],"wp:attachment":[{"href":"https:\/\/yuntes.com.tr\/ru\/wp-json\/wp\/v2\/media?parent=11981"}],"wp:term":[{"taxonomy":"product_brand","embeddable":true,"href":"https:\/\/yuntes.com.tr\/ru\/wp-json\/wp\/v2\/product_brand?post=11981"},{"taxonomy":"product_cat","embeddable":true,"href":"https:\/\/yuntes.com.tr\/ru\/wp-json\/wp\/v2\/product_cat?post=11981"},{"taxonomy":"product_tag","embeddable":true,"href":"https:\/\/yuntes.com.tr\/ru\/wp-json\/wp\/v2\/product_tag?post=11981"}],"curies":[{"name":"wp","href":"https:\/\/api.w.org\/{rel}","templated":true}]}}