{"id":11971,"date":"2025-08-09T15:39:55","date_gmt":"2025-08-09T15:39:55","guid":{"rendered":"https:\/\/yun.defnemedia.com\/?post_type=product&#038;p=11971"},"modified":"2025-10-07T11:15:46","modified_gmt":"2025-10-07T08:15:46","slug":"wele-hb1620-x4-cnc-borverk-tezgahi","status":"publish","type":"product","link":"https:\/\/yuntes.com.tr\/ru\/product\/wele-hb1620-x4-cnc-borverk-tezgahi\/","title":{"rendered":"WELE HB1620-X4 \u0441\u0432\u0435\u0440\u043b\u0438\u043b\u044c\u043d\u044b\u0439 \u0441\u0442\u0430\u043d\u043e\u043a \u0441 \u0427\u041f\u0423 (\u0411\u043e\u0440\u0432\u0435\u0440\u043a)"},"content":{"rendered":"<div data-elementor-type=\"wp-post\" data-elementor-id=\"11971\" class=\"elementor elementor-11971\" data-elementor-post-type=\"product\">\n\t\t\t\t<div class=\"elementor-element elementor-element-52b2d53 e-flex e-con-boxed e-con e-parent\" data-id=\"52b2d53\" data-element_type=\"container\">\n\t\t\t\t\t<div class=\"e-con-inner\">\n\t\t\t\t\t<\/div>\n\t\t\t\t<\/div>\n\t\t<div class=\"elementor-element elementor-element-8c3c2c7 e-flex e-con-boxed e-con e-parent\" data-id=\"8c3c2c7\" data-element_type=\"container\">\n\t\t\t\t\t<div class=\"e-con-inner\">\n\t\t<div class=\"elementor-element elementor-element-d0a7da0 e-con-full e-flex e-con e-child\" data-id=\"d0a7da0\" data-element_type=\"container\">\n\t\t\t\t<\/div>\n\t\t<div class=\"elementor-element elementor-element-7fdcc65 e-con-full e-flex e-con e-child\" data-id=\"7fdcc65\" data-element_type=\"container\">\n\t\t\t\t<\/div>\n\t\t\t\t\t<\/div>\n\t\t\t\t<\/div>\n\t\t<div class=\"elementor-element elementor-element-0406615 e-flex e-con-boxed e-con e-parent\" data-id=\"0406615\" data-element_type=\"container\" data-settings=\"{&quot;background_background&quot;:&quot;classic&quot;}\">\n\t\t\t\t\t<div class=\"e-con-inner\">\n\t\t<div class=\"elementor-element elementor-element-9ec2134 e-con-full e-flex e-con e-child\" data-id=\"9ec2134\" data-element_type=\"container\">\n\t\t\t\t<\/div>\n\t\t\t\t\t<\/div>\n\t\t\t\t<\/div>\n\t\t<div class=\"elementor-element elementor-element-22367a7 e-flex e-con-boxed e-con e-parent\" data-id=\"22367a7\" data-element_type=\"container\">\n\t\t\t\t\t<div class=\"e-con-inner\">\n\t\t<div class=\"elementor-element elementor-element-0b29d0c e-con-full e-flex e-con e-child\" data-id=\"0b29d0c\" data-element_type=\"container\">\n\t\t<div class=\"elementor-element elementor-element-e6e4b9c e-con-full e-flex e-con e-child\" data-id=\"e6e4b9c\" data-element_type=\"container\">\n\t\t\t\t<\/div>\n\t\t<div class=\"elementor-element elementor-element-de10621 e-con-full e-flex e-con e-child\" data-id=\"de10621\" data-element_type=\"container\">\n\t\t\t\t<\/div>\n\t\t<div class=\"elementor-element elementor-element-dc6a439 e-con-full e-flex e-con e-child\" data-id=\"dc6a439\" data-element_type=\"container\">\n\t\t\t\t<\/div>\n\t\t<div class=\"elementor-element elementor-element-df01612 e-con-full e-flex e-con e-child\" data-id=\"df01612\" data-element_type=\"container\">\n\t\t\t\t<\/div>\n\t\t\t\t<\/div>\n\t\t\t\t\t<\/div>\n\t\t\t\t<\/div>\n\t\t\t\t<\/div>","protected":false},"excerpt":{"rendered":"<article class=\"text-token-text-primary w-full focus:outline-none scroll-mt-[calc(var(--header-height)+min(200px,max(70px,20svh)))]\" dir=\"auto\" data-turn-id=\"acb4ad19-9dd4-476d-9dcf-a5a155f21a7b\" data-testid=\"conversation-turn-64\" data-scroll-anchor=\"true\" data-turn=\"assistant\">\n<div class=\"text-base my-auto mx-auto pb-10 [--thread-content-margin:--spacing(4)] @[37rem]:[--thread-content-margin:--spacing(6)] @[72rem]:[--thread-content-margin:--spacing(16)] px-(--thread-content-margin)\">\n<div class=\"[--thread-content-max-width:32rem] @[34rem]:[--thread-content-max-width:40rem] @[64rem]:[--thread-content-max-width:48rem] mx-auto max-w-(--thread-content-max-width) flex-1 group\/turn-messages focus-visible:outline-hidden relative flex w-full min-w-0 flex-col agent-turn\">\n<div class=\"flex max-w-full flex-col grow\">\n<div class=\"min-h-8 text-message relative flex w-full flex-col items-end gap-2 text-start break-words whitespace-normal [.text-message+&amp;]:mt-5\" dir=\"auto\" data-message-author-role=\"assistant\" data-message-id=\"533c91a9-a19f-44fe-acea-da6e7f9853fa\" data-message-model-slug=\"gpt-5\">\n<div class=\"flex w-full flex-col gap-1 empty:hidden first:pt-[3px]\">\n<div class=\"markdown prose dark:prose-invert w-full break-words dark markdown-new-styling\">\n<p data-start=\"0\" data-end=\"936\" data-is-last-node=\"\" data-is-only-node=\"\">WELE HB1620-X4 <strong data-start=\"15\" data-end=\"38\">CNC Borverk Tezgah\u0131<\/strong>, y\u00fcksek hassasiyetli i\u015fleme kabiliyeti ve sa\u011flam g\u00f6vde yap\u0131s\u0131 ile end\u00fcstriyel \u00fcretimde en \u00fcst seviyede g\u00fcven ve performans sunar. Geni\u015f i\u015fleme kapasitesi sayesinde otomotiv, savunma sanayi ve a\u011f\u0131r sanayi gibi zorlu sekt\u00f6rlerde verimlili\u011fi art\u0131r\u0131r. G\u00fc\u00e7l\u00fc yap\u0131s\u0131, uzun \u00f6m\u00fcrl\u00fc kullan\u0131m avantaj\u0131 ve y\u00fcksek stabilitesi ile kesintisiz \u00fcretim s\u00fcre\u00e7lerine katk\u0131 sa\u011flar. Modern \u00fcretim ihtiya\u00e7lar\u0131na uygun olarak tasarlanan bu CNC Borverk Tezgah\u0131, kullan\u0131c\u0131ya sadece hassasiyet de\u011fil ayn\u0131 zamanda dayan\u0131kl\u0131l\u0131k ve \u00fcretim g\u00fcvenli\u011fi de sunar. Y\u00fcksek performans\u0131yla i\u015f s\u00fcre\u00e7lerini h\u0131zland\u0131r\u0131rken, kalite standartlar\u0131n\u0131 da en \u00fcst seviyede korur. WELE HB1620-X4, <strong data-start=\"686\" data-end=\"716\">y\u00fcksek hassasiyetli i\u015fleme<\/strong> ve s\u00fcrd\u00fcr\u00fclebilir verimlilik arayan i\u015fletmeler i\u00e7in ideal \u00e7\u00f6z\u00fcmd\u00fcr. G\u00fcvenilirli\u011fi, g\u00fc\u00e7l\u00fc g\u00f6vde yap\u0131s\u0131 ve end\u00fcstriyel \u00fcretimde sundu\u011fu avantajlarla sekt\u00f6r\u00fcnde fark yaratmak isteyen firmalar\u0131n \u00f6ncelikli tercihi olacakt\u0131r.<\/p>\n<\/div>\n<\/div>\n<\/div>\n<\/div>\n<\/div>\n<\/div>\n<\/article>","protected":false},"featured_media":15077,"comment_status":"open","ping_status":"closed","template":"","meta":[],"product_brand":[232],"product_cat":[170,178],"product_tag":[],"class_list":{"0":"post-11971","1":"product","2":"type-product","3":"status-publish","4":"has-post-thumbnail","6":"product_brand-wele","7":"product_cat-cnc-borverk","8":"product_cat-cnc-makineleri","9":"pa_is-mili-devri-rpm-106","10":"pa_isleme-ekseni-5-eksen","11":"pa_isleme-turu-borverk","12":"pa_kontrol-unitesi-fanuc","13":"pa_makine-turu-borverk","14":"pa_otomasyon-destegi-var","15":"pa_sogutma-tipi-yag","16":"pa_tabla-olcusu-mm-1600x2000","17":"pa_takim-degistirici-linear","18":"pa_uretim-mensei-tayvan","20":"first","21":"instock","22":"shipping-taxable","23":"product-type-simple"},"ct_brands":[{"id":232,"name":"WELE","slug":"wele"}],"_links":{"self":[{"href":"https:\/\/yuntes.com.tr\/ru\/wp-json\/wp\/v2\/product\/11971","targetHints":{"allow":["GET"]}}],"collection":[{"href":"https:\/\/yuntes.com.tr\/ru\/wp-json\/wp\/v2\/product"}],"about":[{"href":"https:\/\/yuntes.com.tr\/ru\/wp-json\/wp\/v2\/types\/product"}],"replies":[{"embeddable":true,"href":"https:\/\/yuntes.com.tr\/ru\/wp-json\/wp\/v2\/comments?post=11971"}],"version-history":[{"count":0,"href":"https:\/\/yuntes.com.tr\/ru\/wp-json\/wp\/v2\/product\/11971\/revisions"}],"wp:featuredmedia":[{"embeddable":true,"href":"https:\/\/yuntes.com.tr\/ru\/wp-json\/wp\/v2\/media\/15077"}],"wp:attachment":[{"href":"https:\/\/yuntes.com.tr\/ru\/wp-json\/wp\/v2\/media?parent=11971"}],"wp:term":[{"taxonomy":"product_brand","embeddable":true,"href":"https:\/\/yuntes.com.tr\/ru\/wp-json\/wp\/v2\/product_brand?post=11971"},{"taxonomy":"product_cat","embeddable":true,"href":"https:\/\/yuntes.com.tr\/ru\/wp-json\/wp\/v2\/product_cat?post=11971"},{"taxonomy":"product_tag","embeddable":true,"href":"https:\/\/yuntes.com.tr\/ru\/wp-json\/wp\/v2\/product_tag?post=11971"}],"curies":[{"name":"wp","href":"https:\/\/api.w.org\/{rel}","templated":true}]}}