{"id":11776,"date":"2025-08-08T09:30:18","date_gmt":"2025-08-08T09:30:18","guid":{"rendered":"https:\/\/yun.defnemedia.com\/?post_type=product&#038;p=11776"},"modified":"2025-12-11T11:41:34","modified_gmt":"2025-12-11T08:41:34","slug":"wele-aq-1265-cnc-dik-isleme-merkezi-ctssiz","status":"publish","type":"product","link":"https:\/\/yuntes.com.tr\/ru\/product\/wele-aq-1265-cnc-dik-isleme-merkezi-ctssiz\/","title":{"rendered":"WELE AQ 1265 CNC Dik \u0130\u015fleme Merkezi (CTS&#8217;siz)"},"content":{"rendered":"<div data-elementor-type=\"wp-post\" data-elementor-id=\"11776\" class=\"elementor elementor-11776\" data-elementor-post-type=\"product\">\n\t\t\t\t<div class=\"elementor-element elementor-element-52b2d53 e-flex e-con-boxed e-con e-parent\" data-id=\"52b2d53\" data-element_type=\"container\">\n\t\t\t\t\t<div class=\"e-con-inner\">\n\t\t\t\t\t<\/div>\n\t\t\t\t<\/div>\n\t\t<div class=\"elementor-element elementor-element-8c3c2c7 e-flex e-con-boxed e-con e-parent\" data-id=\"8c3c2c7\" data-element_type=\"container\">\n\t\t\t\t\t<div class=\"e-con-inner\">\n\t\t<div class=\"elementor-element elementor-element-d0a7da0 e-con-full e-flex e-con e-child\" data-id=\"d0a7da0\" data-element_type=\"container\">\n\t\t\t\t<\/div>\n\t\t<div class=\"elementor-element elementor-element-7fdcc65 e-con-full e-flex e-con e-child\" data-id=\"7fdcc65\" data-element_type=\"container\">\n\t\t\t\t<\/div>\n\t\t\t\t\t<\/div>\n\t\t\t\t<\/div>\n\t\t<div class=\"elementor-element elementor-element-0406615 e-flex e-con-boxed e-con e-parent\" data-id=\"0406615\" data-element_type=\"container\" data-settings=\"{&quot;background_background&quot;:&quot;classic&quot;}\">\n\t\t\t\t\t<div class=\"e-con-inner\">\n\t\t<div class=\"elementor-element elementor-element-9ec2134 e-con-full e-flex e-con e-child\" data-id=\"9ec2134\" data-element_type=\"container\">\n\t\t\t\t<\/div>\n\t\t\t\t\t<\/div>\n\t\t\t\t<\/div>\n\t\t<div class=\"elementor-element elementor-element-22367a7 e-flex e-con-boxed e-con e-parent\" data-id=\"22367a7\" data-element_type=\"container\">\n\t\t\t\t\t<div class=\"e-con-inner\">\n\t\t<div class=\"elementor-element elementor-element-0b29d0c e-con-full e-flex e-con e-child\" data-id=\"0b29d0c\" data-element_type=\"container\">\n\t\t<div class=\"elementor-element elementor-element-e6e4b9c e-con-full e-flex e-con e-child\" data-id=\"e6e4b9c\" data-element_type=\"container\">\n\t\t\t\t<\/div>\n\t\t<div class=\"elementor-element elementor-element-de10621 e-con-full e-flex e-con e-child\" data-id=\"de10621\" data-element_type=\"container\">\n\t\t\t\t<\/div>\n\t\t<div class=\"elementor-element elementor-element-dc6a439 e-con-full e-flex e-con e-child\" data-id=\"dc6a439\" data-element_type=\"container\">\n\t\t\t\t<\/div>\n\t\t<div class=\"elementor-element elementor-element-df01612 e-con-full e-flex e-con e-child\" data-id=\"df01612\" data-element_type=\"container\">\n\t\t\t\t<\/div>\n\t\t\t\t<\/div>\n\t\t\t\t\t<\/div>\n\t\t\t\t<\/div>\n\t\t\t\t<\/div>","protected":false},"excerpt":{"rendered":"<p>WELE AQ 1265 CNC Dik \u0130\u015fleme Merkezi (CTS\u2019siz), end\u00fcstriyel \u00fcretimde y\u00fcksek hassasiyetli i\u015fleme ihtiya\u00e7lar\u0131n\u0131za g\u00fc\u00e7l\u00fc ve g\u00fcvenilir bir \u00e7\u00f6z\u00fcm sunar. Sa\u011flam g\u00f6vde yap\u0131s\u0131 ve uzun \u00f6m\u00fcrl\u00fc kullan\u0131m avantaj\u0131 sayesinde otomotiv, savunma sanayi ve a\u011f\u0131r sanayi gibi y\u00fcksek talepli sekt\u00f6rlerde g\u00fcvenle tercih edilmektedir. Y\u00fcksek verimlili\u011fi ve kararl\u0131 performans\u0131 ile \u00fcretim s\u00fcre\u00e7lerini h\u0131zland\u0131r\u0131rken, hatas\u0131z i\u015fleme kabiliyetiyle kalite standartlar\u0131n\u0131 \u00fcst seviyeye ta\u015f\u0131r. WELE AQ 1265, sadece \u00fcretim kapasitesini art\u0131rmakla kalmaz; ayn\u0131 zamanda i\u015fletmelere s\u00fcrd\u00fcr\u00fclebilir, g\u00fcven veren bir \u00fcretim partneri olmay\u0131 ba\u015far\u0131r. CNC Dik \u0130\u015fleme Merkezi denildi\u011finde akla gelen bu g\u00fc\u00e7l\u00fc model, y\u00fcksek hassasiyetli i\u015fleme ve end\u00fcstriyel \u00fcretimde arad\u0131\u011f\u0131n\u0131z verimlili\u011fi tek bir g\u00f6vdede birle\u015ftirerek sizi rekabette \u00f6ne \u00e7\u0131kar\u0131r.<\/p>","protected":false},"featured_media":15780,"comment_status":"open","ping_status":"closed","template":"","meta":[],"product_brand":[232],"product_cat":[172,178],"product_tag":[],"class_list":{"0":"post-11776","1":"product","2":"type-product","3":"status-publish","4":"has-post-thumbnail","6":"product_brand-wele","7":"product_cat-cnc-isleme-merkezi","8":"product_cat-cnc-makineleri","9":"pa_is-mili-devri-rpm-97","10":"pa_isleme-ekseni-5-eksen","11":"pa_isleme-turu-dik","12":"pa_kontrol-unitesi-mitsubishi","13":"pa_makine-turu-cnc-isleme-merkezi","14":"pa_otomasyon-destegi-var","15":"pa_sogutma-tipi-yag","16":"pa_tabla-olcusu-mm-1400x650","17":"pa_takim-degistirici-carousel-doner","18":"pa_uretim-mensei-tayvan","20":"first","21":"instock","22":"shipping-taxable","23":"product-type-simple"},"ct_brands":[{"id":232,"name":"WELE","slug":"wele"}],"_links":{"self":[{"href":"https:\/\/yuntes.com.tr\/ru\/wp-json\/wp\/v2\/product\/11776","targetHints":{"allow":["GET"]}}],"collection":[{"href":"https:\/\/yuntes.com.tr\/ru\/wp-json\/wp\/v2\/product"}],"about":[{"href":"https:\/\/yuntes.com.tr\/ru\/wp-json\/wp\/v2\/types\/product"}],"replies":[{"embeddable":true,"href":"https:\/\/yuntes.com.tr\/ru\/wp-json\/wp\/v2\/comments?post=11776"}],"version-history":[{"count":2,"href":"https:\/\/yuntes.com.tr\/ru\/wp-json\/wp\/v2\/product\/11776\/revisions"}],"predecessor-version":[{"id":15784,"href":"https:\/\/yuntes.com.tr\/ru\/wp-json\/wp\/v2\/product\/11776\/revisions\/15784"}],"wp:featuredmedia":[{"embeddable":true,"href":"https:\/\/yuntes.com.tr\/ru\/wp-json\/wp\/v2\/media\/15780"}],"wp:attachment":[{"href":"https:\/\/yuntes.com.tr\/ru\/wp-json\/wp\/v2\/media?parent=11776"}],"wp:term":[{"taxonomy":"product_brand","embeddable":true,"href":"https:\/\/yuntes.com.tr\/ru\/wp-json\/wp\/v2\/product_brand?post=11776"},{"taxonomy":"product_cat","embeddable":true,"href":"https:\/\/yuntes.com.tr\/ru\/wp-json\/wp\/v2\/product_cat?post=11776"},{"taxonomy":"product_tag","embeddable":true,"href":"https:\/\/yuntes.com.tr\/ru\/wp-json\/wp\/v2\/product_tag?post=11776"}],"curies":[{"name":"wp","href":"https:\/\/api.w.org\/{rel}","templated":true}]}}