{"id":11764,"date":"2025-08-08T09:26:12","date_gmt":"2025-08-08T09:26:12","guid":{"rendered":"https:\/\/yun.defnemedia.com\/?post_type=product&#038;p=11764"},"modified":"2025-12-11T11:40:52","modified_gmt":"2025-12-11T08:40:52","slug":"wele-aq-1265-built-in-spindle-cnc-dik-isleme-ctssiz","status":"publish","type":"product","link":"https:\/\/yuntes.com.tr\/ru\/product\/wele-aq-1265-built-in-spindle-cnc-dik-isleme-ctssiz\/","title":{"rendered":"WELE AQ 1265 Built-in Spindle CNC Dik \u0130\u015fleme (CTS&#8217;siz)"},"content":{"rendered":"<div data-elementor-type=\"wp-post\" data-elementor-id=\"11764\" class=\"elementor elementor-11764\" data-elementor-post-type=\"product\">\n\t\t\t\t<div class=\"elementor-element elementor-element-52b2d53 e-flex e-con-boxed e-con e-parent\" data-id=\"52b2d53\" data-element_type=\"container\">\n\t\t\t\t\t<div class=\"e-con-inner\">\n\t\t\t\t\t<\/div>\n\t\t\t\t<\/div>\n\t\t<div class=\"elementor-element elementor-element-8c3c2c7 e-flex e-con-boxed e-con e-parent\" data-id=\"8c3c2c7\" data-element_type=\"container\">\n\t\t\t\t\t<div class=\"e-con-inner\">\n\t\t<div class=\"elementor-element elementor-element-d0a7da0 e-con-full e-flex e-con e-child\" data-id=\"d0a7da0\" data-element_type=\"container\">\n\t\t\t\t<\/div>\n\t\t<div class=\"elementor-element elementor-element-7fdcc65 e-con-full e-flex e-con e-child\" data-id=\"7fdcc65\" data-element_type=\"container\">\n\t\t\t\t<\/div>\n\t\t\t\t\t<\/div>\n\t\t\t\t<\/div>\n\t\t<div class=\"elementor-element elementor-element-0406615 e-flex e-con-boxed e-con e-parent\" data-id=\"0406615\" data-element_type=\"container\" data-settings=\"{&quot;background_background&quot;:&quot;classic&quot;}\">\n\t\t\t\t\t<div class=\"e-con-inner\">\n\t\t<div class=\"elementor-element elementor-element-9ec2134 e-con-full e-flex e-con e-child\" data-id=\"9ec2134\" data-element_type=\"container\">\n\t\t\t\t<\/div>\n\t\t\t\t\t<\/div>\n\t\t\t\t<\/div>\n\t\t<div class=\"elementor-element elementor-element-22367a7 e-flex e-con-boxed e-con e-parent\" data-id=\"22367a7\" data-element_type=\"container\">\n\t\t\t\t\t<div class=\"e-con-inner\">\n\t\t<div class=\"elementor-element elementor-element-0b29d0c e-con-full e-flex e-con e-child\" data-id=\"0b29d0c\" data-element_type=\"container\">\n\t\t<div class=\"elementor-element elementor-element-e6e4b9c e-con-full e-flex e-con e-child\" data-id=\"e6e4b9c\" data-element_type=\"container\">\n\t\t\t\t<\/div>\n\t\t<div class=\"elementor-element elementor-element-de10621 e-con-full e-flex e-con e-child\" data-id=\"de10621\" data-element_type=\"container\">\n\t\t\t\t<\/div>\n\t\t<div class=\"elementor-element elementor-element-dc6a439 e-con-full e-flex e-con e-child\" data-id=\"dc6a439\" data-element_type=\"container\">\n\t\t\t\t<\/div>\n\t\t<div class=\"elementor-element elementor-element-df01612 e-con-full e-flex e-con e-child\" data-id=\"df01612\" data-element_type=\"container\">\n\t\t\t\t<\/div>\n\t\t\t\t<\/div>\n\t\t\t\t\t<\/div>\n\t\t\t\t<\/div>\n\t\t\t\t<\/div>","protected":false},"excerpt":{"rendered":"<p>WELE AQ 1265 Built-in Spindle CNC Dik \u0130\u015fleme Merkezi, y\u00fcksek hassasiyetli i\u015fleme ihtiya\u00e7lar\u0131n\u0131za g\u00fc\u00e7l\u00fc ve g\u00fcvenilir bir \u00e7\u00f6z\u00fcm sunar. Sa\u011flam g\u00f6vde yap\u0131s\u0131 ve entegre mil teknolojisi sayesinde titre\u015fimi minimuma indirerek uzun \u00f6m\u00fcrl\u00fc kullan\u0131m sa\u011flar. Y\u00fcksek verimlilik odakl\u0131 tasar\u0131m\u0131, otomotiv, savunma sanayi ve a\u011f\u0131r sanayi gibi zorlu end\u00fcstriyel \u00fcretim alanlar\u0131nda \u00fcst\u00fcn performans g\u00f6sterir. Geni\u015f i\u015fleme kapasitesiyle karma\u015f\u0131k par\u00e7alar\u0131n i\u015flenmesini kolayla\u015ft\u0131r\u0131rken, kullan\u0131c\u0131ya hem g\u00fcven hem de \u00fcretim s\u00fcrecinde s\u00fcreklilik sa\u011flar. WELE AQ 1265, CNC Dik \u0130\u015fleme Merkezi kategorisinde verimlilik ve dayan\u0131kl\u0131l\u0131\u011f\u0131 bir araya getirerek i\u015fletmenize rekabet avantaj\u0131 kazand\u0131r\u0131r. G\u00fc\u00e7l\u00fc yap\u0131s\u0131, hassasiyet odakl\u0131 i\u015fleme kabiliyeti ve uzun vadeli g\u00fcvenilirli\u011fiyle end\u00fcstriyel \u00fcretimde en do\u011fru yat\u0131r\u0131m\u0131n\u0131z olacakt\u0131r.<\/p>","protected":false},"featured_media":15780,"comment_status":"open","ping_status":"closed","template":"","meta":[],"product_brand":[232],"product_cat":[172,178],"product_tag":[],"class_list":{"0":"post-11764","1":"product","2":"type-product","3":"status-publish","4":"has-post-thumbnail","6":"product_brand-wele","7":"product_cat-cnc-isleme-merkezi","8":"product_cat-cnc-makineleri","9":"pa_is-mili-devri-rpm-132","10":"pa_isleme-ekseni-3-eksen","11":"pa_isleme-turu-dik","12":"pa_kontrol-unitesi-mitsubishi","13":"pa_makine-turu-cnc-isleme-merkezi","14":"pa_otomasyon-destegi-var","15":"pa_sogutma-tipi-yag","16":"pa_tabla-olcusu-mm-1400x650","17":"pa_takim-degistirici-carousel-doner","18":"pa_uretim-mensei-tayvan","20":"first","21":"instock","22":"shipping-taxable","23":"product-type-simple"},"ct_brands":[{"id":232,"name":"WELE","slug":"wele"}],"_links":{"self":[{"href":"https:\/\/yuntes.com.tr\/ru\/wp-json\/wp\/v2\/product\/11764","targetHints":{"allow":["GET"]}}],"collection":[{"href":"https:\/\/yuntes.com.tr\/ru\/wp-json\/wp\/v2\/product"}],"about":[{"href":"https:\/\/yuntes.com.tr\/ru\/wp-json\/wp\/v2\/types\/product"}],"replies":[{"embeddable":true,"href":"https:\/\/yuntes.com.tr\/ru\/wp-json\/wp\/v2\/comments?post=11764"}],"version-history":[{"count":1,"href":"https:\/\/yuntes.com.tr\/ru\/wp-json\/wp\/v2\/product\/11764\/revisions"}],"predecessor-version":[{"id":15786,"href":"https:\/\/yuntes.com.tr\/ru\/wp-json\/wp\/v2\/product\/11764\/revisions\/15786"}],"wp:featuredmedia":[{"embeddable":true,"href":"https:\/\/yuntes.com.tr\/ru\/wp-json\/wp\/v2\/media\/15780"}],"wp:attachment":[{"href":"https:\/\/yuntes.com.tr\/ru\/wp-json\/wp\/v2\/media?parent=11764"}],"wp:term":[{"taxonomy":"product_brand","embeddable":true,"href":"https:\/\/yuntes.com.tr\/ru\/wp-json\/wp\/v2\/product_brand?post=11764"},{"taxonomy":"product_cat","embeddable":true,"href":"https:\/\/yuntes.com.tr\/ru\/wp-json\/wp\/v2\/product_cat?post=11764"},{"taxonomy":"product_tag","embeddable":true,"href":"https:\/\/yuntes.com.tr\/ru\/wp-json\/wp\/v2\/product_tag?post=11764"}],"curies":[{"name":"wp","href":"https:\/\/api.w.org\/{rel}","templated":true}]}}