{"id":11709,"date":"2025-08-08T08:53:19","date_gmt":"2025-08-08T08:53:19","guid":{"rendered":"https:\/\/yun.defnemedia.com\/?post_type=product&#038;p=11709"},"modified":"2025-08-26T10:22:08","modified_gmt":"2025-08-26T07:22:08","slug":"sunmill-jhv-1500-cnc-dik-isleme-merkezi","status":"publish","type":"product","link":"https:\/\/yuntes.com.tr\/ru\/product\/sunmill-jhv-1500-cnc-dik-isleme-merkezi\/","title":{"rendered":"SUNMILL JHV-1500 CNC Dik \u0130\u015fleme Merkezi"},"content":{"rendered":"<div data-elementor-type=\"wp-post\" data-elementor-id=\"11709\" class=\"elementor elementor-11709\" data-elementor-post-type=\"product\">\n\t\t\t\t<div class=\"elementor-element elementor-element-52b2d53 e-flex e-con-boxed e-con e-parent\" data-id=\"52b2d53\" data-element_type=\"container\">\n\t\t\t\t\t<div class=\"e-con-inner\">\n\t\t\t\t\t<\/div>\n\t\t\t\t<\/div>\n\t\t<div class=\"elementor-element elementor-element-8c3c2c7 e-flex e-con-boxed e-con e-parent\" data-id=\"8c3c2c7\" data-element_type=\"container\">\n\t\t\t\t\t<div class=\"e-con-inner\">\n\t\t<div class=\"elementor-element elementor-element-d0a7da0 e-con-full e-flex e-con e-child\" data-id=\"d0a7da0\" data-element_type=\"container\">\n\t\t\t\t<\/div>\n\t\t<div class=\"elementor-element elementor-element-7fdcc65 e-con-full e-flex e-con e-child\" data-id=\"7fdcc65\" data-element_type=\"container\">\n\t\t\t\t<\/div>\n\t\t\t\t\t<\/div>\n\t\t\t\t<\/div>\n\t\t<div class=\"elementor-element elementor-element-0406615 e-flex e-con-boxed e-con e-parent\" data-id=\"0406615\" data-element_type=\"container\" data-settings=\"{&quot;background_background&quot;:&quot;classic&quot;}\">\n\t\t\t\t\t<div class=\"e-con-inner\">\n\t\t<div class=\"elementor-element elementor-element-9ec2134 e-con-full e-flex e-con e-child\" data-id=\"9ec2134\" data-element_type=\"container\">\n\t\t\t\t<\/div>\n\t\t\t\t\t<\/div>\n\t\t\t\t<\/div>\n\t\t<div class=\"elementor-element elementor-element-22367a7 e-flex e-con-boxed e-con e-parent\" data-id=\"22367a7\" data-element_type=\"container\">\n\t\t\t\t\t<div class=\"e-con-inner\">\n\t\t<div class=\"elementor-element elementor-element-0b29d0c e-con-full e-flex e-con e-child\" data-id=\"0b29d0c\" data-element_type=\"container\">\n\t\t<div class=\"elementor-element elementor-element-e6e4b9c e-con-full e-flex e-con e-child\" data-id=\"e6e4b9c\" data-element_type=\"container\">\n\t\t\t\t<\/div>\n\t\t<div class=\"elementor-element elementor-element-de10621 e-con-full e-flex e-con e-child\" data-id=\"de10621\" data-element_type=\"container\">\n\t\t\t\t<\/div>\n\t\t<div class=\"elementor-element elementor-element-dc6a439 e-con-full e-flex e-con e-child\" data-id=\"dc6a439\" data-element_type=\"container\">\n\t\t\t\t<\/div>\n\t\t<div class=\"elementor-element elementor-element-df01612 e-con-full e-flex e-con e-child\" data-id=\"df01612\" data-element_type=\"container\">\n\t\t\t\t<\/div>\n\t\t\t\t<\/div>\n\t\t\t\t\t<\/div>\n\t\t\t\t<\/div>\n\t\t\t\t<\/div>","protected":false},"excerpt":{"rendered":"<p data-start=\"0\" data-end=\"408\">SUNMILL JHV-1500 CNC Dik \u0130\u015fleme Merkezi, end\u00fcstriyel \u00fcretimde y\u00fcksek hassasiyetli i\u015fleme \u00e7\u00f6z\u00fcmleri arayan i\u015fletmeler i\u00e7in ideal bir tercihtir. Sa\u011flam g\u00f6vde yap\u0131s\u0131 ve geli\u015fmi\u015f tasar\u0131m\u0131 sayesinde uzun \u00f6m\u00fcrl\u00fc kullan\u0131m sunar, yo\u011fun \u00fcretim ko\u015fullar\u0131nda dahi g\u00fcvenilir performans sa\u011flar. Y\u00fcksek verimlilik odakl\u0131 yap\u0131s\u0131yla hem seri \u00fcretimde hem de \u00f6zel projelerde maksimum \u00fcretkenlik elde etmenize yard\u0131mc\u0131 olur.Otomotiv, savunma sanayi ve a\u011f\u0131r sanayi gibi zorlu sekt\u00f6rlerde, hassas \u00f6l\u00e7\u00fcm gerektiren par\u00e7alar\u0131n i\u015flenmesinde \u00fcst\u00fcn sonu\u00e7lar verir. CNC Dik \u0130\u015fleme Merkezi\u2019nin sundu\u011fu stabilite ve dayan\u0131kl\u0131l\u0131k, kullan\u0131c\u0131ya \u00fcretim s\u00fcrecinde tam g\u00fcven sa\u011flar. SUNMILL JHV-1500, i\u015fleme kalitesi, g\u00fcvenilirli\u011fi ve verimlili\u011fi ile i\u015fletmelerin rekabet g\u00fcc\u00fcn\u00fc art\u0131rarak end\u00fcstriyel \u00fcretim s\u00fcre\u00e7lerinde fark yarat\u0131r.<\/p>","protected":false},"featured_media":15816,"comment_status":"open","ping_status":"closed","template":"","meta":[],"product_brand":[220],"product_cat":[172,178],"product_tag":[],"class_list":{"0":"post-11709","1":"product","2":"type-product","3":"status-publish","4":"has-post-thumbnail","6":"product_brand-sunmill","7":"product_cat-cnc-isleme-merkezi","8":"product_cat-cnc-makineleri","9":"pa_is-mili-devri-rpm-97","10":"pa_isleme-ekseni-3-eksen","11":"pa_isleme-turu-dik","12":"pa_kontrol-unitesi-mitsubishi","13":"pa_makine-turu-cnc-isleme-merkezi","14":"pa_otomasyon-destegi-var","15":"pa_sogutma-tipi-yag","16":"pa_tabla-olcusu-mm-1550x750","17":"pa_takim-degistirici-linear","18":"pa_uretim-mensei-tayvan","20":"first","21":"instock","22":"shipping-taxable","23":"product-type-simple"},"ct_brands":[{"id":220,"name":"SUNMILL","slug":"sunmill"}],"_links":{"self":[{"href":"https:\/\/yuntes.com.tr\/ru\/wp-json\/wp\/v2\/product\/11709","targetHints":{"allow":["GET"]}}],"collection":[{"href":"https:\/\/yuntes.com.tr\/ru\/wp-json\/wp\/v2\/product"}],"about":[{"href":"https:\/\/yuntes.com.tr\/ru\/wp-json\/wp\/v2\/types\/product"}],"replies":[{"embeddable":true,"href":"https:\/\/yuntes.com.tr\/ru\/wp-json\/wp\/v2\/comments?post=11709"}],"version-history":[{"count":1,"href":"https:\/\/yuntes.com.tr\/ru\/wp-json\/wp\/v2\/product\/11709\/revisions"}],"predecessor-version":[{"id":15819,"href":"https:\/\/yuntes.com.tr\/ru\/wp-json\/wp\/v2\/product\/11709\/revisions\/15819"}],"wp:featuredmedia":[{"embeddable":true,"href":"https:\/\/yuntes.com.tr\/ru\/wp-json\/wp\/v2\/media\/15816"}],"wp:attachment":[{"href":"https:\/\/yuntes.com.tr\/ru\/wp-json\/wp\/v2\/media?parent=11709"}],"wp:term":[{"taxonomy":"product_brand","embeddable":true,"href":"https:\/\/yuntes.com.tr\/ru\/wp-json\/wp\/v2\/product_brand?post=11709"},{"taxonomy":"product_cat","embeddable":true,"href":"https:\/\/yuntes.com.tr\/ru\/wp-json\/wp\/v2\/product_cat?post=11709"},{"taxonomy":"product_tag","embeddable":true,"href":"https:\/\/yuntes.com.tr\/ru\/wp-json\/wp\/v2\/product_tag?post=11709"}],"curies":[{"name":"wp","href":"https:\/\/api.w.org\/{rel}","templated":true}]}}