{"id":11694,"date":"2025-08-08T08:25:05","date_gmt":"2025-08-08T08:25:05","guid":{"rendered":"https:\/\/yun.defnemedia.com\/?post_type=product&#038;p=11694"},"modified":"2025-08-22T15:19:23","modified_gmt":"2025-08-22T12:19:23","slug":"phoebus-pbm-gevs-300af-kalipci-freze-tezgahi","status":"publish","type":"product","link":"https:\/\/yuntes.com.tr\/ru\/product\/phoebus-pbm-gevs-300af-kalipci-freze-tezgahi\/","title":{"rendered":"PHOEBUS PBM Gevs 300AF Kal\u0131p\u00e7\u0131 Freze Tezgah\u0131"},"content":{"rendered":"<div data-elementor-type=\"wp-post\" data-elementor-id=\"11694\" class=\"elementor elementor-11694\" data-elementor-post-type=\"product\">\n\t\t\t\t<div class=\"elementor-element elementor-element-52b2d53 e-flex e-con-boxed e-con e-parent\" data-id=\"52b2d53\" data-element_type=\"container\">\n\t\t\t\t\t<div class=\"e-con-inner\">\n\t\t\t\t\t<\/div>\n\t\t\t\t<\/div>\n\t\t<div class=\"elementor-element elementor-element-8c3c2c7 e-flex e-con-boxed e-con e-parent\" data-id=\"8c3c2c7\" data-element_type=\"container\">\n\t\t\t\t\t<div class=\"e-con-inner\">\n\t\t<div class=\"elementor-element elementor-element-d0a7da0 e-con-full e-flex e-con e-child\" data-id=\"d0a7da0\" data-element_type=\"container\">\n\t\t\t\t<\/div>\n\t\t<div class=\"elementor-element elementor-element-7fdcc65 e-con-full e-flex e-con e-child\" data-id=\"7fdcc65\" data-element_type=\"container\">\n\t\t\t\t<\/div>\n\t\t\t\t\t<\/div>\n\t\t\t\t<\/div>\n\t\t<div class=\"elementor-element elementor-element-0406615 e-flex e-con-boxed e-con e-parent\" data-id=\"0406615\" data-element_type=\"container\" data-settings=\"{&quot;background_background&quot;:&quot;classic&quot;}\">\n\t\t\t\t\t<div class=\"e-con-inner\">\n\t\t<div class=\"elementor-element elementor-element-9ec2134 e-con-full e-flex e-con e-child\" data-id=\"9ec2134\" data-element_type=\"container\">\n\t\t\t\t<\/div>\n\t\t\t\t\t<\/div>\n\t\t\t\t<\/div>\n\t\t<div class=\"elementor-element elementor-element-22367a7 e-flex e-con-boxed e-con e-parent\" data-id=\"22367a7\" data-element_type=\"container\">\n\t\t\t\t\t<div class=\"e-con-inner\">\n\t\t<div class=\"elementor-element elementor-element-0b29d0c e-con-full e-flex e-con e-child\" data-id=\"0b29d0c\" data-element_type=\"container\">\n\t\t<div class=\"elementor-element elementor-element-e6e4b9c e-con-full e-flex e-con e-child\" data-id=\"e6e4b9c\" data-element_type=\"container\">\n\t\t\t\t<\/div>\n\t\t<div class=\"elementor-element elementor-element-de10621 e-con-full e-flex e-con e-child\" data-id=\"de10621\" data-element_type=\"container\">\n\t\t\t\t<\/div>\n\t\t<div class=\"elementor-element elementor-element-dc6a439 e-con-full e-flex e-con e-child\" data-id=\"dc6a439\" data-element_type=\"container\">\n\t\t\t\t<\/div>\n\t\t<div class=\"elementor-element elementor-element-df01612 e-con-full e-flex e-con e-child\" data-id=\"df01612\" data-element_type=\"container\">\n\t\t\t\t<\/div>\n\t\t\t\t<\/div>\n\t\t\t\t\t<\/div>\n\t\t\t\t<\/div>\n\t\t\t\t<\/div>","protected":false},"excerpt":{"rendered":"<p>PHOEBUS PBM Gevs 300AF <strong data-start=\"23\" data-end=\"48\">Kal\u0131p\u00e7\u0131 Freze Tezgah\u0131<\/strong>, y\u00fcksek hassasiyetli i\u015fleme kabiliyeti ve sa\u011flam g\u00f6vde yap\u0131s\u0131yla end\u00fcstriyel \u00fcretimde fark yaratan bir \u00e7\u00f6z\u00fcmd\u00fcr. Uzun \u00f6m\u00fcrl\u00fc kullan\u0131m sunan bu tezg\u00e2h, y\u00fcksek verimlili\u011fiyle \u00fcretim s\u00fcre\u00e7lerinde maksimum performans sa\u011flar. G\u00fcvenilirli\u011fi ve dayan\u0131kl\u0131l\u0131\u011f\u0131 sayesinde otomotiv, savunma sanayi ve a\u011f\u0131r sanayi gibi zorlu sekt\u00f6rlerde tercih edilen bir makinedir. Modern tasar\u0131m\u0131 ve g\u00fc\u00e7l\u00fc yap\u0131s\u0131yla hem seri \u00fcretim hem de \u00f6zel i\u015fleme ihtiya\u00e7lar\u0131na cevap verir. Kal\u0131p\u00e7\u0131 Freze Tezgah\u0131, \u00fcretim s\u00fcre\u00e7lerinizde kaliteyi ve hassasiyeti \u00f6n plana \u00e7\u0131kararak i\u015fletmenize g\u00fcvenli ve s\u00fcrd\u00fcr\u00fclebilir bir \u00fcretim imk\u00e2n\u0131 sunar. <strong data-start=\"651\" data-end=\"681\">Y\u00fcksek hassasiyetli i\u015fleme<\/strong> \u00f6zellikleri ile zamandan tasarruf sa\u011flarken, <strong data-start=\"727\" data-end=\"749\">end\u00fcstriyel \u00fcretim<\/strong> s\u00fcre\u00e7lerinize de\u011fer katar. PHOEBUS PBM Gevs 300AF ile \u00fcretim hatt\u0131n\u0131zda kaliteyi, g\u00fcveni ve verimlili\u011fi bir arada ya\u015fayabilirsiniz.<\/p>","protected":false},"featured_media":0,"comment_status":"open","ping_status":"closed","template":"","meta":[],"product_brand":[218],"product_cat":[202,230],"product_tag":[],"class_list":{"0":"post-11694","1":"product","2":"type-product","3":"status-publish","5":"product_brand-phoebus","6":"product_cat-freze","7":"product_cat-universal-makineler","8":"pa_is-mili-devri-rpm-108","9":"pa_isleme-ekseni-3-eksen","10":"pa_isleme-turu-yatay-dikey","11":"pa_kontrol-unitesi-fanuc","12":"pa_makine-turu-universal-freze","13":"pa_otomasyon-destegi-var","14":"pa_sogutma-tipi-yag","15":"pa_tabla-olcusu-mm-1400x300","16":"pa_takim-degistirici-linear","17":"pa_uretim-mensei-tayvan","19":"first","20":"instock","21":"shipping-taxable","22":"product-type-simple"},"ct_brands":[{"id":218,"name":"PHOEBUS","slug":"phoebus"}],"_links":{"self":[{"href":"https:\/\/yuntes.com.tr\/ru\/wp-json\/wp\/v2\/product\/11694","targetHints":{"allow":["GET"]}}],"collection":[{"href":"https:\/\/yuntes.com.tr\/ru\/wp-json\/wp\/v2\/product"}],"about":[{"href":"https:\/\/yuntes.com.tr\/ru\/wp-json\/wp\/v2\/types\/product"}],"replies":[{"embeddable":true,"href":"https:\/\/yuntes.com.tr\/ru\/wp-json\/wp\/v2\/comments?post=11694"}],"version-history":[{"count":0,"href":"https:\/\/yuntes.com.tr\/ru\/wp-json\/wp\/v2\/product\/11694\/revisions"}],"wp:attachment":[{"href":"https:\/\/yuntes.com.tr\/ru\/wp-json\/wp\/v2\/media?parent=11694"}],"wp:term":[{"taxonomy":"product_brand","embeddable":true,"href":"https:\/\/yuntes.com.tr\/ru\/wp-json\/wp\/v2\/product_brand?post=11694"},{"taxonomy":"product_cat","embeddable":true,"href":"https:\/\/yuntes.com.tr\/ru\/wp-json\/wp\/v2\/product_cat?post=11694"},{"taxonomy":"product_tag","embeddable":true,"href":"https:\/\/yuntes.com.tr\/ru\/wp-json\/wp\/v2\/product_tag?post=11694"}],"curies":[{"name":"wp","href":"https:\/\/api.w.org\/{rel}","templated":true}]}}