{"id":11583,"date":"2025-08-07T12:28:28","date_gmt":"2025-08-07T12:28:28","guid":{"rendered":"https:\/\/yun.defnemedia.com\/?post_type=product&#038;p=11583"},"modified":"2025-08-22T11:51:22","modified_gmt":"2025-08-22T08:51:22","slug":"accuway-ut-300-fanuc-kontrollu-cnc-yatay-torna","status":"publish","type":"product","link":"https:\/\/yuntes.com.tr\/ru\/product\/accuway-ut-300-fanuc-kontrollu-cnc-yatay-torna\/","title":{"rendered":"ACCUWAY UT-300 Fanuc Kontroll\u00fc CNC Yatay Torna"},"content":{"rendered":"<div data-elementor-type=\"wp-post\" data-elementor-id=\"11583\" class=\"elementor elementor-11583\" data-elementor-post-type=\"product\">\n\t\t\t\t<div class=\"elementor-element elementor-element-52b2d53 e-flex e-con-boxed e-con e-parent\" data-id=\"52b2d53\" data-element_type=\"container\">\n\t\t\t\t\t<div class=\"e-con-inner\">\n\t\t\t\t\t<\/div>\n\t\t\t\t<\/div>\n\t\t<div class=\"elementor-element elementor-element-8c3c2c7 e-flex e-con-boxed e-con e-parent\" data-id=\"8c3c2c7\" data-element_type=\"container\">\n\t\t\t\t\t<div class=\"e-con-inner\">\n\t\t<div class=\"elementor-element elementor-element-d0a7da0 e-con-full e-flex e-con e-child\" data-id=\"d0a7da0\" data-element_type=\"container\">\n\t\t\t\t<\/div>\n\t\t<div class=\"elementor-element elementor-element-7fdcc65 e-con-full e-flex e-con e-child\" data-id=\"7fdcc65\" data-element_type=\"container\">\n\t\t\t\t<\/div>\n\t\t\t\t\t<\/div>\n\t\t\t\t<\/div>\n\t\t<div class=\"elementor-element elementor-element-0406615 e-flex e-con-boxed e-con e-parent\" data-id=\"0406615\" data-element_type=\"container\" data-settings=\"{&quot;background_background&quot;:&quot;classic&quot;}\">\n\t\t\t\t\t<div class=\"e-con-inner\">\n\t\t<div class=\"elementor-element elementor-element-9ec2134 e-con-full e-flex e-con e-child\" data-id=\"9ec2134\" data-element_type=\"container\">\n\t\t\t\t<\/div>\n\t\t\t\t\t<\/div>\n\t\t\t\t<\/div>\n\t\t<div class=\"elementor-element elementor-element-22367a7 e-flex e-con-boxed e-con e-parent\" data-id=\"22367a7\" data-element_type=\"container\">\n\t\t\t\t\t<div class=\"e-con-inner\">\n\t\t<div class=\"elementor-element elementor-element-0b29d0c e-con-full e-flex e-con e-child\" data-id=\"0b29d0c\" data-element_type=\"container\">\n\t\t<div class=\"elementor-element elementor-element-e6e4b9c e-con-full e-flex e-con e-child\" data-id=\"e6e4b9c\" data-element_type=\"container\">\n\t\t\t\t<\/div>\n\t\t<div class=\"elementor-element elementor-element-de10621 e-con-full e-flex e-con e-child\" data-id=\"de10621\" data-element_type=\"container\">\n\t\t\t\t<\/div>\n\t\t<div class=\"elementor-element elementor-element-dc6a439 e-con-full e-flex e-con e-child\" data-id=\"dc6a439\" data-element_type=\"container\">\n\t\t\t\t<\/div>\n\t\t<div class=\"elementor-element elementor-element-df01612 e-con-full e-flex e-con e-child\" data-id=\"df01612\" data-element_type=\"container\">\n\t\t\t\t<\/div>\n\t\t\t\t<\/div>\n\t\t\t\t\t<\/div>\n\t\t\t\t<\/div>\n\t\t\t\t<\/div>","protected":false},"excerpt":{"rendered":"<p><strong>ACCUWAY UT-300 Fanuc Kontroll\u00fc CNC yatay torna<\/strong>, g\u00fc\u00e7l\u00fc yap\u0131s\u0131 ve modern teknolojisiyle a\u011f\u0131r i\u015fleme ko\u015fullar\u0131na uygun y\u00fcksek performans sunar. Sa\u011flam g\u00f6vde tasar\u0131m\u0131 ve \u00fcst\u00fcn dayan\u0131kl\u0131l\u0131\u011f\u0131 sayesinde uzun \u00f6m\u00fcrl\u00fc kullan\u0131m imk\u00e2n\u0131 tan\u0131rken, y\u00fcksek hassasiyetli i\u015fleme kabiliyetiyle otomotiv, savunma sanayi ve a\u011f\u0131r sanayi gibi sekt\u00f6rlerin beklentilerini en \u00fcst seviyede kar\u015f\u0131lar. Verimlili\u011fi art\u0131ran yap\u0131s\u0131, kullan\u0131c\u0131ya g\u00fcven veren istikrarl\u0131 sonu\u00e7lar ve kaliteli \u00fcretim sa\u011flar. Hem seri \u00fcretimde hem de \u00f6zel i\u015fleme s\u00fcre\u00e7lerinde maksimum hassasiyet sunarak i\u015fletmelerin rekabet g\u00fcc\u00fcn\u00fc y\u00fckseltir. Profesyonel \u00fcretim hatlar\u0131n\u0131n ihtiya\u00e7lar\u0131na y\u00f6nelik geli\u015ftirilen <strong>UT-300<\/strong>, sa\u011flaml\u0131k ve hassasiyeti bir arada sunarak end\u00fcstriyel \u00fcretim standartlar\u0131n\u0131 ileri ta\u015f\u0131r. <strong>ACCUWAY UT-300<\/strong>, g\u00fcvenilirli\u011fi ve \u00fcst\u00fcn performans\u0131yla uzun vadeli yat\u0131r\u0131mlar i\u00e7in ideal bir CNC \u00e7\u00f6z\u00fcm\u00fcd\u00fcr.<\/p>","protected":false},"featured_media":14879,"comment_status":"open","ping_status":"closed","template":"","meta":[],"product_brand":[166],"product_cat":[178,180],"product_tag":[],"class_list":{"0":"post-11583","1":"product","2":"type-product","3":"status-publish","4":"has-post-thumbnail","6":"product_brand-accuway","7":"product_cat-cnc-makineleri","8":"product_cat-cnc-torna","9":"pa_is-mili-devri-rpm-82","10":"pa_isleme-ekseni-3-eksen","11":"pa_isleme-turu-yatay","12":"pa_kontrol-unitesi-fanuc","13":"pa_makine-turu-cnc-yatay-torna","14":"pa_otomasyon-destegi-var","15":"pa_sogutma-tipi-su","16":"pa_tabla-olcusu-mm-1450x700","17":"pa_takim-degistirici-carousel-doner","18":"pa_uretim-mensei-tayvan","20":"first","21":"instock","22":"shipping-taxable","23":"product-type-simple"},"ct_brands":[{"id":166,"name":"ACCUWAY","slug":"accuway"}],"_links":{"self":[{"href":"https:\/\/yuntes.com.tr\/ru\/wp-json\/wp\/v2\/product\/11583","targetHints":{"allow":["GET"]}}],"collection":[{"href":"https:\/\/yuntes.com.tr\/ru\/wp-json\/wp\/v2\/product"}],"about":[{"href":"https:\/\/yuntes.com.tr\/ru\/wp-json\/wp\/v2\/types\/product"}],"replies":[{"embeddable":true,"href":"https:\/\/yuntes.com.tr\/ru\/wp-json\/wp\/v2\/comments?post=11583"}],"version-history":[{"count":0,"href":"https:\/\/yuntes.com.tr\/ru\/wp-json\/wp\/v2\/product\/11583\/revisions"}],"wp:featuredmedia":[{"embeddable":true,"href":"https:\/\/yuntes.com.tr\/ru\/wp-json\/wp\/v2\/media\/14879"}],"wp:attachment":[{"href":"https:\/\/yuntes.com.tr\/ru\/wp-json\/wp\/v2\/media?parent=11583"}],"wp:term":[{"taxonomy":"product_brand","embeddable":true,"href":"https:\/\/yuntes.com.tr\/ru\/wp-json\/wp\/v2\/product_brand?post=11583"},{"taxonomy":"product_cat","embeddable":true,"href":"https:\/\/yuntes.com.tr\/ru\/wp-json\/wp\/v2\/product_cat?post=11583"},{"taxonomy":"product_tag","embeddable":true,"href":"https:\/\/yuntes.com.tr\/ru\/wp-json\/wp\/v2\/product_tag?post=11583"}],"curies":[{"name":"wp","href":"https:\/\/api.w.org\/{rel}","templated":true}]}}