{"id":13073,"date":"2025-08-17T03:32:20","date_gmt":"2025-08-17T00:32:20","guid":{"rendered":"https:\/\/yuntes.com.tr\/?page_id=13073"},"modified":"2025-08-31T01:18:04","modified_gmt":"2025-08-30T22:18:04","slug":"cerez-politikasi","status":"publish","type":"page","link":"https:\/\/yuntes.com.tr\/ru\/cerez-politikasi\/","title":{"rendered":"\u041f\u043e\u043b\u0438\u0442\u0438\u043a\u0430 \u0438\u0441\u043f\u043e\u043b\u044c\u0437\u043e\u0432\u0430\u043d\u0438\u044f \u0444\u0430\u0439\u043b\u043e\u0432 cookie"},"content":{"rendered":"<div data-elementor-type=\"wp-page\" data-elementor-id=\"13073\" class=\"elementor elementor-13073\" data-elementor-post-type=\"page\">\n\t\t\t\t<div class=\"elementor-element elementor-element-97b1291 e-flex e-con-boxed e-con e-child\" data-id=\"97b1291\" data-element_type=\"container\" data-settings=\"{&quot;background_background&quot;:&quot;classic&quot;}\">\n\t\t\t\t\t<div class=\"e-con-inner\">\n\t\t<div class=\"elementor-element elementor-element-8545bd0 e-con-full e-flex e-con e-child\" data-id=\"8545bd0\" data-element_type=\"container\">\n\t\t\t\t<div class=\"elementor-element elementor-element-763152c elementor-icon-list--layout-inline elementor-mobile-align-left elementor-list-item-link-full_width elementor-widget elementor-widget-icon-list\" data-id=\"763152c\" data-element_type=\"widget\" data-widget_type=\"icon-list.default\">\n\t\t\t\t\t\t\t<ul class=\"elementor-icon-list-items elementor-inline-items\">\n\t\t\t\t\t\t\t<li class=\"elementor-icon-list-item elementor-inline-item\">\n\t\t\t\t\t\t\t\t\t\t\t<a href=\"https:\/\/yuntes.com.tr\/ru\">\n\n\t\t\t\t\t\t\t\t\t\t\t<span class=\"elementor-icon-list-text\">\u0413\u043b\u0430\u0432\u043d\u0430\u044f \u0441\u0442\u0440\u0430\u043d\u0438\u0446\u0430<\/span>\n\t\t\t\t\t\t\t\t\t\t\t<\/a>\n\t\t\t\t\t\t\t\t\t<\/li>\n\t\t\t\t\t\t\t\t<li class=\"elementor-icon-list-item elementor-inline-item\">\n\t\t\t\t\t\t\t\t\t\t\t<a href=\"#\">\n\n\t\t\t\t\t\t\t\t\t\t\t<span class=\"elementor-icon-list-text\">\u042e\u0440\u0438\u0434\u0438\u0447\u0435\u0441\u043a\u0430\u044f \u0438\u043d\u0444\u043e\u0440\u043c\u0430\u0446\u0438\u044f<\/span>\n\t\t\t\t\t\t\t\t\t\t\t<\/a>\n\t\t\t\t\t\t\t\t\t<\/li>\n\t\t\t\t\t\t<\/ul>\n\t\t<style id=\"core-763152c-core-block-supports-inline-css\"><\/style>\t\t\t\t<\/div>\n\t\t\t\t<div class=\"elementor-element elementor-element-186fadd elementor-widget elementor-widget-heading\" data-id=\"186fadd\" data-element_type=\"widget\" data-widget_type=\"heading.default\">\n\t\t\t\t\t<h2 class=\"elementor-heading-title elementor-size-default\">\u041f\u043e\u043b\u0438\u0442\u0438\u043a\u0430 \u0438\u0441\u043f\u043e\u043b\u044c\u0437\u043e\u0432\u0430\u043d\u0438\u044f \u0444\u0430\u0439\u043b\u043e\u0432 cookie<\/h2><style id=\"core-186fadd-core-block-supports-inline-css\"><\/style>\t\t\t\t<\/div>\n\t\t\t\t<\/div>\n\t\t\t\t\t<\/div>\n\t\t\t\t<\/div>\n\t\t<div class=\"elementor-element elementor-element-d818f82 e-flex e-con-boxed e-con e-parent\" data-id=\"d818f82\" data-element_type=\"container\">\n\t\t\t\t\t<div class=\"e-con-inner\">\n\t\t\t\t<div class=\"elementor-element elementor-element-9ee9b96 elementor-widget elementor-widget-text-editor\" data-id=\"9ee9b96\" data-element_type=\"widget\" data-widget_type=\"text-editor.default\">\n\t\t\t\t\t\t\t\t\t<p style=\"text-align: right;\"><strong>Y\u00fcr\u00fcrl\u00fck Tarihi: 15\/08\/2025<\/strong><br \/><strong>\u041f\u043e\u0441\u043b\u0435\u0434\u043d\u0435\u0435 \u043e\u0431\u043d\u043e\u0432\u043b\u0435\u043d\u0438\u0435: 20\/08\/2025<\/strong><\/p><p><strong>1) \u00c7erez Nedir?<br \/><\/strong>\u00c7erezler, ziyaret etti\u011finiz web siteleri taraf\u0131ndan taray\u0131c\u0131n\u0131z arac\u0131l\u0131\u011f\u0131yla cihaz\u0131n\u0131za yerle\u015ftirilen k\u00fc\u00e7\u00fck metin dosyalar\u0131d\u0131r. \u00c7erezler, web sitelerinin daha verimli \u00e7al\u0131\u015fmas\u0131n\u0131, kullan\u0131c\u0131 tercihlerini hat\u0131rlamas\u0131n\u0131 ve istatistiksel analiz yap\u0131lmas\u0131n\u0131 sa\u011flar.<\/p><p><strong>2) Kullan\u0131lan \u00c7erez T\u00fcrleri<\/strong><\/p><p>Zorunlu \u00c7erezler: Web sitesinin temel i\u015flevlerini yerine getirebilmesi i\u00e7in gereklidir.<\/p><p>Performans \u00c7erezleri: Kullan\u0131c\u0131lar\u0131n siteyi nas\u0131l kulland\u0131\u011f\u0131n\u0131 analiz ederek performans\u0131 art\u0131rmaya yard\u0131mc\u0131 olur.<\/p><p>\u0130\u015flevsellik \u00c7erezleri: Kullan\u0131c\u0131 tercihlerini (dil, b\u00f6lge vb.) hat\u0131rlayarak ki\u015fiselle\u015ftirilmi\u015f deneyim sunar.<\/p><p>Pazarlama \/ Reklam \u00c7erezleri: \u0130lgi alanlar\u0131n\u0131za uygun reklamlar\u0131n g\u00f6sterilmesine yard\u0131mc\u0131 olur.<\/p><p><strong>3) \u00c7erezlerin Kullan\u0131m Ama\u00e7lar\u0131<\/strong><\/p><p>Site g\u00fcvenli\u011finin sa\u011flanmas\u0131<\/p><p>Oturum a\u00e7ma ve kimlik do\u011frulama i\u015flemleri<\/p><p>Trafik ve kullan\u0131m istatistiklerinin \u00f6l\u00e7\u00fclmesi<\/p><p>Kampanyalar\u0131n ve promosyonlar\u0131n y\u00f6netilmesi<\/p><p>Kullan\u0131c\u0131 deneyiminin geli\u015ftirilmesi<\/p><p><strong>4) \u00dc\u00e7\u00fcnc\u00fc Taraf \u00c7erezleri<\/strong><\/p><p>Web sitemizde, Google Analytics ve benzeri \u00fc\u00e7\u00fcnc\u00fc taraf hizmet sa\u011flay\u0131c\u0131lar\u0131n \u00e7erezleri kullan\u0131labilir. Bu \u00e7erezler, istatistiksel analiz yapmak ve reklam performans\u0131n\u0131 \u00f6l\u00e7mek i\u00e7in kullan\u0131lmaktad\u0131r.<\/p><p><strong>5) \u00c7erezlerin Y\u00f6netimi<\/strong><\/p><p>\u00c7erezlerin kullan\u0131m\u0131na ili\u015fkin tercihlerinizi taray\u0131c\u0131n\u0131z \u00fczerinden de\u011fi\u015ftirebilirsiniz. \u00c7erezleri engellemeniz halinde, web sitemizin baz\u0131 i\u015flevleri d\u00fczg\u00fcn \u00e7al\u0131\u015fmayabilir.<\/p><p>Detayl\u0131 bilgi i\u00e7in taray\u0131c\u0131 yard\u0131m sayfalar\u0131n\u0131z\u0131 ziyaret edebilir veya All About Cookies sayfas\u0131na g\u00f6z atabilirsiniz.<\/p><p><strong>6) Politika De\u011fi\u015fiklikleri<\/strong><\/p><p>Bu \u00c7erez Politikas\u0131, teknolojik geli\u015fmeler ve yasal d\u00fczenlemelere uyum sa\u011flamak amac\u0131yla g\u00fcncellenebilir. En g\u00fcncel s\u00fcr\u00fcm her zaman web sitemizde yay\u0131mlan\u0131r.<\/p>\t\t\t\t<style id=\"core-9ee9b96-core-block-supports-inline-css\"><\/style>\t\t\t\t<\/div>\n\t\t\t\t\t<\/div>\n\t\t\t\t<\/div>\n\t\t\t\t<\/div>","protected":false},"excerpt":{"rendered":"<p>Anasayfa Hukuki Bilgiler Y\u00fcr\u00fcrl\u00fck Tarihi: 15\/08\/2025Son G\u00fcncelleme: 20\/08\/2025 1) \u00c7erez Nedir?\u00c7erezler, ziyaret etti\u011finiz web siteleri taraf\u0131ndan taray\u0131c\u0131n\u0131z arac\u0131l\u0131\u011f\u0131yla cihaz\u0131n\u0131za yerle\u015ftirilen k\u00fc\u00e7\u00fck metin dosyalar\u0131d\u0131r. \u00c7erezler, web sitelerinin daha verimli \u00e7al\u0131\u015fmas\u0131n\u0131, kullan\u0131c\u0131 tercihlerini hat\u0131rlamas\u0131n\u0131 ve istatistiksel analiz yap\u0131lmas\u0131n\u0131 sa\u011flar. 2) Kullan\u0131lan \u00c7erez T\u00fcrleri Zorunlu \u00c7erezler: Web sitesinin temel i\u015flevlerini yerine getirebilmesi i\u00e7in gereklidir. Performans \u00c7erezleri: Kullan\u0131c\u0131lar\u0131n siteyi [&hellip;]<\/p>","protected":false},"author":1,"featured_media":0,"parent":0,"menu_order":0,"comment_status":"closed","ping_status":"closed","template":"","meta":{"footnotes":""},"class_list":["post-13073","page","type-page","status-publish","hentry"],"blocksy_meta":[],"_links":{"self":[{"href":"https:\/\/yuntes.com.tr\/ru\/wp-json\/wp\/v2\/pages\/13073","targetHints":{"allow":["GET"]}}],"collection":[{"href":"https:\/\/yuntes.com.tr\/ru\/wp-json\/wp\/v2\/pages"}],"about":[{"href":"https:\/\/yuntes.com.tr\/ru\/wp-json\/wp\/v2\/types\/page"}],"author":[{"embeddable":true,"href":"https:\/\/yuntes.com.tr\/ru\/wp-json\/wp\/v2\/users\/1"}],"replies":[{"embeddable":true,"href":"https:\/\/yuntes.com.tr\/ru\/wp-json\/wp\/v2\/comments?post=13073"}],"version-history":[{"count":9,"href":"https:\/\/yuntes.com.tr\/ru\/wp-json\/wp\/v2\/pages\/13073\/revisions"}],"predecessor-version":[{"id":16043,"href":"https:\/\/yuntes.com.tr\/ru\/wp-json\/wp\/v2\/pages\/13073\/revisions\/16043"}],"wp:attachment":[{"href":"https:\/\/yuntes.com.tr\/ru\/wp-json\/wp\/v2\/media?parent=13073"}],"curies":[{"name":"wp","href":"https:\/\/api.w.org\/{rel}","templated":true}]}}