{"id":10638,"date":"2025-08-05T09:05:51","date_gmt":"2025-08-05T09:05:51","guid":{"rendered":"https:\/\/yun.defnemedia.com\/?page_id=10638"},"modified":"2025-08-31T21:25:38","modified_gmt":"2025-08-31T18:25:38","slug":"etkinlikler","status":"publish","type":"page","link":"https:\/\/yuntes.com.tr\/ru\/etkinlikler\/","title":{"rendered":"\u0421\u043e\u0431\u044b\u0442\u0438\u044f"},"content":{"rendered":"<div data-elementor-type=\"wp-page\" data-elementor-id=\"10638\" class=\"elementor elementor-10638\" data-elementor-post-type=\"page\">\n\t\t\t\t<div class=\"elementor-element elementor-element-8f258a9 e-flex e-con-boxed e-con e-child\" data-id=\"8f258a9\" data-element_type=\"container\" data-settings=\"{&quot;background_background&quot;:&quot;classic&quot;}\">\n\t\t\t\t\t<div class=\"e-con-inner\">\n\t\t<div class=\"elementor-element elementor-element-f4d0c26 e-con-full e-flex e-con e-child\" data-id=\"f4d0c26\" data-element_type=\"container\">\n\t\t\t\t<div class=\"elementor-element elementor-element-fcf4c33 elementor-widget elementor-widget-heading\" data-id=\"fcf4c33\" data-element_type=\"widget\" data-widget_type=\"heading.default\">\n\t\t\t\t\t<h2 class=\"elementor-heading-title elementor-size-default\">\u0421\u043e\u0431\u044b\u0442\u0438\u044f<\/h2><style id=\"core-fcf4c33-core-block-supports-inline-css\"><\/style>\t\t\t\t<\/div>\n\t\t\t\t<\/div>\n\t\t\t\t\t<\/div>\n\t\t\t\t<\/div>\n\t\t<div class=\"elementor-element elementor-element-190eedd e-flex e-con-boxed e-con e-parent\" data-id=\"190eedd\" data-element_type=\"container\">\n\t\t\t\t\t<div class=\"e-con-inner\">\n\t\t\t\t<div class=\"elementor-element elementor-element-61a86bc elementor-widget__width-initial elementor-widget elementor-widget-text-editor\" data-id=\"61a86bc\" data-element_type=\"widget\" data-widget_type=\"text-editor.default\">\n\t\t\t\t\t\t\t\t\t<p>Etkinlikler ve fuar haberlerimizle CNC makineleri, end\u00fcstriyel \u00e7\u00f6z\u00fcmler ve \u00fcretim teknolojileri d\u00fcnyas\u0131ndaki en g\u00fcncel geli\u015fmeleri ke\u015ffedin. <br \/><strong>Yuntes Makine\u2019nin kat\u0131ld\u0131\u011f\u0131 fuarlar, seminerler ve sekt\u00f6rel etkinlikler hakk\u0131nda detayl\u0131 bilgiye buradan ula\u015fabilirsiniz.<\/strong><\/p>\t\t\t\t<style id=\"core-61a86bc-core-block-supports-inline-css\"><\/style>\t\t\t\t<\/div>\n\t\t\t\t\t<\/div>\n\t\t\t\t<\/div>\n\t\t<div class=\"elementor-element elementor-element-05c7071 e-flex e-con-boxed e-con e-parent\" data-id=\"05c7071\" data-element_type=\"container\">\n\t\t\t\t\t<div class=\"e-con-inner\">\n\t\t\t\t<div class=\"elementor-element elementor-element-6e6e3be premium-smart-listing__1 premium-smart-listing__sepia premium-no-featured-yes premium-loading-animation__slide-up elementor-widget elementor-widget-premium-smart-post-listing\" data-id=\"6e6e3be\" data-element_type=\"widget\" data-settings=\"{&quot;listing_cols&quot;:&quot;1&quot;,&quot;premium_blog_paging&quot;:&quot;yes&quot;,&quot;pa_spl_skin&quot;:&quot;skin-1&quot;,&quot;scroll_to_offset&quot;:&quot;yes&quot;,&quot;pagination_type&quot;:&quot;num&quot;}\" data-widget_type=\"premium-smart-post-listing.default\">\n\t\t\t\t\t\t\t\t<div class=\"premium-smart-listing__wrapper premium-slide-up\" data-page=\"10638\">\r\n\t\t\t\t<div class=\"premium-smart-listing__header-wrapper\">\r\n\t\t\t\t\t\t\t\t\t\t<div class=\"premium-smart-listing__navigation-outer-container\">\r\n\t\t\t\t\t\t\t\t\t\t\t\t\t\t\t\t\t<\/div>\r\n\t\t\t\t<\/div>\r\n\t\t\t\t<div class=\"premium-smart-listing__posts-outer-wrapper premium-smart-listing__skin-1\">\r\n\t\t\t\t\t\t\t<div class=\"premium-smart-listing__featured-posts-wrapper\">\n\t\t\t<div class=\"premium-smart-listing__featured-post-wrapper premium-smart-listing__grid-item\">\n\t\t\t\t<div class=\"premium-smart-listing__post-thumbnail-wrapper\">\n\t\t\t\t\t\t\t<div class=\"premium-smart-listing__cat-container\">\r\n\t\t\t<ul class=\"post-categories\">\r\n\t\t\t\t<li><a href=\"https:\/\/yuntes.com.tr\/ru\/category\/etkinlikler\/\" class=\"premium-smart-listing__category  elementor-repeater-item-5ab9697\">\u0421\u043e\u0431\u044b\u0442\u0438\u044f<\/a><\/li>\t\t\t<\/ul>\r\n\t\t<\/div>\r\n\t\t\t\t\t\t\t<div class=\"premium-smart-listing__thumbnail-container\" style=\"background-image: url(https:\/\/yuntes.com.tr\/wp-content\/uploads\/Yuntes-Blog-Banner-Taslak-1.webp);\">\n\t\t\t\t\t\t\t\t\t\t<\/div>\n\t\t\t\t\t<div class=\"premium-smart-listing__thumbnail-overlay\">\n\t\t\t\t\t\t<a class=\"elementor-icon\" href=\"https:\/\/yuntes.com.tr\/ru\/muhendislik-ve-inovasyon-gunleri\/\" target=\"_blank\" aria-hidden=\"true\"><\/a>\n\t\t\t\t\t<\/div>\n\t\t\t\t<\/div>\n\t\t\t\t<div class=\"premium-smart-listing__post-content-wrapper\">\n\t\t\t\t\t<div class=\"premium-smart-listing__post-title-wrapper\"> \t\t<h4 class=\"premium-smart-listing__post-title\">\n\t\t\t<a href=\"https:\/\/yuntes.com.tr\/ru\/muhendislik-ve-inovasyon-gunleri\/\" target=\"_blank\">\n\t\t\t\t\u0414\u043d\u0438 \u0438\u043d\u0436\u0435\u043d\u0435\u0440\u0438\u0438 \u0438 \u0438\u043d\u043d\u043e\u0432\u0430\u0446\u0438\u0439\t\t\t<\/a>\n\t\t<\/h4>\n\t\t <\/div>\n\t\t\t\t\t<div class=\"premium-smart-listing__post-meta-container\"> \t\t\t\t\t\t\t<div class=\"premium-smart-listing__post-author premium-smart-listing__post-meta\">\r\n\t\t\t\t\t<i class=\"fa fa-user fa-fw\" aria-hidden=\"true\"><\/i>\r\n\t\t\t\t\t<a href=\"https:\/\/yuntes.com.tr\/ru\/author\/defnemedia_admin\/\" title=\"\u0417\u0430\u043f\u0438\u0441\u0438 y\u00f6netici\" rel=\"author\">y\u00f6netici<\/a>\t\t\t\t<\/div>\r\n\t\t\t\r\n\t\t\t\t\t\t\t<span class=\"premium-smart-listing__meta-separator\">\u22c5<\/span>\r\n\t\t\t\t<div class=\"premium-smart-listing__post-time premium-smart-listing__post-meta\">\r\n\t\t\t\t\t<i class=\"fa fa-clock-o\" aria-hidden=\"true\"><\/i>\r\n\t\t\t\t\t<span>13\/08\/2025<\/span>\r\n\t\t\t\t<\/div>\r\n\t\t\t\r\n\t\t\t\r\n\t\t\t\t\t <\/div>\n\t\t\t\t\t\t\t<div class=\"premium-smart-listing__post-content-inner premium-addons-element\">\n\t\t<p class=\"premium-smart-listing__post-content\">M\u00fchendislik ve \u0130novasyon G\u00fcnleri: Yeni Nesil \u00c7\u00f6z\u00fcmler M\u00fchendislikte inovasyonun rol\u00fc, \u2026<\/p>\t\t<\/div>\n\t\t\t\t\t\t<\/div>\n\t\t\t<\/div>\n\t\t<\/div>\n\n\t\t\t\t\t\t\t\t\t<div class=\"premium-smart-listing__posts-wrapper\">\n\t\t\t\t\t\t\t\t\t\t<div class=\"premium-smart-listing__post-wrapper premium-smart-listing__grid-item\" data-total=\"1\">\n\t\t\t\t\t\t\t\t\t<div class=\"premium-smart-listing__post-thumbnail-wrapper\">\n\t\t\t\t\t\t<div class=\"premium-smart-listing__thumbnail-container\" style=\"background-image:url(https:\/\/yuntes.com.tr\/wp-content\/uploads\/Yuntes-Blog-Banner-Taslak-1.webp)\" >\n\t\t\t\t\t\t\t\t\t\t\t\t<\/div>\n\t\t\t\t\t\t<div class=\"premium-smart-listing__thumbnail-overlay\">\n\t\t\t\t\t\t\t<a class=\"elementor-icon\" href=\"https:\/\/yuntes.com.tr\/ru\/2025-cnc-ve-otomasyon-fuari-izlenimleri\/\" target=\"_blank\" aria-hidden=\"true\"><\/a>\n\t\t\t\t\t\t<\/div>\n\t\t\t\t\t<\/div>\n\t\t\t\t\t\t\t\t\t\t<div class=\"premium-smart-listing__post-content-wrapper\">\n\t\t\t\t\t\t\t\t<div class=\"premium-smart-listing__cat-container\">\r\n\t\t\t<ul class=\"post-categories\">\r\n\t\t\t\t<li><a href=\"https:\/\/yuntes.com.tr\/ru\/category\/etkinlikler\/\" class=\"premium-smart-listing__category  elementor-repeater-item-5ab9697\">\u0421\u043e\u0431\u044b\u0442\u0438\u044f<\/a><\/li>\t\t\t<\/ul>\r\n\t\t<\/div>\r\n\t\t\t\t\t\t\t\t<div class=\"premium-smart-listing__post-title-wrapper\"> \t\t<h4 class=\"premium-smart-listing__post-title\">\n\t\t\t<a href=\"https:\/\/yuntes.com.tr\/ru\/2025-cnc-ve-otomasyon-fuari-izlenimleri\/\" target=\"_blank\">\n\t\t\t\t2025 CNC ve Otomasyon Fuar\u0131 \u0130zlenimleri\t\t\t<\/a>\n\t\t<\/h4>\n\t\t  <\/div>\n\t\t\t\t\t\t<div class=\"premium-smart-listing__post-meta-container\"> \t\t\t\t\t\t\t<div class=\"premium-smart-listing__post-author premium-smart-listing__post-meta\">\r\n\t\t\t\t\t<i class=\"fa fa-user fa-fw\" aria-hidden=\"true\"><\/i>\r\n\t\t\t\t\t<a href=\"https:\/\/yuntes.com.tr\/ru\/author\/defnemedia_admin\/\" title=\"\u0417\u0430\u043f\u0438\u0441\u0438 y\u00f6netici\" rel=\"author\">y\u00f6netici<\/a>\t\t\t\t<\/div>\r\n\t\t\t\r\n\t\t\t\t\t\t\t<span class=\"premium-smart-listing__meta-separator\">\u22c5<\/span>\r\n\t\t\t\t<div class=\"premium-smart-listing__post-time premium-smart-listing__post-meta\">\r\n\t\t\t\t\t<i class=\"fa fa-clock-o\" aria-hidden=\"true\"><\/i>\r\n\t\t\t\t\t<span>13\/08\/2025<\/span>\r\n\t\t\t\t<\/div>\r\n\t\t\t\r\n\t\t\t\r\n\t\t\t\t\t <\/div>\n\t\t\t\t\t\t\t\t<div class=\"premium-smart-listing__post-content-inner premium-addons-element\">\n\t\t<p class=\"premium-smart-listing__post-content\">2025 CNC ve Otomasyon Fuar\u0131 \u0130zlenimleri En yeni CNC teknolojileri, \u2026<\/p>\t\t<\/div>\n\t\t\t\t\t\t\t<\/div>\n\t\t\t<\/div>\n\n\t\t\t\t\t<div class=\"premium-smart-listing__post-wrapper premium-smart-listing__grid-item\" data-total=\"1\">\n\t\t\t\t\t\t\t\t\t<div class=\"premium-smart-listing__post-thumbnail-wrapper\">\n\t\t\t\t\t\t<div class=\"premium-smart-listing__thumbnail-container\" style=\"background-image:url(https:\/\/yuntes.com.tr\/wp-content\/uploads\/Yuntes-Blog-Banner-Taslak-1.webp)\" >\n\t\t\t\t\t\t\t\t\t\t\t\t<\/div>\n\t\t\t\t\t\t<div class=\"premium-smart-listing__thumbnail-overlay\">\n\t\t\t\t\t\t\t<a class=\"elementor-icon\" href=\"https:\/\/yuntes.com.tr\/ru\/endustri-4-0-teknoloji-zirvesi-2025\/\" target=\"_blank\" aria-hidden=\"true\"><\/a>\n\t\t\t\t\t\t<\/div>\n\t\t\t\t\t<\/div>\n\t\t\t\t\t\t\t\t\t\t<div class=\"premium-smart-listing__post-content-wrapper\">\n\t\t\t\t\t\t\t\t<div class=\"premium-smart-listing__cat-container\">\r\n\t\t\t<ul class=\"post-categories\">\r\n\t\t\t\t<li><a href=\"https:\/\/yuntes.com.tr\/ru\/category\/etkinlikler\/\" class=\"premium-smart-listing__category  elementor-repeater-item-5ab9697\">\u0421\u043e\u0431\u044b\u0442\u0438\u044f<\/a><\/li>\t\t\t<\/ul>\r\n\t\t<\/div>\r\n\t\t\t\t\t\t\t\t<div class=\"premium-smart-listing__post-title-wrapper\"> \t\t<h4 class=\"premium-smart-listing__post-title\">\n\t\t\t<a href=\"https:\/\/yuntes.com.tr\/ru\/endustri-4-0-teknoloji-zirvesi-2025\/\" target=\"_blank\">\n\t\t\t\tEnd\u00fcstri 4.0 Teknoloji Zirvesi 2025\t\t\t<\/a>\n\t\t<\/h4>\n\t\t  <\/div>\n\t\t\t\t\t\t<div class=\"premium-smart-listing__post-meta-container\"> \t\t\t\t\t\t\t<div class=\"premium-smart-listing__post-author premium-smart-listing__post-meta\">\r\n\t\t\t\t\t<i class=\"fa fa-user fa-fw\" aria-hidden=\"true\"><\/i>\r\n\t\t\t\t\t<a href=\"https:\/\/yuntes.com.tr\/ru\/author\/defnemedia_admin\/\" title=\"\u0417\u0430\u043f\u0438\u0441\u0438 y\u00f6netici\" rel=\"author\">y\u00f6netici<\/a>\t\t\t\t<\/div>\r\n\t\t\t\r\n\t\t\t\t\t\t\t<span class=\"premium-smart-listing__meta-separator\">\u22c5<\/span>\r\n\t\t\t\t<div class=\"premium-smart-listing__post-time premium-smart-listing__post-meta\">\r\n\t\t\t\t\t<i class=\"fa fa-clock-o\" aria-hidden=\"true\"><\/i>\r\n\t\t\t\t\t<span>13\/08\/2025<\/span>\r\n\t\t\t\t<\/div>\r\n\t\t\t\r\n\t\t\t\r\n\t\t\t\t\t <\/div>\n\t\t\t\t\t\t\t\t<div class=\"premium-smart-listing__post-content-inner premium-addons-element\">\n\t\t<p class=\"premium-smart-listing__post-content\">End\u00fcstri 4.0 Teknoloji Zirvesi 2025: Gelece\u011fin \u00dcretim Trendleri Otomasyon, yapay \u2026<\/p>\t\t<\/div>\n\t\t\t\t\t\t\t<\/div>\n\t\t\t<\/div>\n\n\t\t\n\t\t\t\t\t\t\t\t\t<\/div>\n\t\t\t\t\n\t\t\t\t\t\t\t\t<\/div>\r\n\t\t\t\t\r\n\t\t\t\t\t\t\t<\/div>\r\n\t\t<style id=\"core-6e6e3be-core-block-supports-inline-css\"><\/style>\t\t\t\t<\/div>\n\t\t\t\t\t<\/div>\n\t\t\t\t<\/div>\n\t\t\t\t<\/div>","protected":false},"excerpt":{"rendered":"<p>Etkinlikler ve fuar haberlerimizle CNC makineleri, end\u00fcstriyel \u00e7\u00f6z\u00fcmler ve \u00fcretim teknolojileri d\u00fcnyas\u0131ndaki en g\u00fcncel geli\u015fmeleri ke\u015ffedin. Yuntes Makine\u2019nin kat\u0131ld\u0131\u011f\u0131 fuarlar, seminerler ve sekt\u00f6rel etkinlikler hakk\u0131nda detayl\u0131 bilgiye buradan ula\u015fabilirsiniz. Etkinlikler M\u00fchendislik ve \u0130novasyon G\u00fcnleri y\u00f6netici \u22c5 13\/08\/2025 M\u00fchendislik ve \u0130novasyon G\u00fcnleri: Yeni Nesil \u00c7\u00f6z\u00fcmler M\u00fchendislikte inovasyonun rol\u00fc, \u2026 Etkinlikler 2025 CNC ve Otomasyon Fuar\u0131 \u0130zlenimleri [&hellip;]<\/p>","protected":false},"author":1,"featured_media":0,"parent":0,"menu_order":0,"comment_status":"closed","ping_status":"closed","template":"","meta":{"footnotes":""},"class_list":["post-10638","page","type-page","status-publish","hentry"],"blocksy_meta":[],"_links":{"self":[{"href":"https:\/\/yuntes.com.tr\/ru\/wp-json\/wp\/v2\/pages\/10638","targetHints":{"allow":["GET"]}}],"collection":[{"href":"https:\/\/yuntes.com.tr\/ru\/wp-json\/wp\/v2\/pages"}],"about":[{"href":"https:\/\/yuntes.com.tr\/ru\/wp-json\/wp\/v2\/types\/page"}],"author":[{"embeddable":true,"href":"https:\/\/yuntes.com.tr\/ru\/wp-json\/wp\/v2\/users\/1"}],"replies":[{"embeddable":true,"href":"https:\/\/yuntes.com.tr\/ru\/wp-json\/wp\/v2\/comments?post=10638"}],"version-history":[{"count":9,"href":"https:\/\/yuntes.com.tr\/ru\/wp-json\/wp\/v2\/pages\/10638\/revisions"}],"predecessor-version":[{"id":16292,"href":"https:\/\/yuntes.com.tr\/ru\/wp-json\/wp\/v2\/pages\/10638\/revisions\/16292"}],"wp:attachment":[{"href":"https:\/\/yuntes.com.tr\/ru\/wp-json\/wp\/v2\/media?parent=10638"}],"curies":[{"name":"wp","href":"https:\/\/api.w.org\/{rel}","templated":true}]}}