{"id":9708,"date":"2023-08-16T08:17:05","date_gmt":"2023-08-16T08:17:05","guid":{"rendered":"https:\/\/dummy.xtemos.com\/woodmart2\/mega-electronics-elementor\/?post_type=product&#038;p=9708"},"modified":"2025-10-07T11:16:07","modified_gmt":"2025-10-07T08:16:07","slug":"wele-ug-630-5-eksen-cnc-dik-isleme-merkezi","status":"publish","type":"product","link":"https:\/\/yuntes.com.tr\/es\/product-2\/wele-ug-630-5-eksen-cnc-dik-isleme-merkezi\/","title":{"rendered":"WELE UG 630 Centro de Mecanizado Vertical CNC de 5 Ejes"},"content":{"rendered":"<div data-elementor-type=\"wp-post\" data-elementor-id=\"9708\" class=\"elementor elementor-9708\" data-elementor-post-type=\"product\">\n\t\t\t\t<div class=\"elementor-element elementor-element-52b2d53 e-flex e-con-boxed e-con e-parent\" data-id=\"52b2d53\" data-element_type=\"container\">\n\t\t\t\t\t<div class=\"e-con-inner\">\n\t\t\t\t\t<\/div>\n\t\t\t\t<\/div>\n\t\t<div class=\"elementor-element elementor-element-8c3c2c7 e-flex e-con-boxed e-con e-parent\" data-id=\"8c3c2c7\" data-element_type=\"container\">\n\t\t\t\t\t<div class=\"e-con-inner\">\n\t\t<div class=\"elementor-element elementor-element-d0a7da0 e-con-full e-flex e-con e-child\" data-id=\"d0a7da0\" data-element_type=\"container\">\n\t\t\t\t<\/div>\n\t\t<div class=\"elementor-element elementor-element-7fdcc65 e-con-full e-flex e-con e-child\" data-id=\"7fdcc65\" data-element_type=\"container\">\n\t\t\t\t<\/div>\n\t\t\t\t\t<\/div>\n\t\t\t\t<\/div>\n\t\t<div class=\"elementor-element elementor-element-0406615 e-flex e-con-boxed e-con e-parent\" data-id=\"0406615\" data-element_type=\"container\" data-settings=\"{&quot;background_background&quot;:&quot;classic&quot;}\">\n\t\t\t\t\t<div class=\"e-con-inner\">\n\t\t<div class=\"elementor-element elementor-element-9ec2134 e-con-full e-flex e-con e-child\" data-id=\"9ec2134\" data-element_type=\"container\">\n\t\t\t\t<\/div>\n\t\t\t\t\t<\/div>\n\t\t\t\t<\/div>\n\t\t<div class=\"elementor-element elementor-element-22367a7 e-flex e-con-boxed e-con e-parent\" data-id=\"22367a7\" data-element_type=\"container\">\n\t\t\t\t\t<div class=\"e-con-inner\">\n\t\t<div class=\"elementor-element elementor-element-0b29d0c e-con-full e-flex e-con e-child\" data-id=\"0b29d0c\" data-element_type=\"container\">\n\t\t<div class=\"elementor-element elementor-element-e6e4b9c e-con-full e-flex e-con e-child\" data-id=\"e6e4b9c\" data-element_type=\"container\">\n\t\t\t\t<\/div>\n\t\t<div class=\"elementor-element elementor-element-de10621 e-con-full e-flex e-con e-child\" data-id=\"de10621\" data-element_type=\"container\">\n\t\t\t\t<\/div>\n\t\t<div class=\"elementor-element elementor-element-dc6a439 e-con-full e-flex e-con e-child\" data-id=\"dc6a439\" data-element_type=\"container\">\n\t\t\t\t<\/div>\n\t\t<div class=\"elementor-element elementor-element-df01612 e-con-full e-flex e-con e-child\" data-id=\"df01612\" data-element_type=\"container\">\n\t\t\t\t<\/div>\n\t\t\t\t<\/div>\n\t\t\t\t\t<\/div>\n\t\t\t\t<\/div>\n\t\t\t\t<\/div>","protected":false},"excerpt":{"rendered":"<p>WELE UG 630 modeli; 5 eksenli, y\u00fcksek hassasiyetli dik i\u015fleme merkezidir. FANUC kontrol \u00fcnitesi, 24000 RPM i\u015f mili devri ve otomasyon destekli yap\u0131s\u0131 ile karma\u015f\u0131k par\u00e7alar\u0131n i\u015flenmesinde \u00fcst seviye performans sunar.<\/p>","protected":false},"featured_media":11282,"comment_status":"open","ping_status":"closed","template":"","meta":[],"product_brand":[166,168,188,196,200,210,218,220,232,234,236],"product_cat":[164,178],"product_tag":[],"class_list":{"0":"post-9708","1":"product","2":"type-product","3":"status-publish","4":"has-post-thumbnail","6":"product_brand-accuway","7":"product_brand-arix","8":"product_brand-dolphin","9":"product_brand-everricho","10":"product_brand-four-star","11":"product_brand-ktm","12":"product_brand-phoebus","13":"product_brand-sunmill","14":"product_brand-wele","15":"product_brand-ydm-maple","16":"product_brand-yu-shine","17":"product_cat-5-eksen-cnc","18":"product_cat-cnc-makineleri","19":"pa_is-mili-devri-rpm-50","20":"pa_isleme-ekseni-5-eksen","21":"pa_isleme-turu-dik","22":"pa_kontrol-unitesi-fanuc","23":"pa_makine-turu-cnc-isleme-merkezi","24":"pa_otomasyon-destegi-var","25":"pa_sogutma-tipi-su","26":"pa_tabla-olcusu-mm-1000x600","27":"pa_takim-degistirici-carousel-doner","28":"pa_uretim-mensei-tayvan","30":"first","31":"instock","32":"shipping-taxable","33":"product-type-simple"},"ct_brands":[{"id":166,"name":"ACCUWAY","slug":"accuway"},{"id":168,"name":"ARIX","slug":"arix"},{"id":188,"name":"DOLPHIN","slug":"dolphin"},{"id":196,"name":"EVERRICHO","slug":"everricho"},{"id":200,"name":"FOUR-STAR","slug":"four-star"},{"id":210,"name":"KTM","slug":"ktm"},{"id":218,"name":"PHOEBUS","slug":"phoebus"},{"id":220,"name":"SUNMILL","slug":"sunmill"},{"id":232,"name":"WELE","slug":"wele"},{"id":234,"name":"YDM MAPLE","slug":"ydm-maple"},{"id":236,"name":"YU-SHINE","slug":"yu-shine"}],"_links":{"self":[{"href":"https:\/\/yuntes.com.tr\/es\/wp-json\/wp\/v2\/product\/9708","targetHints":{"allow":["GET"]}}],"collection":[{"href":"https:\/\/yuntes.com.tr\/es\/wp-json\/wp\/v2\/product"}],"about":[{"href":"https:\/\/yuntes.com.tr\/es\/wp-json\/wp\/v2\/types\/product"}],"replies":[{"embeddable":true,"href":"https:\/\/yuntes.com.tr\/es\/wp-json\/wp\/v2\/comments?post=9708"}],"version-history":[{"count":0,"href":"https:\/\/yuntes.com.tr\/es\/wp-json\/wp\/v2\/product\/9708\/revisions"}],"wp:featuredmedia":[{"embeddable":true,"href":"https:\/\/yuntes.com.tr\/es\/wp-json\/wp\/v2\/media\/11282"}],"wp:attachment":[{"href":"https:\/\/yuntes.com.tr\/es\/wp-json\/wp\/v2\/media?parent=9708"}],"wp:term":[{"taxonomy":"product_brand","embeddable":true,"href":"https:\/\/yuntes.com.tr\/es\/wp-json\/wp\/v2\/product_brand?post=9708"},{"taxonomy":"product_cat","embeddable":true,"href":"https:\/\/yuntes.com.tr\/es\/wp-json\/wp\/v2\/product_cat?post=9708"},{"taxonomy":"product_tag","embeddable":true,"href":"https:\/\/yuntes.com.tr\/es\/wp-json\/wp\/v2\/product_tag?post=9708"}],"curies":[{"name":"wp","href":"https:\/\/api.w.org\/{rel}","templated":true}]}}