{"id":15862,"date":"2025-08-26T14:33:59","date_gmt":"2025-08-26T11:33:59","guid":{"rendered":"https:\/\/yuntes.com.tr\/?post_type=product&#038;p=15862"},"modified":"2025-10-07T11:17:55","modified_gmt":"2025-10-07T08:17:55","slug":"nicolas-correa-norma-hareketli-sutunlu-freze-makinesi","status":"publish","type":"product","link":"https:\/\/yuntes.com.tr\/es\/product-2\/nicolas-correa-norma-hareketli-sutunlu-freze-makinesi\/","title":{"rendered":"Nicolas Correa NORMA \u2013 Fresadora de columna m\u00f3vil"},"content":{"rendered":"<div data-elementor-type=\"wp-post\" data-elementor-id=\"15862\" class=\"elementor elementor-15862\" data-elementor-post-type=\"product\">\n\t\t\t\t<div class=\"elementor-element elementor-element-52b2d53 e-flex e-con-boxed e-con e-parent\" data-id=\"52b2d53\" data-element_type=\"container\">\n\t\t\t\t\t<div class=\"e-con-inner\">\n\t\t\t\t\t<\/div>\n\t\t\t\t<\/div>\n\t\t<div class=\"elementor-element elementor-element-8c3c2c7 e-flex e-con-boxed e-con e-parent\" data-id=\"8c3c2c7\" data-element_type=\"container\">\n\t\t\t\t\t<div class=\"e-con-inner\">\n\t\t<div class=\"elementor-element elementor-element-d0a7da0 e-con-full e-flex e-con e-child\" data-id=\"d0a7da0\" data-element_type=\"container\">\n\t\t\t\t<\/div>\n\t\t<div class=\"elementor-element elementor-element-7fdcc65 e-con-full e-flex e-con e-child\" data-id=\"7fdcc65\" data-element_type=\"container\">\n\t\t\t\t<\/div>\n\t\t\t\t\t<\/div>\n\t\t\t\t<\/div>\n\t\t<div class=\"elementor-element elementor-element-0406615 e-flex e-con-boxed e-con e-parent\" data-id=\"0406615\" data-element_type=\"container\" data-settings=\"{&quot;background_background&quot;:&quot;classic&quot;}\">\n\t\t\t\t\t<div class=\"e-con-inner\">\n\t\t<div class=\"elementor-element elementor-element-9ec2134 e-con-full e-flex e-con e-child\" data-id=\"9ec2134\" data-element_type=\"container\">\n\t\t\t\t<\/div>\n\t\t\t\t\t<\/div>\n\t\t\t\t<\/div>\n\t\t<div class=\"elementor-element elementor-element-22367a7 e-flex e-con-boxed e-con e-parent\" data-id=\"22367a7\" data-element_type=\"container\">\n\t\t\t\t\t<div class=\"e-con-inner\">\n\t\t<div class=\"elementor-element elementor-element-0b29d0c e-con-full e-flex e-con e-child\" data-id=\"0b29d0c\" data-element_type=\"container\">\n\t\t<div class=\"elementor-element elementor-element-e6e4b9c e-con-full e-flex e-con e-child\" data-id=\"e6e4b9c\" data-element_type=\"container\">\n\t\t\t\t<\/div>\n\t\t<div class=\"elementor-element elementor-element-de10621 e-con-full e-flex e-con e-child\" data-id=\"de10621\" data-element_type=\"container\">\n\t\t\t\t<\/div>\n\t\t<div class=\"elementor-element elementor-element-dc6a439 e-con-full e-flex e-con e-child\" data-id=\"dc6a439\" data-element_type=\"container\">\n\t\t\t\t<\/div>\n\t\t<div class=\"elementor-element elementor-element-df01612 e-con-full e-flex e-con e-child\" data-id=\"df01612\" data-element_type=\"container\">\n\t\t\t\t<\/div>\n\t\t\t\t<\/div>\n\t\t\t\t\t<\/div>\n\t\t\t\t<\/div>\n\t\t\t\t<\/div>","protected":false},"excerpt":{"rendered":"<p>MAGNA, hem RAM sarkmas\u0131n\u0131 hem de g\u00f6vde devrilmesini dinamik olarak telafi eden iki mekanik sistemi b\u00fcnyesinde bar\u0131nd\u0131ran, saf kutu i\u00e7inde kutu (BOX-in-BOX) konseptini temsil eder. Sonu\u00e7: muazzam tala\u015f kald\u0131rma kapasitesi ve makinenin t\u00fcm hacmi boyunca \u00e7ok y\u00fcksek hassasiyet seviyeleri. Hem sabit yer tablas\u0131, hem d\u00f6ner tabla, hem de tornalama tablas\u0131 opsiyonlar\u0131na sahip bu DEV ile t\u00fcm sekt\u00f6rlerde muazzam sonu\u00e7lar alabileceksiniz.<\/p>","protected":false},"featured_media":15860,"comment_status":"open","ping_status":"closed","template":"","meta":[],"product_brand":[359],"product_cat":[202],"product_tag":[366,363,370,371,372,367,362,368,360,361,364,369,365],"class_list":{"0":"post-15862","1":"product","2":"type-product","3":"status-publish","4":"has-post-thumbnail","6":"product_brand-nicolas-correa","7":"product_cat-freze","8":"product_tag-agir-is-parcalari-isleme-merkezi","9":"product_tag-box-in-box-cnc-freze","10":"product_tag-buyuk-olcekli-isleme-merkezi","11":"product_tag-cnc-freze-turkiye-distributoru","12":"product_tag-endustriyel-cnc-cozumleri","13":"product_tag-enerji-sektoru-cnc-freze","14":"product_tag-hareketli-sutunlu-freze-makinesi","15":"product_tag-havacilik-freze-makinesi","16":"product_tag-nicolas-correa-axia","17":"product_tag-nicolas-correa-freze","18":"product_tag-ram-dengeleme-sistemi","19":"product_tag-savunma-sanayi-cnc-tezgahi","20":"product_tag-yuksek-hassasiyetli-cnc-makine","21":"pa_uretim-mensei-ispanya","23":"first","24":"instock","25":"shipping-taxable","26":"product-type-simple"},"ct_brands":[{"id":359,"name":"NICOLAS CORREA","slug":"nicolas-correa"}],"_links":{"self":[{"href":"https:\/\/yuntes.com.tr\/es\/wp-json\/wp\/v2\/product\/15862","targetHints":{"allow":["GET"]}}],"collection":[{"href":"https:\/\/yuntes.com.tr\/es\/wp-json\/wp\/v2\/product"}],"about":[{"href":"https:\/\/yuntes.com.tr\/es\/wp-json\/wp\/v2\/types\/product"}],"replies":[{"embeddable":true,"href":"https:\/\/yuntes.com.tr\/es\/wp-json\/wp\/v2\/comments?post=15862"}],"version-history":[{"count":1,"href":"https:\/\/yuntes.com.tr\/es\/wp-json\/wp\/v2\/product\/15862\/revisions"}],"predecessor-version":[{"id":15903,"href":"https:\/\/yuntes.com.tr\/es\/wp-json\/wp\/v2\/product\/15862\/revisions\/15903"}],"wp:featuredmedia":[{"embeddable":true,"href":"https:\/\/yuntes.com.tr\/es\/wp-json\/wp\/v2\/media\/15860"}],"wp:attachment":[{"href":"https:\/\/yuntes.com.tr\/es\/wp-json\/wp\/v2\/media?parent=15862"}],"wp:term":[{"taxonomy":"product_brand","embeddable":true,"href":"https:\/\/yuntes.com.tr\/es\/wp-json\/wp\/v2\/product_brand?post=15862"},{"taxonomy":"product_cat","embeddable":true,"href":"https:\/\/yuntes.com.tr\/es\/wp-json\/wp\/v2\/product_cat?post=15862"},{"taxonomy":"product_tag","embeddable":true,"href":"https:\/\/yuntes.com.tr\/es\/wp-json\/wp\/v2\/product_tag?post=15862"}],"curies":[{"name":"wp","href":"https:\/\/api.w.org\/{rel}","templated":true}]}}