{"id":11706,"date":"2025-08-08T08:40:45","date_gmt":"2025-08-08T08:40:45","guid":{"rendered":"https:\/\/yun.defnemedia.com\/?post_type=product&#038;p=11706"},"modified":"2025-08-26T10:15:47","modified_gmt":"2025-08-26T07:15:47","slug":"sunmill-jhv-1300-fanuc-kontrollu-cnc-dik-isleme","status":"publish","type":"product","link":"https:\/\/yuntes.com.tr\/es\/product-2\/sunmill-jhv-1300-fanuc-kontrollu-cnc-dik-isleme\/","title":{"rendered":"SUNMILL JHV-1300 Fanuc Kontroll\u00fc CNC Dik \u0130\u015fleme"},"content":{"rendered":"<div data-elementor-type=\"wp-post\" data-elementor-id=\"11706\" class=\"elementor elementor-11706\" data-elementor-post-type=\"product\">\n\t\t\t\t<div class=\"elementor-element elementor-element-52b2d53 e-flex e-con-boxed e-con e-parent\" data-id=\"52b2d53\" data-element_type=\"container\">\n\t\t\t\t\t<div class=\"e-con-inner\">\n\t\t\t\t\t<\/div>\n\t\t\t\t<\/div>\n\t\t<div class=\"elementor-element elementor-element-8c3c2c7 e-flex e-con-boxed e-con e-parent\" data-id=\"8c3c2c7\" data-element_type=\"container\">\n\t\t\t\t\t<div class=\"e-con-inner\">\n\t\t<div class=\"elementor-element elementor-element-d0a7da0 e-con-full e-flex e-con e-child\" data-id=\"d0a7da0\" data-element_type=\"container\">\n\t\t\t\t<\/div>\n\t\t<div class=\"elementor-element elementor-element-7fdcc65 e-con-full e-flex e-con e-child\" data-id=\"7fdcc65\" data-element_type=\"container\">\n\t\t\t\t<\/div>\n\t\t\t\t\t<\/div>\n\t\t\t\t<\/div>\n\t\t<div class=\"elementor-element elementor-element-0406615 e-flex e-con-boxed e-con e-parent\" data-id=\"0406615\" data-element_type=\"container\" data-settings=\"{&quot;background_background&quot;:&quot;classic&quot;}\">\n\t\t\t\t\t<div class=\"e-con-inner\">\n\t\t<div class=\"elementor-element elementor-element-9ec2134 e-con-full e-flex e-con e-child\" data-id=\"9ec2134\" data-element_type=\"container\">\n\t\t\t\t<\/div>\n\t\t\t\t\t<\/div>\n\t\t\t\t<\/div>\n\t\t<div class=\"elementor-element elementor-element-22367a7 e-flex e-con-boxed e-con e-parent\" data-id=\"22367a7\" data-element_type=\"container\">\n\t\t\t\t\t<div class=\"e-con-inner\">\n\t\t<div class=\"elementor-element elementor-element-0b29d0c e-con-full e-flex e-con e-child\" data-id=\"0b29d0c\" data-element_type=\"container\">\n\t\t<div class=\"elementor-element elementor-element-e6e4b9c e-con-full e-flex e-con e-child\" data-id=\"e6e4b9c\" data-element_type=\"container\">\n\t\t\t\t<\/div>\n\t\t<div class=\"elementor-element elementor-element-de10621 e-con-full e-flex e-con e-child\" data-id=\"de10621\" data-element_type=\"container\">\n\t\t\t\t<\/div>\n\t\t<div class=\"elementor-element elementor-element-dc6a439 e-con-full e-flex e-con e-child\" data-id=\"dc6a439\" data-element_type=\"container\">\n\t\t\t\t<\/div>\n\t\t<div class=\"elementor-element elementor-element-df01612 e-con-full e-flex e-con e-child\" data-id=\"df01612\" data-element_type=\"container\">\n\t\t\t\t<\/div>\n\t\t\t\t<\/div>\n\t\t\t\t\t<\/div>\n\t\t\t\t<\/div>\n\t\t\t\t<\/div>","protected":false},"excerpt":{"rendered":"<p>SUNMILL JHV-1300 Fanuc Kontroll\u00fc <strong data-start=\"33\" data-end=\"59\">CNC Dik \u0130\u015fleme Merkezi<\/strong>, y\u00fcksek hassasiyetli i\u015fleme kabiliyeti ve sa\u011flam g\u00f6vde yap\u0131s\u0131 ile end\u00fcstriyel \u00fcretimde \u00fcst\u00fcn performans sunar. Dayan\u0131kl\u0131 tasar\u0131m\u0131 sayesinde uzun \u00f6m\u00fcrl\u00fc kullan\u0131m imk\u00e2n\u0131 verirken, verimlili\u011fi art\u0131rarak i\u015fletmelere zaman ve maliyet avantaj\u0131 sa\u011flar. Otomotiv, savunma sanayi ve a\u011f\u0131r sanayi gibi y\u00fcksek taleplerin bulundu\u011fu sekt\u00f6rlerde g\u00fcvenilir \u00e7\u00f6z\u00fcmler sunar. Geli\u015fmi\u015f kontrol sistemi ile karma\u015f\u0131k par\u00e7alar\u0131n i\u015flenmesinde dahi istikrarl\u0131 sonu\u00e7lar elde etmeye olanak tan\u0131r. Kullan\u0131c\u0131ya g\u00fcven veren yap\u0131s\u0131, \u00fcretim s\u00fcre\u00e7lerinde s\u00fcreklilik ve kaliteyi garanti eder. <strong data-start=\"619\" data-end=\"649\">Y\u00fcksek hassasiyetli i\u015fleme<\/strong> teknolojisi ile detayl\u0131 par\u00e7a \u00fcretiminde kusursuz sonu\u00e7lara ula\u015fman\u0131z\u0131 sa\u011flayan SUNMILL JHV-1300, modern \u00fcretim hatlar\u0131nda g\u00fcvenilir bir i\u015f orta\u011f\u0131d\u0131r. Profesyonel end\u00fcstriyel \u00fcretim ihtiya\u00e7lar\u0131 i\u00e7in ideal \u00e7\u00f6z\u00fcm sunan bu CNC Dik \u0130\u015fleme Merkezi, i\u015fletmenizin \u00fcretim g\u00fcc\u00fcn\u00fc bir \u00fcst seviyeye ta\u015f\u0131r.<\/p>","protected":false},"featured_media":15814,"comment_status":"open","ping_status":"closed","template":"","meta":[],"product_brand":[220],"product_cat":[172,178],"product_tag":[],"class_list":{"0":"post-11706","1":"product","2":"type-product","3":"status-publish","4":"has-post-thumbnail","6":"product_brand-sunmill","7":"product_cat-cnc-isleme-merkezi","8":"product_cat-cnc-makineleri","9":"pa_is-mili-devri-rpm-97","10":"pa_isleme-ekseni-3-eksen","11":"pa_isleme-turu-dik","12":"pa_kontrol-unitesi-fanuc","13":"pa_makine-turu-cnc-isleme-merkezi","14":"pa_otomasyon-destegi-var","15":"pa_sogutma-tipi-yag","16":"pa_tabla-olcusu-mm-1350x750","17":"pa_takim-degistirici-linear","18":"pa_uretim-mensei-tayvan","20":"first","21":"instock","22":"shipping-taxable","23":"product-type-simple"},"ct_brands":[{"id":220,"name":"SUNMILL","slug":"sunmill"}],"_links":{"self":[{"href":"https:\/\/yuntes.com.tr\/es\/wp-json\/wp\/v2\/product\/11706","targetHints":{"allow":["GET"]}}],"collection":[{"href":"https:\/\/yuntes.com.tr\/es\/wp-json\/wp\/v2\/product"}],"about":[{"href":"https:\/\/yuntes.com.tr\/es\/wp-json\/wp\/v2\/types\/product"}],"replies":[{"embeddable":true,"href":"https:\/\/yuntes.com.tr\/es\/wp-json\/wp\/v2\/comments?post=11706"}],"version-history":[{"count":1,"href":"https:\/\/yuntes.com.tr\/es\/wp-json\/wp\/v2\/product\/11706\/revisions"}],"predecessor-version":[{"id":15815,"href":"https:\/\/yuntes.com.tr\/es\/wp-json\/wp\/v2\/product\/11706\/revisions\/15815"}],"wp:featuredmedia":[{"embeddable":true,"href":"https:\/\/yuntes.com.tr\/es\/wp-json\/wp\/v2\/media\/15814"}],"wp:attachment":[{"href":"https:\/\/yuntes.com.tr\/es\/wp-json\/wp\/v2\/media?parent=11706"}],"wp:term":[{"taxonomy":"product_brand","embeddable":true,"href":"https:\/\/yuntes.com.tr\/es\/wp-json\/wp\/v2\/product_brand?post=11706"},{"taxonomy":"product_cat","embeddable":true,"href":"https:\/\/yuntes.com.tr\/es\/wp-json\/wp\/v2\/product_cat?post=11706"},{"taxonomy":"product_tag","embeddable":true,"href":"https:\/\/yuntes.com.tr\/es\/wp-json\/wp\/v2\/product_tag?post=11706"}],"curies":[{"name":"wp","href":"https:\/\/api.w.org\/{rel}","templated":true}]}}