{"id":11702,"date":"2025-08-08T08:35:42","date_gmt":"2025-08-08T08:35:42","guid":{"rendered":"https:\/\/yun.defnemedia.com\/?post_type=product&#038;p=11702"},"modified":"2025-08-26T13:16:42","modified_gmt":"2025-08-26T10:16:42","slug":"sunmill-jhv-1100-cnc-dik-isleme-merkezi","status":"publish","type":"product","link":"https:\/\/yuntes.com.tr\/es\/product-2\/sunmill-jhv-1100-cnc-dik-isleme-merkezi\/","title":{"rendered":"SUNMILL JHV-1100 CNC Dik \u0130\u015fleme Merkezi"},"content":{"rendered":"<div data-elementor-type=\"wp-post\" data-elementor-id=\"11702\" class=\"elementor elementor-11702\" data-elementor-post-type=\"product\">\n\t\t\t\t<div class=\"elementor-element elementor-element-52b2d53 e-flex e-con-boxed e-con e-parent\" data-id=\"52b2d53\" data-element_type=\"container\">\n\t\t\t\t\t<div class=\"e-con-inner\">\n\t\t\t\t\t<\/div>\n\t\t\t\t<\/div>\n\t\t<div class=\"elementor-element elementor-element-8c3c2c7 e-flex e-con-boxed e-con e-parent\" data-id=\"8c3c2c7\" data-element_type=\"container\">\n\t\t\t\t\t<div class=\"e-con-inner\">\n\t\t<div class=\"elementor-element elementor-element-d0a7da0 e-con-full e-flex e-con e-child\" data-id=\"d0a7da0\" data-element_type=\"container\">\n\t\t\t\t<\/div>\n\t\t<div class=\"elementor-element elementor-element-7fdcc65 e-con-full e-flex e-con e-child\" data-id=\"7fdcc65\" data-element_type=\"container\">\n\t\t\t\t<\/div>\n\t\t\t\t\t<\/div>\n\t\t\t\t<\/div>\n\t\t<div class=\"elementor-element elementor-element-0406615 e-flex e-con-boxed e-con e-parent\" data-id=\"0406615\" data-element_type=\"container\" data-settings=\"{&quot;background_background&quot;:&quot;classic&quot;}\">\n\t\t\t\t\t<div class=\"e-con-inner\">\n\t\t<div class=\"elementor-element elementor-element-9ec2134 e-con-full e-flex e-con e-child\" data-id=\"9ec2134\" data-element_type=\"container\">\n\t\t\t\t<\/div>\n\t\t\t\t\t<\/div>\n\t\t\t\t<\/div>\n\t\t<div class=\"elementor-element elementor-element-22367a7 e-flex e-con-boxed e-con e-parent\" data-id=\"22367a7\" data-element_type=\"container\">\n\t\t\t\t\t<div class=\"e-con-inner\">\n\t\t<div class=\"elementor-element elementor-element-0b29d0c e-con-full e-flex e-con e-child\" data-id=\"0b29d0c\" data-element_type=\"container\">\n\t\t<div class=\"elementor-element elementor-element-e6e4b9c e-con-full e-flex e-con e-child\" data-id=\"e6e4b9c\" data-element_type=\"container\">\n\t\t\t\t<\/div>\n\t\t<div class=\"elementor-element elementor-element-de10621 e-con-full e-flex e-con e-child\" data-id=\"de10621\" data-element_type=\"container\">\n\t\t\t\t<\/div>\n\t\t<div class=\"elementor-element elementor-element-dc6a439 e-con-full e-flex e-con e-child\" data-id=\"dc6a439\" data-element_type=\"container\">\n\t\t\t\t<\/div>\n\t\t<div class=\"elementor-element elementor-element-df01612 e-con-full e-flex e-con e-child\" data-id=\"df01612\" data-element_type=\"container\">\n\t\t\t\t<\/div>\n\t\t\t\t<\/div>\n\t\t\t\t\t<\/div>\n\t\t\t\t<\/div>\n\t\t\t\t<\/div>","protected":false},"excerpt":{"rendered":"<p>SUNMILL JHV-1100 CNC Dik \u0130\u015fleme Merkezi, y\u00fcksek hassasiyetli i\u015fleme kabiliyeti ve sa\u011flam g\u00f6vde yap\u0131s\u0131yla end\u00fcstriyel \u00fcretimde g\u00fcvenilir bir \u00e7\u00f6z\u00fcm sunar. Dayan\u0131kl\u0131 yap\u0131s\u0131 sayesinde uzun \u00f6m\u00fcrl\u00fc kullan\u0131m sa\u011flayan bu makine, otomotiv, savunma sanayi ve a\u011f\u0131r sanayi gibi zorlu sekt\u00f6rlerde maksimum verimlilikle \u00e7al\u0131\u015f\u0131r. G\u00fc\u00e7l\u00fc performans\u0131, hassas detaylara inebilen teknolojisi ve kesintisiz \u00fcretim avantaj\u0131 ile i\u015fletmelerin \u00fcretim s\u00fcre\u00e7lerini h\u0131zland\u0131r\u0131r ve kaliteyi \u00fcst seviyeye ta\u015f\u0131r. CNC dik i\u015fleme merkezi, y\u00fcksek hassasiyetli i\u015fleme imk\u00e2n\u0131 sunarak farkl\u0131 \u00f6l\u00e7eklerdeki projelerde g\u00fcvenle tercih edilebilecek bir \u00e7\u00f6z\u00fcmd\u00fcr. Modern \u00fcretim standartlar\u0131n\u0131 kar\u015f\u0131layan yap\u0131s\u0131yla kullan\u0131c\u0131ya hem zaman hem de maliyet avantaj\u0131 kazand\u0131r\u0131r. End\u00fcstriyel \u00fcretimde g\u00fcvenilirli\u011fi, verimlili\u011fi ve hassasiyetiyle \u00f6ne \u00e7\u0131kan SUNMILL JHV-1100, i\u015fletmelerin \u00fcretim g\u00fcc\u00fcn\u00fc bir ad\u0131m ileri ta\u015f\u0131r.<\/p>","protected":false},"featured_media":15851,"comment_status":"open","ping_status":"closed","template":"","meta":[],"product_brand":[220],"product_cat":[172,178],"product_tag":[],"class_list":{"0":"post-11702","1":"product","2":"type-product","3":"status-publish","4":"has-post-thumbnail","6":"product_brand-sunmill","7":"product_cat-cnc-isleme-merkezi","8":"product_cat-cnc-makineleri","9":"pa_is-mili-devri-rpm-97","10":"pa_isleme-ekseni-5-eksen","11":"pa_isleme-turu-dik","12":"pa_kontrol-unitesi-mitsubishi","13":"pa_makine-turu-cnc-isleme-merkezi","14":"pa_otomasyon-destegi-var","15":"pa_sogutma-tipi-yag","16":"pa_tabla-olcusu-mm-1250x630","17":"pa_takim-degistirici-linear","18":"pa_uretim-mensei-tayvan","20":"first","21":"instock","22":"shipping-taxable","23":"product-type-simple"},"ct_brands":[{"id":220,"name":"SUNMILL","slug":"sunmill"}],"_links":{"self":[{"href":"https:\/\/yuntes.com.tr\/es\/wp-json\/wp\/v2\/product\/11702","targetHints":{"allow":["GET"]}}],"collection":[{"href":"https:\/\/yuntes.com.tr\/es\/wp-json\/wp\/v2\/product"}],"about":[{"href":"https:\/\/yuntes.com.tr\/es\/wp-json\/wp\/v2\/types\/product"}],"replies":[{"embeddable":true,"href":"https:\/\/yuntes.com.tr\/es\/wp-json\/wp\/v2\/comments?post=11702"}],"version-history":[{"count":1,"href":"https:\/\/yuntes.com.tr\/es\/wp-json\/wp\/v2\/product\/11702\/revisions"}],"predecessor-version":[{"id":15853,"href":"https:\/\/yuntes.com.tr\/es\/wp-json\/wp\/v2\/product\/11702\/revisions\/15853"}],"wp:featuredmedia":[{"embeddable":true,"href":"https:\/\/yuntes.com.tr\/es\/wp-json\/wp\/v2\/media\/15851"}],"wp:attachment":[{"href":"https:\/\/yuntes.com.tr\/es\/wp-json\/wp\/v2\/media?parent=11702"}],"wp:term":[{"taxonomy":"product_brand","embeddable":true,"href":"https:\/\/yuntes.com.tr\/es\/wp-json\/wp\/v2\/product_brand?post=11702"},{"taxonomy":"product_cat","embeddable":true,"href":"https:\/\/yuntes.com.tr\/es\/wp-json\/wp\/v2\/product_cat?post=11702"},{"taxonomy":"product_tag","embeddable":true,"href":"https:\/\/yuntes.com.tr\/es\/wp-json\/wp\/v2\/product_tag?post=11702"}],"curies":[{"name":"wp","href":"https:\/\/api.w.org\/{rel}","templated":true}]}}