{"id":11649,"date":"2025-08-07T14:26:18","date_gmt":"2025-08-07T14:26:18","guid":{"rendered":"https:\/\/yun.defnemedia.com\/?post_type=product&#038;p=11649"},"modified":"2025-08-22T14:32:48","modified_gmt":"2025-08-22T11:32:48","slug":"ktm-13070-m80-kontrollu-cnc-dik-isleme-ctssiz","status":"publish","type":"product","link":"https:\/\/yuntes.com.tr\/es\/product-2\/ktm-13070-m80-kontrollu-cnc-dik-isleme-ctssiz\/","title":{"rendered":"KTM 13070 M80 Kontroll\u00fc CNC Dik \u0130\u015fleme (CTS&#8217;siz)"},"content":{"rendered":"<div data-elementor-type=\"wp-post\" data-elementor-id=\"11649\" class=\"elementor elementor-11649\" data-elementor-post-type=\"product\">\n\t\t\t\t<div class=\"elementor-element elementor-element-52b2d53 e-flex e-con-boxed e-con e-parent\" data-id=\"52b2d53\" data-element_type=\"container\">\n\t\t\t\t\t<div class=\"e-con-inner\">\n\t\t\t\t\t<\/div>\n\t\t\t\t<\/div>\n\t\t<div class=\"elementor-element elementor-element-8c3c2c7 e-flex e-con-boxed e-con e-parent\" data-id=\"8c3c2c7\" data-element_type=\"container\">\n\t\t\t\t\t<div class=\"e-con-inner\">\n\t\t<div class=\"elementor-element elementor-element-d0a7da0 e-con-full e-flex e-con e-child\" data-id=\"d0a7da0\" data-element_type=\"container\">\n\t\t\t\t<\/div>\n\t\t<div class=\"elementor-element elementor-element-7fdcc65 e-con-full e-flex e-con e-child\" data-id=\"7fdcc65\" data-element_type=\"container\">\n\t\t\t\t<\/div>\n\t\t\t\t\t<\/div>\n\t\t\t\t<\/div>\n\t\t<div class=\"elementor-element elementor-element-0406615 e-flex e-con-boxed e-con e-parent\" data-id=\"0406615\" data-element_type=\"container\" data-settings=\"{&quot;background_background&quot;:&quot;classic&quot;}\">\n\t\t\t\t\t<div class=\"e-con-inner\">\n\t\t<div class=\"elementor-element elementor-element-9ec2134 e-con-full e-flex e-con e-child\" data-id=\"9ec2134\" data-element_type=\"container\">\n\t\t\t\t<\/div>\n\t\t\t\t\t<\/div>\n\t\t\t\t<\/div>\n\t\t<div class=\"elementor-element elementor-element-22367a7 e-flex e-con-boxed e-con e-parent\" data-id=\"22367a7\" data-element_type=\"container\">\n\t\t\t\t\t<div class=\"e-con-inner\">\n\t\t<div class=\"elementor-element elementor-element-0b29d0c e-con-full e-flex e-con e-child\" data-id=\"0b29d0c\" data-element_type=\"container\">\n\t\t<div class=\"elementor-element elementor-element-e6e4b9c e-con-full e-flex e-con e-child\" data-id=\"e6e4b9c\" data-element_type=\"container\">\n\t\t\t\t<\/div>\n\t\t<div class=\"elementor-element elementor-element-de10621 e-con-full e-flex e-con e-child\" data-id=\"de10621\" data-element_type=\"container\">\n\t\t\t\t<\/div>\n\t\t<div class=\"elementor-element elementor-element-dc6a439 e-con-full e-flex e-con e-child\" data-id=\"dc6a439\" data-element_type=\"container\">\n\t\t\t\t<\/div>\n\t\t<div class=\"elementor-element elementor-element-df01612 e-con-full e-flex e-con e-child\" data-id=\"df01612\" data-element_type=\"container\">\n\t\t\t\t<\/div>\n\t\t\t\t<\/div>\n\t\t\t\t\t<\/div>\n\t\t\t\t<\/div>\n\t\t\t\t<\/div>","protected":false},"excerpt":{"rendered":"<p>KTM 13070 M80 Kontroll\u00fc CNC Dik \u0130\u015fleme (CTS&#8217;siz), end\u00fcstriyel \u00fcretimde y\u00fcksek verimlilik ve kusursuz sonu\u00e7 arayan firmalar i\u00e7in tasarlanm\u0131\u015f g\u00fcvenilir bir \u00e7\u00f6z\u00fcmd\u00fcr. Sa\u011flam g\u00f6vde yap\u0131s\u0131 ve uzun \u00f6m\u00fcrl\u00fc kullan\u0131m\u0131yla dikkat \u00e7eken bu CNC dik i\u015fleme merkezi, otomotiv, savunma sanayi ve a\u011f\u0131r sanayi gibi zorlu sekt\u00f6rlerin ihtiya\u00e7lar\u0131n\u0131 kar\u015f\u0131lamak \u00fczere geli\u015ftirilmi\u015ftir. CTS&#8217;siz yap\u0131s\u0131yla bak\u0131m kolayl\u0131\u011f\u0131 sunarken, y\u00fcksek hassasiyetli i\u015fleme kabiliyeti sayesinde en karma\u015f\u0131k par\u00e7alar\u0131n \u00fcretiminde bile maksimum do\u011fruluk sa\u011flar. G\u00fc\u00e7l\u00fc performans\u0131 ve kararl\u0131 yap\u0131s\u0131, kullan\u0131c\u0131ya hem \u00fcretim s\u00fcrecinde h\u0131z kazand\u0131r\u0131r hem de kalite standartlar\u0131n\u0131 \u00fcst seviyede tutar. KTM 13070 M80, i\u015fletmelerin rekabet g\u00fcc\u00fcn\u00fc art\u0131racak, g\u00fcven veren ve uzun vadeli yat\u0131r\u0131m de\u011feri sunan profesyonel bir CNC dik i\u015fleme merkezi olarak \u00f6ne \u00e7\u0131kar.<\/p>","protected":false},"featured_media":14972,"comment_status":"open","ping_status":"closed","template":"","meta":[],"product_brand":[210],"product_cat":[172,178],"product_tag":[],"class_list":{"0":"post-11649","1":"product","2":"type-product","3":"status-publish","4":"has-post-thumbnail","6":"product_brand-ktm","7":"product_cat-cnc-isleme-merkezi","8":"product_cat-cnc-makineleri","9":"pa_is-mili-devri-rpm-97","10":"pa_isleme-ekseni-3-eksen","11":"pa_isleme-turu-dik","12":"pa_kontrol-unitesi-mitsubishi","13":"pa_makine-turu-cnc-isleme-merkezi","14":"pa_otomasyon-destegi-var","15":"pa_sogutma-tipi-yag","16":"pa_tabla-olcusu-mm-1500x700","17":"pa_takim-degistirici-linear","18":"pa_uretim-mensei-cin","20":"first","21":"instock","22":"shipping-taxable","23":"product-type-simple"},"ct_brands":[{"id":210,"name":"KTM","slug":"ktm"}],"_links":{"self":[{"href":"https:\/\/yuntes.com.tr\/es\/wp-json\/wp\/v2\/product\/11649","targetHints":{"allow":["GET"]}}],"collection":[{"href":"https:\/\/yuntes.com.tr\/es\/wp-json\/wp\/v2\/product"}],"about":[{"href":"https:\/\/yuntes.com.tr\/es\/wp-json\/wp\/v2\/types\/product"}],"replies":[{"embeddable":true,"href":"https:\/\/yuntes.com.tr\/es\/wp-json\/wp\/v2\/comments?post=11649"}],"version-history":[{"count":0,"href":"https:\/\/yuntes.com.tr\/es\/wp-json\/wp\/v2\/product\/11649\/revisions"}],"wp:featuredmedia":[{"embeddable":true,"href":"https:\/\/yuntes.com.tr\/es\/wp-json\/wp\/v2\/media\/14972"}],"wp:attachment":[{"href":"https:\/\/yuntes.com.tr\/es\/wp-json\/wp\/v2\/media?parent=11649"}],"wp:term":[{"taxonomy":"product_brand","embeddable":true,"href":"https:\/\/yuntes.com.tr\/es\/wp-json\/wp\/v2\/product_brand?post=11649"},{"taxonomy":"product_cat","embeddable":true,"href":"https:\/\/yuntes.com.tr\/es\/wp-json\/wp\/v2\/product_cat?post=11649"},{"taxonomy":"product_tag","embeddable":true,"href":"https:\/\/yuntes.com.tr\/es\/wp-json\/wp\/v2\/product_tag?post=11649"}],"curies":[{"name":"wp","href":"https:\/\/api.w.org\/{rel}","templated":true}]}}