{"id":11647,"date":"2025-08-07T14:24:17","date_gmt":"2025-08-07T14:24:17","guid":{"rendered":"https:\/\/yun.defnemedia.com\/?post_type=product&#038;p=11647"},"modified":"2025-08-22T14:30:43","modified_gmt":"2025-08-22T11:30:43","slug":"ktm-11070-m80-kontrollu-cnc-dik-isleme-merkezi","status":"publish","type":"product","link":"https:\/\/yuntes.com.tr\/es\/product-2\/ktm-11070-m80-kontrollu-cnc-dik-isleme-merkezi\/","title":{"rendered":"KTM 11070 M80 Kontroll\u00fc CNC Dik \u0130\u015fleme Merkezi"},"content":{"rendered":"<div data-elementor-type=\"wp-post\" data-elementor-id=\"11647\" class=\"elementor elementor-11647\" data-elementor-post-type=\"product\">\n\t\t\t\t<div class=\"elementor-element elementor-element-52b2d53 e-flex e-con-boxed e-con e-parent\" data-id=\"52b2d53\" data-element_type=\"container\">\n\t\t\t\t\t<div class=\"e-con-inner\">\n\t\t\t\t\t<\/div>\n\t\t\t\t<\/div>\n\t\t<div class=\"elementor-element elementor-element-8c3c2c7 e-flex e-con-boxed e-con e-parent\" data-id=\"8c3c2c7\" data-element_type=\"container\">\n\t\t\t\t\t<div class=\"e-con-inner\">\n\t\t<div class=\"elementor-element elementor-element-d0a7da0 e-con-full e-flex e-con e-child\" data-id=\"d0a7da0\" data-element_type=\"container\">\n\t\t\t\t<\/div>\n\t\t<div class=\"elementor-element elementor-element-7fdcc65 e-con-full e-flex e-con e-child\" data-id=\"7fdcc65\" data-element_type=\"container\">\n\t\t\t\t<\/div>\n\t\t\t\t\t<\/div>\n\t\t\t\t<\/div>\n\t\t<div class=\"elementor-element elementor-element-0406615 e-flex e-con-boxed e-con e-parent\" data-id=\"0406615\" data-element_type=\"container\" data-settings=\"{&quot;background_background&quot;:&quot;classic&quot;}\">\n\t\t\t\t\t<div class=\"e-con-inner\">\n\t\t<div class=\"elementor-element elementor-element-9ec2134 e-con-full e-flex e-con e-child\" data-id=\"9ec2134\" data-element_type=\"container\">\n\t\t\t\t<\/div>\n\t\t\t\t\t<\/div>\n\t\t\t\t<\/div>\n\t\t<div class=\"elementor-element elementor-element-22367a7 e-flex e-con-boxed e-con e-parent\" data-id=\"22367a7\" data-element_type=\"container\">\n\t\t\t\t\t<div class=\"e-con-inner\">\n\t\t<div class=\"elementor-element elementor-element-0b29d0c e-con-full e-flex e-con e-child\" data-id=\"0b29d0c\" data-element_type=\"container\">\n\t\t<div class=\"elementor-element elementor-element-e6e4b9c e-con-full e-flex e-con e-child\" data-id=\"e6e4b9c\" data-element_type=\"container\">\n\t\t\t\t<\/div>\n\t\t<div class=\"elementor-element elementor-element-de10621 e-con-full e-flex e-con e-child\" data-id=\"de10621\" data-element_type=\"container\">\n\t\t\t\t<\/div>\n\t\t<div class=\"elementor-element elementor-element-dc6a439 e-con-full e-flex e-con e-child\" data-id=\"dc6a439\" data-element_type=\"container\">\n\t\t\t\t<\/div>\n\t\t<div class=\"elementor-element elementor-element-df01612 e-con-full e-flex e-con e-child\" data-id=\"df01612\" data-element_type=\"container\">\n\t\t\t\t<\/div>\n\t\t\t\t<\/div>\n\t\t\t\t\t<\/div>\n\t\t\t\t<\/div>\n\t\t\t\t<\/div>","protected":false},"excerpt":{"rendered":"<p>KTM 11070 M80 Kontroll\u00fc <strong data-start=\"24\" data-end=\"50\">CNC dik i\u015fleme merkezi<\/strong>, g\u00fc\u00e7l\u00fc g\u00f6vde yap\u0131s\u0131 ve modern kontrol teknolojisiyle \u00fcretim s\u00fcre\u00e7lerinde y\u00fcksek performans ve g\u00fcvenilirlik sa\u011flar. <strong data-start=\"166\" data-end=\"196\">Y\u00fcksek hassasiyetli i\u015fleme<\/strong> kabiliyeti sayesinde otomotiv, savunma sanayi ve a\u011f\u0131r sanayi gibi kritik sekt\u00f6rlerde en zorlu i\u015f par\u00e7alar\u0131nda bile \u00fcst\u00fcn kalite sunar. Sa\u011flam yap\u0131s\u0131, uzun \u00f6m\u00fcrl\u00fc kullan\u0131m avantaj\u0131 ve verimlili\u011fi art\u0131ran tasar\u0131m\u0131yla i\u015fletmelere s\u00fcrd\u00fcr\u00fclebilir \u00fcretim g\u00fcc\u00fc kazand\u0131r\u0131r. Hem seri \u00fcretimde hem de \u00f6zel par\u00e7a i\u015flemede istikrarl\u0131 sonu\u00e7lar sunan KTM 11070 M80, kullan\u0131c\u0131ya g\u00fcven veren profesyonel bir \u00e7\u00f6z\u00fcm olarak \u00f6ne \u00e7\u0131kar. <strong data-start=\"613\" data-end=\"635\">End\u00fcstriyel \u00fcretim<\/strong> i\u00e7in geli\u015ftirilen bu model, y\u00fcksek performans\u0131 ve g\u00fcvenilirli\u011fiyle i\u015fletmelere rekabet avantaj\u0131 sa\u011flar. KTM 11070 M80, hassasiyet, dayan\u0131kl\u0131l\u0131k ve verimlili\u011fi bir arada sunarak modern \u00fcretim hatlar\u0131n\u0131n vazge\u00e7ilmez makinesi olmaya adayd\u0131r.<\/p>","protected":false},"featured_media":14968,"comment_status":"open","ping_status":"closed","template":"","meta":[],"product_brand":[210],"product_cat":[172,178],"product_tag":[],"class_list":{"0":"post-11647","1":"product","2":"type-product","3":"status-publish","4":"has-post-thumbnail","6":"product_brand-ktm","7":"product_cat-cnc-isleme-merkezi","8":"product_cat-cnc-makineleri","9":"pa_is-mili-devri-rpm-103","10":"pa_isleme-ekseni-3-eksen","11":"pa_isleme-turu-dik","12":"pa_kontrol-unitesi-fanuc","13":"pa_makine-turu-cnc-isleme-merkezi","14":"pa_otomasyon-destegi-var","15":"pa_sogutma-tipi-yag","16":"pa_tabla-olcusu-mm-1100x700","17":"pa_takim-degistirici-linear","18":"pa_uretim-mensei-cin","20":"first","21":"instock","22":"shipping-taxable","23":"product-type-simple"},"ct_brands":[{"id":210,"name":"KTM","slug":"ktm"}],"_links":{"self":[{"href":"https:\/\/yuntes.com.tr\/es\/wp-json\/wp\/v2\/product\/11647","targetHints":{"allow":["GET"]}}],"collection":[{"href":"https:\/\/yuntes.com.tr\/es\/wp-json\/wp\/v2\/product"}],"about":[{"href":"https:\/\/yuntes.com.tr\/es\/wp-json\/wp\/v2\/types\/product"}],"replies":[{"embeddable":true,"href":"https:\/\/yuntes.com.tr\/es\/wp-json\/wp\/v2\/comments?post=11647"}],"version-history":[{"count":1,"href":"https:\/\/yuntes.com.tr\/es\/wp-json\/wp\/v2\/product\/11647\/revisions"}],"predecessor-version":[{"id":15821,"href":"https:\/\/yuntes.com.tr\/es\/wp-json\/wp\/v2\/product\/11647\/revisions\/15821"}],"wp:featuredmedia":[{"embeddable":true,"href":"https:\/\/yuntes.com.tr\/es\/wp-json\/wp\/v2\/media\/14968"}],"wp:attachment":[{"href":"https:\/\/yuntes.com.tr\/es\/wp-json\/wp\/v2\/media?parent=11647"}],"wp:term":[{"taxonomy":"product_brand","embeddable":true,"href":"https:\/\/yuntes.com.tr\/es\/wp-json\/wp\/v2\/product_brand?post=11647"},{"taxonomy":"product_cat","embeddable":true,"href":"https:\/\/yuntes.com.tr\/es\/wp-json\/wp\/v2\/product_cat?post=11647"},{"taxonomy":"product_tag","embeddable":true,"href":"https:\/\/yuntes.com.tr\/es\/wp-json\/wp\/v2\/product_tag?post=11647"}],"curies":[{"name":"wp","href":"https:\/\/api.w.org\/{rel}","templated":true}]}}