{"id":13074,"date":"2025-08-17T03:32:20","date_gmt":"2025-08-17T00:32:20","guid":{"rendered":"https:\/\/yuntes.com.tr\/?page_id=13074"},"modified":"2025-08-31T01:17:44","modified_gmt":"2025-08-30T22:17:44","slug":"kullanim-kosullari","status":"publish","type":"page","link":"https:\/\/yuntes.com.tr\/es\/kullanim-kosullari\/","title":{"rendered":"T\u00e9rminos de Uso"},"content":{"rendered":"<div data-elementor-type=\"wp-page\" data-elementor-id=\"13074\" class=\"elementor elementor-13074\" data-elementor-post-type=\"page\">\n\t\t\t\t<div class=\"elementor-element elementor-element-87ee286 e-flex e-con-boxed e-con e-child\" data-id=\"87ee286\" data-element_type=\"container\" data-settings=\"{&quot;background_background&quot;:&quot;classic&quot;}\">\n\t\t\t\t\t<div class=\"e-con-inner\">\n\t\t<div class=\"elementor-element elementor-element-659579e e-con-full e-flex e-con e-child\" data-id=\"659579e\" data-element_type=\"container\">\n\t\t\t\t<div class=\"elementor-element elementor-element-3380a7a elementor-icon-list--layout-inline elementor-mobile-align-left elementor-list-item-link-full_width elementor-widget elementor-widget-icon-list\" data-id=\"3380a7a\" data-element_type=\"widget\" data-widget_type=\"icon-list.default\">\n\t\t\t\t\t\t\t<ul class=\"elementor-icon-list-items elementor-inline-items\">\n\t\t\t\t\t\t\t<li class=\"elementor-icon-list-item elementor-inline-item\">\n\t\t\t\t\t\t\t\t\t\t\t<a href=\"https:\/\/yuntes.com.tr\/es\">\n\n\t\t\t\t\t\t\t\t\t\t\t<span class=\"elementor-icon-list-text\">Inicio<\/span>\n\t\t\t\t\t\t\t\t\t\t\t<\/a>\n\t\t\t\t\t\t\t\t\t<\/li>\n\t\t\t\t\t\t\t\t<li class=\"elementor-icon-list-item elementor-inline-item\">\n\t\t\t\t\t\t\t\t\t\t\t<a href=\"#\">\n\n\t\t\t\t\t\t\t\t\t\t\t<span class=\"elementor-icon-list-text\">Informaci\u00f3n legal<\/span>\n\t\t\t\t\t\t\t\t\t\t\t<\/a>\n\t\t\t\t\t\t\t\t\t<\/li>\n\t\t\t\t\t\t<\/ul>\n\t\t<style id=\"core-3380a7a-core-block-supports-inline-css\"><\/style>\t\t\t\t<\/div>\n\t\t\t\t<div class=\"elementor-element elementor-element-7c02a85 elementor-widget elementor-widget-heading\" data-id=\"7c02a85\" data-element_type=\"widget\" data-widget_type=\"heading.default\">\n\t\t\t\t\t<h2 class=\"elementor-heading-title elementor-size-default\">T\u00e9rminos de Uso<\/h2><style id=\"core-7c02a85-core-block-supports-inline-css\"><\/style>\t\t\t\t<\/div>\n\t\t\t\t<\/div>\n\t\t\t\t\t<\/div>\n\t\t\t\t<\/div>\n\t\t<div class=\"elementor-element elementor-element-6f54a4d e-flex e-con-boxed e-con e-parent\" data-id=\"6f54a4d\" data-element_type=\"container\">\n\t\t\t\t\t<div class=\"e-con-inner\">\n\t\t\t\t<div class=\"elementor-element elementor-element-04e8970 elementor-widget elementor-widget-text-editor\" data-id=\"04e8970\" data-element_type=\"widget\" data-widget_type=\"text-editor.default\">\n\t\t\t\t\t\t\t\t\t<p style=\"text-align: right;\"><strong>Y\u00fcr\u00fcrl\u00fck Tarihi: 15\/08\/2025<\/strong><br \/><strong>\u00daltima Actualizaci\u00f3n: 20\/08\/2025<\/strong><\/p><p><strong>1) Ama\u00e7 ve Kapsam<br \/><\/strong>Bu Kullan\u0131m Ko\u015fullar\u0131, Yuntes Makine\u2019ye ait olan web sitesini (bundan sonra \u201cSite\u201d olarak an\u0131lacakt\u0131r) ziyaret eden ve kullanan t\u00fcm kullan\u0131c\u0131lar\u0131n uymas\u0131 gereken kurallar\u0131 belirlemektedir. Siteye eri\u015fim sa\u011flayan her kullan\u0131c\u0131, bu ko\u015fullar\u0131 okumu\u015f, anlam\u0131\u015f ve kabul etmi\u015f say\u0131l\u0131r.<\/p><p><strong>2) Tan\u0131mlar<\/strong><\/p><p>Site: Yuntes Makine\u2019ye ait olan internet sitesi.<\/p><p>Kullan\u0131c\u0131: Siteyi ziyaret eden, kullanan veya \u00fcyelik kayd\u0131 olu\u015fturan ki\u015filer.<\/p><p>\u0130\u00e7erik: Site \u00fczerinde yer alan t\u00fcm metin, g\u00f6rsel, video, dok\u00fcman ve yaz\u0131l\u0131mlar.<\/p><p><strong>3) Kullan\u0131m \u015eartlar\u0131<\/strong><\/p><p>Kullan\u0131c\u0131lar, siteyi yaln\u0131zca hukuka uygun ama\u00e7larla kullanabilir.<\/p><p>Site \u00fczerinden sa\u011flanan i\u00e7erikler, yaln\u0131zca ki\u015fisel ve ticari olmayan ama\u00e7larla g\u00f6r\u00fcnt\u00fclenebilir.<\/p><p>Kullan\u0131c\u0131lar, siteyi kullan\u0131rken herhangi bir vir\u00fcs, k\u00f6t\u00fc ama\u00e7l\u0131 yaz\u0131l\u0131m veya zararl\u0131 kod iletmekten ka\u00e7\u0131nmal\u0131d\u0131r.<\/p><p>Siteye eri\u015fimde kullan\u0131lan kullan\u0131c\u0131 ad\u0131, \u015fifre ve di\u011fer bilgilerin g\u00fcvenli\u011fi tamamen kullan\u0131c\u0131 sorumlulu\u011fundad\u0131r.<\/p><p><strong>4) Yasaklar<\/strong><\/p><p>Kullan\u0131c\u0131lar a\u015fa\u011f\u0131daki davran\u0131\u015flarda bulunamaz:<\/p><p>Site i\u00e7eri\u011fini izinsiz olarak kopyalamak, \u00e7o\u011faltmak, da\u011f\u0131tmak veya ticari ama\u00e7la kullanmak.<\/p><p>Siteye zarar verecek, i\u015fleyi\u015fi engelleyecek giri\u015fimlerde bulunmak.<\/p><p>\u00dc\u00e7\u00fcnc\u00fc ki\u015filerin haklar\u0131n\u0131 ihlal eden i\u00e7erikler payla\u015fmak veya y\u00fcklemek.<\/p><p>Siteyi yasa d\u0131\u015f\u0131 veya yetkisiz ama\u00e7larla kullanmak.<\/p><p><strong>5) Fikri M\u00fclkiyet Haklar\u0131<\/strong><\/p><p>Sitede yer alan t\u00fcm i\u00e7erik, tasar\u0131m, logo, marka ve materyaller Yuntes Makine\u2019ye aittir veya lisansl\u0131 olarak kullan\u0131lmaktad\u0131r. \u0130zinsiz kopyalanamaz, \u00e7o\u011falt\u0131lamaz, yay\u0131nlanamaz veya ticari ama\u00e7la kullan\u0131lamaz.<\/p><p><strong>6) Sorumluluk Reddi<\/strong><\/p><p>Yuntes Makine, site \u00fczerinde yer alan bilgilerin g\u00fcncel ve do\u011fru olmas\u0131na \u00f6zen g\u00f6sterir, ancak do\u011frulu\u011funu garanti etmez.<\/p><p>Siteye eri\u015fim s\u0131ras\u0131nda meydana gelebilecek kesinti, hata veya veri kay\u0131plar\u0131ndan dolay\u0131 sorumluluk kabul edilmez.<\/p><p>Site \u00fczerinden \u00fc\u00e7\u00fcnc\u00fc taraf sitelere verilen ba\u011flant\u0131lar yaln\u0131zca bilgilendirme ama\u00e7l\u0131d\u0131r. Bu sitelerin i\u00e7eriklerinden Yuntes Makine sorumlu de\u011fildir.<\/p><p><strong>7) De\u011fi\u015fiklikler<\/strong><\/p><p>Yuntes Makine, bu Kullan\u0131m Ko\u015fullar\u0131\u2019n\u0131 diledi\u011fi zaman g\u00fcncelleme veya de\u011fi\u015ftirme hakk\u0131n\u0131 sakl\u0131 tutar. De\u011fi\u015fiklikler, yay\u0131nland\u0131\u011f\u0131 tarihten itibaren ge\u00e7erlilik kazan\u0131r.<\/p><p><strong>8) Uyu\u015fmazl\u0131k \u00c7\u00f6z\u00fcm\u00fc<\/strong><\/p><p>Bu Kullan\u0131m Ko\u015fullar\u0131, T\u00fcrkiye Cumhuriyeti kanunlar\u0131na tabidir. Taraflar aras\u0131nda \u00e7\u0131kabilecek uyu\u015fmazl\u0131klar\u0131n \u00e7\u00f6z\u00fcm\u00fcnde Konya Mahkemeleri ve \u0130cra Daireleri yetkilidir.<\/p><p><strong>9) Y\u00fcr\u00fcrl\u00fck<\/strong><\/p><p>Bu Kullan\u0131m Ko\u015fullar\u0131, siteye ilk eri\u015fim tarihinde y\u00fcr\u00fcrl\u00fc\u011fe girer. Siteyi kullanan her kullan\u0131c\u0131, burada belirtilen ko\u015fullar\u0131 kabul etmi\u015f say\u0131l\u0131r.<\/p>\t\t\t\t<style id=\"core-04e8970-core-block-supports-inline-css\"><\/style>\t\t\t\t<\/div>\n\t\t\t\t\t<\/div>\n\t\t\t\t<\/div>\n\t\t\t\t<\/div>","protected":false},"excerpt":{"rendered":"<p>Anasayfa Hukuki Bilgiler Y\u00fcr\u00fcrl\u00fck Tarihi: 15\/08\/2025Son G\u00fcncelleme: 20\/08\/2025 1) Ama\u00e7 ve KapsamBu Kullan\u0131m Ko\u015fullar\u0131, Yuntes Makine\u2019ye ait olan web sitesini (bundan sonra \u201cSite\u201d olarak an\u0131lacakt\u0131r) ziyaret eden ve kullanan t\u00fcm kullan\u0131c\u0131lar\u0131n uymas\u0131 gereken kurallar\u0131 belirlemektedir. Siteye eri\u015fim sa\u011flayan her kullan\u0131c\u0131, bu ko\u015fullar\u0131 okumu\u015f, anlam\u0131\u015f ve kabul etmi\u015f say\u0131l\u0131r. 2) Tan\u0131mlar Site: Yuntes Makine\u2019ye ait olan [&hellip;]<\/p>","protected":false},"author":1,"featured_media":0,"parent":0,"menu_order":0,"comment_status":"closed","ping_status":"closed","template":"","meta":{"footnotes":""},"class_list":["post-13074","page","type-page","status-publish","hentry"],"blocksy_meta":[],"_links":{"self":[{"href":"https:\/\/yuntes.com.tr\/es\/wp-json\/wp\/v2\/pages\/13074","targetHints":{"allow":["GET"]}}],"collection":[{"href":"https:\/\/yuntes.com.tr\/es\/wp-json\/wp\/v2\/pages"}],"about":[{"href":"https:\/\/yuntes.com.tr\/es\/wp-json\/wp\/v2\/types\/page"}],"author":[{"embeddable":true,"href":"https:\/\/yuntes.com.tr\/es\/wp-json\/wp\/v2\/users\/1"}],"replies":[{"embeddable":true,"href":"https:\/\/yuntes.com.tr\/es\/wp-json\/wp\/v2\/comments?post=13074"}],"version-history":[{"count":9,"href":"https:\/\/yuntes.com.tr\/es\/wp-json\/wp\/v2\/pages\/13074\/revisions"}],"predecessor-version":[{"id":16040,"href":"https:\/\/yuntes.com.tr\/es\/wp-json\/wp\/v2\/pages\/13074\/revisions\/16040"}],"wp:attachment":[{"href":"https:\/\/yuntes.com.tr\/es\/wp-json\/wp\/v2\/media?parent=13074"}],"curies":[{"name":"wp","href":"https:\/\/api.w.org\/{rel}","templated":true}]}}