{"id":10633,"date":"2025-08-05T09:05:51","date_gmt":"2025-08-05T09:05:51","guid":{"rendered":"https:\/\/yun.defnemedia.com\/?page_id=10633"},"modified":"2025-08-22T03:21:36","modified_gmt":"2025-08-22T00:21:36","slug":"historia","status":"publish","type":"page","link":"https:\/\/yuntes.com.tr\/es\/historia\/","title":{"rendered":"Historia"},"content":{"rendered":"<div data-elementor-type=\"wp-page\" data-elementor-id=\"10633\" class=\"elementor elementor-10633\" data-elementor-post-type=\"page\">\n\t\t\t\t<div class=\"elementor-element elementor-element-0a5fdb8 e-con-full e-flex e-con e-parent\" data-id=\"0a5fdb8\" data-element_type=\"container\">\n\t\t\t\t<div class=\"elementor-element elementor-element-82e238f elementor-widget elementor-widget-slider_revolution\" data-id=\"82e238f\" data-element_type=\"widget\" data-widget_type=\"slider_revolution.default\">\n\t\t\t\t\t\n\t\t<div class=\"wp-block-themepunch-revslider\">\n\t\t\t\t<p class=\"rs-p-wp-fix\"><\/p>\n\t\t\t\t<sr7-module data-alias=\"winery-timeline\" data-id=\"5\" id=\"SR7_5_1\" class=\"rs-respect-topbar rs-ov-hidden\" data-version=\"6.7.35\">\n\t\t\t\t\t<sr7-adjuster><\/sr7-adjuster>\n\t\t\t\t\t<sr7-content>\n\t\t\t\t\t\t<sr7-slide id=\"SR7_5_1-20\" data-key=\"20\">\n\t\t\t\t\t\t\t<sr7-bg id=\"SR7_5_1-20-34\" class=\"sr7-layer\"><noscript><img decoding=\"async\" src=\"https:\/\/yuntes.com.tr\/wp-content\/uploads\/revslider\/winery-timeline\/yuntes1996-scaled.webp\" alt=\"\" title=\"yuntes1996-scaled.webp\"><\/noscript><\/sr7-bg>\n\t\t\t\t\t\t\t<sr7-txt id=\"SR7_5_1-20-4\" class=\"sr7-layer\">0{{current_slide_index}}<\/sr7-txt>\n\t\t\t\t\t\t\t<sr7-txt id=\"SR7_5_1-20-5\" class=\"sr7-layer\">0{{total_slide_count}}<\/sr7-txt>\n\t\t\t\t\t\t\t<sr7-txt id=\"SR7_5_1-20-7\" class=\"sr7-layer\">Fundaci\u00f3n y Primeros Pasos<\/sr7-txt>\n\t\t\t\t\t\t\t<sr7-txt id=\"SR7_5_1-20-8\" class=\"sr7-layer\">1996<\/sr7-txt>\n\t\t\t\t\t\t\t<sr7-txt id=\"SR7_5_1-20-9\" class=\"sr7-layer\">Nuestra empresa ingres\u00f3 al sector en 1996, iniciando sus actividades con la venta de sierras de cinta. Dos a\u00f1os despu\u00e9s de nuestra fundaci\u00f3n, en 1998, ampliamos nuestra gama de productos incorporando la venta de m\u00e1quinas de sierras de cinta para responder a las demandas de los clientes. La satisfacci\u00f3n del cliente obtenida en este per\u00edodo tambi\u00e9n gener\u00f3 una creciente demanda de otras m\u00e1quinas industriales.<\/sr7-txt>\n\t\t\t\t\t\t\t<sr7-txt id=\"SR7_5_1-20-17\" class=\"sr7-layer\">2025<\/sr7-txt>\n\t\t\t\t\t\t\t<sr7-txt id=\"SR7_5_1-20-23\" class=\"sr7-layer\">2000<\/sr7-txt>\n\t\t\t\t\t\t<\/sr7-slide>\n\t\t\t\t\t\t<sr7-slide id=\"SR7_5_1-21\" data-key=\"21\">\n\t\t\t\t\t\t\t<sr7-bg id=\"SR7_5_1-21-27\" class=\"sr7-layer\"><noscript><img decoding=\"async\" src=\"https:\/\/yuntes.com.tr\/wp-content\/uploads\/revslider\/winery-timeline\/yuntes1996-scaled.webp\" alt=\"\" title=\"yuntes1996-scaled.webp\"><\/noscript><\/sr7-bg>\n\t\t\t\t\t\t\t<sr7-txt id=\"SR7_5_1-21-4\" class=\"sr7-layer\">0{{current_slide_index}}<\/sr7-txt>\n\t\t\t\t\t\t\t<sr7-txt id=\"SR7_5_1-21-5\" class=\"sr7-layer\">0{{total_slide_count}}<\/sr7-txt>\n\t\t\t\t\t\t\t<sr7-txt id=\"SR7_5_1-21-7\" class=\"sr7-layer\">Transici\u00f3n a la Venta de M\u00e1quinas-Herramienta<\/sr7-txt>\n\t\t\t\t\t\t\t<sr7-txt id=\"SR7_5_1-21-8\" class=\"sr7-layer\">2000<\/sr7-txt>\n\t\t\t\t\t\t\t<sr7-txt id=\"SR7_5_1-21-9\" class=\"sr7-layer\">En respuesta a la gran demanda de nuestros clientes, en el a\u00f1o 2000 comenzamos con la venta de m\u00e1quinas-herramienta de segunda mano. Con este grupo de productos, que ocupa un lugar importante en el sector del mecanizado, empezamos a ofrecer soluciones m\u00e1s integrales a los industriales.<\/sr7-txt>\n\t\t\t\t\t\t\t<sr7-txt id=\"SR7_5_1-21-17\" class=\"sr7-layer\">1996<\/sr7-txt>\n\t\t\t\t\t\t\t<sr7-txt id=\"SR7_5_1-21-23\" class=\"sr7-layer\">2002<\/sr7-txt>\n\t\t\t\t\t\t<\/sr7-slide>\n\t\t\t\t\t\t<sr7-slide id=\"SR7_5_1-22\" data-key=\"22\">\n\t\t\t\t\t\t\t<sr7-bg id=\"SR7_5_1-22-25\" class=\"sr7-layer\"><noscript><img decoding=\"async\" src=\"https:\/\/yuntes.com.tr\/wp-content\/uploads\/revslider\/winery-timeline\/yuntes1996-scaled.webp\" alt=\"\" title=\"yuntes1996-scaled.webp\"><\/noscript><\/sr7-bg>\n\t\t\t\t\t\t\t<sr7-txt id=\"SR7_5_1-22-4\" class=\"sr7-layer\">0{{current_slide_index}}<\/sr7-txt>\n\t\t\t\t\t\t\t<sr7-txt id=\"SR7_5_1-22-5\" class=\"sr7-layer\">0{{total_slide_count}}<\/sr7-txt>\n\t\t\t\t\t\t\t<sr7-txt id=\"SR7_5_1-22-7\" class=\"sr7-layer\">Inicio de las Actividades de Importaci\u00f3n<\/sr7-txt>\n\t\t\t\t\t\t\t<sr7-txt id=\"SR7_5_1-22-8\" class=\"sr7-layer\">2002<\/sr7-txt>\n\t\t\t\t\t\t\t<sr7-txt id=\"SR7_5_1-22-9\" class=\"sr7-layer\">A partir del a\u00f1o 2002 comenzamos a importar tanto m\u00e1quinas-herramienta nuevas como de segunda mano. Al ampliar nuestra gama de productos con las m\u00e1quinas tra\u00eddas del extranjero, fortalecimos a\u00fan m\u00e1s nuestra posici\u00f3n en el sector.<\/sr7-txt>\n\t\t\t\t\t\t\t<sr7-txt id=\"SR7_5_1-22-17\" class=\"sr7-layer\">2000<\/sr7-txt>\n\t\t\t\t\t\t\t<sr7-txt id=\"SR7_5_1-22-23\" class=\"sr7-layer\">2004<\/sr7-txt>\n\t\t\t\t\t\t<\/sr7-slide>\n\t\t\t\t\t\t<sr7-slide id=\"SR7_5_1-23\" data-key=\"23\">\n\t\t\t\t\t\t\t<sr7-bg id=\"SR7_5_1-23-32\" class=\"sr7-layer\"><noscript><img decoding=\"async\" src=\"https:\/\/yuntes.com.tr\/wp-content\/uploads\/revslider\/winery-timeline\/yuntes1996-scaled.webp\" alt=\"\" title=\"yuntes1996-scaled.webp\"><\/noscript><\/sr7-bg>\n\t\t\t\t\t\t\t<sr7-txt id=\"SR7_5_1-23-4\" class=\"sr7-layer\">0{{current_slide_index}}<\/sr7-txt>\n\t\t\t\t\t\t\t<sr7-txt id=\"SR7_5_1-23-5\" class=\"sr7-layer\">0{{total_slide_count}}<\/sr7-txt>\n\t\t\t\t\t\t\t<sr7-txt id=\"SR7_5_1-23-7\" class=\"sr7-layer\">Transici\u00f3n a la Tecnolog\u00eda CNC<\/sr7-txt>\n\t\t\t\t\t\t\t<sr7-txt id=\"SR7_5_1-23-8\" class=\"sr7-layer\">2004<\/sr7-txt>\n\t\t\t\t\t\t\t<sr7-txt id=\"SR7_5_1-23-9\" class=\"sr7-layer\">Con el r\u00e1pido desarrollo de la tecnolog\u00eda, iniciamos nuestros trabajos en m\u00e1quinas CNC. Para adquirir el conocimiento t\u00e9cnico que exige la tecnolog\u00eda CNC, invertimos en procesos de formaci\u00f3n y en 2005 incorporamos por primera vez a nuestra gama de productos m\u00e1quinas CNC de 2 ejes y 3 ejes.<\/sr7-txt>\n\t\t\t\t\t\t\t<sr7-txt id=\"SR7_5_1-23-17\" class=\"sr7-layer\">2002<\/sr7-txt>\n\t\t\t\t\t\t\t<sr7-txt id=\"SR7_5_1-23-23\" class=\"sr7-layer\">2008<\/sr7-txt>\n\t\t\t\t\t\t<\/sr7-slide>\n\t\t\t\t\t\t<sr7-slide id=\"SR7_5_1-24\" data-key=\"24\">\n\t\t\t\t\t\t\t<sr7-bg id=\"SR7_5_1-24-35\" class=\"sr7-layer\"><noscript><img decoding=\"async\" src=\"https:\/\/yuntes.com.tr\/wp-content\/uploads\/revslider\/winery-timeline\/yuntes1996-scaled.webp\" alt=\"\" title=\"yuntes1996-scaled.webp\"><\/noscript><\/sr7-bg>\n\t\t\t\t\t\t\t<sr7-txt id=\"SR7_5_1-24-4\" class=\"sr7-layer\">0{{current_slide_index}}<\/sr7-txt>\n\t\t\t\t\t\t\t<sr7-txt id=\"SR7_5_1-24-5\" class=\"sr7-layer\">0{{total_slide_count}}<\/sr7-txt>\n\t\t\t\t\t\t\t<sr7-txt id=\"SR7_5_1-24-7\" class=\"sr7-layer\">Proceso de Apertura de Sucursales<\/sr7-txt>\n\t\t\t\t\t\t\t<sr7-txt id=\"SR7_5_1-24-8\" class=\"sr7-layer\">2008<\/sr7-txt>\n\t\t\t\t\t\t\t<sr7-txt id=\"SR7_5_1-24-9\" class=\"sr7-layer\">Nuestro \u00e9xito con las m\u00e1quinas CNC nos permiti\u00f3 obtener nuevas distribuciones y ampliar nuestra gama de productos. Ese mismo a\u00f1o abrimos nuestra sucursal en Estambul, ampliando nuestro \u00e1mbito de operaciones. Posteriormente, en 2010 inauguramos nuestras sucursales en Ankara y Adana, y en 2012 abrimos las de Esmirna y Bursa. Con este proceso de expansi\u00f3n de sucursales logramos alcanzar a una base de clientes m\u00e1s amplia en toda T\u00fcrkiye.<\/sr7-txt>\n\t\t\t\t\t\t\t<sr7-txt id=\"SR7_5_1-24-17\" class=\"sr7-layer\">2004<\/sr7-txt>\n\t\t\t\t\t\t\t<sr7-txt id=\"SR7_5_1-24-23\" class=\"sr7-layer\">2015<\/sr7-txt>\n\t\t\t\t\t\t<\/sr7-slide>\n\t\t\t\t\t\t<sr7-slide id=\"SR7_5_1-25\" data-key=\"25\">\n\t\t\t\t\t\t\t<sr7-bg id=\"SR7_5_1-25-36\" class=\"sr7-layer\"><noscript><img decoding=\"async\" src=\"https:\/\/yuntes.com.tr\/wp-content\/uploads\/revslider\/winery-timeline\/yuntes1996-scaled.webp\" alt=\"\" title=\"yuntes1996-scaled.webp\"><\/noscript><\/sr7-bg>\n\t\t\t\t\t\t\t<sr7-txt id=\"SR7_5_1-25-4\" class=\"sr7-layer\">0{{current_slide_index}}<\/sr7-txt>\n\t\t\t\t\t\t\t<sr7-txt id=\"SR7_5_1-25-5\" class=\"sr7-layer\">0{{total_slide_count}}<\/sr7-txt>\n\t\t\t\t\t\t\t<sr7-txt id=\"SR7_5_1-25-7\" class=\"sr7-layer\">Transici\u00f3n a la Producci\u00f3n de Montacargas<\/sr7-txt>\n\t\t\t\t\t\t\t<sr7-txt id=\"SR7_5_1-25-8\" class=\"sr7-layer\">2015<\/sr7-txt>\n\t\t\t\t\t\t\t<sr7-txt id=\"SR7_5_1-25-9\" class=\"sr7-layer\">Con el fin de apoyar la producci\u00f3n local en T\u00fcrkiye, en 2015 iniciamos actividades de I+D para la fabricaci\u00f3n de montacargas. En 2016 transformamos la producci\u00f3n de montacargas en fabricaci\u00f3n en serie bajo la marca \"Spartek\". Para consolidar una posici\u00f3n s\u00f3lida tanto en el mercado nacional como en el internacional, continuamos ampliando nuestra capacidad de producci\u00f3n y la diversidad de productos.<\/sr7-txt>\n\t\t\t\t\t\t\t<sr7-txt id=\"SR7_5_1-25-17\" class=\"sr7-layer\">2008<\/sr7-txt>\n\t\t\t\t\t\t\t<sr7-txt id=\"SR7_5_1-25-23\" class=\"sr7-layer\">2017<\/sr7-txt>\n\t\t\t\t\t\t<\/sr7-slide>\n\t\t\t\t\t\t<sr7-slide id=\"SR7_5_1-26\" data-key=\"26\">\n\t\t\t\t\t\t\t<sr7-bg id=\"SR7_5_1-26-37\" class=\"sr7-layer\"><noscript><img decoding=\"async\" src=\"https:\/\/yuntes.com.tr\/wp-content\/uploads\/revslider\/winery-timeline\/yuntes1996-scaled.webp\" alt=\"\" title=\"yuntes1996-scaled.webp\"><\/noscript><\/sr7-bg>\n\t\t\t\t\t\t\t<sr7-txt id=\"SR7_5_1-26-4\" class=\"sr7-layer\">0{{current_slide_index}}<\/sr7-txt>\n\t\t\t\t\t\t\t<sr7-txt id=\"SR7_5_1-26-5\" class=\"sr7-layer\">0{{total_slide_count}}<\/sr7-txt>\n\t\t\t\t\t\t\t<sr7-txt id=\"SR7_5_1-26-7\" class=\"sr7-layer\">Institucionalizaci\u00f3n e Inversiones en Tecnolog\u00eda<\/sr7-txt>\n\t\t\t\t\t\t\t<sr7-txt id=\"SR7_5_1-26-8\" class=\"sr7-layer\">2017<\/sr7-txt>\n\t\t\t\t\t\t\t<sr7-txt id=\"SR7_5_1-26-9\" class=\"sr7-layer\">En 2017 aceleramos nuestros procesos de institucionalizaci\u00f3n y fortalecimos nuestra infraestructura siguiendo de cerca los avances tecnol\u00f3gicos. En 2018 superamos con \u00e9xito el per\u00edodo de crisis y continuamos nuestras inversiones sin interrupci\u00f3n.<\/sr7-txt>\n\t\t\t\t\t\t\t<sr7-txt id=\"SR7_5_1-26-17\" class=\"sr7-layer\">2015<\/sr7-txt>\n\t\t\t\t\t\t\t<sr7-txt id=\"SR7_5_1-26-23\" class=\"sr7-layer\">2025<\/sr7-txt>\n\t\t\t\t\t\t<\/sr7-slide>\n\t\t\t\t\t\t<sr7-slide id=\"SR7_5_1-27\" data-key=\"27\">\n\t\t\t\t\t\t\t<sr7-bg id=\"SR7_5_1-27-37\" class=\"sr7-layer\"><noscript><img decoding=\"async\" src=\"https:\/\/yuntes.com.tr\/wp-content\/uploads\/revslider\/winery-timeline\/yuntes1996-scaled.webp\" alt=\"\" title=\"yuntes1996-scaled.webp\"><\/noscript><\/sr7-bg>\n\t\t\t\t\t\t\t<sr7-txt id=\"SR7_5_1-27-4\" class=\"sr7-layer\">0{{current_slide_index}}<\/sr7-txt>\n\t\t\t\t\t\t\t<sr7-txt id=\"SR7_5_1-27-5\" class=\"sr7-layer\">0{{total_slide_count}}<\/sr7-txt>\n\t\t\t\t\t\t\t<sr7-txt id=\"SR7_5_1-27-7\" class=\"sr7-layer\">Nuestra Visi\u00f3n para Hoy y el Futuro<\/sr7-txt>\n\t\t\t\t\t\t\t<sr7-txt id=\"SR7_5_1-27-8\" class=\"sr7-layer\">2025<\/sr7-txt>\n\t\t\t\t\t\t\t<sr7-txt id=\"SR7_5_1-27-9\" class=\"sr7-layer\">Hoy, como una marca reconocida y de confianza en toda T\u00fcrkiye, operamos en los campos de m\u00e1quinas CNC, m\u00e1quinas-herramienta y producci\u00f3n de montacargas. Al ampliar nuestra red de distribuci\u00f3n, ofrecemos a nuestros clientes productos de alta tecnolog\u00eda provenientes de diversas regiones del mundo, como Europa, el Lejano Oriente y Jap\u00f3n. En el futuro continuaremos fortaleciendo nuestra estructura corporativa, elevando la satisfacci\u00f3n del cliente al m\u00e1ximo nivel y manteniendo nuestro liderazgo en el sector.<br \/>\n<br \/>\n<\/sr7-txt>\n\t\t\t\t\t\t\t<sr7-txt id=\"SR7_5_1-27-17\" class=\"sr7-layer\">2012<\/sr7-txt>\n\t\t\t\t\t\t\t<sr7-txt id=\"SR7_5_1-27-23\" class=\"sr7-layer\">1996<\/sr7-txt>\n\t\t\t\t\t\t<\/sr7-slide>\n\t\t\t\t\t\t<sr7-slide id=\"SR7_5_1-28\" data-key=\"28\">\n\t\t\t\t\t\t<\/sr7-slide>\n\t\t\t\t\t<\/sr7-content>\n\t\t\t\t\t<image_lists style=\"display:none\">\n\t\t\t\t\t\t<img data-src=\"\/\/yuntes.com.tr\/wp-content\/uploads\/revslider\/winery-timeline\/yuntes1996-scaled.webp\" data-libid=\"14788\" data-lib=\"medialibrary\" title=\"yuntes1996-scaled.webp\" width=\"0\" height=\"0\" data-dbsrc=\"Ly95dW50ZXMuY29tLnRyL3dwLWNvbnRlbnQvdXBsb2Fkcy9yZXZzbGlkZXIvd2luZXJ5LXRpbWVsaW5lL3l1bnRlczE5OTYtc2NhbGVkLndlYnA=\"\/>\n\t\t\t\t\t\t<img data-src=\"\/\/yuntes.com.tr\/wp-content\/uploads\/revslider\/winery-timeline\/arrow-right_1.svg\" width=\"0\" height=\"0\" data-dbsrc=\"Ly95dW50ZXMuY29tLnRyL3dwLWNvbnRlbnQvdXBsb2Fkcy9yZXZzbGlkZXIvd2luZXJ5LXRpbWVsaW5lL2Fycm93LXJpZ2h0XzEuc3Zn\"\/>\n\t\t\t\t\t\t<img data-src=\"\/\/yuntes.com.tr\/wp-content\/uploads\/revslider\/winery-timeline\/arrow-left_1.svg\" width=\"0\" height=\"0\" data-dbsrc=\"Ly95dW50ZXMuY29tLnRyL3dwLWNvbnRlbnQvdXBsb2Fkcy9yZXZzbGlkZXIvd2luZXJ5LXRpbWVsaW5lL2Fycm93LWxlZnRfMS5zdmc=\"\/>\n\t\t\t\t\t<\/image_lists>\n\t\t\t\t<\/sr7-module>\n\t\t\t\t<script>\n\t\t\t\t\tSR7.PMH ??={}; SR7.PMH[\"SR7_5_1\"] = {cn:100,state:false,fn: function() { if (_tpt!==undefined && _tpt.prepareModuleHeight !== undefined) {  _tpt.prepareModuleHeight({id:\"SR7_5_1\",el:[900,900,768,960,720],type:'standard',shdw:'0',gh:[900,900,768,960,720],gw:[1240,1240,1024,778,480],vpt:['200px&#039;,&#039;200px&#039;,&#039;200px&#039;,&#039;200px&#039;,&#039;200px'],size:{fullWidth:true, fullHeight:true},fho:'#masthead,',mh:'0',onh:0,onw:0,bg:{color:'{\"orig\":\"transparent\",\"type\":\"solid\",\"string\":\"transparent\"}'}});   SR7.PMH[\"SR7_5_1\"].state=true;} else if(SR7.PMH[\"SR7_5_1\"].cn-->0)\tsetTimeout( SR7.PMH[\"SR7_5_1\"].fn,19);}};SR7.PMH[\"SR7_5_1\" ].fn();\n\t\t\t\t<\/script>\n<\/div>\n\n\t\t<style id=\"core-82e238f-core-block-supports-inline-css\"><\/style>\t\t\t\t<\/div>\n\t\t\t\t<\/div>\n\t\t\t\t<\/div>","protected":false},"excerpt":{"rendered":"","protected":false},"author":1,"featured_media":0,"parent":0,"menu_order":0,"comment_status":"closed","ping_status":"closed","template":"","meta":{"footnotes":""},"class_list":["post-10633","page","type-page","status-publish","hentry"],"blocksy_meta":[],"_links":{"self":[{"href":"https:\/\/yuntes.com.tr\/es\/wp-json\/wp\/v2\/pages\/10633","targetHints":{"allow":["GET"]}}],"collection":[{"href":"https:\/\/yuntes.com.tr\/es\/wp-json\/wp\/v2\/pages"}],"about":[{"href":"https:\/\/yuntes.com.tr\/es\/wp-json\/wp\/v2\/types\/page"}],"author":[{"embeddable":true,"href":"https:\/\/yuntes.com.tr\/es\/wp-json\/wp\/v2\/users\/1"}],"replies":[{"embeddable":true,"href":"https:\/\/yuntes.com.tr\/es\/wp-json\/wp\/v2\/comments?post=10633"}],"version-history":[{"count":0,"href":"https:\/\/yuntes.com.tr\/es\/wp-json\/wp\/v2\/pages\/10633\/revisions"}],"wp:attachment":[{"href":"https:\/\/yuntes.com.tr\/es\/wp-json\/wp\/v2\/media?parent=10633"}],"curies":[{"name":"wp","href":"https:\/\/api.w.org\/{rel}","templated":true}]}}