{"id":10632,"date":"2025-08-05T09:05:51","date_gmt":"2025-08-05T09:05:51","guid":{"rendered":"https:\/\/yun.defnemedia.com\/?page_id=10632"},"modified":"2025-10-05T23:40:28","modified_gmt":"2025-10-05T20:40:28","slug":"sobre-nosotros","status":"publish","type":"page","link":"https:\/\/yuntes.com.tr\/es\/sobre-nosotros\/","title":{"rendered":"Sobre Nosotros"},"content":{"rendered":"<div data-elementor-type=\"wp-page\" data-elementor-id=\"10632\" class=\"elementor elementor-10632\" data-elementor-post-type=\"page\">\n\t\t\t\t<div class=\"elementor-element elementor-element-629d07e e-flex e-con-boxed e-con e-parent\" data-id=\"629d07e\" data-element_type=\"container\" data-settings=\"{&quot;background_background&quot;:&quot;video&quot;,&quot;background_video_link&quot;:&quot;https:\\\/\\\/www.youtube.com\\\/watch?v=sKoGnSZhfBk&quot;,&quot;background_play_on_mobile&quot;:&quot;yes&quot;}\">\n\t\t\t\t\t<div class=\"e-con-inner\">\n\t\t<div class=\"elementor-background-video-container\" aria-hidden=\"true\">\n\t\t\t\t\t\t\t<div class=\"elementor-background-video-embed\"><\/div>\n\t\t\t\t\t\t<\/div><div class=\"elementor-element elementor-element-d930585 e-con-full e-flex e-con e-child\" data-id=\"d930585\" data-element_type=\"container\" data-settings=\"{&quot;background_background&quot;:&quot;classic&quot;}\">\n\t\t\t\t<div class=\"elementor-element elementor-element-7669d79 elementor-widget elementor-widget-text-editor\" data-id=\"7669d79\" data-element_type=\"widget\" data-widget_type=\"text-editor.default\">\n\t\t\t\t\t\t\t\t\t<p>Nuestra Fuerza en la Industria<\/p>\t\t\t\t<style id=\"core-7669d79-core-block-supports-inline-css\"><\/style>\t\t\t\t<\/div>\n\t\t\t\t<div class=\"elementor-element elementor-element-39e6172 elementor-widget__width-initial elementor-widget elementor-widget-heading\" data-id=\"39e6172\" data-element_type=\"widget\" data-widget_type=\"heading.default\">\n\t\t\t\t\t<h2 class=\"elementor-heading-title elementor-size-default\">Nuestra Luz que Ilumina la Noche.<\/h2><style id=\"core-39e6172-core-block-supports-inline-css\"><\/style>\t\t\t\t<\/div>\n\t\t\t\t<\/div>\n\t\t\t\t\t<\/div>\n\t\t\t\t<\/div>\n\t\t<div class=\"elementor-element elementor-element-60ad271 e-flex e-con-boxed e-con e-parent\" data-id=\"60ad271\" data-element_type=\"container\">\n\t\t\t\t\t<div class=\"e-con-inner\">\n\t\t<div class=\"elementor-element elementor-element-fa50e08 e-con-full e-flex e-con e-child\" data-id=\"fa50e08\" data-element_type=\"container\">\n\t\t\t\t<div class=\"elementor-element elementor-element-2786b47 elementor-widget__width-initial elementor-widget elementor-widget-image\" data-id=\"2786b47\" data-element_type=\"widget\" data-widget_type=\"image.default\">\n\t\t\t\t\t\t\t\t\t\t\t\t\t\t\t<img fetchpriority=\"high\" decoding=\"async\" width=\"1200\" height=\"630\" src=\"https:\/\/yuntes.com.tr\/wp-content\/uploads\/metabanner.webp\" class=\"attachment-full size-full wp-image-15901\" alt=\"\" srcset=\"https:\/\/yuntes.com.tr\/wp-content\/uploads\/metabanner.webp 1200w, https:\/\/yuntes.com.tr\/wp-content\/uploads\/metabanner-600x315.webp 600w, https:\/\/yuntes.com.tr\/wp-content\/uploads\/metabanner-768x403.webp 768w, https:\/\/yuntes.com.tr\/wp-content\/uploads\/metabanner-800x420.webp 800w\" sizes=\"(max-width: 1200px) 100vw, 1200px\" \/>\t\t\t\t\t\t\t\t\t\t\t<style id=\"core-2786b47-core-block-supports-inline-css\"><\/style>\t\t\t\t<\/div>\n\t\t\t\t<\/div>\n\t\t<div class=\"elementor-element elementor-element-7dcbb9c e-con-full e-flex e-con e-child\" data-id=\"7dcbb9c\" data-element_type=\"container\">\n\t\t\t\t<div class=\"elementor-element elementor-element-60bc471 elementor-widget elementor-widget-text-editor\" data-id=\"60bc471\" data-element_type=\"widget\" data-widget_type=\"text-editor.default\">\n\t\t\t\t\t\t\t\t\t<p>Fundada en 1996 en Konya, Yuntes Makine es una empresa consolidada que ofrece ventas de maquinaria y servicios postventa integrales para el sector industrial. Aunque inicialmente nos enfocamos en las sierras de cinta, durante m\u00e1s de 28 a\u00f1os hemos ampliado continuamente nuestra gama de productos para satisfacer las necesidades cambiantes de la industria.<\/p>\t\t\t\t<style id=\"core-60bc471-core-block-supports-inline-css\"><\/style>\t\t\t\t<\/div>\n\t\t\t\t<div class=\"elementor-element elementor-element-0372e34 elementor-widget elementor-widget-text-editor\" data-id=\"0372e34\" data-element_type=\"widget\" data-widget_type=\"text-editor.default\">\n\t\t\t\t\t\t\t\t\t<p>Hoy, al asumir la representaci\u00f3n y distribuci\u00f3n de diversos grupos de maquinaria en toda Turqu\u00eda, ofrecemos soluciones tecnol\u00f3gicas desde Konya a las empresas industriales de todo el pa\u00eds. Nuestro objetivo es proporcionar las mejores soluciones de maquinaria que aumenten la eficiencia de producci\u00f3n y optimicen los procesos operativos de nuestros clientes.<\/p>\t\t\t\t<style id=\"core-0372e34-core-block-supports-inline-css\"><\/style>\t\t\t\t<\/div>\n\t\t\t\t<\/div>\n\t\t\t\t\t<\/div>\n\t\t\t\t<\/div>\n\t\t<div class=\"elementor-element elementor-element-abd60d3 e-flex e-con-boxed e-con e-parent\" data-id=\"abd60d3\" data-element_type=\"container\">\n\t\t\t\t\t<div class=\"e-con-inner\">\n\t\t<div class=\"elementor-element elementor-element-354461f e-con-full e-flex e-con e-child\" data-id=\"354461f\" data-element_type=\"container\">\n\t\t\t\t<div class=\"elementor-element elementor-element-2bac111 elementor-headline--style-highlight elementor-widget elementor-widget-animated-headline\" data-id=\"2bac111\" data-element_type=\"widget\" data-settings=\"{&quot;marker&quot;:&quot;underline&quot;,&quot;highlighted_text&quot;:&quot; L\\u0130DER.&quot;,&quot;headline_style&quot;:&quot;highlight&quot;,&quot;loop&quot;:&quot;yes&quot;,&quot;highlight_animation_duration&quot;:1200,&quot;highlight_iteration_delay&quot;:8000}\" data-widget_type=\"animated-headline.default\">\n\t\t\t\t\t\t\t<h3 class=\"elementor-headline\">\n\t\t\t\t\t<span class=\"elementor-headline-plain-text elementor-headline-text-wrapper\">VISIONARIO QUE DA FORMA AL FUTURO<\/span>\n\t\t\t\t<span class=\"elementor-headline-dynamic-wrapper elementor-headline-text-wrapper\">\n\t\t\t\t\t<span class=\"elementor-headline-dynamic-text elementor-headline-text-active\"> L\u00cdDER.<\/span>\n\t\t\t\t<\/span>\n\t\t\t\t<\/h3>\n\t\t<style id=\"core-2bac111-core-block-supports-inline-css\"><\/style>\t\t\t\t<\/div>\n\t\t\t\t<div class=\"elementor-element elementor-element-43e08d2 elementor-widget elementor-widget-heading\" data-id=\"43e08d2\" data-element_type=\"widget\" data-widget_type=\"heading.default\">\n\t\t\t\t\t<h2 class=\"elementor-heading-title elementor-size-default\">YUNUS DEREBA\u011e<\/h2><style id=\"core-43e08d2-core-block-supports-inline-css\"><\/style>\t\t\t\t<\/div>\n\t\t\t\t<div class=\"elementor-element elementor-element-df97011 elementor-widget elementor-widget-text-editor\" data-id=\"df97011\" data-element_type=\"widget\" data-widget_type=\"text-editor.default\">\n\t\t\t\t\t\t\t\t\t<p>Al reunir los conceptos de calidad, confianza e innovaci\u00f3n en el sector de la maquinaria industrial, Yunus Dereba\u011f sent\u00f3 las bases de Yuntes Makine con una visi\u00f3n s\u00f3lida, a\u00f1os de experiencia y una perspectiva de ingenier\u00eda. Desde su fundaci\u00f3n, ha mantenido su liderazgo sin apartarse del principio de \u201ccrear valor duradero\u201d, impulsando nuestra marca tanto a nivel local como global.<\/p><p>Bajo la gu\u00eda de Yunus Dereba\u011f, Yuntes Makine ofrece no solo maquinaria, sino tambi\u00e9n soluciones, confianza y estrategias de producci\u00f3n sostenible.<\/p>\t\t\t\t<style id=\"core-df97011-core-block-supports-inline-css\"><\/style>\t\t\t\t<\/div>\n\t\t\t\t<\/div>\n\t\t<div class=\"elementor-element elementor-element-3f8db4e e-con-full e-flex e-con e-child\" data-id=\"3f8db4e\" data-element_type=\"container\">\n\t\t\t\t<div class=\"elementor-element elementor-element-7a1d0b6 elementor-widget elementor-widget-premium-addon-banner\" data-id=\"7a1d0b6\" data-element_type=\"widget\" data-widget_type=\"premium-addon-banner.default\">\n\t\t\t\t\t\t\t<div class=\"premium-banner-ib premium-banner-min-height premium-banner-animation1 none premium-banner__effect-type2\">\r\n\t\t\t\t\t\t\t\t\t\t<img decoding=\"async\" width=\"1066\" height=\"1280\" src=\"https:\/\/yuntes.com.tr\/wp-content\/uploads\/YunusDerebag.png\" class=\"attachment-full size-full wp-image-17237\" alt=\"\" srcset=\"https:\/\/yuntes.com.tr\/wp-content\/uploads\/YunusDerebag.png 1066w, https:\/\/yuntes.com.tr\/wp-content\/uploads\/YunusDerebag-500x600.png 500w, https:\/\/yuntes.com.tr\/wp-content\/uploads\/YunusDerebag-999x1200.png 999w, https:\/\/yuntes.com.tr\/wp-content\/uploads\/YunusDerebag-768x922.png 768w, https:\/\/yuntes.com.tr\/wp-content\/uploads\/YunusDerebag-800x961.png 800w\" sizes=\"(max-width: 1066px) 100vw, 1066px\" \/>\t\t\t\t\t\t\t\t\t<div class=\"premium-banner-ib-desc\">\r\n\t\t\t\t\r\n\t\t\t\t\t\t\t\t\t<h2 class=\"premium-banner-ib-title premium_banner_title\">\r\n\t\t\t\t\t\tYUNUS DEREBA\u011e\t\t\t\t\t<\/h2>\r\n\t\t\t\t\r\n\t\t\t\t\t\t\t\t\t<div class=\"premium-banner-ib-content premium_banner_content\">\r\n\t\t\t\t\t\t<p>FUNDADOR<\/p>\t\t\t\t\t<\/div>\r\n\t\t\t\t\r\n\t\t\t\t\r\n\t\t\t\t\t\t\t<\/div>\r\n\t\t\t\t\t<\/div>\r\n\r\n\t\t<style id=\"core-7a1d0b6-core-block-supports-inline-css\"><\/style>\t\t\t\t<\/div>\n\t\t\t\t<\/div>\n\t\t\t\t\t<\/div>\n\t\t\t\t<\/div>\n\t\t<div class=\"elementor-element elementor-element-ea7461d e-flex e-con-boxed e-con e-parent\" data-id=\"ea7461d\" data-element_type=\"container\" data-settings=\"{&quot;background_background&quot;:&quot;classic&quot;}\">\n\t\t\t\t\t<div class=\"e-con-inner\">\n\t\t<div class=\"elementor-element elementor-element-4c928e0 e-con-full e-flex e-con e-child\" data-id=\"4c928e0\" data-element_type=\"container\" data-settings=\"{&quot;background_background&quot;:&quot;classic&quot;}\">\n\t\t<div class=\"elementor-element elementor-element-bb633c3 e-con-full e-flex e-con e-child\" data-id=\"bb633c3\" data-element_type=\"container\">\n\t\t\t\t<div class=\"elementor-element elementor-element-579b5eb elementor-widget elementor-widget-counter\" data-id=\"579b5eb\" data-element_type=\"widget\" data-widget_type=\"counter.default\">\n\t\t\t\t\t\t\t<div class=\"elementor-counter\">\n\t\t\t<div class=\"elementor-counter-title\">Proyecto Completado<\/div>\t\t\t<div class=\"elementor-counter-number-wrapper\">\n\t\t\t\t<span class=\"elementor-counter-number-prefix\"><\/span>\n\t\t\t\t<span class=\"elementor-counter-number\" data-duration=\"2000\" data-to-value=\"7800\" data-from-value=\"4000\" data-delimiter=\",\">4000<\/span>\n\t\t\t\t<span class=\"elementor-counter-number-suffix\">+<\/span>\n\t\t\t<\/div>\n\t\t<\/div>\n\t\t<style id=\"core-579b5eb-core-block-supports-inline-css\"><\/style>\t\t\t\t<\/div>\n\t\t\t\t<\/div>\n\t\t<div class=\"elementor-element elementor-element-a0e020a e-con-full e-flex e-con e-child\" data-id=\"a0e020a\" data-element_type=\"container\">\n\t\t\t\t<div class=\"elementor-element elementor-element-0005467 elementor-widget elementor-widget-counter\" data-id=\"0005467\" data-element_type=\"widget\" data-widget_type=\"counter.default\">\n\t\t\t\t\t\t\t<div class=\"elementor-counter\">\n\t\t\t<div class=\"elementor-counter-title\">Cliente Activo<\/div>\t\t\t<div class=\"elementor-counter-number-wrapper\">\n\t\t\t\t<span class=\"elementor-counter-number-prefix\"><\/span>\n\t\t\t\t<span class=\"elementor-counter-number\" data-duration=\"2000\" data-to-value=\"480\" data-from-value=\"0\" data-delimiter=\",\">0<\/span>\n\t\t\t\t<span class=\"elementor-counter-number-suffix\">+<\/span>\n\t\t\t<\/div>\n\t\t<\/div>\n\t\t<style id=\"core-0005467-core-block-supports-inline-css\"><\/style>\t\t\t\t<\/div>\n\t\t\t\t<\/div>\n\t\t<div class=\"elementor-element elementor-element-dae5238 e-con-full e-flex e-con e-child\" data-id=\"dae5238\" data-element_type=\"container\">\n\t\t\t\t<div class=\"elementor-element elementor-element-e9f9400 elementor-widget-mobile__width-initial elementor-widget elementor-widget-counter\" data-id=\"e9f9400\" data-element_type=\"widget\" data-widget_type=\"counter.default\">\n\t\t\t\t\t\t\t<div class=\"elementor-counter\">\n\t\t\t<div class=\"elementor-counter-title\">Instalaci\u00f3n\/Puesta en Marcha de M\u00e1quinas<\/div>\t\t\t<div class=\"elementor-counter-number-wrapper\">\n\t\t\t\t<span class=\"elementor-counter-number-prefix\"><\/span>\n\t\t\t\t<span class=\"elementor-counter-number\" data-duration=\"2000\" data-to-value=\"6500\" data-from-value=\"3500\" data-delimiter=\",\">3500<\/span>\n\t\t\t\t<span class=\"elementor-counter-number-suffix\">+<\/span>\n\t\t\t<\/div>\n\t\t<\/div>\n\t\t<style id=\"core-e9f9400-core-block-supports-inline-css\"><\/style>\t\t\t\t<\/div>\n\t\t\t\t<\/div>\n\t\t<div class=\"elementor-element elementor-element-88e007e e-con-full e-flex e-con e-child\" data-id=\"88e007e\" data-element_type=\"container\">\n\t\t\t\t<div class=\"elementor-element elementor-element-3cd9d61 elementor-widget elementor-widget-counter\" data-id=\"3cd9d61\" data-element_type=\"widget\" data-widget_type=\"counter.default\">\n\t\t\t\t\t\t\t<div class=\"elementor-counter\">\n\t\t\t<div class=\"elementor-counter-title\">Experiencia en el Sector<\/div>\t\t\t<div class=\"elementor-counter-number-wrapper\">\n\t\t\t\t<span class=\"elementor-counter-number-prefix\"><\/span>\n\t\t\t\t<span class=\"elementor-counter-number\" data-duration=\"2000\" data-to-value=\"29\" data-from-value=\"0\" data-delimiter=\",\">0<\/span>\n\t\t\t\t<span class=\"elementor-counter-number-suffix\">+<\/span>\n\t\t\t<\/div>\n\t\t<\/div>\n\t\t<style id=\"core-3cd9d61-core-block-supports-inline-css\"><\/style>\t\t\t\t<\/div>\n\t\t\t\t<\/div>\n\t\t<div class=\"elementor-element elementor-element-a93d588 e-con-full e-flex e-con e-child\" data-id=\"a93d588\" data-element_type=\"container\">\n\t\t\t\t<div class=\"elementor-element elementor-element-574ece5 elementor-widget elementor-widget-counter\" data-id=\"574ece5\" data-element_type=\"widget\" data-widget_type=\"counter.default\">\n\t\t\t\t\t\t\t<div class=\"elementor-counter\">\n\t\t\t<div class=\"elementor-counter-title\">Participante en la Formaci\u00f3n<\/div>\t\t\t<div class=\"elementor-counter-number-wrapper\">\n\t\t\t\t<span class=\"elementor-counter-number-prefix\"><\/span>\n\t\t\t\t<span class=\"elementor-counter-number\" data-duration=\"2000\" data-to-value=\"840\" data-from-value=\"0\" data-delimiter=\",\">0<\/span>\n\t\t\t\t<span class=\"elementor-counter-number-suffix\">+<\/span>\n\t\t\t<\/div>\n\t\t<\/div>\n\t\t<style id=\"core-574ece5-core-block-supports-inline-css\"><\/style>\t\t\t\t<\/div>\n\t\t\t\t<\/div>\n\t\t\t\t<\/div>\n\t\t\t\t\t<\/div>\n\t\t\t\t<\/div>\n\t\t<div class=\"elementor-element elementor-element-bc0bc35 e-flex e-con-boxed e-con e-parent\" data-id=\"bc0bc35\" data-element_type=\"container\">\n\t\t\t\t\t<div class=\"e-con-inner\">\n\t\t<div class=\"elementor-element elementor-element-50e496e e-con-full e-flex e-con e-child\" data-id=\"50e496e\" data-element_type=\"container\" data-settings=\"{&quot;background_background&quot;:&quot;video&quot;,&quot;background_video_link&quot;:&quot;https:\\\/\\\/www.youtube.com\\\/watch?v=5JCqt7nJAQo&quot;}\">\n\t\t<div class=\"elementor-background-video-container elementor-hidden-mobile\" aria-hidden=\"true\">\n\t\t\t\t\t\t\t<div class=\"elementor-background-video-embed\"><\/div>\n\t\t\t\t\t\t<\/div>\t\t<div class=\"elementor-element elementor-element-193189e elementor-view-stacked elementor-shape-circle elementor-widget elementor-widget-icon\" data-id=\"193189e\" data-element_type=\"widget\" data-widget_type=\"icon.default\">\n\t\t\t\t\t\t\t<div class=\"elementor-icon-wrapper\">\n\t\t\t<a class=\"elementor-icon\" href=\"https:\/\/www.youtube.com\/watch?v=5JCqt7nJAQo\" target=\"_blank\">\n\t\t\t<svg aria-hidden=\"true\" class=\"e-font-icon-svg e-fas-play\" viewbox=\"0 0 448 512\" xmlns=\"http:\/\/www.w3.org\/2000\/svg\"><path d=\"M424.4 214.7L72.4 6.6C43.8-10.3 0 6.1 0 47.9V464c0 37.5 40.7 60.1 72.4 41.3l352-208c31.4-18.5 31.5-64.1 0-82.6z\"><\/path><\/svg>\t\t\t<\/a>\n\t\t<\/div>\n\t\t<style id=\"core-193189e-core-block-supports-inline-css\"><\/style>\t\t\t\t<\/div>\n\t\t\t\t<\/div>\n\t\t\t\t\t<\/div>\n\t\t\t\t<\/div>\n\t\t<div class=\"elementor-element elementor-element-1f700ff e-flex e-con-boxed e-con e-parent\" data-id=\"1f700ff\" data-element_type=\"container\">\n\t\t\t\t\t<div class=\"e-con-inner\">\n\t\t\t\t<div class=\"elementor-element elementor-element-076bce8 elementor-widget__width-initial elementor-widget elementor-widget-heading\" data-id=\"076bce8\" data-element_type=\"widget\" data-widget_type=\"heading.default\">\n\t\t\t\t\t<h2 class=\"elementor-heading-title elementor-size-default\">Recordamos con Respeto y Gratitud\u2026<\/h2><style id=\"core-076bce8-core-block-supports-inline-css\"><\/style>\t\t\t\t<\/div>\n\t\t<div class=\"elementor-element elementor-element-fa9dca8 e-con-full e-flex e-con e-child\" data-id=\"fa9dca8\" data-element_type=\"container\">\n\t\t\t\t<div class=\"elementor-element elementor-element-48d4a08 elementor-widget__width-initial elementor-widget elementor-widget-image\" data-id=\"48d4a08\" data-element_type=\"widget\" data-widget_type=\"image.default\">\n\t\t\t\t\t\t\t\t\t\t\t\t\t\t\t<img decoding=\"async\" width=\"482\" height=\"475\" src=\"https:\/\/yuntes.com.tr\/wp-content\/uploads\/320885.jpg\" class=\"attachment-full size-full wp-image-17105\" alt=\"\" srcset=\"https:\/\/yuntes.com.tr\/wp-content\/uploads\/320885.jpg 482w, https:\/\/yuntes.com.tr\/wp-content\/uploads\/320885-100x100.jpg 100w\" sizes=\"(max-width: 482px) 100vw, 482px\" \/>\t\t\t\t\t\t\t\t\t\t\t<style id=\"core-48d4a08-core-block-supports-inline-css\"><\/style>\t\t\t\t<\/div>\n\t\t\t\t<\/div>\n\t\t<div class=\"elementor-element elementor-element-6f438c5 e-con-full e-flex e-con e-child\" data-id=\"6f438c5\" data-element_type=\"container\">\n\t\t\t\t<div class=\"elementor-element elementor-element-d050361 elementor-widget__width-initial elementor-widget-tablet__width-initial elementor-widget elementor-widget-text-editor\" data-id=\"d050361\" data-element_type=\"widget\" data-widget_type=\"text-editor.default\">\n\t\t\t\t\t\t\t\t\tEl hermano mayor de nuestro fundador Yunus Dereba\u011f, quien realiz\u00f3 importantes contribuciones al desarrollo de Yuntes Makine\u2026\t\t\t\t<style id=\"core-d050361-core-block-supports-inline-css\"><\/style>\t\t\t\t<\/div>\n\t\t\t\t<\/div>\n\t\t\t\t\t<\/div>\n\t\t\t\t<\/div>\n\t\t\t\t<\/div>","protected":false},"excerpt":{"rendered":"<p>Sanayide G\u00fcc\u00fcm\u00fcz Geceyi Ayd\u0131nlatan I\u015f\u0131\u011f\u0131m\u0131z. Yuntes Makine,\u00a01996 y\u0131l\u0131nda Konya\u2019da kurulan\u00a0k\u00f6kl\u00fc bir firmad\u0131r ve\u00a0sanayi sekt\u00f6r\u00fcne y\u00f6nelik makine sat\u0131\u015f\u00a0ve\u00a0kapsaml\u0131 sat\u0131\u015f sonras\u0131 hizmetler\u00a0sunmaktad\u0131r. Faaliyetlerimize ba\u015flang\u0131\u00e7ta\u00a0\u015ferit testere makineleri\u00a0alan\u0131nda odaklanm\u0131\u015f olsak da, ge\u00e7en 28 y\u0131l\u0131 a\u015fk\u0131n s\u00fcredir \u00fcr\u00fcn yelpazemizi s\u00fcrekli geni\u015fleterek sekt\u00f6r\u00fcn ihtiya\u00e7lar\u0131na cevap verdik. Bug\u00fcn, bir\u00e7ok farkl\u0131\u00a0makine grubunun bayili\u011fini\u00a0ve\u00a0T\u00fcrkiye distrib\u00fct\u00f6rl\u00fc\u011f\u00fcn\u00fc\u00a0\u00fcstlenerek,\u00a0Konya\u2019dan T\u00fcrkiye\u2019nin d\u00f6rt bir yan\u0131ndaki sanayi kurulu\u015flar\u0131na\u00a0teknolojik \u00e7\u00f6z\u00fcmler sunuyoruz. Amac\u0131m\u0131z, [&hellip;]<\/p>","protected":false},"author":1,"featured_media":0,"parent":0,"menu_order":0,"comment_status":"closed","ping_status":"closed","template":"","meta":{"footnotes":""},"class_list":["post-10632","page","type-page","status-publish","hentry"],"blocksy_meta":[],"_links":{"self":[{"href":"https:\/\/yuntes.com.tr\/es\/wp-json\/wp\/v2\/pages\/10632","targetHints":{"allow":["GET"]}}],"collection":[{"href":"https:\/\/yuntes.com.tr\/es\/wp-json\/wp\/v2\/pages"}],"about":[{"href":"https:\/\/yuntes.com.tr\/es\/wp-json\/wp\/v2\/types\/page"}],"author":[{"embeddable":true,"href":"https:\/\/yuntes.com.tr\/es\/wp-json\/wp\/v2\/users\/1"}],"replies":[{"embeddable":true,"href":"https:\/\/yuntes.com.tr\/es\/wp-json\/wp\/v2\/comments?post=10632"}],"version-history":[{"count":57,"href":"https:\/\/yuntes.com.tr\/es\/wp-json\/wp\/v2\/pages\/10632\/revisions"}],"predecessor-version":[{"id":17313,"href":"https:\/\/yuntes.com.tr\/es\/wp-json\/wp\/v2\/pages\/10632\/revisions\/17313"}],"wp:attachment":[{"href":"https:\/\/yuntes.com.tr\/es\/wp-json\/wp\/v2\/media?parent=10632"}],"curies":[{"name":"wp","href":"https:\/\/api.w.org\/{rel}","templated":true}]}}