{"id":11704,"date":"2025-08-08T08:39:17","date_gmt":"2025-08-08T08:39:17","guid":{"rendered":"https:\/\/yun.defnemedia.com\/?post_type=product&#038;p=11704"},"modified":"2025-08-26T13:16:13","modified_gmt":"2025-08-26T10:16:13","slug":"sunmill-jhv-1100-kayisli-cnc-dik-isleme-merkezi","status":"publish","type":"product","link":"https:\/\/yuntes.com.tr\/en\/product\/sunmill-jhv-1100-kayisli-cnc-dik-isleme-merkezi\/","title":{"rendered":"SUNMILL JHV-1100 Kay\u0131\u015fl\u0131 CNC Dik \u0130\u015fleme Merkezi"},"content":{"rendered":"<div data-elementor-type=\"wp-post\" data-elementor-id=\"11704\" class=\"elementor elementor-11704\" data-elementor-post-type=\"product\">\n\t\t\t\t<div class=\"elementor-element elementor-element-52b2d53 e-flex e-con-boxed e-con e-parent\" data-id=\"52b2d53\" data-element_type=\"container\">\n\t\t\t\t\t<div class=\"e-con-inner\">\n\t\t\t\t\t<\/div>\n\t\t\t\t<\/div>\n\t\t<div class=\"elementor-element elementor-element-8c3c2c7 e-flex e-con-boxed e-con e-parent\" data-id=\"8c3c2c7\" data-element_type=\"container\">\n\t\t\t\t\t<div class=\"e-con-inner\">\n\t\t<div class=\"elementor-element elementor-element-d0a7da0 e-con-full e-flex e-con e-child\" data-id=\"d0a7da0\" data-element_type=\"container\">\n\t\t\t\t<\/div>\n\t\t<div class=\"elementor-element elementor-element-7fdcc65 e-con-full e-flex e-con e-child\" data-id=\"7fdcc65\" data-element_type=\"container\">\n\t\t\t\t<\/div>\n\t\t\t\t\t<\/div>\n\t\t\t\t<\/div>\n\t\t<div class=\"elementor-element elementor-element-0406615 e-flex e-con-boxed e-con e-parent\" data-id=\"0406615\" data-element_type=\"container\" data-settings=\"{&quot;background_background&quot;:&quot;classic&quot;}\">\n\t\t\t\t\t<div class=\"e-con-inner\">\n\t\t<div class=\"elementor-element elementor-element-9ec2134 e-con-full e-flex e-con e-child\" data-id=\"9ec2134\" data-element_type=\"container\">\n\t\t\t\t<\/div>\n\t\t\t\t\t<\/div>\n\t\t\t\t<\/div>\n\t\t<div class=\"elementor-element elementor-element-22367a7 e-flex e-con-boxed e-con e-parent\" data-id=\"22367a7\" data-element_type=\"container\">\n\t\t\t\t\t<div class=\"e-con-inner\">\n\t\t<div class=\"elementor-element elementor-element-0b29d0c e-con-full e-flex e-con e-child\" data-id=\"0b29d0c\" data-element_type=\"container\">\n\t\t<div class=\"elementor-element elementor-element-e6e4b9c e-con-full e-flex e-con e-child\" data-id=\"e6e4b9c\" data-element_type=\"container\">\n\t\t\t\t<\/div>\n\t\t<div class=\"elementor-element elementor-element-de10621 e-con-full e-flex e-con e-child\" data-id=\"de10621\" data-element_type=\"container\">\n\t\t\t\t<\/div>\n\t\t<div class=\"elementor-element elementor-element-dc6a439 e-con-full e-flex e-con e-child\" data-id=\"dc6a439\" data-element_type=\"container\">\n\t\t\t\t<\/div>\n\t\t<div class=\"elementor-element elementor-element-df01612 e-con-full e-flex e-con e-child\" data-id=\"df01612\" data-element_type=\"container\">\n\t\t\t\t<\/div>\n\t\t\t\t<\/div>\n\t\t\t\t\t<\/div>\n\t\t\t\t<\/div>\n\t\t\t\t<\/div>","protected":false},"excerpt":{"rendered":"<p>SUNMILL JHV-1100 Kay\u0131\u015fl\u0131 <strong data-start=\"25\" data-end=\"51\">CNC dik i\u015fleme merkezi<\/strong>, sa\u011flam g\u00f6vde yap\u0131s\u0131 ve \u00fcst\u00fcn m\u00fchendislik tasar\u0131m\u0131yla end\u00fcstriyel \u00fcretimde y\u00fcksek performans ve g\u00fcvenilirlik sunar. <strong data-start=\"168\" data-end=\"198\">Y\u00fcksek hassasiyetli i\u015fleme<\/strong> \u00f6zelli\u011fi sayesinde otomotiv, savunma sanayi ve a\u011f\u0131r sanayi gibi kritik sekt\u00f6rlerde kusursuz \u00fcretim sa\u011flar. Kay\u0131\u015fl\u0131 sistemi, uzun \u00f6m\u00fcrl\u00fc kullan\u0131m ve d\u00fc\u015f\u00fck bak\u0131m gereksinimi sunarak i\u015fletmelere verimlilik avantaj\u0131 kazand\u0131r\u0131r. CNC dik i\u015fleme merkezi, hem seri \u00fcretim hem de \u00f6zel par\u00e7a i\u015fleme s\u00fcre\u00e7lerinde maksimum do\u011fruluk ve kararl\u0131l\u0131k sunar. Modern \u00fcretim hatlar\u0131na kolay entegre olabilen SUNMILL JHV-1100, kullan\u0131c\u0131ya g\u00fcven veren tasar\u0131m\u0131yla \u00fcretimde s\u00fcreklili\u011fi ve kaliteyi garanti eder. Dayan\u0131kl\u0131l\u0131\u011f\u0131, hassasiyet odakl\u0131 i\u015fleme yetenekleri ve verimlili\u011fi ile i\u015fletmelerin rekabet g\u00fcc\u00fcn\u00fc art\u0131ran g\u00fc\u00e7l\u00fc bir yat\u0131r\u0131m \u00e7\u00f6z\u00fcm\u00fcd\u00fcr.<\/p>","protected":false},"featured_media":15851,"comment_status":"open","ping_status":"closed","template":"","meta":[],"product_brand":[220],"product_cat":[172,178],"product_tag":[],"class_list":{"0":"post-11704","1":"product","2":"type-product","3":"status-publish","4":"has-post-thumbnail","6":"product_brand-sunmill","7":"product_cat-cnc-isleme-merkezi","8":"product_cat-cnc-makineleri","9":"pa_is-mili-devri-rpm-121","10":"pa_isleme-ekseni-3-eksen","11":"pa_isleme-turu-dik","12":"pa_kontrol-unitesi-mitsubishi","13":"pa_makine-turu-cnc-isleme-merkezi","14":"pa_otomasyon-destegi-var","15":"pa_sogutma-tipi-yag","16":"pa_tabla-olcusu-mm-1250x630","17":"pa_takim-degistirici-linear","18":"pa_uretim-mensei-tayvan","20":"first","21":"instock","22":"shipping-taxable","23":"product-type-simple"},"ct_brands":[{"id":220,"name":"SUNMILL","slug":"sunmill"}],"_links":{"self":[{"href":"https:\/\/yuntes.com.tr\/en\/wp-json\/wp\/v2\/product\/11704","targetHints":{"allow":["GET"]}}],"collection":[{"href":"https:\/\/yuntes.com.tr\/en\/wp-json\/wp\/v2\/product"}],"about":[{"href":"https:\/\/yuntes.com.tr\/en\/wp-json\/wp\/v2\/types\/product"}],"replies":[{"embeddable":true,"href":"https:\/\/yuntes.com.tr\/en\/wp-json\/wp\/v2\/comments?post=11704"}],"version-history":[{"count":1,"href":"https:\/\/yuntes.com.tr\/en\/wp-json\/wp\/v2\/product\/11704\/revisions"}],"predecessor-version":[{"id":15852,"href":"https:\/\/yuntes.com.tr\/en\/wp-json\/wp\/v2\/product\/11704\/revisions\/15852"}],"wp:featuredmedia":[{"embeddable":true,"href":"https:\/\/yuntes.com.tr\/en\/wp-json\/wp\/v2\/media\/15851"}],"wp:attachment":[{"href":"https:\/\/yuntes.com.tr\/en\/wp-json\/wp\/v2\/media?parent=11704"}],"wp:term":[{"taxonomy":"product_brand","embeddable":true,"href":"https:\/\/yuntes.com.tr\/en\/wp-json\/wp\/v2\/product_brand?post=11704"},{"taxonomy":"product_cat","embeddable":true,"href":"https:\/\/yuntes.com.tr\/en\/wp-json\/wp\/v2\/product_cat?post=11704"},{"taxonomy":"product_tag","embeddable":true,"href":"https:\/\/yuntes.com.tr\/en\/wp-json\/wp\/v2\/product_tag?post=11704"}],"curies":[{"name":"wp","href":"https:\/\/api.w.org\/{rel}","templated":true}]}}