{"id":11692,"date":"2025-08-08T08:23:32","date_gmt":"2025-08-08T08:23:32","guid":{"rendered":"https:\/\/yun.defnemedia.com\/?post_type=product&#038;p=11692"},"modified":"2025-08-22T15:11:54","modified_gmt":"2025-08-22T12:11:54","slug":"ktm-rig-800-plus-cnc-yatay-torna-tezgahi","status":"publish","type":"product","link":"https:\/\/yuntes.com.tr\/en\/product\/ktm-rig-800-plus-cnc-yatay-torna-tezgahi\/","title":{"rendered":"KTM RIG-800-PLUS CNC Yatay Torna Tezgah\u0131"},"content":{"rendered":"<div data-elementor-type=\"wp-post\" data-elementor-id=\"11692\" class=\"elementor elementor-11692\" data-elementor-post-type=\"product\">\n\t\t\t\t<div class=\"elementor-element elementor-element-52b2d53 e-flex e-con-boxed e-con e-parent\" data-id=\"52b2d53\" data-element_type=\"container\">\n\t\t\t\t\t<div class=\"e-con-inner\">\n\t\t\t\t\t<\/div>\n\t\t\t\t<\/div>\n\t\t<div class=\"elementor-element elementor-element-8c3c2c7 e-flex e-con-boxed e-con e-parent\" data-id=\"8c3c2c7\" data-element_type=\"container\">\n\t\t\t\t\t<div class=\"e-con-inner\">\n\t\t<div class=\"elementor-element elementor-element-d0a7da0 e-con-full e-flex e-con e-child\" data-id=\"d0a7da0\" data-element_type=\"container\">\n\t\t\t\t<\/div>\n\t\t<div class=\"elementor-element elementor-element-7fdcc65 e-con-full e-flex e-con e-child\" data-id=\"7fdcc65\" data-element_type=\"container\">\n\t\t\t\t<\/div>\n\t\t\t\t\t<\/div>\n\t\t\t\t<\/div>\n\t\t<div class=\"elementor-element elementor-element-0406615 e-flex e-con-boxed e-con e-parent\" data-id=\"0406615\" data-element_type=\"container\" data-settings=\"{&quot;background_background&quot;:&quot;classic&quot;}\">\n\t\t\t\t\t<div class=\"e-con-inner\">\n\t\t<div class=\"elementor-element elementor-element-9ec2134 e-con-full e-flex e-con e-child\" data-id=\"9ec2134\" data-element_type=\"container\">\n\t\t\t\t<\/div>\n\t\t\t\t\t<\/div>\n\t\t\t\t<\/div>\n\t\t<div class=\"elementor-element elementor-element-22367a7 e-flex e-con-boxed e-con e-parent\" data-id=\"22367a7\" data-element_type=\"container\">\n\t\t\t\t\t<div class=\"e-con-inner\">\n\t\t<div class=\"elementor-element elementor-element-0b29d0c e-con-full e-flex e-con e-child\" data-id=\"0b29d0c\" data-element_type=\"container\">\n\t\t<div class=\"elementor-element elementor-element-e6e4b9c e-con-full e-flex e-con e-child\" data-id=\"e6e4b9c\" data-element_type=\"container\">\n\t\t\t\t<\/div>\n\t\t<div class=\"elementor-element elementor-element-de10621 e-con-full e-flex e-con e-child\" data-id=\"de10621\" data-element_type=\"container\">\n\t\t\t\t<\/div>\n\t\t<div class=\"elementor-element elementor-element-dc6a439 e-con-full e-flex e-con e-child\" data-id=\"dc6a439\" data-element_type=\"container\">\n\t\t\t\t<\/div>\n\t\t<div class=\"elementor-element elementor-element-df01612 e-con-full e-flex e-con e-child\" data-id=\"df01612\" data-element_type=\"container\">\n\t\t\t\t<\/div>\n\t\t\t\t<\/div>\n\t\t\t\t\t<\/div>\n\t\t\t\t<\/div>\n\t\t\t\t<\/div>","protected":false},"excerpt":{"rendered":"<p>KTM RIG-800-PLUS <strong data-start=\"17\" data-end=\"36\">CNC yatay torna<\/strong>, y\u00fcksek hassasiyetli i\u015fleme kabiliyeti ve sa\u011flam g\u00f6vde yap\u0131s\u0131yla end\u00fcstriyel \u00fcretimde g\u00fcvenilir bir \u00e7\u00f6z\u00fcm sunar. Dayan\u0131kl\u0131 yap\u0131s\u0131 sayesinde uzun \u00f6m\u00fcrl\u00fc kullan\u0131m imk\u00e2n\u0131 sa\u011flarken, y\u00fcksek verimlili\u011fi ile \u00fcretim s\u00fcre\u00e7lerinde maksimum performans elde etmenizi m\u00fcmk\u00fcn k\u0131lar. \u00d6zellikle <strong data-start=\"317\" data-end=\"329\">otomotiv<\/strong>, <strong data-start=\"331\" data-end=\"349\">savunma sanayi<\/strong> ve <strong data-start=\"353\" data-end=\"368\">a\u011f\u0131r sanayi<\/strong> gibi y\u00fcksek standartlar\u0131n arand\u0131\u011f\u0131 sekt\u00f6rlerde, kusursuz i\u015fleme kalitesiyle \u00f6ne \u00e7\u0131kar. Kullan\u0131c\u0131ya g\u00fcven veren tasar\u0131m\u0131, kesintisiz \u00fcretim i\u00e7in ihtiyac\u0131n\u0131z olan istikrar\u0131 sa\u011flar. KTM RIG-800-PLUS, modern \u00fcretim anlay\u0131\u015f\u0131n\u0131 destekleyen g\u00fc\u00e7l\u00fc altyap\u0131s\u0131yla, i\u015fletmelere hem maliyet avantaj\u0131 hem de kaliteyi bir arada sunar. \u00dcretim hatt\u0131n\u0131za de\u011fer katacak bu y\u00fcksek performansl\u0131 CNC torna tezg\u00e2h\u0131, hassas i\u015fleme teknolojisiyle fark yaratarak rekabet g\u00fcc\u00fcn\u00fcz\u00fc art\u0131r\u0131r.<\/p>","protected":false},"featured_media":0,"comment_status":"open","ping_status":"closed","template":"","meta":[],"product_brand":[210],"product_cat":[178,180],"product_tag":[],"class_list":{"0":"post-11692","1":"product","2":"type-product","3":"status-publish","5":"product_brand-ktm","6":"product_cat-cnc-makineleri","7":"product_cat-cnc-torna","8":"pa_is-mili-devri-rpm-106","9":"pa_isleme-ekseni-2-eksen","10":"pa_isleme-turu-yatay","11":"pa_kontrol-unitesi-fanuc","12":"pa_makine-turu-cnc-yatay-torna","13":"pa_otomasyon-destegi-var","14":"pa_sogutma-tipi-yag","15":"pa_tabla-olcusu-mm-1500x700","16":"pa_takim-degistirici-linear","17":"pa_uretim-mensei-cin","19":"first","20":"instock","21":"shipping-taxable","22":"product-type-simple"},"ct_brands":[{"id":210,"name":"KTM","slug":"ktm"}],"_links":{"self":[{"href":"https:\/\/yuntes.com.tr\/en\/wp-json\/wp\/v2\/product\/11692","targetHints":{"allow":["GET"]}}],"collection":[{"href":"https:\/\/yuntes.com.tr\/en\/wp-json\/wp\/v2\/product"}],"about":[{"href":"https:\/\/yuntes.com.tr\/en\/wp-json\/wp\/v2\/types\/product"}],"replies":[{"embeddable":true,"href":"https:\/\/yuntes.com.tr\/en\/wp-json\/wp\/v2\/comments?post=11692"}],"version-history":[{"count":0,"href":"https:\/\/yuntes.com.tr\/en\/wp-json\/wp\/v2\/product\/11692\/revisions"}],"wp:attachment":[{"href":"https:\/\/yuntes.com.tr\/en\/wp-json\/wp\/v2\/media?parent=11692"}],"wp:term":[{"taxonomy":"product_brand","embeddable":true,"href":"https:\/\/yuntes.com.tr\/en\/wp-json\/wp\/v2\/product_brand?post=11692"},{"taxonomy":"product_cat","embeddable":true,"href":"https:\/\/yuntes.com.tr\/en\/wp-json\/wp\/v2\/product_cat?post=11692"},{"taxonomy":"product_tag","embeddable":true,"href":"https:\/\/yuntes.com.tr\/en\/wp-json\/wp\/v2\/product_tag?post=11692"}],"curies":[{"name":"wp","href":"https:\/\/api.w.org\/{rel}","templated":true}]}}