{"id":11653,"date":"2025-08-07T14:42:42","date_gmt":"2025-08-07T14:42:42","guid":{"rendered":"https:\/\/yun.defnemedia.com\/?post_type=product&#038;p=11653"},"modified":"2025-08-22T14:44:05","modified_gmt":"2025-08-22T11:44:05","slug":"ktm-rig-500-plus-cnc-yatay-torna-tezgahi","status":"publish","type":"product","link":"https:\/\/yuntes.com.tr\/en\/product\/ktm-rig-500-plus-cnc-yatay-torna-tezgahi\/","title":{"rendered":"KTM RIG-500-PLUS CNC Yatay Torna Tezgah\u0131"},"content":{"rendered":"<div data-elementor-type=\"wp-post\" data-elementor-id=\"11653\" class=\"elementor elementor-11653\" data-elementor-post-type=\"product\">\n\t\t\t\t<div class=\"elementor-element elementor-element-52b2d53 e-flex e-con-boxed e-con e-parent\" data-id=\"52b2d53\" data-element_type=\"container\">\n\t\t\t\t\t<div class=\"e-con-inner\">\n\t\t\t\t\t<\/div>\n\t\t\t\t<\/div>\n\t\t<div class=\"elementor-element elementor-element-8c3c2c7 e-flex e-con-boxed e-con e-parent\" data-id=\"8c3c2c7\" data-element_type=\"container\">\n\t\t\t\t\t<div class=\"e-con-inner\">\n\t\t<div class=\"elementor-element elementor-element-d0a7da0 e-con-full e-flex e-con e-child\" data-id=\"d0a7da0\" data-element_type=\"container\">\n\t\t\t\t<\/div>\n\t\t<div class=\"elementor-element elementor-element-7fdcc65 e-con-full e-flex e-con e-child\" data-id=\"7fdcc65\" data-element_type=\"container\">\n\t\t\t\t<\/div>\n\t\t\t\t\t<\/div>\n\t\t\t\t<\/div>\n\t\t<div class=\"elementor-element elementor-element-0406615 e-flex e-con-boxed e-con e-parent\" data-id=\"0406615\" data-element_type=\"container\" data-settings=\"{&quot;background_background&quot;:&quot;classic&quot;}\">\n\t\t\t\t\t<div class=\"e-con-inner\">\n\t\t<div class=\"elementor-element elementor-element-9ec2134 e-con-full e-flex e-con e-child\" data-id=\"9ec2134\" data-element_type=\"container\">\n\t\t\t\t<\/div>\n\t\t\t\t\t<\/div>\n\t\t\t\t<\/div>\n\t\t<div class=\"elementor-element elementor-element-22367a7 e-flex e-con-boxed e-con e-parent\" data-id=\"22367a7\" data-element_type=\"container\">\n\t\t\t\t\t<div class=\"e-con-inner\">\n\t\t<div class=\"elementor-element elementor-element-0b29d0c e-con-full e-flex e-con e-child\" data-id=\"0b29d0c\" data-element_type=\"container\">\n\t\t<div class=\"elementor-element elementor-element-e6e4b9c e-con-full e-flex e-con e-child\" data-id=\"e6e4b9c\" data-element_type=\"container\">\n\t\t\t\t<\/div>\n\t\t<div class=\"elementor-element elementor-element-de10621 e-con-full e-flex e-con e-child\" data-id=\"de10621\" data-element_type=\"container\">\n\t\t\t\t<\/div>\n\t\t<div class=\"elementor-element elementor-element-dc6a439 e-con-full e-flex e-con e-child\" data-id=\"dc6a439\" data-element_type=\"container\">\n\t\t\t\t<\/div>\n\t\t<div class=\"elementor-element elementor-element-df01612 e-con-full e-flex e-con e-child\" data-id=\"df01612\" data-element_type=\"container\">\n\t\t\t\t<\/div>\n\t\t\t\t<\/div>\n\t\t\t\t\t<\/div>\n\t\t\t\t<\/div>\n\t\t\t\t<\/div>","protected":false},"excerpt":{"rendered":"<p>KTM RIG-500-PLUS <strong data-start=\"17\" data-end=\"36\">CNC yatay torna<\/strong>, y\u00fcksek hassasiyetli i\u015fleme kabiliyeti ve dayan\u0131kl\u0131 g\u00f6vde yap\u0131s\u0131yla end\u00fcstriyel \u00fcretim s\u00fcre\u00e7lerinde fark yaratan bir \u00e7\u00f6z\u00fcmd\u00fcr. Sa\u011flam konstr\u00fcksiyonu sayesinde uzun \u00f6m\u00fcrl\u00fc kullan\u0131m sunarken, verimlili\u011fi art\u0131ran yap\u0131s\u0131 ile \u00fcretim hatlar\u0131nda maksimum performans sa\u011flar. \u00d6zellikle <strong data-start=\"314\" data-end=\"326\">otomotiv<\/strong>, <strong data-start=\"328\" data-end=\"346\">savunma sanayi<\/strong> ve <strong data-start=\"350\" data-end=\"365\">a\u011f\u0131r sanayi<\/strong> gibi y\u00fcksek hassasiyet gerektiren sekt\u00f6rlerde g\u00fcvenle tercih edilmektedir. Kullan\u0131c\u0131 dostu yap\u0131s\u0131, kesintisiz \u00fcretim avantaj\u0131 ve g\u00fc\u00e7l\u00fc i\u015fleme kapasitesiyle firmalara hem kalite hem de s\u00fcreklilik kazand\u0131r\u0131r. KTM RIG-500-PLUS, modern \u00fcretim ihtiya\u00e7lar\u0131na cevap veren g\u00fcvenilir bir \u00e7\u00f6z\u00fcm olup, i\u015fletmelerin rekabet g\u00fcc\u00fcn\u00fc art\u0131rmaya y\u00f6nelik profesyonel bir yat\u0131r\u0131m f\u0131rsat\u0131 sunar. Y\u00fcksek performans\u0131 ve sa\u011flaml\u0131\u011f\u0131yla CNC i\u015fleme teknolojilerinde \u00fcst d\u00fczey bir tercih olarak \u00f6ne \u00e7\u0131kar.<\/p>","protected":false},"featured_media":0,"comment_status":"open","ping_status":"closed","template":"","meta":[],"product_brand":[210],"product_cat":[178,180],"product_tag":[],"class_list":{"0":"post-11653","1":"product","2":"type-product","3":"status-publish","5":"product_brand-ktm","6":"product_cat-cnc-makineleri","7":"product_cat-cnc-torna","8":"pa_is-mili-devri-rpm-82","9":"pa_isleme-ekseni-2-eksen","10":"pa_isleme-turu-yatay","11":"pa_kontrol-unitesi-fanuc","12":"pa_makine-turu-cnc-yatay-torna","13":"pa_otomasyon-destegi-var","14":"pa_sogutma-tipi-yag","15":"pa_tabla-olcusu-mm-1500x700","16":"pa_takim-degistirici-linear","17":"pa_uretim-mensei-cin","19":"first","20":"instock","21":"shipping-taxable","22":"product-type-simple"},"ct_brands":[{"id":210,"name":"KTM","slug":"ktm"}],"_links":{"self":[{"href":"https:\/\/yuntes.com.tr\/en\/wp-json\/wp\/v2\/product\/11653","targetHints":{"allow":["GET"]}}],"collection":[{"href":"https:\/\/yuntes.com.tr\/en\/wp-json\/wp\/v2\/product"}],"about":[{"href":"https:\/\/yuntes.com.tr\/en\/wp-json\/wp\/v2\/types\/product"}],"replies":[{"embeddable":true,"href":"https:\/\/yuntes.com.tr\/en\/wp-json\/wp\/v2\/comments?post=11653"}],"version-history":[{"count":0,"href":"https:\/\/yuntes.com.tr\/en\/wp-json\/wp\/v2\/product\/11653\/revisions"}],"wp:attachment":[{"href":"https:\/\/yuntes.com.tr\/en\/wp-json\/wp\/v2\/media?parent=11653"}],"wp:term":[{"taxonomy":"product_brand","embeddable":true,"href":"https:\/\/yuntes.com.tr\/en\/wp-json\/wp\/v2\/product_brand?post=11653"},{"taxonomy":"product_cat","embeddable":true,"href":"https:\/\/yuntes.com.tr\/en\/wp-json\/wp\/v2\/product_cat?post=11653"},{"taxonomy":"product_tag","embeddable":true,"href":"https:\/\/yuntes.com.tr\/en\/wp-json\/wp\/v2\/product_tag?post=11653"}],"curies":[{"name":"wp","href":"https:\/\/api.w.org\/{rel}","templated":true}]}}