{"id":11645,"date":"2025-08-07T14:20:59","date_gmt":"2025-08-07T14:20:59","guid":{"rendered":"https:\/\/yun.defnemedia.com\/?post_type=product&#038;p=11645"},"modified":"2025-08-22T14:30:39","modified_gmt":"2025-08-22T11:30:39","slug":"ktm-11070-m80-kontrollu-cnc-dik-isleme-ctssiz","status":"publish","type":"product","link":"https:\/\/yuntes.com.tr\/en\/product\/ktm-11070-m80-kontrollu-cnc-dik-isleme-ctssiz\/","title":{"rendered":"KTM 11070 M80 Kontroll\u00fc CNC Dik \u0130\u015fleme (CTS&#8217;siz)"},"content":{"rendered":"<div data-elementor-type=\"wp-post\" data-elementor-id=\"11645\" class=\"elementor elementor-11645\" data-elementor-post-type=\"product\">\n\t\t\t\t<div class=\"elementor-element elementor-element-52b2d53 e-flex e-con-boxed e-con e-parent\" data-id=\"52b2d53\" data-element_type=\"container\">\n\t\t\t\t\t<div class=\"e-con-inner\">\n\t\t\t\t\t<\/div>\n\t\t\t\t<\/div>\n\t\t<div class=\"elementor-element elementor-element-8c3c2c7 e-flex e-con-boxed e-con e-parent\" data-id=\"8c3c2c7\" data-element_type=\"container\">\n\t\t\t\t\t<div class=\"e-con-inner\">\n\t\t<div class=\"elementor-element elementor-element-d0a7da0 e-con-full e-flex e-con e-child\" data-id=\"d0a7da0\" data-element_type=\"container\">\n\t\t\t\t<\/div>\n\t\t<div class=\"elementor-element elementor-element-7fdcc65 e-con-full e-flex e-con e-child\" data-id=\"7fdcc65\" data-element_type=\"container\">\n\t\t\t\t<\/div>\n\t\t\t\t\t<\/div>\n\t\t\t\t<\/div>\n\t\t<div class=\"elementor-element elementor-element-0406615 e-flex e-con-boxed e-con e-parent\" data-id=\"0406615\" data-element_type=\"container\" data-settings=\"{&quot;background_background&quot;:&quot;classic&quot;}\">\n\t\t\t\t\t<div class=\"e-con-inner\">\n\t\t<div class=\"elementor-element elementor-element-9ec2134 e-con-full e-flex e-con e-child\" data-id=\"9ec2134\" data-element_type=\"container\">\n\t\t\t\t<\/div>\n\t\t\t\t\t<\/div>\n\t\t\t\t<\/div>\n\t\t<div class=\"elementor-element elementor-element-22367a7 e-flex e-con-boxed e-con e-parent\" data-id=\"22367a7\" data-element_type=\"container\">\n\t\t\t\t\t<div class=\"e-con-inner\">\n\t\t<div class=\"elementor-element elementor-element-0b29d0c e-con-full e-flex e-con e-child\" data-id=\"0b29d0c\" data-element_type=\"container\">\n\t\t<div class=\"elementor-element elementor-element-e6e4b9c e-con-full e-flex e-con e-child\" data-id=\"e6e4b9c\" data-element_type=\"container\">\n\t\t\t\t<\/div>\n\t\t<div class=\"elementor-element elementor-element-de10621 e-con-full e-flex e-con e-child\" data-id=\"de10621\" data-element_type=\"container\">\n\t\t\t\t<\/div>\n\t\t<div class=\"elementor-element elementor-element-dc6a439 e-con-full e-flex e-con e-child\" data-id=\"dc6a439\" data-element_type=\"container\">\n\t\t\t\t<\/div>\n\t\t<div class=\"elementor-element elementor-element-df01612 e-con-full e-flex e-con e-child\" data-id=\"df01612\" data-element_type=\"container\">\n\t\t\t\t<\/div>\n\t\t\t\t<\/div>\n\t\t\t\t\t<\/div>\n\t\t\t\t<\/div>\n\t\t\t\t<\/div>","protected":false},"excerpt":{"rendered":"<p>KTM 11070 M80 Kontroll\u00fc CNC Dik \u0130\u015fleme (CTS\u2019siz), y\u00fcksek hassasiyetli i\u015fleme kabiliyeti ve sa\u011flam g\u00f6vde yap\u0131s\u0131yla end\u00fcstriyel \u00fcretim s\u00fcre\u00e7lerinde g\u00fcvenilir bir \u00e7\u00f6z\u00fcm sunar. CTS\u2019siz yap\u0131s\u0131 sayesinde uzun \u00f6m\u00fcrl\u00fc kullan\u0131m ve d\u00fc\u015f\u00fck bak\u0131m maliyeti sa\u011flayan bu CNC dik i\u015fleme merkezi, verimlili\u011fiyle \u00f6ne \u00e7\u0131kar. Otomotiv, savunma sanayi ve a\u011f\u0131r sanayi gibi zorlu sekt\u00f6rlerde maksimum performans g\u00f6stererek kullan\u0131c\u0131ya y\u00fcksek \u00fcretim kapasitesi ve kalite g\u00fcvencesi verir. G\u00fc\u00e7l\u00fc yap\u0131s\u0131 sayesinde en yo\u011fun i\u015fleme ko\u015fullar\u0131nda dahi istikrarl\u0131 sonu\u00e7lar sunar. Profesyonel \u00fcreticiler i\u00e7in tasarlanan KTM 11070 M80, dayan\u0131kl\u0131l\u0131\u011f\u0131, hassasiyet odakl\u0131 i\u015fleme yetenekleri ve verimlili\u011fi ile i\u015fletmenizin rekabet g\u00fcc\u00fcn\u00fc art\u0131r\u0131r. CNC teknolojisinin sundu\u011fu g\u00fcvenilirlik ve y\u00fcksek performans, bu modeli end\u00fcstriyel \u00fcretim i\u00e7in vazge\u00e7ilmez bir tercih haline getirir.<\/p>","protected":false},"featured_media":14968,"comment_status":"open","ping_status":"closed","template":"","meta":[],"product_brand":[210],"product_cat":[172,178],"product_tag":[],"class_list":{"0":"post-11645","1":"product","2":"type-product","3":"status-publish","4":"has-post-thumbnail","6":"product_brand-ktm","7":"product_cat-cnc-isleme-merkezi","8":"product_cat-cnc-makineleri","9":"pa_is-mili-devri-rpm-103","10":"pa_isleme-ekseni-3-eksen","11":"pa_isleme-turu-dik","12":"pa_kontrol-unitesi-fanuc","13":"pa_makine-turu-cnc-isleme-merkezi","14":"pa_otomasyon-destegi-var","15":"pa_sogutma-tipi-yag","16":"pa_tabla-olcusu-mm-1100x700","17":"pa_takim-degistirici-linear","18":"pa_uretim-mensei-cin","20":"first","21":"instock","22":"shipping-taxable","23":"product-type-simple"},"ct_brands":[{"id":210,"name":"KTM","slug":"ktm"}],"_links":{"self":[{"href":"https:\/\/yuntes.com.tr\/en\/wp-json\/wp\/v2\/product\/11645","targetHints":{"allow":["GET"]}}],"collection":[{"href":"https:\/\/yuntes.com.tr\/en\/wp-json\/wp\/v2\/product"}],"about":[{"href":"https:\/\/yuntes.com.tr\/en\/wp-json\/wp\/v2\/types\/product"}],"replies":[{"embeddable":true,"href":"https:\/\/yuntes.com.tr\/en\/wp-json\/wp\/v2\/comments?post=11645"}],"version-history":[{"count":1,"href":"https:\/\/yuntes.com.tr\/en\/wp-json\/wp\/v2\/product\/11645\/revisions"}],"predecessor-version":[{"id":15820,"href":"https:\/\/yuntes.com.tr\/en\/wp-json\/wp\/v2\/product\/11645\/revisions\/15820"}],"wp:featuredmedia":[{"embeddable":true,"href":"https:\/\/yuntes.com.tr\/en\/wp-json\/wp\/v2\/media\/14968"}],"wp:attachment":[{"href":"https:\/\/yuntes.com.tr\/en\/wp-json\/wp\/v2\/media?parent=11645"}],"wp:term":[{"taxonomy":"product_brand","embeddable":true,"href":"https:\/\/yuntes.com.tr\/en\/wp-json\/wp\/v2\/product_brand?post=11645"},{"taxonomy":"product_cat","embeddable":true,"href":"https:\/\/yuntes.com.tr\/en\/wp-json\/wp\/v2\/product_cat?post=11645"},{"taxonomy":"product_tag","embeddable":true,"href":"https:\/\/yuntes.com.tr\/en\/wp-json\/wp\/v2\/product_tag?post=11645"}],"curies":[{"name":"wp","href":"https:\/\/api.w.org\/{rel}","templated":true}]}}