{"id":11573,"date":"2025-08-07T11:41:51","date_gmt":"2025-08-07T11:41:51","guid":{"rendered":"https:\/\/yun.defnemedia.com\/?post_type=product&#038;p=11573"},"modified":"2025-08-22T11:40:27","modified_gmt":"2025-08-22T08:40:27","slug":"accuway-ut-200-fanuc-kontrollu-cnc-yatay-torna","status":"publish","type":"product","link":"https:\/\/yuntes.com.tr\/en\/product\/accuway-ut-200-fanuc-kontrollu-cnc-yatay-torna\/","title":{"rendered":"ACCUWAY UT-200 Fanuc Kontroll\u00fc CNC Yatay Torna"},"content":{"rendered":"<div data-elementor-type=\"wp-post\" data-elementor-id=\"11573\" class=\"elementor elementor-11573\" data-elementor-post-type=\"product\">\n\t\t\t\t<div class=\"elementor-element elementor-element-52b2d53 e-flex e-con-boxed e-con e-parent\" data-id=\"52b2d53\" data-element_type=\"container\">\n\t\t\t\t\t<div class=\"e-con-inner\">\n\t\t\t\t\t<\/div>\n\t\t\t\t<\/div>\n\t\t<div class=\"elementor-element elementor-element-8c3c2c7 e-flex e-con-boxed e-con e-parent\" data-id=\"8c3c2c7\" data-element_type=\"container\">\n\t\t\t\t\t<div class=\"e-con-inner\">\n\t\t<div class=\"elementor-element elementor-element-d0a7da0 e-con-full e-flex e-con e-child\" data-id=\"d0a7da0\" data-element_type=\"container\">\n\t\t\t\t<\/div>\n\t\t<div class=\"elementor-element elementor-element-7fdcc65 e-con-full e-flex e-con e-child\" data-id=\"7fdcc65\" data-element_type=\"container\">\n\t\t\t\t<\/div>\n\t\t\t\t\t<\/div>\n\t\t\t\t<\/div>\n\t\t<div class=\"elementor-element elementor-element-0406615 e-flex e-con-boxed e-con e-parent\" data-id=\"0406615\" data-element_type=\"container\" data-settings=\"{&quot;background_background&quot;:&quot;classic&quot;}\">\n\t\t\t\t\t<div class=\"e-con-inner\">\n\t\t<div class=\"elementor-element elementor-element-9ec2134 e-con-full e-flex e-con e-child\" data-id=\"9ec2134\" data-element_type=\"container\">\n\t\t\t\t<\/div>\n\t\t\t\t\t<\/div>\n\t\t\t\t<\/div>\n\t\t<div class=\"elementor-element elementor-element-22367a7 e-flex e-con-boxed e-con e-parent\" data-id=\"22367a7\" data-element_type=\"container\">\n\t\t\t\t\t<div class=\"e-con-inner\">\n\t\t<div class=\"elementor-element elementor-element-0b29d0c e-con-full e-flex e-con e-child\" data-id=\"0b29d0c\" data-element_type=\"container\">\n\t\t<div class=\"elementor-element elementor-element-e6e4b9c e-con-full e-flex e-con e-child\" data-id=\"e6e4b9c\" data-element_type=\"container\">\n\t\t\t\t<\/div>\n\t\t<div class=\"elementor-element elementor-element-de10621 e-con-full e-flex e-con e-child\" data-id=\"de10621\" data-element_type=\"container\">\n\t\t\t\t<\/div>\n\t\t<div class=\"elementor-element elementor-element-dc6a439 e-con-full e-flex e-con e-child\" data-id=\"dc6a439\" data-element_type=\"container\">\n\t\t\t\t<\/div>\n\t\t<div class=\"elementor-element elementor-element-df01612 e-con-full e-flex e-con e-child\" data-id=\"df01612\" data-element_type=\"container\">\n\t\t\t\t<\/div>\n\t\t\t\t<\/div>\n\t\t\t\t\t<\/div>\n\t\t\t\t<\/div>\n\t\t\t\t<\/div>","protected":false},"excerpt":{"rendered":"<p><strong>ACCUWAY UT-200 Fanuc Kontroll\u00fc CNC yatay torna<\/strong>, g\u00fc\u00e7l\u00fc g\u00f6vde yap\u0131s\u0131 ve ileri teknolojisiyle modern \u00fcretim hatlar\u0131na \u00fcst\u00fcn performans kazand\u0131r\u0131r. Y\u00fcksek hassasiyetli i\u015fleme kabiliyeti sayesinde otomotiv, savunma sanayi ve a\u011f\u0131r sanayi gibi kritik sekt\u00f6rlerde g\u00fcvenilir \u00e7\u00f6z\u00fcmler sunar. Sa\u011flam tasar\u0131m\u0131, uzun \u00f6m\u00fcrl\u00fc kullan\u0131m avantaj\u0131 ve verimlili\u011fiyle i\u015fletmelerin \u00fcretim kapasitesini art\u0131r\u0131rken, kullan\u0131c\u0131ya her a\u015famada g\u00fcven veren bir i\u015fleme deneyimi sa\u011flar. <strong>ACCUWAY UT-200<\/strong>, hem seri \u00fcretim hem de \u00f6zel par\u00e7a i\u015fleme s\u00fcre\u00e7lerinde stabilite ve kaliteyi bir araya getirerek end\u00fcstriyel \u00fcretim standartlar\u0131n\u0131 y\u00fckseltir. Profesyonel \u00fcretim hatlar\u0131n\u0131n beklentilerini kar\u015f\u0131lamak \u00fczere geli\u015ftirilen bu model, dayan\u0131kl\u0131l\u0131\u011f\u0131 ve i\u015fleme g\u00fcc\u00fcyle i\u015fletmelere rekabet avantaj\u0131 sunar. <strong>ACCUWAY UT-200<\/strong>, g\u00fcvenilirlik ve hassasiyetin birle\u015fti\u011fi noktada \u00fcretim verimlili\u011finizi en \u00fcst seviyeye ta\u015f\u0131r.<\/p>","protected":false},"featured_media":14875,"comment_status":"open","ping_status":"closed","template":"","meta":[],"product_brand":[166],"product_cat":[178,180],"product_tag":[],"class_list":{"0":"post-11573","1":"product","2":"type-product","3":"status-publish","4":"has-post-thumbnail","6":"product_brand-accuway","7":"product_cat-cnc-makineleri","8":"product_cat-cnc-torna","9":"pa_is-mili-devri-rpm-68","10":"pa_isleme-ekseni-3-eksen","11":"pa_isleme-turu-yatay","12":"pa_kontrol-unitesi-fanuc","13":"pa_makine-turu-cnc-torna","14":"pa_otomasyon-destegi-var","15":"pa_sogutma-tipi-yag-su-hava","16":"pa_tabla-olcusu-mm-505x318","17":"pa_takim-degistirici-manuel","18":"pa_uretim-mensei-tayvan","20":"first","21":"instock","22":"shipping-taxable","23":"product-type-simple"},"ct_brands":[{"id":166,"name":"ACCUWAY","slug":"accuway"}],"_links":{"self":[{"href":"https:\/\/yuntes.com.tr\/en\/wp-json\/wp\/v2\/product\/11573","targetHints":{"allow":["GET"]}}],"collection":[{"href":"https:\/\/yuntes.com.tr\/en\/wp-json\/wp\/v2\/product"}],"about":[{"href":"https:\/\/yuntes.com.tr\/en\/wp-json\/wp\/v2\/types\/product"}],"replies":[{"embeddable":true,"href":"https:\/\/yuntes.com.tr\/en\/wp-json\/wp\/v2\/comments?post=11573"}],"version-history":[{"count":0,"href":"https:\/\/yuntes.com.tr\/en\/wp-json\/wp\/v2\/product\/11573\/revisions"}],"wp:featuredmedia":[{"embeddable":true,"href":"https:\/\/yuntes.com.tr\/en\/wp-json\/wp\/v2\/media\/14875"}],"wp:attachment":[{"href":"https:\/\/yuntes.com.tr\/en\/wp-json\/wp\/v2\/media?parent=11573"}],"wp:term":[{"taxonomy":"product_brand","embeddable":true,"href":"https:\/\/yuntes.com.tr\/en\/wp-json\/wp\/v2\/product_brand?post=11573"},{"taxonomy":"product_cat","embeddable":true,"href":"https:\/\/yuntes.com.tr\/en\/wp-json\/wp\/v2\/product_cat?post=11573"},{"taxonomy":"product_tag","embeddable":true,"href":"https:\/\/yuntes.com.tr\/en\/wp-json\/wp\/v2\/product_tag?post=11573"}],"curies":[{"name":"wp","href":"https:\/\/api.w.org\/{rel}","templated":true}]}}