{"id":10633,"date":"2025-08-05T09:05:51","date_gmt":"2025-08-05T09:05:51","guid":{"rendered":"https:\/\/yun.defnemedia.com\/?page_id=10633"},"modified":"2025-08-22T03:21:36","modified_gmt":"2025-08-22T00:21:36","slug":"history","status":"publish","type":"page","link":"https:\/\/yuntes.com.tr\/en\/history\/","title":{"rendered":"History"},"content":{"rendered":"<div data-elementor-type=\"wp-page\" data-elementor-id=\"10633\" class=\"elementor elementor-10633\" data-elementor-post-type=\"page\">\n\t\t\t\t<div class=\"elementor-element elementor-element-0a5fdb8 e-con-full e-flex e-con e-parent\" data-id=\"0a5fdb8\" data-element_type=\"container\">\n\t\t\t\t<div class=\"elementor-element elementor-element-82e238f elementor-widget elementor-widget-slider_revolution\" data-id=\"82e238f\" data-element_type=\"widget\" data-widget_type=\"slider_revolution.default\">\n\t\t\t\t\t\n\t\t<div class=\"wp-block-themepunch-revslider\">\n\t\t\t\t<p class=\"rs-p-wp-fix\"><\/p>\n\t\t\t\t<sr7-module data-alias=\"winery-timeline\" data-id=\"5\" id=\"SR7_5_1\" class=\"rs-respect-topbar rs-ov-hidden\" data-version=\"6.7.35\">\n\t\t\t\t\t<sr7-adjuster><\/sr7-adjuster>\n\t\t\t\t\t<sr7-content>\n\t\t\t\t\t\t<sr7-slide id=\"SR7_5_1-20\" data-key=\"20\">\n\t\t\t\t\t\t\t<sr7-bg id=\"SR7_5_1-20-34\" class=\"sr7-layer\"><noscript><img decoding=\"async\" src=\"https:\/\/yuntes.com.tr\/wp-content\/uploads\/revslider\/winery-timeline\/yuntes1996-scaled.webp\" alt=\"\" title=\"yuntes1996-scaled.webp\"><\/noscript><\/sr7-bg>\n\t\t\t\t\t\t\t<sr7-txt id=\"SR7_5_1-20-4\" class=\"sr7-layer\">0{{current_slide_index}}<\/sr7-txt>\n\t\t\t\t\t\t\t<sr7-txt id=\"SR7_5_1-20-5\" class=\"sr7-layer\">0{{total_slide_count}}<\/sr7-txt>\n\t\t\t\t\t\t\t<sr7-txt id=\"SR7_5_1-20-7\" class=\"sr7-layer\">Kurulu\u015f ve \u0130lk Ad\u0131mlar<\/sr7-txt>\n\t\t\t\t\t\t\t<sr7-txt id=\"SR7_5_1-20-8\" class=\"sr7-layer\">1996<\/sr7-txt>\n\t\t\t\t\t\t\t<sr7-txt id=\"SR7_5_1-20-9\" class=\"sr7-layer\">Our company entered the sector in 1996, starting its operations with the sale of band saws. Two years after our establishment, in 1998, we expanded our product range by adding band saw machines in order to meet customer demands. The customer satisfaction we achieved during this period also led to increasing demand for other industrial machines.<\/sr7-txt>\n\t\t\t\t\t\t\t<sr7-txt id=\"SR7_5_1-20-17\" class=\"sr7-layer\">2025<\/sr7-txt>\n\t\t\t\t\t\t\t<sr7-txt id=\"SR7_5_1-20-23\" class=\"sr7-layer\">2000<\/sr7-txt>\n\t\t\t\t\t\t<\/sr7-slide>\n\t\t\t\t\t\t<sr7-slide id=\"SR7_5_1-21\" data-key=\"21\">\n\t\t\t\t\t\t\t<sr7-bg id=\"SR7_5_1-21-27\" class=\"sr7-layer\"><noscript><img decoding=\"async\" src=\"https:\/\/yuntes.com.tr\/wp-content\/uploads\/revslider\/winery-timeline\/yuntes1996-scaled.webp\" alt=\"\" title=\"yuntes1996-scaled.webp\"><\/noscript><\/sr7-bg>\n\t\t\t\t\t\t\t<sr7-txt id=\"SR7_5_1-21-4\" class=\"sr7-layer\">0{{current_slide_index}}<\/sr7-txt>\n\t\t\t\t\t\t\t<sr7-txt id=\"SR7_5_1-21-5\" class=\"sr7-layer\">0{{total_slide_count}}<\/sr7-txt>\n\t\t\t\t\t\t\t<sr7-txt id=\"SR7_5_1-21-7\" class=\"sr7-layer\">Transition to Machine Tool Sales<\/sr7-txt>\n\t\t\t\t\t\t\t<sr7-txt id=\"SR7_5_1-21-8\" class=\"sr7-layer\">2000<\/sr7-txt>\n\t\t\t\t\t\t\t<sr7-txt id=\"SR7_5_1-21-9\" class=\"sr7-layer\">In line with the strong demand from our customers, we started the sales of second-hand machine tools in 2000. With this product group, which holds an important place in the machining sector, we began offering more comprehensive solutions to industrial manufacturers.<\/sr7-txt>\n\t\t\t\t\t\t\t<sr7-txt id=\"SR7_5_1-21-17\" class=\"sr7-layer\">1996<\/sr7-txt>\n\t\t\t\t\t\t\t<sr7-txt id=\"SR7_5_1-21-23\" class=\"sr7-layer\">2002<\/sr7-txt>\n\t\t\t\t\t\t<\/sr7-slide>\n\t\t\t\t\t\t<sr7-slide id=\"SR7_5_1-22\" data-key=\"22\">\n\t\t\t\t\t\t\t<sr7-bg id=\"SR7_5_1-22-25\" class=\"sr7-layer\"><noscript><img decoding=\"async\" src=\"https:\/\/yuntes.com.tr\/wp-content\/uploads\/revslider\/winery-timeline\/yuntes1996-scaled.webp\" alt=\"\" title=\"yuntes1996-scaled.webp\"><\/noscript><\/sr7-bg>\n\t\t\t\t\t\t\t<sr7-txt id=\"SR7_5_1-22-4\" class=\"sr7-layer\">0{{current_slide_index}}<\/sr7-txt>\n\t\t\t\t\t\t\t<sr7-txt id=\"SR7_5_1-22-5\" class=\"sr7-layer\">0{{total_slide_count}}<\/sr7-txt>\n\t\t\t\t\t\t\t<sr7-txt id=\"SR7_5_1-22-7\" class=\"sr7-layer\">Beginning of Import Activities<\/sr7-txt>\n\t\t\t\t\t\t\t<sr7-txt id=\"SR7_5_1-22-8\" class=\"sr7-layer\">2002<\/sr7-txt>\n\t\t\t\t\t\t\t<sr7-txt id=\"SR7_5_1-22-9\" class=\"sr7-layer\">As of 2002, we began importing both second-hand and new machine tools. By expanding our product range with the machines we brought from abroad, we further strengthened our position in the sector.<\/sr7-txt>\n\t\t\t\t\t\t\t<sr7-txt id=\"SR7_5_1-22-17\" class=\"sr7-layer\">2000<\/sr7-txt>\n\t\t\t\t\t\t\t<sr7-txt id=\"SR7_5_1-22-23\" class=\"sr7-layer\">2004<\/sr7-txt>\n\t\t\t\t\t\t<\/sr7-slide>\n\t\t\t\t\t\t<sr7-slide id=\"SR7_5_1-23\" data-key=\"23\">\n\t\t\t\t\t\t\t<sr7-bg id=\"SR7_5_1-23-32\" class=\"sr7-layer\"><noscript><img decoding=\"async\" src=\"https:\/\/yuntes.com.tr\/wp-content\/uploads\/revslider\/winery-timeline\/yuntes1996-scaled.webp\" alt=\"\" title=\"yuntes1996-scaled.webp\"><\/noscript><\/sr7-bg>\n\t\t\t\t\t\t\t<sr7-txt id=\"SR7_5_1-23-4\" class=\"sr7-layer\">0{{current_slide_index}}<\/sr7-txt>\n\t\t\t\t\t\t\t<sr7-txt id=\"SR7_5_1-23-5\" class=\"sr7-layer\">0{{total_slide_count}}<\/sr7-txt>\n\t\t\t\t\t\t\t<sr7-txt id=\"SR7_5_1-23-7\" class=\"sr7-layer\">Transition to CNC Technology<\/sr7-txt>\n\t\t\t\t\t\t\t<sr7-txt id=\"SR7_5_1-23-8\" class=\"sr7-layer\">2004<\/sr7-txt>\n\t\t\t\t\t\t\t<sr7-txt id=\"SR7_5_1-23-9\" class=\"sr7-layer\">With the rapid advancement of technology, we initiated our work on CNC machines. To acquire the technical knowledge required by CNC technology, we invested in training processes, and in 2005, we added 2-axis and 3-axis CNC machines to our product range for the first time.<\/sr7-txt>\n\t\t\t\t\t\t\t<sr7-txt id=\"SR7_5_1-23-17\" class=\"sr7-layer\">2002<\/sr7-txt>\n\t\t\t\t\t\t\t<sr7-txt id=\"SR7_5_1-23-23\" class=\"sr7-layer\">2008<\/sr7-txt>\n\t\t\t\t\t\t<\/sr7-slide>\n\t\t\t\t\t\t<sr7-slide id=\"SR7_5_1-24\" data-key=\"24\">\n\t\t\t\t\t\t\t<sr7-bg id=\"SR7_5_1-24-35\" class=\"sr7-layer\"><noscript><img decoding=\"async\" src=\"https:\/\/yuntes.com.tr\/wp-content\/uploads\/revslider\/winery-timeline\/yuntes1996-scaled.webp\" alt=\"\" title=\"yuntes1996-scaled.webp\"><\/noscript><\/sr7-bg>\n\t\t\t\t\t\t\t<sr7-txt id=\"SR7_5_1-24-4\" class=\"sr7-layer\">0{{current_slide_index}}<\/sr7-txt>\n\t\t\t\t\t\t\t<sr7-txt id=\"SR7_5_1-24-5\" class=\"sr7-layer\">0{{total_slide_count}}<\/sr7-txt>\n\t\t\t\t\t\t\t<sr7-txt id=\"SR7_5_1-24-7\" class=\"sr7-layer\">Branching Process<\/sr7-txt>\n\t\t\t\t\t\t\t<sr7-txt id=\"SR7_5_1-24-8\" class=\"sr7-layer\">2008<\/sr7-txt>\n\t\t\t\t\t\t\t<sr7-txt id=\"SR7_5_1-24-9\" class=\"sr7-layer\">Our success in CNC machines enabled us to acquire new distributorships and expand our product portfolio. In the same year, we opened our Istanbul branch, broadening our operational scope. Following this, we launched our Ankara and Adana branches in 2010, and our Izmir and Bursa branches in 2012. Through this branching process, we succeeded in reaching a wider customer base across T\u00fcrkiye.<\/sr7-txt>\n\t\t\t\t\t\t\t<sr7-txt id=\"SR7_5_1-24-17\" class=\"sr7-layer\">2004<\/sr7-txt>\n\t\t\t\t\t\t\t<sr7-txt id=\"SR7_5_1-24-23\" class=\"sr7-layer\">2015<\/sr7-txt>\n\t\t\t\t\t\t<\/sr7-slide>\n\t\t\t\t\t\t<sr7-slide id=\"SR7_5_1-25\" data-key=\"25\">\n\t\t\t\t\t\t\t<sr7-bg id=\"SR7_5_1-25-36\" class=\"sr7-layer\"><noscript><img decoding=\"async\" src=\"https:\/\/yuntes.com.tr\/wp-content\/uploads\/revslider\/winery-timeline\/yuntes1996-scaled.webp\" alt=\"\" title=\"yuntes1996-scaled.webp\"><\/noscript><\/sr7-bg>\n\t\t\t\t\t\t\t<sr7-txt id=\"SR7_5_1-25-4\" class=\"sr7-layer\">0{{current_slide_index}}<\/sr7-txt>\n\t\t\t\t\t\t\t<sr7-txt id=\"SR7_5_1-25-5\" class=\"sr7-layer\">0{{total_slide_count}}<\/sr7-txt>\n\t\t\t\t\t\t\t<sr7-txt id=\"SR7_5_1-25-7\" class=\"sr7-layer\">Transition to Forklift Production<\/sr7-txt>\n\t\t\t\t\t\t\t<sr7-txt id=\"SR7_5_1-25-8\" class=\"sr7-layer\">2015<\/sr7-txt>\n\t\t\t\t\t\t\t<sr7-txt id=\"SR7_5_1-25-9\" class=\"sr7-layer\">In order to support domestic production in T\u00fcrkiye, we initiated R&amp;D activities for forklift manufacturing in 2015. In 2016, we transformed forklift production into mass manufacturing under the \"Spartek\" brand. To secure a strong position in both domestic and international markets, we continued to expand our production capacity and product diversity.<\/sr7-txt>\n\t\t\t\t\t\t\t<sr7-txt id=\"SR7_5_1-25-17\" class=\"sr7-layer\">2008<\/sr7-txt>\n\t\t\t\t\t\t\t<sr7-txt id=\"SR7_5_1-25-23\" class=\"sr7-layer\">2017<\/sr7-txt>\n\t\t\t\t\t\t<\/sr7-slide>\n\t\t\t\t\t\t<sr7-slide id=\"SR7_5_1-26\" data-key=\"26\">\n\t\t\t\t\t\t\t<sr7-bg id=\"SR7_5_1-26-37\" class=\"sr7-layer\"><noscript><img decoding=\"async\" src=\"https:\/\/yuntes.com.tr\/wp-content\/uploads\/revslider\/winery-timeline\/yuntes1996-scaled.webp\" alt=\"\" title=\"yuntes1996-scaled.webp\"><\/noscript><\/sr7-bg>\n\t\t\t\t\t\t\t<sr7-txt id=\"SR7_5_1-26-4\" class=\"sr7-layer\">0{{current_slide_index}}<\/sr7-txt>\n\t\t\t\t\t\t\t<sr7-txt id=\"SR7_5_1-26-5\" class=\"sr7-layer\">0{{total_slide_count}}<\/sr7-txt>\n\t\t\t\t\t\t\t<sr7-txt id=\"SR7_5_1-26-7\" class=\"sr7-layer\">Institutionalization and Technology Investments<\/sr7-txt>\n\t\t\t\t\t\t\t<sr7-txt id=\"SR7_5_1-26-8\" class=\"sr7-layer\">2017<\/sr7-txt>\n\t\t\t\t\t\t\t<sr7-txt id=\"SR7_5_1-26-9\" class=\"sr7-layer\">In 2017, we accelerated our institutionalization processes and strengthened our infrastructure by closely following technological advancements. In 2018, we successfully overcame the crisis period and continued our investments without interruption.<\/sr7-txt>\n\t\t\t\t\t\t\t<sr7-txt id=\"SR7_5_1-26-17\" class=\"sr7-layer\">2015<\/sr7-txt>\n\t\t\t\t\t\t\t<sr7-txt id=\"SR7_5_1-26-23\" class=\"sr7-layer\">2025<\/sr7-txt>\n\t\t\t\t\t\t<\/sr7-slide>\n\t\t\t\t\t\t<sr7-slide id=\"SR7_5_1-27\" data-key=\"27\">\n\t\t\t\t\t\t\t<sr7-bg id=\"SR7_5_1-27-37\" class=\"sr7-layer\"><noscript><img decoding=\"async\" src=\"https:\/\/yuntes.com.tr\/wp-content\/uploads\/revslider\/winery-timeline\/yuntes1996-scaled.webp\" alt=\"\" title=\"yuntes1996-scaled.webp\"><\/noscript><\/sr7-bg>\n\t\t\t\t\t\t\t<sr7-txt id=\"SR7_5_1-27-4\" class=\"sr7-layer\">0{{current_slide_index}}<\/sr7-txt>\n\t\t\t\t\t\t\t<sr7-txt id=\"SR7_5_1-27-5\" class=\"sr7-layer\">0{{total_slide_count}}<\/sr7-txt>\n\t\t\t\t\t\t\t<sr7-txt id=\"SR7_5_1-27-7\" class=\"sr7-layer\">Our Vision for Today and the Future<\/sr7-txt>\n\t\t\t\t\t\t\t<sr7-txt id=\"SR7_5_1-27-8\" class=\"sr7-layer\">2025<\/sr7-txt>\n\t\t\t\t\t\t\t<sr7-txt id=\"SR7_5_1-27-9\" class=\"sr7-layer\">Today, as a recognized and trusted brand across T\u00fcrkiye, we operate in the fields of CNC machines, machine tools, and forklift production. By expanding our distributorship network, we deliver advanced technology products from various regions of the world such as Europe, the Far East, and Japan to our customers. In the future, we will continue to strengthen our corporate structure, maximize customer satisfaction, and maintain our leadership in the sector.<br \/>\n<br \/>\n<\/sr7-txt>\n\t\t\t\t\t\t\t<sr7-txt id=\"SR7_5_1-27-17\" class=\"sr7-layer\">2012<\/sr7-txt>\n\t\t\t\t\t\t\t<sr7-txt id=\"SR7_5_1-27-23\" class=\"sr7-layer\">1996<\/sr7-txt>\n\t\t\t\t\t\t<\/sr7-slide>\n\t\t\t\t\t\t<sr7-slide id=\"SR7_5_1-28\" data-key=\"28\">\n\t\t\t\t\t\t<\/sr7-slide>\n\t\t\t\t\t<\/sr7-content>\n\t\t\t\t\t<image_lists style=\"display:none\">\n\t\t\t\t\t\t<img data-src=\"\/\/yuntes.com.tr\/wp-content\/uploads\/revslider\/winery-timeline\/yuntes1996-scaled.webp\" data-libid=\"14788\" data-lib=\"medialibrary\" title=\"yuntes1996-scaled.webp\" width=\"0\" height=\"0\" data-dbsrc=\"Ly95dW50ZXMuY29tLnRyL3dwLWNvbnRlbnQvdXBsb2Fkcy9yZXZzbGlkZXIvd2luZXJ5LXRpbWVsaW5lL3l1bnRlczE5OTYtc2NhbGVkLndlYnA=\"\/>\n\t\t\t\t\t\t<img data-src=\"\/\/yuntes.com.tr\/wp-content\/uploads\/revslider\/winery-timeline\/arrow-right_1.svg\" width=\"0\" height=\"0\" data-dbsrc=\"Ly95dW50ZXMuY29tLnRyL3dwLWNvbnRlbnQvdXBsb2Fkcy9yZXZzbGlkZXIvd2luZXJ5LXRpbWVsaW5lL2Fycm93LXJpZ2h0XzEuc3Zn\"\/>\n\t\t\t\t\t\t<img data-src=\"\/\/yuntes.com.tr\/wp-content\/uploads\/revslider\/winery-timeline\/arrow-left_1.svg\" width=\"0\" height=\"0\" data-dbsrc=\"Ly95dW50ZXMuY29tLnRyL3dwLWNvbnRlbnQvdXBsb2Fkcy9yZXZzbGlkZXIvd2luZXJ5LXRpbWVsaW5lL2Fycm93LWxlZnRfMS5zdmc=\"\/>\n\t\t\t\t\t<\/image_lists>\n\t\t\t\t<\/sr7-module>\n\t\t\t\t<script>\n\t\t\t\t\tSR7.PMH ??={}; SR7.PMH[\"SR7_5_1\"] = {cn:100,state:false,fn: function() { if (_tpt!==undefined && _tpt.prepareModuleHeight !== undefined) {  _tpt.prepareModuleHeight({id:\"SR7_5_1\",el:[900,900,768,960,720],type:'standard',shdw:'0',gh:[900,900,768,960,720],gw:[1240,1240,1024,778,480],vpt:['200px&#039;,&#039;200px&#039;,&#039;200px&#039;,&#039;200px&#039;,&#039;200px'],size:{fullWidth:true, fullHeight:true},fho:'#masthead,',mh:'0',onh:0,onw:0,bg:{color:'{\"orig\":\"transparent\",\"type\":\"solid\",\"string\":\"transparent\"}'}});   SR7.PMH[\"SR7_5_1\"].state=true;} else if(SR7.PMH[\"SR7_5_1\"].cn-->0)\tsetTimeout( SR7.PMH[\"SR7_5_1\"].fn,19);}};SR7.PMH[\"SR7_5_1\" ].fn();\n\t\t\t\t<\/script>\n<\/div>\n\n\t\t<style id=\"core-82e238f-core-block-supports-inline-css\"><\/style>\t\t\t\t<\/div>\n\t\t\t\t<\/div>\n\t\t\t\t<\/div>","protected":false},"excerpt":{"rendered":"","protected":false},"author":1,"featured_media":0,"parent":0,"menu_order":0,"comment_status":"closed","ping_status":"closed","template":"","meta":{"footnotes":""},"class_list":["post-10633","page","type-page","status-publish","hentry"],"blocksy_meta":[],"_links":{"self":[{"href":"https:\/\/yuntes.com.tr\/en\/wp-json\/wp\/v2\/pages\/10633","targetHints":{"allow":["GET"]}}],"collection":[{"href":"https:\/\/yuntes.com.tr\/en\/wp-json\/wp\/v2\/pages"}],"about":[{"href":"https:\/\/yuntes.com.tr\/en\/wp-json\/wp\/v2\/types\/page"}],"author":[{"embeddable":true,"href":"https:\/\/yuntes.com.tr\/en\/wp-json\/wp\/v2\/users\/1"}],"replies":[{"embeddable":true,"href":"https:\/\/yuntes.com.tr\/en\/wp-json\/wp\/v2\/comments?post=10633"}],"version-history":[{"count":0,"href":"https:\/\/yuntes.com.tr\/en\/wp-json\/wp\/v2\/pages\/10633\/revisions"}],"wp:attachment":[{"href":"https:\/\/yuntes.com.tr\/en\/wp-json\/wp\/v2\/media?parent=10633"}],"curies":[{"name":"wp","href":"https:\/\/api.w.org\/{rel}","templated":true}]}}