{"id":32126,"date":"2025-10-07T11:06:35","date_gmt":"2025-10-07T08:06:35","guid":{"rendered":"https:\/\/yuntes.com.tr\/?post_type=product&#038;p=32126"},"modified":"2025-10-07T11:06:36","modified_gmt":"2025-10-07T08:06:36","slug":"ydm-oree-laser-th-series-6035","status":"publish","type":"product","link":"https:\/\/yuntes.com.tr\/de\/produkt\/ydm-oree-laser-th-series-6035\/","title":{"rendered":"YDM \u2013 Oree Laser TH Series 6035"},"content":{"rendered":"","protected":false},"excerpt":{"rendered":"<p>Daha kolay s\u00f6kme ve bak\u0131m i\u00e7in basitle\u015ftirilmi\u015f tasar\u0131m\u0131yla daha y\u00fcksek iletim verimlili\u011fi sunar ve yuvarlak, kare, dikd\u00f6rtgen ve d\u00fczensiz borular\u0131n ak\u0131ll\u0131ca tan\u0131mlanmas\u0131n\u0131 ve sabit bir \u015fekilde s\u0131k\u0131\u015ft\u0131r\u0131lmas\u0131n\u0131 destekler. H\u0131zl\u0131 kesim tepkisi ve g\u00fcvenilir hassasiyeti, y\u00fcksek h\u0131zl\u0131 ve y\u00fcksek kaliteli \u00fcretim taleplerini kar\u015f\u0131lar.<\/p>\n<p>Uzun i\u015f par\u00e7as\u0131 i\u015fleme i\u00e7in tasarlanan ileri hareket eden ayna, desteksiz boru uzunlu\u011funu azaltarak s\u0131k\u0131\u015ft\u0131rma stabilitesini ve kesme hassasiyetini art\u0131r\u0131r.<\/p>\n<p>Ak\u0131ll\u0131 otomatik y\u00fckleme \u00f6zelli\u011fiyle donat\u0131lan makine, tamamen otomatik malzeme y\u00fckleme olana\u011f\u0131 sunarak manuel m\u00fcdahaleyi \u00f6nemli \u00f6l\u00e7\u00fcde azalt\u0131r ve genel \u00fcretim verimlili\u011fini art\u0131r\u0131r.<\/p>\n<p>Optimize edilmi\u015f yap\u0131sal d\u00fczen ve kesme yolu tasar\u0131m\u0131 sayesinde sistem, ultra k\u0131sa hurda kesimi ger\u00e7ekle\u015ftirerek malzeme israf\u0131n\u0131 en aza indirir. Geleneksel \u00e7\u00f6z\u00fcmlere k\u0131yasla, maliyet kontrol\u00fcn\u00fcn kritik \u00f6nem ta\u015f\u0131d\u0131\u011f\u0131 toplu \u00fcretim senaryolar\u0131 i\u00e7in ideal olan bu sistem, malzeme kullan\u0131m\u0131n\u0131 b\u00fcy\u00fck \u00f6l\u00e7\u00fcde iyile\u015ftirir.<\/p>","protected":false},"featured_media":32127,"comment_status":"closed","ping_status":"closed","template":"","meta":[],"product_brand":[701],"product_cat":[174,212],"product_tag":[],"class_list":{"0":"post-32126","1":"product","2":"type-product","3":"status-publish","4":"has-post-thumbnail","6":"product_brand-ydm","7":"product_cat-cnc-lazer-boru-profil-kesim-makinesi","8":"product_cat-lazer-kesim-makineleri","10":"first","11":"instock","12":"shipping-taxable","13":"product-type-simple"},"ct_brands":[{"id":701,"name":"YDM","slug":"ydm"}],"_links":{"self":[{"href":"https:\/\/yuntes.com.tr\/de\/wp-json\/wp\/v2\/product\/32126","targetHints":{"allow":["GET"]}}],"collection":[{"href":"https:\/\/yuntes.com.tr\/de\/wp-json\/wp\/v2\/product"}],"about":[{"href":"https:\/\/yuntes.com.tr\/de\/wp-json\/wp\/v2\/types\/product"}],"replies":[{"embeddable":true,"href":"https:\/\/yuntes.com.tr\/de\/wp-json\/wp\/v2\/comments?post=32126"}],"version-history":[{"count":2,"href":"https:\/\/yuntes.com.tr\/de\/wp-json\/wp\/v2\/product\/32126\/revisions"}],"predecessor-version":[{"id":32198,"href":"https:\/\/yuntes.com.tr\/de\/wp-json\/wp\/v2\/product\/32126\/revisions\/32198"}],"wp:featuredmedia":[{"embeddable":true,"href":"https:\/\/yuntes.com.tr\/de\/wp-json\/wp\/v2\/media\/32127"}],"wp:attachment":[{"href":"https:\/\/yuntes.com.tr\/de\/wp-json\/wp\/v2\/media?parent=32126"}],"wp:term":[{"taxonomy":"product_brand","embeddable":true,"href":"https:\/\/yuntes.com.tr\/de\/wp-json\/wp\/v2\/product_brand?post=32126"},{"taxonomy":"product_cat","embeddable":true,"href":"https:\/\/yuntes.com.tr\/de\/wp-json\/wp\/v2\/product_cat?post=32126"},{"taxonomy":"product_tag","embeddable":true,"href":"https:\/\/yuntes.com.tr\/de\/wp-json\/wp\/v2\/product_tag?post=32126"}],"curies":[{"name":"wp","href":"https:\/\/api.w.org\/{rel}","templated":true}]}}