{"id":32088,"date":"2025-10-07T09:16:34","date_gmt":"2025-10-07T06:16:34","guid":{"rendered":"https:\/\/yuntes.com.tr\/?post_type=product&#038;p=32088"},"modified":"2025-10-07T09:16:35","modified_gmt":"2025-10-07T06:16:35","slug":"ydm-oree-laser-pg-series-3015","status":"publish","type":"product","link":"https:\/\/yuntes.com.tr\/de\/produkt\/ydm-oree-laser-pg-series-3015\/","title":{"rendered":"YDM &#8211; Oree Laser PG Series 3015"},"content":{"rendered":"","protected":false},"excerpt":{"rendered":"<p>30 mm&#8217;den 120 mm&#8217;ye kadar ultra kal\u0131n sa\u00e7lar\u0131 zahmetsizce i\u015fler. Y\u00fcksek g\u00fc\u00e7l\u00fc lazer kayna\u011f\u0131yla donat\u0131lm\u0131\u015f olup, derin penetrasyon, y\u00fcksek h\u0131zl\u0131 kesim ve istikrarl\u0131 performans sunar.<\/p>","protected":false},"featured_media":32090,"comment_status":"closed","ping_status":"closed","template":"","meta":[],"product_brand":[701],"product_cat":[176,212],"product_tag":[],"class_list":{"0":"post-32088","1":"product","2":"type-product","3":"status-publish","4":"has-post-thumbnail","6":"product_brand-ydm","7":"product_cat-cnc-lazer-sac-levha-kesim-makinesi","8":"product_cat-lazer-kesim-makineleri","10":"first","11":"instock","12":"shipping-taxable","13":"product-type-simple"},"ct_brands":[{"id":701,"name":"YDM","slug":"ydm"}],"_links":{"self":[{"href":"https:\/\/yuntes.com.tr\/de\/wp-json\/wp\/v2\/product\/32088","targetHints":{"allow":["GET"]}}],"collection":[{"href":"https:\/\/yuntes.com.tr\/de\/wp-json\/wp\/v2\/product"}],"about":[{"href":"https:\/\/yuntes.com.tr\/de\/wp-json\/wp\/v2\/types\/product"}],"replies":[{"embeddable":true,"href":"https:\/\/yuntes.com.tr\/de\/wp-json\/wp\/v2\/comments?post=32088"}],"version-history":[{"count":1,"href":"https:\/\/yuntes.com.tr\/de\/wp-json\/wp\/v2\/product\/32088\/revisions"}],"predecessor-version":[{"id":32091,"href":"https:\/\/yuntes.com.tr\/de\/wp-json\/wp\/v2\/product\/32088\/revisions\/32091"}],"wp:featuredmedia":[{"embeddable":true,"href":"https:\/\/yuntes.com.tr\/de\/wp-json\/wp\/v2\/media\/32090"}],"wp:attachment":[{"href":"https:\/\/yuntes.com.tr\/de\/wp-json\/wp\/v2\/media?parent=32088"}],"wp:term":[{"taxonomy":"product_brand","embeddable":true,"href":"https:\/\/yuntes.com.tr\/de\/wp-json\/wp\/v2\/product_brand?post=32088"},{"taxonomy":"product_cat","embeddable":true,"href":"https:\/\/yuntes.com.tr\/de\/wp-json\/wp\/v2\/product_cat?post=32088"},{"taxonomy":"product_tag","embeddable":true,"href":"https:\/\/yuntes.com.tr\/de\/wp-json\/wp\/v2\/product_tag?post=32088"}],"curies":[{"name":"wp","href":"https:\/\/api.w.org\/{rel}","templated":true}]}}