{"id":11987,"date":"2025-08-09T17:26:04","date_gmt":"2025-08-09T17:26:04","guid":{"rendered":"https:\/\/yun.defnemedia.com\/?post_type=product&#038;p=11987"},"modified":"2025-12-11T11:14:01","modified_gmt":"2025-12-11T08:14:01","slug":"wele-vq-1060-kayisli-cnc-dik-isleme-merkezi","status":"publish","type":"product","link":"https:\/\/yuntes.com.tr\/de\/produkt\/wele-vq-1060-kayisli-cnc-dik-isleme-merkezi\/","title":{"rendered":"WELE VQ 1060 Kay\u0131\u015fl\u0131 CNC Dik \u0130\u015fleme Merkezi"},"content":{"rendered":"<div data-elementor-type=\"wp-post\" data-elementor-id=\"11987\" class=\"elementor elementor-11987\" data-elementor-post-type=\"product\">\n\t\t\t\t<div class=\"elementor-element elementor-element-52b2d53 e-flex e-con-boxed e-con e-parent\" data-id=\"52b2d53\" data-element_type=\"container\">\n\t\t\t\t\t<div class=\"e-con-inner\">\n\t\t\t\t\t<\/div>\n\t\t\t\t<\/div>\n\t\t<div class=\"elementor-element elementor-element-8c3c2c7 e-flex e-con-boxed e-con e-parent\" data-id=\"8c3c2c7\" data-element_type=\"container\">\n\t\t\t\t\t<div class=\"e-con-inner\">\n\t\t<div class=\"elementor-element elementor-element-d0a7da0 e-con-full e-flex e-con e-child\" data-id=\"d0a7da0\" data-element_type=\"container\">\n\t\t\t\t<\/div>\n\t\t<div class=\"elementor-element elementor-element-7fdcc65 e-con-full e-flex e-con e-child\" data-id=\"7fdcc65\" data-element_type=\"container\">\n\t\t\t\t<\/div>\n\t\t\t\t\t<\/div>\n\t\t\t\t<\/div>\n\t\t<div class=\"elementor-element elementor-element-0406615 e-flex e-con-boxed e-con e-parent\" data-id=\"0406615\" data-element_type=\"container\" data-settings=\"{&quot;background_background&quot;:&quot;classic&quot;}\">\n\t\t\t\t\t<div class=\"e-con-inner\">\n\t\t<div class=\"elementor-element elementor-element-9ec2134 e-con-full e-flex e-con e-child\" data-id=\"9ec2134\" data-element_type=\"container\">\n\t\t\t\t<\/div>\n\t\t\t\t\t<\/div>\n\t\t\t\t<\/div>\n\t\t<div class=\"elementor-element elementor-element-22367a7 e-flex e-con-boxed e-con e-parent\" data-id=\"22367a7\" data-element_type=\"container\">\n\t\t\t\t\t<div class=\"e-con-inner\">\n\t\t<div class=\"elementor-element elementor-element-0b29d0c e-con-full e-flex e-con e-child\" data-id=\"0b29d0c\" data-element_type=\"container\">\n\t\t<div class=\"elementor-element elementor-element-e6e4b9c e-con-full e-flex e-con e-child\" data-id=\"e6e4b9c\" data-element_type=\"container\">\n\t\t\t\t<\/div>\n\t\t<div class=\"elementor-element elementor-element-de10621 e-con-full e-flex e-con e-child\" data-id=\"de10621\" data-element_type=\"container\">\n\t\t\t\t<\/div>\n\t\t<div class=\"elementor-element elementor-element-dc6a439 e-con-full e-flex e-con e-child\" data-id=\"dc6a439\" data-element_type=\"container\">\n\t\t\t\t<\/div>\n\t\t<div class=\"elementor-element elementor-element-df01612 e-con-full e-flex e-con e-child\" data-id=\"df01612\" data-element_type=\"container\">\n\t\t\t\t<\/div>\n\t\t\t\t<\/div>\n\t\t\t\t\t<\/div>\n\t\t\t\t<\/div>\n\t\t\t\t<\/div>","protected":false},"excerpt":{"rendered":"<p data-start=\"0\" data-end=\"407\">WELE VQ 1060 Kay\u0131\u015fl\u0131 CNC Dik \u0130\u015fleme Merkezi, end\u00fcstriyel \u00fcretimde y\u00fcksek hassasiyetli i\u015fleme \u00e7\u00f6z\u00fcmleri sunmak i\u00e7in tasarlanm\u0131\u015ft\u0131r. Sa\u011flam g\u00f6vde yap\u0131s\u0131 ve uzun \u00f6m\u00fcrl\u00fc kullan\u0131m avantaj\u0131yla \u00f6ne \u00e7\u0131kan bu makine, a\u011f\u0131r sanayi ko\u015fullar\u0131nda dahi g\u00fcvenilir performans sa\u011flar. Y\u00fcksek verimlilik odakl\u0131 tasar\u0131m\u0131 sayesinde \u00fcretim s\u00fcre\u00e7lerinde h\u0131z ve kaliteyi bir arada sunarak i\u015fletmelere rekabet avantaj\u0131 kazand\u0131r\u0131r.<\/p>\n<p data-start=\"409\" data-end=\"839\" data-is-last-node=\"\" data-is-only-node=\"\">Otomotiv, savunma sanayi ve a\u011f\u0131r sanayi gibi zorlu sekt\u00f6rlerde geni\u015f kullan\u0131m alan\u0131na sahip olan WELE VQ 1060, CNC Dik \u0130\u015fleme Merkezi teknolojisinde g\u00fcvenilirli\u011fi ve dayan\u0131kl\u0131l\u0131\u011f\u0131yla fark yarat\u0131r. Kullan\u0131c\u0131 dostu yap\u0131s\u0131 ve \u00fcst\u00fcn i\u015fleme kabiliyeti, hassas par\u00e7alar\u0131n \u00fcretiminde maksimum do\u011fruluk sa\u011flar. Y\u00fcksek hassasiyetli i\u015fleme g\u00fcc\u00fcyle \u00fcretim hatt\u0131n\u0131za de\u011fer katan bu makine, profesyonel end\u00fcstriyel \u00fcretim i\u00e7in do\u011fru tercihtir.<\/p>","protected":false},"featured_media":15802,"comment_status":"open","ping_status":"closed","template":"","meta":[],"product_brand":[232],"product_cat":[172,178],"product_tag":[],"class_list":{"0":"post-11987","1":"product","2":"type-product","3":"status-publish","4":"has-post-thumbnail","6":"product_brand-wele","7":"product_cat-cnc-isleme-merkezi","8":"product_cat-cnc-makineleri","9":"pa_is-mili-devri-rpm-121","10":"pa_isleme-ekseni-3-eksen","11":"pa_isleme-turu-dik","12":"pa_kontrol-unitesi-mitsubishi","13":"pa_makine-turu-cnc-isleme-merkezi","14":"pa_otomasyon-destegi-var","15":"pa_sogutma-tipi-yag","16":"pa_tabla-olcusu-mm-1150x600","17":"pa_takim-degistirici-carousel-doner","18":"pa_uretim-mensei-tayvan","20":"first","21":"instock","22":"shipping-taxable","23":"product-type-simple"},"ct_brands":[{"id":232,"name":"WELE","slug":"wele"}],"_links":{"self":[{"href":"https:\/\/yuntes.com.tr\/de\/wp-json\/wp\/v2\/product\/11987","targetHints":{"allow":["GET"]}}],"collection":[{"href":"https:\/\/yuntes.com.tr\/de\/wp-json\/wp\/v2\/product"}],"about":[{"href":"https:\/\/yuntes.com.tr\/de\/wp-json\/wp\/v2\/types\/product"}],"replies":[{"embeddable":true,"href":"https:\/\/yuntes.com.tr\/de\/wp-json\/wp\/v2\/comments?post=11987"}],"version-history":[{"count":1,"href":"https:\/\/yuntes.com.tr\/de\/wp-json\/wp\/v2\/product\/11987\/revisions"}],"predecessor-version":[{"id":15812,"href":"https:\/\/yuntes.com.tr\/de\/wp-json\/wp\/v2\/product\/11987\/revisions\/15812"}],"wp:featuredmedia":[{"embeddable":true,"href":"https:\/\/yuntes.com.tr\/de\/wp-json\/wp\/v2\/media\/15802"}],"wp:attachment":[{"href":"https:\/\/yuntes.com.tr\/de\/wp-json\/wp\/v2\/media?parent=11987"}],"wp:term":[{"taxonomy":"product_brand","embeddable":true,"href":"https:\/\/yuntes.com.tr\/de\/wp-json\/wp\/v2\/product_brand?post=11987"},{"taxonomy":"product_cat","embeddable":true,"href":"https:\/\/yuntes.com.tr\/de\/wp-json\/wp\/v2\/product_cat?post=11987"},{"taxonomy":"product_tag","embeddable":true,"href":"https:\/\/yuntes.com.tr\/de\/wp-json\/wp\/v2\/product_tag?post=11987"}],"curies":[{"name":"wp","href":"https:\/\/api.w.org\/{rel}","templated":true}]}}