{"id":11979,"date":"2025-08-09T16:41:48","date_gmt":"2025-08-09T16:41:48","guid":{"rendered":"https:\/\/yun.defnemedia.com\/?post_type=product&#038;p=11979"},"modified":"2025-12-11T10:26:11","modified_gmt":"2025-12-11T07:26:11","slug":"wele-vb-215-kopru-tipi-isleme-merkezi","status":"publish","type":"product","link":"https:\/\/yuntes.com.tr\/de\/produkt\/wele-vb-215-kopru-tipi-isleme-merkezi\/","title":{"rendered":"WELE VB 215 K\u00f6pr\u00fc Tipi \u0130\u015fleme Merkezi"},"content":{"rendered":"<div data-elementor-type=\"wp-post\" data-elementor-id=\"11979\" class=\"elementor elementor-11979\" data-elementor-post-type=\"product\">\n\t\t\t\t<div class=\"elementor-element elementor-element-52b2d53 e-flex e-con-boxed e-con e-parent\" data-id=\"52b2d53\" data-element_type=\"container\">\n\t\t\t\t\t<div class=\"e-con-inner\">\n\t\t\t\t\t<\/div>\n\t\t\t\t<\/div>\n\t\t<div class=\"elementor-element elementor-element-8c3c2c7 e-flex e-con-boxed e-con e-parent\" data-id=\"8c3c2c7\" data-element_type=\"container\">\n\t\t\t\t\t<div class=\"e-con-inner\">\n\t\t<div class=\"elementor-element elementor-element-d0a7da0 e-con-full e-flex e-con e-child\" data-id=\"d0a7da0\" data-element_type=\"container\">\n\t\t\t\t<\/div>\n\t\t<div class=\"elementor-element elementor-element-7fdcc65 e-con-full e-flex e-con e-child\" data-id=\"7fdcc65\" data-element_type=\"container\">\n\t\t\t\t<\/div>\n\t\t\t\t\t<\/div>\n\t\t\t\t<\/div>\n\t\t<div class=\"elementor-element elementor-element-0406615 e-flex e-con-boxed e-con e-parent\" data-id=\"0406615\" data-element_type=\"container\" data-settings=\"{&quot;background_background&quot;:&quot;classic&quot;}\">\n\t\t\t\t\t<div class=\"e-con-inner\">\n\t\t<div class=\"elementor-element elementor-element-9ec2134 e-con-full e-flex e-con e-child\" data-id=\"9ec2134\" data-element_type=\"container\">\n\t\t\t\t<\/div>\n\t\t\t\t\t<\/div>\n\t\t\t\t<\/div>\n\t\t<div class=\"elementor-element elementor-element-22367a7 e-flex e-con-boxed e-con e-parent\" data-id=\"22367a7\" data-element_type=\"container\">\n\t\t\t\t\t<div class=\"e-con-inner\">\n\t\t<div class=\"elementor-element elementor-element-0b29d0c e-con-full e-flex e-con e-child\" data-id=\"0b29d0c\" data-element_type=\"container\">\n\t\t<div class=\"elementor-element elementor-element-e6e4b9c e-con-full e-flex e-con e-child\" data-id=\"e6e4b9c\" data-element_type=\"container\">\n\t\t\t\t<\/div>\n\t\t<div class=\"elementor-element elementor-element-de10621 e-con-full e-flex e-con e-child\" data-id=\"de10621\" data-element_type=\"container\">\n\t\t\t\t<\/div>\n\t\t<div class=\"elementor-element elementor-element-dc6a439 e-con-full e-flex e-con e-child\" data-id=\"dc6a439\" data-element_type=\"container\">\n\t\t\t\t<\/div>\n\t\t<div class=\"elementor-element elementor-element-df01612 e-con-full e-flex e-con e-child\" data-id=\"df01612\" data-element_type=\"container\">\n\t\t\t\t<\/div>\n\t\t\t\t<\/div>\n\t\t\t\t\t<\/div>\n\t\t\t\t<\/div>\n\t\t\t\t<\/div>","protected":false},"excerpt":{"rendered":"<p>WELE VB 215 K\u00f6pr\u00fc Tipi \u0130\u015fleme Merkezi, y\u00fcksek hassasiyetli i\u015fleme kabiliyeti ve sa\u011flam g\u00f6vde yap\u0131s\u0131yla end\u00fcstriyel \u00fcretim s\u00fcre\u00e7lerine maksimum verimlilik katar. Uzun \u00f6m\u00fcrl\u00fc kullan\u0131m i\u00e7in tasarlanan bu g\u00fc\u00e7l\u00fc makine, otomotivden savunma sanayine, a\u011f\u0131r sanayiden kal\u0131p \u00fcretimine kadar geni\u015f bir yelpazede g\u00fcvenle tercih edilmektedir. K\u00f6pr\u00fc Tipi \u0130\u015fleme Merkezi teknolojisi sayesinde b\u00fcy\u00fck \u00f6l\u00e7ekli par\u00e7alar\u0131n i\u015flenmesinde \u00fcst\u00fcn stabilite sunar, ayn\u0131 zamanda tekrarlanabilir hassasiyet ile \u00fcretim kalitesini en \u00fcst seviyeye ta\u015f\u0131r. G\u00fc\u00e7l\u00fc performans\u0131, dayan\u0131kl\u0131 yap\u0131s\u0131 ve g\u00fcvenilirli\u011fiyle \u00fcretim hatlar\u0131n\u0131za de\u011fer katan WELE VB 215, i\u015fletmelerin rekabet g\u00fcc\u00fcn\u00fc art\u0131r\u0131rken uzun vadeli yat\u0131r\u0131m avantaj\u0131 sa\u011flar. Y\u00fcksek hassasiyetli i\u015fleme ihtiyac\u0131n\u0131z i\u00e7in ideal bir \u00e7\u00f6z\u00fcm sunan bu makine, modern end\u00fcstriyel \u00fcretimin beklentilerini fazlas\u0131yla kar\u015f\u0131lar.<\/p>","protected":false},"featured_media":15126,"comment_status":"open","ping_status":"closed","template":"","meta":[],"product_brand":[232],"product_cat":[164,172,178],"product_tag":[],"class_list":{"0":"post-11979","1":"product","2":"type-product","3":"status-publish","4":"has-post-thumbnail","6":"product_brand-wele","7":"product_cat-5-eksen-cnc","8":"product_cat-cnc-isleme-merkezi","9":"product_cat-cnc-makineleri","10":"pa_is-mili-devri-rpm-90","11":"pa_isleme-ekseni-3-eksen","12":"pa_isleme-turu-dik","13":"pa_kontrol-unitesi-fanuc","14":"pa_makine-turu-cnc-isleme-merkezi","15":"pa_otomasyon-destegi-var","16":"pa_sogutma-tipi-yag","17":"pa_tabla-olcusu-mm-2100x1400","18":"pa_takim-degistirici-carousel-doner","19":"pa_uretim-mensei-tayvan","21":"first","22":"instock","23":"shipping-taxable","24":"product-type-simple"},"ct_brands":[{"id":232,"name":"WELE","slug":"wele"}],"_links":{"self":[{"href":"https:\/\/yuntes.com.tr\/de\/wp-json\/wp\/v2\/product\/11979","targetHints":{"allow":["GET"]}}],"collection":[{"href":"https:\/\/yuntes.com.tr\/de\/wp-json\/wp\/v2\/product"}],"about":[{"href":"https:\/\/yuntes.com.tr\/de\/wp-json\/wp\/v2\/types\/product"}],"replies":[{"embeddable":true,"href":"https:\/\/yuntes.com.tr\/de\/wp-json\/wp\/v2\/comments?post=11979"}],"version-history":[{"count":1,"href":"https:\/\/yuntes.com.tr\/de\/wp-json\/wp\/v2\/product\/11979\/revisions"}],"predecessor-version":[{"id":32189,"href":"https:\/\/yuntes.com.tr\/de\/wp-json\/wp\/v2\/product\/11979\/revisions\/32189"}],"wp:featuredmedia":[{"embeddable":true,"href":"https:\/\/yuntes.com.tr\/de\/wp-json\/wp\/v2\/media\/15126"}],"wp:attachment":[{"href":"https:\/\/yuntes.com.tr\/de\/wp-json\/wp\/v2\/media?parent=11979"}],"wp:term":[{"taxonomy":"product_brand","embeddable":true,"href":"https:\/\/yuntes.com.tr\/de\/wp-json\/wp\/v2\/product_brand?post=11979"},{"taxonomy":"product_cat","embeddable":true,"href":"https:\/\/yuntes.com.tr\/de\/wp-json\/wp\/v2\/product_cat?post=11979"},{"taxonomy":"product_tag","embeddable":true,"href":"https:\/\/yuntes.com.tr\/de\/wp-json\/wp\/v2\/product_tag?post=11979"}],"curies":[{"name":"wp","href":"https:\/\/api.w.org\/{rel}","templated":true}]}}