{"id":11977,"date":"2025-08-09T16:28:57","date_gmt":"2025-08-09T16:28:57","guid":{"rendered":"https:\/\/yun.defnemedia.com\/?post_type=product&#038;p=11977"},"modified":"2025-12-10T16:27:05","modified_gmt":"2025-12-10T13:27:05","slug":"wele-ug-630-5-eksen-cnc-dik-isleme-merkezi-2","status":"publish","type":"product","link":"https:\/\/yuntes.com.tr\/de\/produkt\/wele-ug-630-5-eksen-cnc-dik-isleme-merkezi-2\/","title":{"rendered":"WELE UG 630 5-Achs CNC Vertikal-Bearbeitungszentrum"},"content":{"rendered":"<div data-elementor-type=\"wp-post\" data-elementor-id=\"11977\" class=\"elementor elementor-11977\" data-elementor-post-type=\"product\">\n\t\t\t\t<div class=\"elementor-element elementor-element-52b2d53 e-flex e-con-boxed e-con e-parent\" data-id=\"52b2d53\" data-element_type=\"container\">\n\t\t\t\t\t<div class=\"e-con-inner\">\n\t\t\t\t\t<\/div>\n\t\t\t\t<\/div>\n\t\t<div class=\"elementor-element elementor-element-8c3c2c7 e-flex e-con-boxed e-con e-parent\" data-id=\"8c3c2c7\" data-element_type=\"container\">\n\t\t\t\t\t<div class=\"e-con-inner\">\n\t\t<div class=\"elementor-element elementor-element-d0a7da0 e-con-full e-flex e-con e-child\" data-id=\"d0a7da0\" data-element_type=\"container\">\n\t\t\t\t<\/div>\n\t\t<div class=\"elementor-element elementor-element-7fdcc65 e-con-full e-flex e-con e-child\" data-id=\"7fdcc65\" data-element_type=\"container\">\n\t\t\t\t<\/div>\n\t\t\t\t\t<\/div>\n\t\t\t\t<\/div>\n\t\t<div class=\"elementor-element elementor-element-0406615 e-flex e-con-boxed e-con e-parent\" data-id=\"0406615\" data-element_type=\"container\" data-settings=\"{&quot;background_background&quot;:&quot;classic&quot;}\">\n\t\t\t\t\t<div class=\"e-con-inner\">\n\t\t<div class=\"elementor-element elementor-element-9ec2134 e-con-full e-flex e-con e-child\" data-id=\"9ec2134\" data-element_type=\"container\">\n\t\t\t\t<\/div>\n\t\t\t\t\t<\/div>\n\t\t\t\t<\/div>\n\t\t<div class=\"elementor-element elementor-element-22367a7 e-flex e-con-boxed e-con e-parent\" data-id=\"22367a7\" data-element_type=\"container\">\n\t\t\t\t\t<div class=\"e-con-inner\">\n\t\t<div class=\"elementor-element elementor-element-0b29d0c e-con-full e-flex e-con e-child\" data-id=\"0b29d0c\" data-element_type=\"container\">\n\t\t<div class=\"elementor-element elementor-element-e6e4b9c e-con-full e-flex e-con e-child\" data-id=\"e6e4b9c\" data-element_type=\"container\">\n\t\t\t\t<\/div>\n\t\t<div class=\"elementor-element elementor-element-de10621 e-con-full e-flex e-con e-child\" data-id=\"de10621\" data-element_type=\"container\">\n\t\t\t\t<\/div>\n\t\t<div class=\"elementor-element elementor-element-dc6a439 e-con-full e-flex e-con e-child\" data-id=\"dc6a439\" data-element_type=\"container\">\n\t\t\t\t<\/div>\n\t\t<div class=\"elementor-element elementor-element-df01612 e-con-full e-flex e-con e-child\" data-id=\"df01612\" data-element_type=\"container\">\n\t\t\t\t<\/div>\n\t\t\t\t<\/div>\n\t\t\t\t\t<\/div>\n\t\t\t\t<\/div>\n\t\t\t\t<\/div>","protected":false},"excerpt":{"rendered":"<article class=\"text-token-text-primary w-full focus:outline-none scroll-mt-[calc(var(--header-height)+min(200px,max(70px,20svh)))]\" dir=\"auto\" data-turn-id=\"request-68a82930-4940-8324-ba19-c1db9801b9a7-36\" data-testid=\"conversation-turn-70\" data-scroll-anchor=\"true\" data-turn=\"assistant\">\n<div class=\"text-base my-auto mx-auto pb-10 [--thread-content-margin:--spacing(4)] @[37rem]:[--thread-content-margin:--spacing(6)] @[72rem]:[--thread-content-margin:--spacing(16)] px-(--thread-content-margin)\">\n<div class=\"[--thread-content-max-width:32rem] @[34rem]:[--thread-content-max-width:40rem] @[64rem]:[--thread-content-max-width:48rem] mx-auto max-w-(--thread-content-max-width) flex-1 group\/turn-messages focus-visible:outline-hidden relative flex w-full min-w-0 flex-col agent-turn\">\n<div class=\"flex max-w-full flex-col grow\">\n<div class=\"min-h-8 text-message relative flex w-full flex-col items-end gap-2 text-start break-words whitespace-normal [.text-message+&amp;]:mt-5\" dir=\"auto\" data-message-author-role=\"assistant\" data-message-id=\"8364cd70-ed1b-4d97-a7e7-755d37981d38\" data-message-model-slug=\"gpt-5\">\n<div class=\"flex w-full flex-col gap-1 empty:hidden first:pt-[3px]\">\n<div class=\"markdown prose dark:prose-invert w-full break-words dark markdown-new-styling\">\n<p data-start=\"0\" data-end=\"905\" data-is-last-node=\"\" data-is-only-node=\"\">WELE UG 630 5 Eksen CNC Dik \u0130\u015fleme Merkezi, y\u00fcksek hassasiyetli i\u015fleme kabiliyetiyle end\u00fcstriyel \u00fcretimde maksimum verimlilik sa\u011flayan g\u00fc\u00e7l\u00fc bir \u00e7\u00f6z\u00fcmd\u00fcr. Sa\u011flam g\u00f6vde yap\u0131s\u0131 ve uzun \u00f6m\u00fcrl\u00fc kullan\u0131m avantaj\u0131 sayesinde otomotiv, savunma sanayi ve a\u011f\u0131r sanayi gibi zorlu sekt\u00f6rlerde g\u00fcvenle tercih edilmektedir. Geli\u015fmi\u015f 5 eksen teknolojisi, karma\u015f\u0131k par\u00e7alar\u0131n en ince detaylar\u0131na kadar i\u015flenmesine imk\u00e2n tan\u0131rken, kullan\u0131c\u0131ya hem h\u0131z hem de m\u00fckemmel y\u00fczey kalitesi sunar. CNC Dik \u0130\u015fleme Merkezi kategorisinde \u00f6ne \u00e7\u0131kan WELE UG 630, y\u00fcksek performans\u0131 ile \u00fcretim s\u00fcre\u00e7lerinde istikrar ve g\u00fcvenilirlik sa\u011flar. End\u00fcstriyel \u00fcretim alan\u0131nda rekabet avantaj\u0131 kazand\u0131ran bu model, i\u015fletmelerin kalite standartlar\u0131n\u0131 y\u00fckseltirken ayn\u0131 zamanda \u00fcretim maliyetlerini optimize etmeye yard\u0131mc\u0131 olur. Profesyonel kullan\u0131m i\u00e7in tasarlanan WELE UG 630, modern \u00fcretim d\u00fcnyas\u0131n\u0131n ihtiya\u00e7lar\u0131na en g\u00fc\u00e7l\u00fc \u015fekilde yan\u0131t verir.<\/p>\n<\/div>\n<\/div>\n<\/div>\n<\/div>\n<\/div>\n<\/div>\n<\/article>","protected":false},"featured_media":15116,"comment_status":"open","ping_status":"closed","template":"","meta":[],"product_brand":[232],"product_cat":[164,172,178],"product_tag":[],"class_list":{"0":"post-11977","1":"product","2":"type-product","3":"status-publish","4":"has-post-thumbnail","6":"product_brand-wele","7":"product_cat-5-eksen-cnc","8":"product_cat-cnc-isleme-merkezi","9":"product_cat-cnc-makineleri","10":"pa_is-mili-devri-rpm-103","11":"pa_isleme-ekseni-3-eksen","12":"pa_isleme-turu-dik","13":"pa_kontrol-unitesi-heidenhain","14":"pa_makine-turu-cnc-isleme-merkezi","15":"pa_otomasyon-destegi-var","16":"pa_sogutma-tipi-yag","17":"pa_tabla-olcusu-mm-1400x650","18":"pa_takim-degistirici-carousel-doner","19":"pa_uretim-mensei-tayvan","21":"first","22":"instock","23":"shipping-taxable","24":"product-type-simple"},"ct_brands":[{"id":232,"name":"WELE","slug":"wele"}],"_links":{"self":[{"href":"https:\/\/yuntes.com.tr\/de\/wp-json\/wp\/v2\/product\/11977","targetHints":{"allow":["GET"]}}],"collection":[{"href":"https:\/\/yuntes.com.tr\/de\/wp-json\/wp\/v2\/product"}],"about":[{"href":"https:\/\/yuntes.com.tr\/de\/wp-json\/wp\/v2\/types\/product"}],"replies":[{"embeddable":true,"href":"https:\/\/yuntes.com.tr\/de\/wp-json\/wp\/v2\/comments?post=11977"}],"version-history":[{"count":1,"href":"https:\/\/yuntes.com.tr\/de\/wp-json\/wp\/v2\/product\/11977\/revisions"}],"predecessor-version":[{"id":32191,"href":"https:\/\/yuntes.com.tr\/de\/wp-json\/wp\/v2\/product\/11977\/revisions\/32191"}],"wp:featuredmedia":[{"embeddable":true,"href":"https:\/\/yuntes.com.tr\/de\/wp-json\/wp\/v2\/media\/15116"}],"wp:attachment":[{"href":"https:\/\/yuntes.com.tr\/de\/wp-json\/wp\/v2\/media?parent=11977"}],"wp:term":[{"taxonomy":"product_brand","embeddable":true,"href":"https:\/\/yuntes.com.tr\/de\/wp-json\/wp\/v2\/product_brand?post=11977"},{"taxonomy":"product_cat","embeddable":true,"href":"https:\/\/yuntes.com.tr\/de\/wp-json\/wp\/v2\/product_cat?post=11977"},{"taxonomy":"product_tag","embeddable":true,"href":"https:\/\/yuntes.com.tr\/de\/wp-json\/wp\/v2\/product_tag?post=11977"}],"curies":[{"name":"wp","href":"https:\/\/api.w.org\/{rel}","templated":true}]}}