{"id":11975,"date":"2025-08-09T15:48:52","date_gmt":"2025-08-09T15:48:52","guid":{"rendered":"https:\/\/yun.defnemedia.com\/?post_type=product&#038;p=11975"},"modified":"2025-12-10T16:08:19","modified_gmt":"2025-12-10T13:08:19","slug":"wele-ub-421z-5-eksen-cnc-dik-isleme-merkezi","status":"publish","type":"product","link":"https:\/\/yuntes.com.tr\/de\/produkt\/wele-ub-421z-5-eksen-cnc-dik-isleme-merkezi\/","title":{"rendered":"WELE UB-421Z 5 Eksen CNC Dik \u0130\u015fleme Merkezi"},"content":{"rendered":"<div data-elementor-type=\"wp-post\" data-elementor-id=\"11975\" class=\"elementor elementor-11975\" data-elementor-post-type=\"product\">\n\t\t\t\t<div class=\"elementor-element elementor-element-52b2d53 e-flex e-con-boxed e-con e-parent\" data-id=\"52b2d53\" data-element_type=\"container\">\n\t\t\t\t\t<div class=\"e-con-inner\">\n\t\t\t\t\t<\/div>\n\t\t\t\t<\/div>\n\t\t<div class=\"elementor-element elementor-element-8c3c2c7 e-flex e-con-boxed e-con e-parent\" data-id=\"8c3c2c7\" data-element_type=\"container\">\n\t\t\t\t\t<div class=\"e-con-inner\">\n\t\t<div class=\"elementor-element elementor-element-d0a7da0 e-con-full e-flex e-con e-child\" data-id=\"d0a7da0\" data-element_type=\"container\">\n\t\t\t\t<\/div>\n\t\t<div class=\"elementor-element elementor-element-7fdcc65 e-con-full e-flex e-con e-child\" data-id=\"7fdcc65\" data-element_type=\"container\">\n\t\t\t\t<\/div>\n\t\t\t\t\t<\/div>\n\t\t\t\t<\/div>\n\t\t<div class=\"elementor-element elementor-element-0406615 e-flex e-con-boxed e-con e-parent\" data-id=\"0406615\" data-element_type=\"container\" data-settings=\"{&quot;background_background&quot;:&quot;classic&quot;}\">\n\t\t\t\t\t<div class=\"e-con-inner\">\n\t\t<div class=\"elementor-element elementor-element-9ec2134 e-con-full e-flex e-con e-child\" data-id=\"9ec2134\" data-element_type=\"container\">\n\t\t\t\t<\/div>\n\t\t\t\t\t<\/div>\n\t\t\t\t<\/div>\n\t\t<div class=\"elementor-element elementor-element-22367a7 e-flex e-con-boxed e-con e-parent\" data-id=\"22367a7\" data-element_type=\"container\">\n\t\t\t\t\t<div class=\"e-con-inner\">\n\t\t<div class=\"elementor-element elementor-element-0b29d0c e-con-full e-flex e-con e-child\" data-id=\"0b29d0c\" data-element_type=\"container\">\n\t\t<div class=\"elementor-element elementor-element-e6e4b9c e-con-full e-flex e-con e-child\" data-id=\"e6e4b9c\" data-element_type=\"container\">\n\t\t\t\t<\/div>\n\t\t<div class=\"elementor-element elementor-element-de10621 e-con-full e-flex e-con e-child\" data-id=\"de10621\" data-element_type=\"container\">\n\t\t\t\t<\/div>\n\t\t<div class=\"elementor-element elementor-element-dc6a439 e-con-full e-flex e-con e-child\" data-id=\"dc6a439\" data-element_type=\"container\">\n\t\t\t\t<\/div>\n\t\t<div class=\"elementor-element elementor-element-df01612 e-con-full e-flex e-con e-child\" data-id=\"df01612\" data-element_type=\"container\">\n\t\t\t\t<\/div>\n\t\t\t\t<\/div>\n\t\t\t\t\t<\/div>\n\t\t\t\t<\/div>\n\t\t\t\t<\/div>","protected":false},"excerpt":{"rendered":"<article class=\"text-token-text-primary w-full focus:outline-none scroll-mt-[calc(var(--header-height)+min(200px,max(70px,20svh)))]\" dir=\"auto\" data-turn-id=\"request-68a82930-4940-8324-ba19-c1db9801b9a7-35\" data-testid=\"conversation-turn-68\" data-scroll-anchor=\"true\" data-turn=\"assistant\">\n<div class=\"text-base my-auto mx-auto pb-10 [--thread-content-margin:--spacing(4)] @[37rem]:[--thread-content-margin:--spacing(6)] @[72rem]:[--thread-content-margin:--spacing(16)] px-(--thread-content-margin)\">\n<div class=\"[--thread-content-max-width:32rem] @[34rem]:[--thread-content-max-width:40rem] @[64rem]:[--thread-content-max-width:48rem] mx-auto max-w-(--thread-content-max-width) flex-1 group\/turn-messages focus-visible:outline-hidden relative flex w-full min-w-0 flex-col agent-turn\">\n<div class=\"flex max-w-full flex-col grow\">\n<div class=\"min-h-8 text-message relative flex w-full flex-col items-end gap-2 text-start break-words whitespace-normal [.text-message+&amp;]:mt-5\" dir=\"auto\" data-message-author-role=\"assistant\" data-message-id=\"2cfc8313-9304-47e0-a9d5-fbf9dfe977fc\" data-message-model-slug=\"gpt-5\">\n<div class=\"flex w-full flex-col gap-1 empty:hidden first:pt-[3px]\">\n<div class=\"markdown prose dark:prose-invert w-full break-words dark markdown-new-styling\">\n<p data-start=\"0\" data-end=\"824\" data-is-last-node=\"\" data-is-only-node=\"\">WELE UB-421Z 5 Eksen CNC Dik \u0130\u015fleme Merkezi, end\u00fcstriyel \u00fcretimde y\u00fcksek hassasiyetli i\u015fleme ihtiya\u00e7lar\u0131na en \u00fcst d\u00fczeyde \u00e7\u00f6z\u00fcm sunar. Sa\u011flam g\u00f6vde yap\u0131s\u0131 ve uzun \u00f6m\u00fcrl\u00fc kullan\u0131m avantaj\u0131 sayesinde otomotiv, savunma sanayi ve a\u011f\u0131r sanayi gibi zorlu sekt\u00f6rlerde g\u00fcvenle tercih edilmektedir. Geli\u015fmi\u015f 5 eksenli yap\u0131s\u0131, karma\u015f\u0131k par\u00e7alar\u0131n h\u0131zl\u0131 ve verimli \u015fekilde i\u015flenmesini m\u00fcmk\u00fcn k\u0131larak \u00fcretim s\u00fcre\u00e7lerinde maksimum verimlilik sa\u011flar. CNC Dik \u0130\u015fleme Merkezi s\u0131n\u0131f\u0131nda \u00f6ne \u00e7\u0131kan WELE UB-421Z, hem dayan\u0131kl\u0131l\u0131\u011f\u0131 hem de kusursuz i\u015fleme kabiliyeti ile i\u015fletmelere g\u00fcven verir. Y\u00fcksek hassasiyet, g\u00fc\u00e7l\u00fc performans ve d\u00fc\u015f\u00fck hata pay\u0131 sayesinde seri \u00fcretimde kaliteyi standart hale getirir. End\u00fcstriyel \u00fcretim i\u00e7in tasarlanan bu makine, rekabet g\u00fcc\u00fcn\u00fc art\u0131rmak isteyen firmalar i\u00e7in g\u00fc\u00e7l\u00fc ve uzun vadeli bir yat\u0131r\u0131m imk\u00e2n\u0131 sunar.<\/p>\n<\/div>\n<\/div>\n<\/div>\n<\/div>\n<\/div>\n<\/div>\n<\/article>","protected":false},"featured_media":15109,"comment_status":"open","ping_status":"closed","template":"","meta":[],"product_brand":[232],"product_cat":[164,172,178],"product_tag":[],"class_list":{"0":"post-11975","1":"product","2":"type-product","3":"status-publish","4":"has-post-thumbnail","6":"product_brand-wele","7":"product_cat-5-eksen-cnc","8":"product_cat-cnc-isleme-merkezi","9":"product_cat-cnc-makineleri","10":"pa_is-mili-devri-rpm-97","11":"pa_isleme-ekseni-5-eksen","12":"pa_isleme-turu-dik","13":"pa_kontrol-unitesi-heidenhain","14":"pa_makine-turu-cnc-isleme-merkezi","15":"pa_otomasyon-destegi-var","16":"pa_sogutma-tipi-yag","17":"pa_tabla-olcusu-mm-4000x2000","18":"pa_takim-degistirici-carousel-doner","19":"pa_uretim-mensei-tayvan","21":"first","22":"instock","23":"shipping-taxable","24":"product-type-simple"},"ct_brands":[{"id":232,"name":"WELE","slug":"wele"}],"_links":{"self":[{"href":"https:\/\/yuntes.com.tr\/de\/wp-json\/wp\/v2\/product\/11975","targetHints":{"allow":["GET"]}}],"collection":[{"href":"https:\/\/yuntes.com.tr\/de\/wp-json\/wp\/v2\/product"}],"about":[{"href":"https:\/\/yuntes.com.tr\/de\/wp-json\/wp\/v2\/types\/product"}],"replies":[{"embeddable":true,"href":"https:\/\/yuntes.com.tr\/de\/wp-json\/wp\/v2\/comments?post=11975"}],"version-history":[{"count":2,"href":"https:\/\/yuntes.com.tr\/de\/wp-json\/wp\/v2\/product\/11975\/revisions"}],"predecessor-version":[{"id":32213,"href":"https:\/\/yuntes.com.tr\/de\/wp-json\/wp\/v2\/product\/11975\/revisions\/32213"}],"wp:featuredmedia":[{"embeddable":true,"href":"https:\/\/yuntes.com.tr\/de\/wp-json\/wp\/v2\/media\/15109"}],"wp:attachment":[{"href":"https:\/\/yuntes.com.tr\/de\/wp-json\/wp\/v2\/media?parent=11975"}],"wp:term":[{"taxonomy":"product_brand","embeddable":true,"href":"https:\/\/yuntes.com.tr\/de\/wp-json\/wp\/v2\/product_brand?post=11975"},{"taxonomy":"product_cat","embeddable":true,"href":"https:\/\/yuntes.com.tr\/de\/wp-json\/wp\/v2\/product_cat?post=11975"},{"taxonomy":"product_tag","embeddable":true,"href":"https:\/\/yuntes.com.tr\/de\/wp-json\/wp\/v2\/product_tag?post=11975"}],"curies":[{"name":"wp","href":"https:\/\/api.w.org\/{rel}","templated":true}]}}