{"id":11973,"date":"2025-08-09T15:45:01","date_gmt":"2025-08-09T15:45:01","guid":{"rendered":"https:\/\/yun.defnemedia.com\/?post_type=product&#038;p=11973"},"modified":"2025-12-10T15:57:39","modified_gmt":"2025-12-10T12:57:39","slug":"wele-sb-416-kopru-tipi-isleme-merkezi","status":"publish","type":"product","link":"https:\/\/yuntes.com.tr\/de\/produkt\/wele-sb-416-kopru-tipi-isleme-merkezi\/","title":{"rendered":"WELE SB-416 K\u00f6pr\u00fc Tipi \u0130\u015fleme Merkezi"},"content":{"rendered":"<div data-elementor-type=\"wp-post\" data-elementor-id=\"11973\" class=\"elementor elementor-11973\" data-elementor-post-type=\"product\">\n\t\t\t\t<div class=\"elementor-element elementor-element-52b2d53 e-flex e-con-boxed e-con e-parent\" data-id=\"52b2d53\" data-element_type=\"container\">\n\t\t\t\t\t<div class=\"e-con-inner\">\n\t\t\t\t\t<\/div>\n\t\t\t\t<\/div>\n\t\t<div class=\"elementor-element elementor-element-8c3c2c7 e-flex e-con-boxed e-con e-parent\" data-id=\"8c3c2c7\" data-element_type=\"container\">\n\t\t\t\t\t<div class=\"e-con-inner\">\n\t\t<div class=\"elementor-element elementor-element-d0a7da0 e-con-full e-flex e-con e-child\" data-id=\"d0a7da0\" data-element_type=\"container\">\n\t\t\t\t<\/div>\n\t\t<div class=\"elementor-element elementor-element-7fdcc65 e-con-full e-flex e-con e-child\" data-id=\"7fdcc65\" data-element_type=\"container\">\n\t\t\t\t<\/div>\n\t\t\t\t\t<\/div>\n\t\t\t\t<\/div>\n\t\t<div class=\"elementor-element elementor-element-0406615 e-flex e-con-boxed e-con e-parent\" data-id=\"0406615\" data-element_type=\"container\" data-settings=\"{&quot;background_background&quot;:&quot;classic&quot;}\">\n\t\t\t\t\t<div class=\"e-con-inner\">\n\t\t<div class=\"elementor-element elementor-element-9ec2134 e-con-full e-flex e-con e-child\" data-id=\"9ec2134\" data-element_type=\"container\">\n\t\t\t\t<\/div>\n\t\t\t\t\t<\/div>\n\t\t\t\t<\/div>\n\t\t<div class=\"elementor-element elementor-element-22367a7 e-flex e-con-boxed e-con e-parent\" data-id=\"22367a7\" data-element_type=\"container\">\n\t\t\t\t\t<div class=\"e-con-inner\">\n\t\t<div class=\"elementor-element elementor-element-0b29d0c e-con-full e-flex e-con e-child\" data-id=\"0b29d0c\" data-element_type=\"container\">\n\t\t<div class=\"elementor-element elementor-element-e6e4b9c e-con-full e-flex e-con e-child\" data-id=\"e6e4b9c\" data-element_type=\"container\">\n\t\t\t\t<\/div>\n\t\t<div class=\"elementor-element elementor-element-de10621 e-con-full e-flex e-con e-child\" data-id=\"de10621\" data-element_type=\"container\">\n\t\t\t\t<\/div>\n\t\t<div class=\"elementor-element elementor-element-dc6a439 e-con-full e-flex e-con e-child\" data-id=\"dc6a439\" data-element_type=\"container\">\n\t\t\t\t<\/div>\n\t\t<div class=\"elementor-element elementor-element-df01612 e-con-full e-flex e-con e-child\" data-id=\"df01612\" data-element_type=\"container\">\n\t\t\t\t<\/div>\n\t\t\t\t<\/div>\n\t\t\t\t\t<\/div>\n\t\t\t\t<\/div>\n\t\t\t\t<\/div>","protected":false},"excerpt":{"rendered":"<p>WELE SB-416 K\u00f6pr\u00fc Tipi \u0130\u015fleme Merkezi, end\u00fcstriyel \u00fcretimde y\u00fcksek hassasiyetli i\u015fleme kabiliyeti ile \u00f6ne \u00e7\u0131kan g\u00fc\u00e7l\u00fc bir \u00e7\u00f6z\u00fcmd\u00fcr. Sa\u011flam g\u00f6vde yap\u0131s\u0131 sayesinde uzun \u00f6m\u00fcrl\u00fc kullan\u0131m sunarken, y\u00fcksek verimlilik odakl\u0131 tasar\u0131m\u0131yla i\u015fletmelerin \u00fcretim s\u00fcre\u00e7lerinde maksimum performans sa\u011flar. K\u00f6pr\u00fc Tipi \u0130\u015fleme Merkezi, otomotiv, savunma sanayi ve a\u011f\u0131r sanayi gibi y\u00fcksek standartlar\u0131n gerekli oldu\u011fu sekt\u00f6rlerde g\u00fcvenle kullan\u0131labilir. Dayan\u0131kl\u0131l\u0131\u011f\u0131 ve hassas i\u015fleme teknolojisi sayesinde b\u00fcy\u00fck ve karma\u015f\u0131k par\u00e7alar\u0131n \u00fcretiminde istikrarl\u0131 sonu\u00e7lar elde etmenize yard\u0131mc\u0131 olur. G\u00fcvenilirli\u011fi ve \u00fcst\u00fcn performans\u0131yla WELE SB-416, i\u015fletmelerin rekabet g\u00fcc\u00fcn\u00fc art\u0131ran profesyonel bir \u00fcretim \u00e7\u00f6z\u00fcm\u00fc sunar. Y\u00fcksek hassasiyetli i\u015fleme ihtiya\u00e7lar\u0131n\u0131 kar\u015f\u0131lamak isteyen firmalar i\u00e7in hem g\u00fcven veren hem de verimlili\u011fi art\u0131ran uzun vadeli bir yat\u0131r\u0131md\u0131r.<\/p>","protected":false},"featured_media":15101,"comment_status":"open","ping_status":"closed","template":"","meta":[],"product_brand":[232],"product_cat":[172,178],"product_tag":[],"class_list":{"0":"post-11973","1":"product","2":"type-product","3":"status-publish","4":"has-post-thumbnail","6":"product_brand-wele","7":"product_cat-cnc-isleme-merkezi","8":"product_cat-cnc-makineleri","9":"pa_is-mili-devri-rpm-90","10":"pa_isleme-ekseni-4-eksen","11":"pa_isleme-turu-yatay","12":"pa_kontrol-unitesi-fanuc","13":"pa_makine-turu-cnc-isleme-merkezi","14":"pa_otomasyon-destegi-var","15":"pa_sogutma-tipi-yag","16":"pa_tabla-olcusu-mm-4000x1500","17":"pa_takim-degistirici-linear","18":"pa_uretim-mensei-tayvan","20":"first","21":"instock","22":"shipping-taxable","23":"product-type-simple"},"ct_brands":[{"id":232,"name":"WELE","slug":"wele"}],"_links":{"self":[{"href":"https:\/\/yuntes.com.tr\/de\/wp-json\/wp\/v2\/product\/11973","targetHints":{"allow":["GET"]}}],"collection":[{"href":"https:\/\/yuntes.com.tr\/de\/wp-json\/wp\/v2\/product"}],"about":[{"href":"https:\/\/yuntes.com.tr\/de\/wp-json\/wp\/v2\/types\/product"}],"replies":[{"embeddable":true,"href":"https:\/\/yuntes.com.tr\/de\/wp-json\/wp\/v2\/comments?post=11973"}],"version-history":[{"count":1,"href":"https:\/\/yuntes.com.tr\/de\/wp-json\/wp\/v2\/product\/11973\/revisions"}],"predecessor-version":[{"id":32212,"href":"https:\/\/yuntes.com.tr\/de\/wp-json\/wp\/v2\/product\/11973\/revisions\/32212"}],"wp:featuredmedia":[{"embeddable":true,"href":"https:\/\/yuntes.com.tr\/de\/wp-json\/wp\/v2\/media\/15101"}],"wp:attachment":[{"href":"https:\/\/yuntes.com.tr\/de\/wp-json\/wp\/v2\/media?parent=11973"}],"wp:term":[{"taxonomy":"product_brand","embeddable":true,"href":"https:\/\/yuntes.com.tr\/de\/wp-json\/wp\/v2\/product_brand?post=11973"},{"taxonomy":"product_cat","embeddable":true,"href":"https:\/\/yuntes.com.tr\/de\/wp-json\/wp\/v2\/product_cat?post=11973"},{"taxonomy":"product_tag","embeddable":true,"href":"https:\/\/yuntes.com.tr\/de\/wp-json\/wp\/v2\/product_tag?post=11973"}],"curies":[{"name":"wp","href":"https:\/\/api.w.org\/{rel}","templated":true}]}}