{"id":11969,"date":"2025-08-09T15:36:50","date_gmt":"2025-08-09T15:36:50","guid":{"rendered":"https:\/\/yun.defnemedia.com\/?post_type=product&#038;p=11969"},"modified":"2025-12-10T13:57:31","modified_gmt":"2025-12-10T10:57:31","slug":"wele-aq-1680-cnc-dik-isleme-merkezi","status":"publish","type":"product","link":"https:\/\/yuntes.com.tr\/de\/produkt\/wele-aq-1680-cnc-dik-isleme-merkezi\/","title":{"rendered":"WELE AQ 1680 CNC Dik \u0130\u015fleme Merkezi"},"content":{"rendered":"<div data-elementor-type=\"wp-post\" data-elementor-id=\"11969\" class=\"elementor elementor-11969\" data-elementor-post-type=\"product\">\n\t\t\t\t<div class=\"elementor-element elementor-element-52b2d53 e-flex e-con-boxed e-con e-parent\" data-id=\"52b2d53\" data-element_type=\"container\">\n\t\t\t\t\t<div class=\"e-con-inner\">\n\t\t\t\t\t<\/div>\n\t\t\t\t<\/div>\n\t\t<div class=\"elementor-element elementor-element-8c3c2c7 e-flex e-con-boxed e-con e-parent\" data-id=\"8c3c2c7\" data-element_type=\"container\">\n\t\t\t\t\t<div class=\"e-con-inner\">\n\t\t<div class=\"elementor-element elementor-element-d0a7da0 e-con-full e-flex e-con e-child\" data-id=\"d0a7da0\" data-element_type=\"container\">\n\t\t\t\t<\/div>\n\t\t<div class=\"elementor-element elementor-element-7fdcc65 e-con-full e-flex e-con e-child\" data-id=\"7fdcc65\" data-element_type=\"container\">\n\t\t\t\t<\/div>\n\t\t\t\t\t<\/div>\n\t\t\t\t<\/div>\n\t\t<div class=\"elementor-element elementor-element-0406615 e-flex e-con-boxed e-con e-parent\" data-id=\"0406615\" data-element_type=\"container\" data-settings=\"{&quot;background_background&quot;:&quot;classic&quot;}\">\n\t\t\t\t\t<div class=\"e-con-inner\">\n\t\t<div class=\"elementor-element elementor-element-9ec2134 e-con-full e-flex e-con e-child\" data-id=\"9ec2134\" data-element_type=\"container\">\n\t\t\t\t<\/div>\n\t\t\t\t\t<\/div>\n\t\t\t\t<\/div>\n\t\t<div class=\"elementor-element elementor-element-22367a7 e-flex e-con-boxed e-con e-parent\" data-id=\"22367a7\" data-element_type=\"container\">\n\t\t\t\t\t<div class=\"e-con-inner\">\n\t\t<div class=\"elementor-element elementor-element-0b29d0c e-con-full e-flex e-con e-child\" data-id=\"0b29d0c\" data-element_type=\"container\">\n\t\t<div class=\"elementor-element elementor-element-e6e4b9c e-con-full e-flex e-con e-child\" data-id=\"e6e4b9c\" data-element_type=\"container\">\n\t\t\t\t<\/div>\n\t\t<div class=\"elementor-element elementor-element-de10621 e-con-full e-flex e-con e-child\" data-id=\"de10621\" data-element_type=\"container\">\n\t\t\t\t<\/div>\n\t\t<div class=\"elementor-element elementor-element-dc6a439 e-con-full e-flex e-con e-child\" data-id=\"dc6a439\" data-element_type=\"container\">\n\t\t\t\t<\/div>\n\t\t<div class=\"elementor-element elementor-element-df01612 e-con-full e-flex e-con e-child\" data-id=\"df01612\" data-element_type=\"container\">\n\t\t\t\t<\/div>\n\t\t\t\t<\/div>\n\t\t\t\t\t<\/div>\n\t\t\t\t<\/div>\n\t\t\t\t<\/div>","protected":false},"excerpt":{"rendered":"<p>WELE AQ 1680 <strong data-start=\"13\" data-end=\"39\">CNC Dik \u0130\u015fleme Merkezi<\/strong>, sa\u011flam g\u00f6vde yap\u0131s\u0131 ve \u00fcst\u00fcn m\u00fchendislik tasar\u0131m\u0131yla end\u00fcstriyel \u00fcretimde y\u00fcksek performans ve g\u00fcvenilirlik sunar. <strong data-start=\"156\" data-end=\"186\">Y\u00fcksek hassasiyetli i\u015fleme<\/strong> kabiliyeti sayesinde otomotiv, savunma sanayi ve a\u011f\u0131r sanayi gibi zorlu sekt\u00f6rlerde hassas ve kaliteli \u00fcretim sa\u011flar. Dayan\u0131kl\u0131 yap\u0131s\u0131 ve uzun \u00f6m\u00fcrl\u00fc kullan\u0131m avantaj\u0131 ile \u00fcretim s\u00fcre\u00e7lerinde maksimum verimlilik elde edilir. CNC Dik \u0130\u015fleme Merkezi, modern \u00fcretim hatlar\u0131na sorunsuz entegre olarak kullan\u0131c\u0131ya g\u00fcven veren kesintisiz performans sunar. WELE AQ 1680, hassas i\u015fleme yetenekleri, sa\u011flaml\u0131\u011f\u0131 ve y\u00fcksek verimlili\u011fi ile i\u015fletmelerin end\u00fcstriyel \u00fcretimde kaliteyi art\u0131ran g\u00fc\u00e7l\u00fc ve g\u00fcvenilir bir yat\u0131r\u0131m \u00e7\u00f6z\u00fcm\u00fcd\u00fcr. \u00dcretimde hassasiyet ve g\u00fcven arayan firmalar i\u00e7in ideal bir tercihtir.<\/p>","protected":false},"featured_media":15072,"comment_status":"open","ping_status":"closed","template":"","meta":[],"product_brand":[232],"product_cat":[172,178],"product_tag":[],"class_list":{"0":"post-11969","1":"product","2":"type-product","3":"status-publish","4":"has-post-thumbnail","6":"product_brand-wele","7":"product_cat-cnc-isleme-merkezi","8":"product_cat-cnc-makineleri","9":"pa_is-mili-devri-rpm-97","10":"pa_isleme-ekseni-3-eksen","11":"pa_isleme-turu-dik","12":"pa_kontrol-unitesi-mitsubishi","13":"pa_makine-turu-cnc-isleme-merkezi","14":"pa_otomasyon-destegi-var","15":"pa_sogutma-tipi-yag","16":"pa_tabla-olcusu-mm-1750x800","17":"pa_takim-degistirici-carousel-doner","18":"pa_uretim-mensei-tayvan","20":"first","21":"instock","22":"shipping-taxable","23":"product-type-simple"},"ct_brands":[{"id":232,"name":"WELE","slug":"wele"}],"_links":{"self":[{"href":"https:\/\/yuntes.com.tr\/de\/wp-json\/wp\/v2\/product\/11969","targetHints":{"allow":["GET"]}}],"collection":[{"href":"https:\/\/yuntes.com.tr\/de\/wp-json\/wp\/v2\/product"}],"about":[{"href":"https:\/\/yuntes.com.tr\/de\/wp-json\/wp\/v2\/types\/product"}],"replies":[{"embeddable":true,"href":"https:\/\/yuntes.com.tr\/de\/wp-json\/wp\/v2\/comments?post=11969"}],"version-history":[{"count":2,"href":"https:\/\/yuntes.com.tr\/de\/wp-json\/wp\/v2\/product\/11969\/revisions"}],"predecessor-version":[{"id":32210,"href":"https:\/\/yuntes.com.tr\/de\/wp-json\/wp\/v2\/product\/11969\/revisions\/32210"}],"wp:featuredmedia":[{"embeddable":true,"href":"https:\/\/yuntes.com.tr\/de\/wp-json\/wp\/v2\/media\/15072"}],"wp:attachment":[{"href":"https:\/\/yuntes.com.tr\/de\/wp-json\/wp\/v2\/media?parent=11969"}],"wp:term":[{"taxonomy":"product_brand","embeddable":true,"href":"https:\/\/yuntes.com.tr\/de\/wp-json\/wp\/v2\/product_brand?post=11969"},{"taxonomy":"product_cat","embeddable":true,"href":"https:\/\/yuntes.com.tr\/de\/wp-json\/wp\/v2\/product_cat?post=11969"},{"taxonomy":"product_tag","embeddable":true,"href":"https:\/\/yuntes.com.tr\/de\/wp-json\/wp\/v2\/product_tag?post=11969"}],"curies":[{"name":"wp","href":"https:\/\/api.w.org\/{rel}","templated":true}]}}