{"id":11700,"date":"2025-08-08T08:32:51","date_gmt":"2025-08-08T08:32:51","guid":{"rendered":"https:\/\/yun.defnemedia.com\/?post_type=product&#038;p=11700"},"modified":"2025-08-22T15:16:16","modified_gmt":"2025-08-22T12:16:16","slug":"phoebus-pbm-gs-300a-kalipci-freze-tezgahi","status":"publish","type":"product","link":"https:\/\/yuntes.com.tr\/de\/produkt\/phoebus-pbm-gs-300a-kalipci-freze-tezgahi\/","title":{"rendered":"PHOEBUS PBM GS 300A Kal\u0131p\u00e7\u0131 Freze Tezgah\u0131"},"content":{"rendered":"<div data-elementor-type=\"wp-post\" data-elementor-id=\"11700\" class=\"elementor elementor-11700\" data-elementor-post-type=\"product\">\n\t\t\t\t<div class=\"elementor-element elementor-element-52b2d53 e-flex e-con-boxed e-con e-parent\" data-id=\"52b2d53\" data-element_type=\"container\">\n\t\t\t\t\t<div class=\"e-con-inner\">\n\t\t\t\t\t<\/div>\n\t\t\t\t<\/div>\n\t\t<div class=\"elementor-element elementor-element-8c3c2c7 e-flex e-con-boxed e-con e-parent\" data-id=\"8c3c2c7\" data-element_type=\"container\">\n\t\t\t\t\t<div class=\"e-con-inner\">\n\t\t<div class=\"elementor-element elementor-element-d0a7da0 e-con-full e-flex e-con e-child\" data-id=\"d0a7da0\" data-element_type=\"container\">\n\t\t\t\t<\/div>\n\t\t<div class=\"elementor-element elementor-element-7fdcc65 e-con-full e-flex e-con e-child\" data-id=\"7fdcc65\" data-element_type=\"container\">\n\t\t\t\t<\/div>\n\t\t\t\t\t<\/div>\n\t\t\t\t<\/div>\n\t\t<div class=\"elementor-element elementor-element-0406615 e-flex e-con-boxed e-con e-parent\" data-id=\"0406615\" data-element_type=\"container\" data-settings=\"{&quot;background_background&quot;:&quot;classic&quot;}\">\n\t\t\t\t\t<div class=\"e-con-inner\">\n\t\t<div class=\"elementor-element elementor-element-9ec2134 e-con-full e-flex e-con e-child\" data-id=\"9ec2134\" data-element_type=\"container\">\n\t\t\t\t<\/div>\n\t\t\t\t\t<\/div>\n\t\t\t\t<\/div>\n\t\t<div class=\"elementor-element elementor-element-22367a7 e-flex e-con-boxed e-con e-parent\" data-id=\"22367a7\" data-element_type=\"container\">\n\t\t\t\t\t<div class=\"e-con-inner\">\n\t\t<div class=\"elementor-element elementor-element-0b29d0c e-con-full e-flex e-con e-child\" data-id=\"0b29d0c\" data-element_type=\"container\">\n\t\t<div class=\"elementor-element elementor-element-e6e4b9c e-con-full e-flex e-con e-child\" data-id=\"e6e4b9c\" data-element_type=\"container\">\n\t\t\t\t<\/div>\n\t\t<div class=\"elementor-element elementor-element-de10621 e-con-full e-flex e-con e-child\" data-id=\"de10621\" data-element_type=\"container\">\n\t\t\t\t<\/div>\n\t\t<div class=\"elementor-element elementor-element-dc6a439 e-con-full e-flex e-con e-child\" data-id=\"dc6a439\" data-element_type=\"container\">\n\t\t\t\t<\/div>\n\t\t<div class=\"elementor-element elementor-element-df01612 e-con-full e-flex e-con e-child\" data-id=\"df01612\" data-element_type=\"container\">\n\t\t\t\t<\/div>\n\t\t\t\t<\/div>\n\t\t\t\t\t<\/div>\n\t\t\t\t<\/div>\n\t\t\t\t<\/div>","protected":false},"excerpt":{"rendered":"<p>PHOEBUS PBM GS 300A <strong data-start=\"20\" data-end=\"45\">Kal\u0131p\u00e7\u0131 Freze Tezgah\u0131<\/strong>, end\u00fcstriyel \u00fcretimde maksimum verimlilik ve uzun \u00f6m\u00fcrl\u00fc kullan\u0131m i\u00e7in tasarlanm\u0131\u015f g\u00fc\u00e7l\u00fc bir \u00e7\u00f6z\u00fcmd\u00fcr. Sa\u011flam g\u00f6vde yap\u0131s\u0131 ve \u00fcst\u00fcn m\u00fchendisli\u011fi sayesinde en zorlu ko\u015fullarda dahi <strong data-start=\"226\" data-end=\"256\">y\u00fcksek hassasiyetli i\u015fleme<\/strong> imk\u00e2n\u0131 sunar. Otomotiv, savunma sanayi ve a\u011f\u0131r sanayi gibi sekt\u00f6rlerde g\u00fcvenle tercih edilen bu makine, hem hassas kal\u0131p i\u015flemleri hem de dayan\u0131kl\u0131 par\u00e7a \u00fcretiminde m\u00fckemmel sonu\u00e7lar sa\u011flar. Modern \u00fcretim anlay\u0131\u015f\u0131na uygun olarak tasarlanan PHOEBUS PBM GS 300A, kullan\u0131c\u0131ya g\u00fcven veren kararl\u0131 performans\u0131 ile \u00f6ne \u00e7\u0131kar. <strong data-start=\"577\" data-end=\"602\">Kal\u0131p\u00e7\u0131 Freze Tezgah\u0131<\/strong> ihtiyac\u0131n\u0131zda kalite, g\u00fcvenilirlik ve y\u00fcksek verimlili\u011fi bir arada sunarak i\u015fletmenize de\u011fer katar. \u00dcst\u00fcn teknik g\u00fcc\u00fc ve uzun \u00f6m\u00fcrl\u00fc yap\u0131s\u0131 sayesinde, end\u00fcstriyel \u00fcretimde rekabet avantaj\u0131 sa\u011flamak isteyen firmalar i\u00e7in ideal bir tercihtir.<\/p>","protected":false},"featured_media":14984,"comment_status":"open","ping_status":"closed","template":"","meta":[],"product_brand":[218],"product_cat":[202,230],"product_tag":[],"class_list":{"0":"post-11700","1":"product","2":"type-product","3":"status-publish","4":"has-post-thumbnail","6":"product_brand-phoebus","7":"product_cat-freze","8":"product_cat-universal-makineler","9":"pa_is-mili-devri-rpm-108","10":"pa_isleme-ekseni-3-eksen","11":"pa_isleme-turu-yatay-dikey","12":"pa_kontrol-unitesi-fanuc","13":"pa_makine-turu-universal-freze","14":"pa_otomasyon-destegi-var","15":"pa_sogutma-tipi-yag","16":"pa_tabla-olcusu-mm-1470x300","17":"pa_takim-degistirici-linear","18":"pa_uretim-mensei-tayvan","20":"first","21":"instock","22":"shipping-taxable","23":"product-type-simple"},"ct_brands":[{"id":218,"name":"PHOEBUS","slug":"phoebus"}],"_links":{"self":[{"href":"https:\/\/yuntes.com.tr\/de\/wp-json\/wp\/v2\/product\/11700","targetHints":{"allow":["GET"]}}],"collection":[{"href":"https:\/\/yuntes.com.tr\/de\/wp-json\/wp\/v2\/product"}],"about":[{"href":"https:\/\/yuntes.com.tr\/de\/wp-json\/wp\/v2\/types\/product"}],"replies":[{"embeddable":true,"href":"https:\/\/yuntes.com.tr\/de\/wp-json\/wp\/v2\/comments?post=11700"}],"version-history":[{"count":0,"href":"https:\/\/yuntes.com.tr\/de\/wp-json\/wp\/v2\/product\/11700\/revisions"}],"wp:featuredmedia":[{"embeddable":true,"href":"https:\/\/yuntes.com.tr\/de\/wp-json\/wp\/v2\/media\/14984"}],"wp:attachment":[{"href":"https:\/\/yuntes.com.tr\/de\/wp-json\/wp\/v2\/media?parent=11700"}],"wp:term":[{"taxonomy":"product_brand","embeddable":true,"href":"https:\/\/yuntes.com.tr\/de\/wp-json\/wp\/v2\/product_brand?post=11700"},{"taxonomy":"product_cat","embeddable":true,"href":"https:\/\/yuntes.com.tr\/de\/wp-json\/wp\/v2\/product_cat?post=11700"},{"taxonomy":"product_tag","embeddable":true,"href":"https:\/\/yuntes.com.tr\/de\/wp-json\/wp\/v2\/product_tag?post=11700"}],"curies":[{"name":"wp","href":"https:\/\/api.w.org\/{rel}","templated":true}]}}