{"id":11651,"date":"2025-08-07T14:28:30","date_gmt":"2025-08-07T14:28:30","guid":{"rendered":"https:\/\/yun.defnemedia.com\/?post_type=product&#038;p=11651"},"modified":"2025-08-22T14:32:59","modified_gmt":"2025-08-22T11:32:59","slug":"ktm-13070-m80-kontrollu-cnc-dik-isleme-merkezi","status":"publish","type":"product","link":"https:\/\/yuntes.com.tr\/de\/produkt\/ktm-13070-m80-kontrollu-cnc-dik-isleme-merkezi\/","title":{"rendered":"KTM 13070 M80 Kontroll\u00fc CNC Dik \u0130\u015fleme Merkezi"},"content":{"rendered":"<div data-elementor-type=\"wp-post\" data-elementor-id=\"11651\" class=\"elementor elementor-11651\" data-elementor-post-type=\"product\">\n\t\t\t\t<div class=\"elementor-element elementor-element-52b2d53 e-flex e-con-boxed e-con e-parent\" data-id=\"52b2d53\" data-element_type=\"container\">\n\t\t\t\t\t<div class=\"e-con-inner\">\n\t\t\t\t\t<\/div>\n\t\t\t\t<\/div>\n\t\t<div class=\"elementor-element elementor-element-8c3c2c7 e-flex e-con-boxed e-con e-parent\" data-id=\"8c3c2c7\" data-element_type=\"container\">\n\t\t\t\t\t<div class=\"e-con-inner\">\n\t\t<div class=\"elementor-element elementor-element-d0a7da0 e-con-full e-flex e-con e-child\" data-id=\"d0a7da0\" data-element_type=\"container\">\n\t\t\t\t<\/div>\n\t\t<div class=\"elementor-element elementor-element-7fdcc65 e-con-full e-flex e-con e-child\" data-id=\"7fdcc65\" data-element_type=\"container\">\n\t\t\t\t<\/div>\n\t\t\t\t\t<\/div>\n\t\t\t\t<\/div>\n\t\t<div class=\"elementor-element elementor-element-0406615 e-flex e-con-boxed e-con e-parent\" data-id=\"0406615\" data-element_type=\"container\" data-settings=\"{&quot;background_background&quot;:&quot;classic&quot;}\">\n\t\t\t\t\t<div class=\"e-con-inner\">\n\t\t<div class=\"elementor-element elementor-element-9ec2134 e-con-full e-flex e-con e-child\" data-id=\"9ec2134\" data-element_type=\"container\">\n\t\t\t\t<\/div>\n\t\t\t\t\t<\/div>\n\t\t\t\t<\/div>\n\t\t<div class=\"elementor-element elementor-element-22367a7 e-flex e-con-boxed e-con e-parent\" data-id=\"22367a7\" data-element_type=\"container\">\n\t\t\t\t\t<div class=\"e-con-inner\">\n\t\t<div class=\"elementor-element elementor-element-0b29d0c e-con-full e-flex e-con e-child\" data-id=\"0b29d0c\" data-element_type=\"container\">\n\t\t<div class=\"elementor-element elementor-element-e6e4b9c e-con-full e-flex e-con e-child\" data-id=\"e6e4b9c\" data-element_type=\"container\">\n\t\t\t\t<\/div>\n\t\t<div class=\"elementor-element elementor-element-de10621 e-con-full e-flex e-con e-child\" data-id=\"de10621\" data-element_type=\"container\">\n\t\t\t\t<\/div>\n\t\t<div class=\"elementor-element elementor-element-dc6a439 e-con-full e-flex e-con e-child\" data-id=\"dc6a439\" data-element_type=\"container\">\n\t\t\t\t<\/div>\n\t\t<div class=\"elementor-element elementor-element-df01612 e-con-full e-flex e-con e-child\" data-id=\"df01612\" data-element_type=\"container\">\n\t\t\t\t<\/div>\n\t\t\t\t<\/div>\n\t\t\t\t\t<\/div>\n\t\t\t\t<\/div>\n\t\t\t\t<\/div>","protected":false},"excerpt":{"rendered":"<p>KTM 13070 M80 Kontroll\u00fc <strong data-start=\"24\" data-end=\"50\">CNC dik i\u015fleme merkezi<\/strong>, y\u00fcksek hassasiyetli i\u015fleme kabiliyeti ve sa\u011flam g\u00f6vde yap\u0131s\u0131yla end\u00fcstriyel \u00fcretimde g\u00fcvenilir bir \u00e7\u00f6z\u00fcm sunar. Dayan\u0131kl\u0131 konstr\u00fcksiyonu sayesinde uzun \u00f6m\u00fcrl\u00fc kullan\u0131m sa\u011flarken, y\u00fcksek verimlilik odakl\u0131 tasar\u0131m\u0131yla \u00fcretim s\u00fcre\u00e7lerini h\u0131zland\u0131r\u0131r. Otomotiv, savunma sanayi ve a\u011f\u0131r sanayi gibi kritik sekt\u00f6rlerde g\u00fcvenle tercih edilen bu makine, kompleks par\u00e7alar\u0131n i\u015flenmesinde \u00fcst\u00fcn performans sergiler. <strong data-start=\"457\" data-end=\"487\">Y\u00fcksek hassasiyetli i\u015fleme<\/strong> \u00f6zelli\u011fi, en zorlu \u00fcretim ihtiya\u00e7lar\u0131nda bile kusursuz sonu\u00e7 elde etmenizi sa\u011flar. Modern \u00fcretim hatlar\u0131na entegre edilebilen KTM 13070 M80, kullan\u0131c\u0131ya hem kalite hem de s\u00fcreklilik a\u00e7\u0131s\u0131ndan maksimum fayda sunar. G\u00fc\u00e7l\u00fc yap\u0131s\u0131, g\u00fcven veren performans\u0131 ve sekt\u00f6rel uyumlulu\u011fu ile firmalar\u0131n rekabet g\u00fcc\u00fcn\u00fc art\u0131ran, her \u00f6l\u00e7ekteki i\u015fletme i\u00e7in ideal bir <strong data-start=\"839\" data-end=\"865\">CNC dik i\u015fleme merkezi<\/strong> \u00e7\u00f6z\u00fcm\u00fcd\u00fcr.<\/p>","protected":false},"featured_media":14972,"comment_status":"open","ping_status":"closed","template":"","meta":[],"product_brand":[210],"product_cat":[172,178],"product_tag":[],"class_list":{"0":"post-11651","1":"product","2":"type-product","3":"status-publish","4":"has-post-thumbnail","6":"product_brand-ktm","7":"product_cat-cnc-isleme-merkezi","8":"product_cat-cnc-makineleri","9":"pa_is-mili-devri-rpm-97","10":"pa_isleme-ekseni-3-eksen","11":"pa_isleme-turu-dik","12":"pa_kontrol-unitesi-mitsubishi","13":"pa_makine-turu-cnc-isleme-merkezi","14":"pa_otomasyon-destegi-var","15":"pa_sogutma-tipi-yag","16":"pa_tabla-olcusu-mm-1500x700","17":"pa_takim-degistirici-linear","18":"pa_uretim-mensei-cin","20":"first","21":"instock","22":"shipping-taxable","23":"product-type-simple"},"ct_brands":[{"id":210,"name":"KTM","slug":"ktm"}],"_links":{"self":[{"href":"https:\/\/yuntes.com.tr\/de\/wp-json\/wp\/v2\/product\/11651","targetHints":{"allow":["GET"]}}],"collection":[{"href":"https:\/\/yuntes.com.tr\/de\/wp-json\/wp\/v2\/product"}],"about":[{"href":"https:\/\/yuntes.com.tr\/de\/wp-json\/wp\/v2\/types\/product"}],"replies":[{"embeddable":true,"href":"https:\/\/yuntes.com.tr\/de\/wp-json\/wp\/v2\/comments?post=11651"}],"version-history":[{"count":0,"href":"https:\/\/yuntes.com.tr\/de\/wp-json\/wp\/v2\/product\/11651\/revisions"}],"wp:featuredmedia":[{"embeddable":true,"href":"https:\/\/yuntes.com.tr\/de\/wp-json\/wp\/v2\/media\/14972"}],"wp:attachment":[{"href":"https:\/\/yuntes.com.tr\/de\/wp-json\/wp\/v2\/media?parent=11651"}],"wp:term":[{"taxonomy":"product_brand","embeddable":true,"href":"https:\/\/yuntes.com.tr\/de\/wp-json\/wp\/v2\/product_brand?post=11651"},{"taxonomy":"product_cat","embeddable":true,"href":"https:\/\/yuntes.com.tr\/de\/wp-json\/wp\/v2\/product_cat?post=11651"},{"taxonomy":"product_tag","embeddable":true,"href":"https:\/\/yuntes.com.tr\/de\/wp-json\/wp\/v2\/product_tag?post=11651"}],"curies":[{"name":"wp","href":"https:\/\/api.w.org\/{rel}","templated":true}]}}