{"id":11622,"date":"2025-08-07T13:38:07","date_gmt":"2025-08-07T13:38:07","guid":{"rendered":"https:\/\/yun.defnemedia.com\/?post_type=product&#038;p=11622"},"modified":"2025-08-22T14:14:49","modified_gmt":"2025-08-22T11:14:49","slug":"ktm-10060-m80-kontrollu-cnc-dik-isleme-merkezi","status":"publish","type":"product","link":"https:\/\/yuntes.com.tr\/de\/produkt\/ktm-10060-m80-kontrollu-cnc-dik-isleme-merkezi\/","title":{"rendered":"KTM 10060 M80 Kontroll\u00fc CNC Dik \u0130\u015fleme Merkezi"},"content":{"rendered":"<div data-elementor-type=\"wp-post\" data-elementor-id=\"11622\" class=\"elementor elementor-11622\" data-elementor-post-type=\"product\">\n\t\t\t\t<div class=\"elementor-element elementor-element-52b2d53 e-flex e-con-boxed e-con e-parent\" data-id=\"52b2d53\" data-element_type=\"container\">\n\t\t\t\t\t<div class=\"e-con-inner\">\n\t\t\t\t\t<\/div>\n\t\t\t\t<\/div>\n\t\t<div class=\"elementor-element elementor-element-8c3c2c7 e-flex e-con-boxed e-con e-parent\" data-id=\"8c3c2c7\" data-element_type=\"container\">\n\t\t\t\t\t<div class=\"e-con-inner\">\n\t\t<div class=\"elementor-element elementor-element-d0a7da0 e-con-full e-flex e-con e-child\" data-id=\"d0a7da0\" data-element_type=\"container\">\n\t\t\t\t<\/div>\n\t\t<div class=\"elementor-element elementor-element-7fdcc65 e-con-full e-flex e-con e-child\" data-id=\"7fdcc65\" data-element_type=\"container\">\n\t\t\t\t<\/div>\n\t\t\t\t\t<\/div>\n\t\t\t\t<\/div>\n\t\t<div class=\"elementor-element elementor-element-0406615 e-flex e-con-boxed e-con e-parent\" data-id=\"0406615\" data-element_type=\"container\" data-settings=\"{&quot;background_background&quot;:&quot;classic&quot;}\">\n\t\t\t\t\t<div class=\"e-con-inner\">\n\t\t<div class=\"elementor-element elementor-element-9ec2134 e-con-full e-flex e-con e-child\" data-id=\"9ec2134\" data-element_type=\"container\">\n\t\t\t\t<\/div>\n\t\t\t\t\t<\/div>\n\t\t\t\t<\/div>\n\t\t<div class=\"elementor-element elementor-element-22367a7 e-flex e-con-boxed e-con e-parent\" data-id=\"22367a7\" data-element_type=\"container\">\n\t\t\t\t\t<div class=\"e-con-inner\">\n\t\t<div class=\"elementor-element elementor-element-0b29d0c e-con-full e-flex e-con e-child\" data-id=\"0b29d0c\" data-element_type=\"container\">\n\t\t<div class=\"elementor-element elementor-element-e6e4b9c e-con-full e-flex e-con e-child\" data-id=\"e6e4b9c\" data-element_type=\"container\">\n\t\t\t\t<\/div>\n\t\t<div class=\"elementor-element elementor-element-de10621 e-con-full e-flex e-con e-child\" data-id=\"de10621\" data-element_type=\"container\">\n\t\t\t\t<\/div>\n\t\t<div class=\"elementor-element elementor-element-dc6a439 e-con-full e-flex e-con e-child\" data-id=\"dc6a439\" data-element_type=\"container\">\n\t\t\t\t<\/div>\n\t\t<div class=\"elementor-element elementor-element-df01612 e-con-full e-flex e-con e-child\" data-id=\"df01612\" data-element_type=\"container\">\n\t\t\t\t<\/div>\n\t\t\t\t<\/div>\n\t\t\t\t\t<\/div>\n\t\t\t\t<\/div>\n\t\t\t\t<\/div>","protected":false},"excerpt":{"rendered":"<p>KTM 10060 M80 Kontroll\u00fc <strong data-start=\"24\" data-end=\"50\">CNC dik i\u015fleme merkezi<\/strong>, sa\u011flam g\u00f6vde yap\u0131s\u0131 ve ileri teknoloji kontrol sistemi ile \u00fcretim s\u00fcre\u00e7lerinde \u00fcst\u00fcn performans ve g\u00fcvenilirlik sunar. <strong data-start=\"171\" data-end=\"201\">Y\u00fcksek hassasiyetli i\u015fleme<\/strong> kabiliyeti sayesinde otomotiv, savunma sanayi ve a\u011f\u0131r sanayi gibi zorlu sekt\u00f6rlerde hassas ve verimli \u00e7\u00f6z\u00fcmler sa\u011flar. Dayan\u0131kl\u0131 tasar\u0131m\u0131 ve uzun \u00f6m\u00fcrl\u00fc kullan\u0131m avantaj\u0131, i\u015fletmelere s\u00fcrd\u00fcr\u00fclebilir \u00fcretim g\u00fcc\u00fc kazand\u0131r\u0131rken, \u00fcretimde kaliteyi her a\u015famada standart hale getirir. Hem seri \u00fcretim hem de \u00f6zel par\u00e7a i\u015fleme s\u00fcre\u00e7lerinde maksimum hassasiyet ve istikrar sa\u011flayan KTM 10060 M80, kullan\u0131c\u0131ya g\u00fcven veren profesyonel bir \u00e7\u00f6z\u00fcm olarak \u00f6ne \u00e7\u0131kar. <strong data-start=\"655\" data-end=\"677\">End\u00fcstriyel \u00fcretim<\/strong> i\u00e7in tasarlanan bu model, i\u015fletmelere rekabet avantaj\u0131 sunar ve modern \u00fcretim hatlar\u0131n\u0131n vazge\u00e7ilmez bir par\u00e7as\u0131 olur. KTM 10060 M80, dayan\u0131kl\u0131l\u0131k, hassasiyet ve verimlili\u011fi bir araya getirerek \u00fcretimde fark yarat\u0131r.<\/p>","protected":false},"featured_media":14966,"comment_status":"open","ping_status":"closed","template":"","meta":[],"product_brand":[210],"product_cat":[172,178],"product_tag":[],"class_list":{"0":"post-11622","1":"product","2":"type-product","3":"status-publish","4":"has-post-thumbnail","6":"product_brand-ktm","7":"product_cat-cnc-isleme-merkezi","8":"product_cat-cnc-makineleri","9":"pa_is-mili-devri-rpm-97","10":"pa_isleme-ekseni-5-eksen","11":"pa_isleme-turu-dik","12":"pa_kontrol-unitesi-fanuc","13":"pa_makine-turu-cnc-isleme-merkezi","14":"pa_otomasyon-destegi-var","15":"pa_sogutma-tipi-yag","16":"pa_tabla-olcusu-mm-1200x600","17":"pa_takim-degistirici-linear","18":"pa_uretim-mensei-cin","20":"first","21":"instock","22":"shipping-taxable","23":"product-type-simple"},"ct_brands":[{"id":210,"name":"KTM","slug":"ktm"}],"_links":{"self":[{"href":"https:\/\/yuntes.com.tr\/de\/wp-json\/wp\/v2\/product\/11622","targetHints":{"allow":["GET"]}}],"collection":[{"href":"https:\/\/yuntes.com.tr\/de\/wp-json\/wp\/v2\/product"}],"about":[{"href":"https:\/\/yuntes.com.tr\/de\/wp-json\/wp\/v2\/types\/product"}],"replies":[{"embeddable":true,"href":"https:\/\/yuntes.com.tr\/de\/wp-json\/wp\/v2\/comments?post=11622"}],"version-history":[{"count":0,"href":"https:\/\/yuntes.com.tr\/de\/wp-json\/wp\/v2\/product\/11622\/revisions"}],"wp:featuredmedia":[{"embeddable":true,"href":"https:\/\/yuntes.com.tr\/de\/wp-json\/wp\/v2\/media\/14966"}],"wp:attachment":[{"href":"https:\/\/yuntes.com.tr\/de\/wp-json\/wp\/v2\/media?parent=11622"}],"wp:term":[{"taxonomy":"product_brand","embeddable":true,"href":"https:\/\/yuntes.com.tr\/de\/wp-json\/wp\/v2\/product_brand?post=11622"},{"taxonomy":"product_cat","embeddable":true,"href":"https:\/\/yuntes.com.tr\/de\/wp-json\/wp\/v2\/product_cat?post=11622"},{"taxonomy":"product_tag","embeddable":true,"href":"https:\/\/yuntes.com.tr\/de\/wp-json\/wp\/v2\/product_tag?post=11622"}],"curies":[{"name":"wp","href":"https:\/\/api.w.org\/{rel}","templated":true}]}}