{"id":11608,"date":"2025-08-07T13:19:01","date_gmt":"2025-08-07T13:19:01","guid":{"rendered":"https:\/\/yun.defnemedia.com\/?post_type=product&#038;p=11608"},"modified":"2025-08-22T09:46:39","modified_gmt":"2025-08-22T06:46:39","slug":"accuway-uv-100e-cnc-dik-torna-tezgahi","status":"publish","type":"product","link":"https:\/\/yuntes.com.tr\/de\/produkt\/accuway-uv-100e-cnc-dik-torna-tezgahi\/","title":{"rendered":"ACCUWAY UV-100E CNC Dik Torna Tezgah\u0131"},"content":{"rendered":"<div data-elementor-type=\"wp-post\" data-elementor-id=\"11608\" class=\"elementor elementor-11608\" data-elementor-post-type=\"product\">\n\t\t\t\t<div class=\"elementor-element elementor-element-52b2d53 e-flex e-con-boxed e-con e-parent\" data-id=\"52b2d53\" data-element_type=\"container\">\n\t\t\t\t\t<div class=\"e-con-inner\">\n\t\t\t\t\t<\/div>\n\t\t\t\t<\/div>\n\t\t<div class=\"elementor-element elementor-element-8c3c2c7 e-flex e-con-boxed e-con e-parent\" data-id=\"8c3c2c7\" data-element_type=\"container\">\n\t\t\t\t\t<div class=\"e-con-inner\">\n\t\t<div class=\"elementor-element elementor-element-d0a7da0 e-con-full e-flex e-con e-child\" data-id=\"d0a7da0\" data-element_type=\"container\">\n\t\t\t\t<\/div>\n\t\t<div class=\"elementor-element elementor-element-7fdcc65 e-con-full e-flex e-con e-child\" data-id=\"7fdcc65\" data-element_type=\"container\">\n\t\t\t\t<\/div>\n\t\t\t\t\t<\/div>\n\t\t\t\t<\/div>\n\t\t<div class=\"elementor-element elementor-element-0406615 e-flex e-con-boxed e-con e-parent\" data-id=\"0406615\" data-element_type=\"container\" data-settings=\"{&quot;background_background&quot;:&quot;classic&quot;}\">\n\t\t\t\t\t<div class=\"e-con-inner\">\n\t\t<div class=\"elementor-element elementor-element-9ec2134 e-con-full e-flex e-con e-child\" data-id=\"9ec2134\" data-element_type=\"container\">\n\t\t\t\t<\/div>\n\t\t\t\t\t<\/div>\n\t\t\t\t<\/div>\n\t\t<div class=\"elementor-element elementor-element-22367a7 e-flex e-con-boxed e-con e-parent\" data-id=\"22367a7\" data-element_type=\"container\">\n\t\t\t\t\t<div class=\"e-con-inner\">\n\t\t<div class=\"elementor-element elementor-element-0b29d0c e-con-full e-flex e-con e-child\" data-id=\"0b29d0c\" data-element_type=\"container\">\n\t\t<div class=\"elementor-element elementor-element-e6e4b9c e-con-full e-flex e-con e-child\" data-id=\"e6e4b9c\" data-element_type=\"container\">\n\t\t\t\t<\/div>\n\t\t<div class=\"elementor-element elementor-element-de10621 e-con-full e-flex e-con e-child\" data-id=\"de10621\" data-element_type=\"container\">\n\t\t\t\t<\/div>\n\t\t<div class=\"elementor-element elementor-element-dc6a439 e-con-full e-flex e-con e-child\" data-id=\"dc6a439\" data-element_type=\"container\">\n\t\t\t\t<\/div>\n\t\t<div class=\"elementor-element elementor-element-df01612 e-con-full e-flex e-con e-child\" data-id=\"df01612\" data-element_type=\"container\">\n\t\t\t\t<\/div>\n\t\t\t\t<\/div>\n\t\t\t\t\t<\/div>\n\t\t\t\t<\/div>\n\t\t\t\t<\/div>","protected":false},"excerpt":{"rendered":"<p><strong data-start=\"100\" data-end=\"141\">ACCUWAY UV-100E CNC Dik Torna Tezgah\u0131<\/strong>, y\u00fcksek hassasiyet ve dayan\u0131kl\u0131l\u0131k gerektiren i\u015fleme s\u00fcre\u00e7leri i\u00e7in geli\u015ftirilmi\u015f modern bir dik torna \u00e7\u00f6z\u00fcm\u00fcd\u00fcr. Geni\u015f i\u015fleme kapasitesi, g\u00fc\u00e7l\u00fc yap\u0131s\u0131 ve kullan\u0131c\u0131 dostu kontrol sistemi sayesinde \u00f6zellikle otomotiv, savunma sanayi ve a\u011f\u0131r sanayi \u00fcretimlerinde maksimum verimlilik sa\u011flar. Sa\u011flam g\u00f6vde tasar\u0131m\u0131, titre\u015fimi minimuma indirerek uzun \u00f6m\u00fcrl\u00fc kullan\u0131m sunarken; y\u00fcksek performansl\u0131 motor ve geli\u015fmi\u015f kontrol \u00fcnitesi ile seri \u00fcretimde \u00fcst\u00fcn kaliteyi garanti eder.<\/p>","protected":false},"featured_media":14757,"comment_status":"open","ping_status":"closed","template":"","meta":[],"product_brand":[166],"product_cat":[178,180],"product_tag":[],"class_list":{"0":"post-11608","1":"product","2":"type-product","3":"status-publish","4":"has-post-thumbnail","6":"product_brand-accuway","7":"product_cat-cnc-makineleri","8":"product_cat-cnc-torna","9":"pa_is-mili-devri-rpm-90","10":"pa_isleme-ekseni-2-eksen","11":"pa_isleme-turu-dik","12":"pa_kontrol-unitesi-fanuc","13":"pa_makine-turu-cnc-torna","14":"pa_otomasyon-destegi-var","15":"pa_sogutma-tipi-yag","16":"pa_tabla-olcusu-mm-380x320","17":"pa_takim-degistirici-carousel-doner","18":"pa_uretim-mensei-tayvan","20":"first","21":"instock","22":"shipping-taxable","23":"product-type-simple"},"ct_brands":[{"id":166,"name":"ACCUWAY","slug":"accuway"}],"_links":{"self":[{"href":"https:\/\/yuntes.com.tr\/de\/wp-json\/wp\/v2\/product\/11608","targetHints":{"allow":["GET"]}}],"collection":[{"href":"https:\/\/yuntes.com.tr\/de\/wp-json\/wp\/v2\/product"}],"about":[{"href":"https:\/\/yuntes.com.tr\/de\/wp-json\/wp\/v2\/types\/product"}],"replies":[{"embeddable":true,"href":"https:\/\/yuntes.com.tr\/de\/wp-json\/wp\/v2\/comments?post=11608"}],"version-history":[{"count":0,"href":"https:\/\/yuntes.com.tr\/de\/wp-json\/wp\/v2\/product\/11608\/revisions"}],"wp:featuredmedia":[{"embeddable":true,"href":"https:\/\/yuntes.com.tr\/de\/wp-json\/wp\/v2\/media\/14757"}],"wp:attachment":[{"href":"https:\/\/yuntes.com.tr\/de\/wp-json\/wp\/v2\/media?parent=11608"}],"wp:term":[{"taxonomy":"product_brand","embeddable":true,"href":"https:\/\/yuntes.com.tr\/de\/wp-json\/wp\/v2\/product_brand?post=11608"},{"taxonomy":"product_cat","embeddable":true,"href":"https:\/\/yuntes.com.tr\/de\/wp-json\/wp\/v2\/product_cat?post=11608"},{"taxonomy":"product_tag","embeddable":true,"href":"https:\/\/yuntes.com.tr\/de\/wp-json\/wp\/v2\/product_tag?post=11608"}],"curies":[{"name":"wp","href":"https:\/\/api.w.org\/{rel}","templated":true}]}}