{"id":11601,"date":"2025-08-07T13:03:55","date_gmt":"2025-08-07T13:03:55","guid":{"rendered":"https:\/\/yun.defnemedia.com\/?post_type=product&#038;p=11601"},"modified":"2025-08-22T13:40:09","modified_gmt":"2025-08-22T10:40:09","slug":"accuway-ut-360lx-cnc-yatay-torna-tezgahi","status":"publish","type":"product","link":"https:\/\/yuntes.com.tr\/de\/produkt\/accuway-ut-360lx-cnc-yatay-torna-tezgahi\/","title":{"rendered":"ACCUWAY UT-360LX CNC Yatay Torna Tezgah\u0131"},"content":{"rendered":"<div data-elementor-type=\"wp-post\" data-elementor-id=\"11601\" class=\"elementor elementor-11601\" data-elementor-post-type=\"product\">\n\t\t\t\t<div class=\"elementor-element elementor-element-52b2d53 e-flex e-con-boxed e-con e-parent\" data-id=\"52b2d53\" data-element_type=\"container\">\n\t\t\t\t\t<div class=\"e-con-inner\">\n\t\t\t\t\t<\/div>\n\t\t\t\t<\/div>\n\t\t<div class=\"elementor-element elementor-element-8c3c2c7 e-flex e-con-boxed e-con e-parent\" data-id=\"8c3c2c7\" data-element_type=\"container\">\n\t\t\t\t\t<div class=\"e-con-inner\">\n\t\t<div class=\"elementor-element elementor-element-d0a7da0 e-con-full e-flex e-con e-child\" data-id=\"d0a7da0\" data-element_type=\"container\">\n\t\t\t\t<\/div>\n\t\t<div class=\"elementor-element elementor-element-7fdcc65 e-con-full e-flex e-con e-child\" data-id=\"7fdcc65\" data-element_type=\"container\">\n\t\t\t\t<\/div>\n\t\t\t\t\t<\/div>\n\t\t\t\t<\/div>\n\t\t<div class=\"elementor-element elementor-element-0406615 e-flex e-con-boxed e-con e-parent\" data-id=\"0406615\" data-element_type=\"container\" data-settings=\"{&quot;background_background&quot;:&quot;classic&quot;}\">\n\t\t\t\t\t<div class=\"e-con-inner\">\n\t\t<div class=\"elementor-element elementor-element-9ec2134 e-con-full e-flex e-con e-child\" data-id=\"9ec2134\" data-element_type=\"container\">\n\t\t\t\t<\/div>\n\t\t\t\t\t<\/div>\n\t\t\t\t<\/div>\n\t\t<div class=\"elementor-element elementor-element-22367a7 e-flex e-con-boxed e-con e-parent\" data-id=\"22367a7\" data-element_type=\"container\">\n\t\t\t\t\t<div class=\"e-con-inner\">\n\t\t<div class=\"elementor-element elementor-element-0b29d0c e-con-full e-flex e-con e-child\" data-id=\"0b29d0c\" data-element_type=\"container\">\n\t\t<div class=\"elementor-element elementor-element-e6e4b9c e-con-full e-flex e-con e-child\" data-id=\"e6e4b9c\" data-element_type=\"container\">\n\t\t\t\t<\/div>\n\t\t<div class=\"elementor-element elementor-element-de10621 e-con-full e-flex e-con e-child\" data-id=\"de10621\" data-element_type=\"container\">\n\t\t\t\t<\/div>\n\t\t<div class=\"elementor-element elementor-element-dc6a439 e-con-full e-flex e-con e-child\" data-id=\"dc6a439\" data-element_type=\"container\">\n\t\t\t\t<\/div>\n\t\t<div class=\"elementor-element elementor-element-df01612 e-con-full e-flex e-con e-child\" data-id=\"df01612\" data-element_type=\"container\">\n\t\t\t\t<\/div>\n\t\t\t\t<\/div>\n\t\t\t\t\t<\/div>\n\t\t\t\t<\/div>\n\t\t\t\t<\/div>","protected":false},"excerpt":{"rendered":"<p>ACCUWAY UT-360LX <strong data-start=\"17\" data-end=\"44\">CNC yatay torna tezgah\u0131<\/strong>, g\u00fc\u00e7l\u00fc g\u00f6vde yap\u0131s\u0131 ve modern m\u00fchendislik \u00e7\u00f6z\u00fcmleriyle y\u00fcksek dayan\u0131kl\u0131l\u0131k ve uzun \u00f6m\u00fcrl\u00fc kullan\u0131m sa\u011flar. <strong data-start=\"152\" data-end=\"182\">Y\u00fcksek hassasiyetli i\u015fleme<\/strong> kabiliyeti sayesinde otomotiv, savunma sanayi ve a\u011f\u0131r sanayi gibi zorlu sekt\u00f6rlerde \u00fcst\u00fcn kalite ve g\u00fcvenilirlik sunar. Sa\u011flam tasar\u0131m\u0131, verimlili\u011fi art\u0131ran yap\u0131s\u0131 ve istikrarl\u0131 performans\u0131 ile \u00fcretim s\u00fcre\u00e7lerinde maksimum fayda sa\u011flar. Hem seri \u00fcretim hem de \u00f6zel par\u00e7a imalat\u0131nda hassasiyeti garanti eden UT-360LX, i\u015fletmelerin rekabet g\u00fcc\u00fcn\u00fc art\u0131racak profesyonel bir \u00e7\u00f6z\u00fcmd\u00fcr. Kullan\u0131c\u0131ya g\u00fcven veren i\u015fleme performans\u0131 ve uzun vadeli yat\u0131r\u0131m avantaj\u0131yla \u00f6ne \u00e7\u0131kan bu model, <strong data-start=\"662\" data-end=\"684\">end\u00fcstriyel \u00fcretim<\/strong> standartlar\u0131n\u0131 bir \u00fcst seviyeye ta\u015f\u0131r. ACCUWAY UT-360LX, dayan\u0131kl\u0131l\u0131k, g\u00fcvenilirlik ve hassasiyeti tek bir makinede sunarak modern \u00fcretim hatlar\u0131n\u0131n vazge\u00e7ilmez tercihi olmaya adayd\u0131r.<\/p>","protected":false},"featured_media":14949,"comment_status":"open","ping_status":"closed","template":"","meta":[],"product_brand":[166],"product_cat":[178,180],"product_tag":[],"class_list":{"0":"post-11601","1":"product","2":"type-product","3":"status-publish","4":"has-post-thumbnail","6":"product_brand-accuway","7":"product_cat-cnc-makineleri","8":"product_cat-cnc-torna","9":"pa_is-mili-devri-rpm-87","10":"pa_isleme-ekseni-2-eksen","11":"pa_isleme-turu-yatay","12":"pa_kontrol-unitesi-fanuc","13":"pa_makine-turu-cnc-yatay-torna","14":"pa_otomasyon-destegi-var","15":"pa_sogutma-tipi-yag","16":"pa_tabla-olcusu-mm-750x600","17":"pa_takim-degistirici-carousel-doner","18":"pa_uretim-mensei-tayvan","20":"first","21":"instock","22":"shipping-taxable","23":"product-type-simple"},"ct_brands":[{"id":166,"name":"ACCUWAY","slug":"accuway"}],"_links":{"self":[{"href":"https:\/\/yuntes.com.tr\/de\/wp-json\/wp\/v2\/product\/11601","targetHints":{"allow":["GET"]}}],"collection":[{"href":"https:\/\/yuntes.com.tr\/de\/wp-json\/wp\/v2\/product"}],"about":[{"href":"https:\/\/yuntes.com.tr\/de\/wp-json\/wp\/v2\/types\/product"}],"replies":[{"embeddable":true,"href":"https:\/\/yuntes.com.tr\/de\/wp-json\/wp\/v2\/comments?post=11601"}],"version-history":[{"count":0,"href":"https:\/\/yuntes.com.tr\/de\/wp-json\/wp\/v2\/product\/11601\/revisions"}],"wp:featuredmedia":[{"embeddable":true,"href":"https:\/\/yuntes.com.tr\/de\/wp-json\/wp\/v2\/media\/14949"}],"wp:attachment":[{"href":"https:\/\/yuntes.com.tr\/de\/wp-json\/wp\/v2\/media?parent=11601"}],"wp:term":[{"taxonomy":"product_brand","embeddable":true,"href":"https:\/\/yuntes.com.tr\/de\/wp-json\/wp\/v2\/product_brand?post=11601"},{"taxonomy":"product_cat","embeddable":true,"href":"https:\/\/yuntes.com.tr\/de\/wp-json\/wp\/v2\/product_cat?post=11601"},{"taxonomy":"product_tag","embeddable":true,"href":"https:\/\/yuntes.com.tr\/de\/wp-json\/wp\/v2\/product_tag?post=11601"}],"curies":[{"name":"wp","href":"https:\/\/api.w.org\/{rel}","templated":true}]}}