{"id":11598,"date":"2025-08-07T12:59:03","date_gmt":"2025-08-07T12:59:03","guid":{"rendered":"https:\/\/yun.defnemedia.com\/?post_type=product&#038;p=11598"},"modified":"2025-08-22T13:33:51","modified_gmt":"2025-08-22T10:33:51","slug":"accuway-ut-300y-y-eksenli-cnc-yatay-torna","status":"publish","type":"product","link":"https:\/\/yuntes.com.tr\/de\/produkt\/accuway-ut-300y-y-eksenli-cnc-yatay-torna\/","title":{"rendered":"ACCUWAY UT-300Y Y Eksenli CNC Yatay Torna"},"content":{"rendered":"<div data-elementor-type=\"wp-post\" data-elementor-id=\"11598\" class=\"elementor elementor-11598\" data-elementor-post-type=\"product\">\n\t\t\t\t<div class=\"elementor-element elementor-element-52b2d53 e-flex e-con-boxed e-con e-parent\" data-id=\"52b2d53\" data-element_type=\"container\">\n\t\t\t\t\t<div class=\"e-con-inner\">\n\t\t\t\t\t<\/div>\n\t\t\t\t<\/div>\n\t\t<div class=\"elementor-element elementor-element-8c3c2c7 e-flex e-con-boxed e-con e-parent\" data-id=\"8c3c2c7\" data-element_type=\"container\">\n\t\t\t\t\t<div class=\"e-con-inner\">\n\t\t<div class=\"elementor-element elementor-element-d0a7da0 e-con-full e-flex e-con e-child\" data-id=\"d0a7da0\" data-element_type=\"container\">\n\t\t\t\t<\/div>\n\t\t<div class=\"elementor-element elementor-element-7fdcc65 e-con-full e-flex e-con e-child\" data-id=\"7fdcc65\" data-element_type=\"container\">\n\t\t\t\t<\/div>\n\t\t\t\t\t<\/div>\n\t\t\t\t<\/div>\n\t\t<div class=\"elementor-element elementor-element-0406615 e-flex e-con-boxed e-con e-parent\" data-id=\"0406615\" data-element_type=\"container\" data-settings=\"{&quot;background_background&quot;:&quot;classic&quot;}\">\n\t\t\t\t\t<div class=\"e-con-inner\">\n\t\t<div class=\"elementor-element elementor-element-9ec2134 e-con-full e-flex e-con e-child\" data-id=\"9ec2134\" data-element_type=\"container\">\n\t\t\t\t<\/div>\n\t\t\t\t\t<\/div>\n\t\t\t\t<\/div>\n\t\t<div class=\"elementor-element elementor-element-22367a7 e-flex e-con-boxed e-con e-parent\" data-id=\"22367a7\" data-element_type=\"container\">\n\t\t\t\t\t<div class=\"e-con-inner\">\n\t\t<div class=\"elementor-element elementor-element-0b29d0c e-con-full e-flex e-con e-child\" data-id=\"0b29d0c\" data-element_type=\"container\">\n\t\t<div class=\"elementor-element elementor-element-e6e4b9c e-con-full e-flex e-con e-child\" data-id=\"e6e4b9c\" data-element_type=\"container\">\n\t\t\t\t<\/div>\n\t\t<div class=\"elementor-element elementor-element-de10621 e-con-full e-flex e-con e-child\" data-id=\"de10621\" data-element_type=\"container\">\n\t\t\t\t<\/div>\n\t\t<div class=\"elementor-element elementor-element-dc6a439 e-con-full e-flex e-con e-child\" data-id=\"dc6a439\" data-element_type=\"container\">\n\t\t\t\t<\/div>\n\t\t<div class=\"elementor-element elementor-element-df01612 e-con-full e-flex e-con e-child\" data-id=\"df01612\" data-element_type=\"container\">\n\t\t\t\t<\/div>\n\t\t\t\t<\/div>\n\t\t\t\t\t<\/div>\n\t\t\t\t<\/div>\n\t\t\t\t<\/div>","protected":false},"excerpt":{"rendered":"<p>ACCUWAY UT-300Y Y Eksenli <strong data-start=\"26\" data-end=\"45\">CNC yatay torna<\/strong>, g\u00fc\u00e7l\u00fc g\u00f6vde yap\u0131s\u0131 ve geli\u015fmi\u015f teknolojisiyle modern \u00fcretim s\u00fcre\u00e7lerinde maksimum verimlilik ve hassasiyet sunar. Y eksenli yap\u0131s\u0131 sayesinde \u00e7ok y\u00f6nl\u00fc i\u015fleme imk\u00e2n\u0131 tan\u0131yan bu model, <strong data-start=\"230\" data-end=\"260\">y\u00fcksek hassasiyetli i\u015fleme<\/strong> kabiliyetiyle otomotiv, savunma sanayi ve a\u011f\u0131r sanayi gibi kritik sekt\u00f6rlerde g\u00fcvenilir \u00e7\u00f6z\u00fcmler sa\u011flar. Dayan\u0131kl\u0131 tasar\u0131m\u0131 uzun \u00f6m\u00fcrl\u00fc kullan\u0131m avantaj\u0131 sunarken, istikrarl\u0131 performans\u0131 \u00fcretimde kaliteyi standart hale getirir. Hem seri \u00fcretimde hem de \u00f6zel par\u00e7a i\u015flemede verimlilik ve hassasiyeti bir araya getiren UT-300Y, kullan\u0131c\u0131ya g\u00fcven veren profesyonel bir \u00e7\u00f6z\u00fcm sunar. <strong data-start=\"640\" data-end=\"662\">End\u00fcstriyel \u00fcretim<\/strong> i\u00e7in tasarlanan bu model, i\u015fletmelere s\u00fcrd\u00fcr\u00fclebilir \u00fcretim g\u00fcc\u00fc ve rekabet avantaj\u0131 kazand\u0131r\u0131r. ACCUWAY UT-300Y, g\u00fcvenilirli\u011fi, hassasiyeti ve \u00e7ok y\u00f6nl\u00fc i\u015fleme kabiliyetiyle gelece\u011fin \u00fcretim hatlar\u0131na de\u011fer katar.<\/p>","protected":false},"featured_media":14946,"comment_status":"open","ping_status":"closed","template":"","meta":[],"product_brand":[166],"product_cat":[178,180],"product_tag":[],"class_list":{"0":"post-11598","1":"product","2":"type-product","3":"status-publish","4":"has-post-thumbnail","6":"product_brand-accuway","7":"product_cat-cnc-makineleri","8":"product_cat-cnc-torna","9":"pa_is-mili-devri-rpm-82","10":"pa_isleme-ekseni-3-eksen","11":"pa_isleme-turu-yatay","12":"pa_kontrol-unitesi-fanuc","13":"pa_makine-turu-cnc-yatay-torna","14":"pa_otomasyon-destegi-var","15":"pa_sogutma-tipi-yag","16":"pa_tabla-olcusu-mm-910x720","17":"pa_takim-degistirici-carousel-doner","18":"pa_uretim-mensei-tayvan","20":"first","21":"instock","22":"shipping-taxable","23":"product-type-simple"},"ct_brands":[{"id":166,"name":"ACCUWAY","slug":"accuway"}],"_links":{"self":[{"href":"https:\/\/yuntes.com.tr\/de\/wp-json\/wp\/v2\/product\/11598","targetHints":{"allow":["GET"]}}],"collection":[{"href":"https:\/\/yuntes.com.tr\/de\/wp-json\/wp\/v2\/product"}],"about":[{"href":"https:\/\/yuntes.com.tr\/de\/wp-json\/wp\/v2\/types\/product"}],"replies":[{"embeddable":true,"href":"https:\/\/yuntes.com.tr\/de\/wp-json\/wp\/v2\/comments?post=11598"}],"version-history":[{"count":0,"href":"https:\/\/yuntes.com.tr\/de\/wp-json\/wp\/v2\/product\/11598\/revisions"}],"wp:featuredmedia":[{"embeddable":true,"href":"https:\/\/yuntes.com.tr\/de\/wp-json\/wp\/v2\/media\/14946"}],"wp:attachment":[{"href":"https:\/\/yuntes.com.tr\/de\/wp-json\/wp\/v2\/media?parent=11598"}],"wp:term":[{"taxonomy":"product_brand","embeddable":true,"href":"https:\/\/yuntes.com.tr\/de\/wp-json\/wp\/v2\/product_brand?post=11598"},{"taxonomy":"product_cat","embeddable":true,"href":"https:\/\/yuntes.com.tr\/de\/wp-json\/wp\/v2\/product_cat?post=11598"},{"taxonomy":"product_tag","embeddable":true,"href":"https:\/\/yuntes.com.tr\/de\/wp-json\/wp\/v2\/product_tag?post=11598"}],"curies":[{"name":"wp","href":"https:\/\/api.w.org\/{rel}","templated":true}]}}