{"id":11586,"date":"2025-08-07T12:40:53","date_gmt":"2025-08-07T12:40:53","guid":{"rendered":"https:\/\/yun.defnemedia.com\/?post_type=product&#038;p=11586"},"modified":"2025-08-22T12:06:28","modified_gmt":"2025-08-22T09:06:28","slug":"accuway-ut-300l-fanuc-kontrollu-cnc-yatay-torna","status":"publish","type":"product","link":"https:\/\/yuntes.com.tr\/de\/produkt\/accuway-ut-300l-fanuc-kontrollu-cnc-yatay-torna\/","title":{"rendered":"ACCUWAY UT-300L Fanuc Kontroll\u00fc CNC Yatay Torna"},"content":{"rendered":"<div data-elementor-type=\"wp-post\" data-elementor-id=\"11586\" class=\"elementor elementor-11586\" data-elementor-post-type=\"product\">\n\t\t\t\t<div class=\"elementor-element elementor-element-52b2d53 e-flex e-con-boxed e-con e-parent\" data-id=\"52b2d53\" data-element_type=\"container\">\n\t\t\t\t\t<div class=\"e-con-inner\">\n\t\t\t\t\t<\/div>\n\t\t\t\t<\/div>\n\t\t<div class=\"elementor-element elementor-element-8c3c2c7 e-flex e-con-boxed e-con e-parent\" data-id=\"8c3c2c7\" data-element_type=\"container\">\n\t\t\t\t\t<div class=\"e-con-inner\">\n\t\t<div class=\"elementor-element elementor-element-d0a7da0 e-con-full e-flex e-con e-child\" data-id=\"d0a7da0\" data-element_type=\"container\">\n\t\t\t\t<\/div>\n\t\t<div class=\"elementor-element elementor-element-7fdcc65 e-con-full e-flex e-con e-child\" data-id=\"7fdcc65\" data-element_type=\"container\">\n\t\t\t\t<\/div>\n\t\t\t\t\t<\/div>\n\t\t\t\t<\/div>\n\t\t<div class=\"elementor-element elementor-element-0406615 e-flex e-con-boxed e-con e-parent\" data-id=\"0406615\" data-element_type=\"container\" data-settings=\"{&quot;background_background&quot;:&quot;classic&quot;}\">\n\t\t\t\t\t<div class=\"e-con-inner\">\n\t\t<div class=\"elementor-element elementor-element-9ec2134 e-con-full e-flex e-con e-child\" data-id=\"9ec2134\" data-element_type=\"container\">\n\t\t\t\t<\/div>\n\t\t\t\t\t<\/div>\n\t\t\t\t<\/div>\n\t\t<div class=\"elementor-element elementor-element-22367a7 e-flex e-con-boxed e-con e-parent\" data-id=\"22367a7\" data-element_type=\"container\">\n\t\t\t\t\t<div class=\"e-con-inner\">\n\t\t<div class=\"elementor-element elementor-element-0b29d0c e-con-full e-flex e-con e-child\" data-id=\"0b29d0c\" data-element_type=\"container\">\n\t\t<div class=\"elementor-element elementor-element-e6e4b9c e-con-full e-flex e-con e-child\" data-id=\"e6e4b9c\" data-element_type=\"container\">\n\t\t\t\t<\/div>\n\t\t<div class=\"elementor-element elementor-element-de10621 e-con-full e-flex e-con e-child\" data-id=\"de10621\" data-element_type=\"container\">\n\t\t\t\t<\/div>\n\t\t<div class=\"elementor-element elementor-element-dc6a439 e-con-full e-flex e-con e-child\" data-id=\"dc6a439\" data-element_type=\"container\">\n\t\t\t\t<\/div>\n\t\t<div class=\"elementor-element elementor-element-df01612 e-con-full e-flex e-con e-child\" data-id=\"df01612\" data-element_type=\"container\">\n\t\t\t\t<\/div>\n\t\t\t\t<\/div>\n\t\t\t\t\t<\/div>\n\t\t\t\t<\/div>\n\t\t\t\t<\/div>","protected":false},"excerpt":{"rendered":"<p><strong>ACCUWAY UT-300L Fanuc Kontroll\u00fc CNC yatay torna<\/strong>, sa\u011flam g\u00f6vde yap\u0131s\u0131 ve geli\u015fmi\u015f kontrol teknolojisiyle \u00fcretim s\u00fcre\u00e7lerinde g\u00fcvenilirlik ve y\u00fcksek performans\u0131 bir araya getirir. Y\u00fcksek hassasiyetli i\u015fleme kabiliyeti sayesinde otomotiv, savunma sanayi ve a\u011f\u0131r sanayi gibi zorlu sekt\u00f6rlerde en ince detaylarda bile \u00fcst\u00fcn sonu\u00e7lar sunar. Dayan\u0131kl\u0131l\u0131\u011f\u0131 ve uzun \u00f6m\u00fcrl\u00fc kullan\u0131m avantaj\u0131, i\u015fletmelere s\u00fcrd\u00fcr\u00fclebilir verimlilik sa\u011flarken, seri \u00fcretimden \u00f6zel i\u015fleme projelerine kadar her a\u015famada kaliteyi standart hale getirir. G\u00fc\u00e7l\u00fc yap\u0131s\u0131, istikrarl\u0131 i\u015fleme performans\u0131 ve kullan\u0131c\u0131ya g\u00fcven veren tasar\u0131m\u0131yla \u00f6ne \u00e7\u0131kan <strong>ACCUWAY UT-300L<\/strong>, end\u00fcstriyel \u00fcretim alan\u0131nda profesyonel \u00e7\u00f6z\u00fcmler sunar. Rekabet g\u00fcc\u00fcn\u00fc art\u0131rmak isteyen i\u015fletmeler i\u00e7in ideal bir tercih olan bu model, g\u00fcvenilirlik, hassasiyet ve verimlili\u011fi tek bir makinede bulu\u015fturur.<\/p>","protected":false},"featured_media":14885,"comment_status":"open","ping_status":"closed","template":"","meta":[],"product_brand":[166],"product_cat":[178,180],"product_tag":[],"class_list":{"0":"post-11586","1":"product","2":"type-product","3":"status-publish","4":"has-post-thumbnail","6":"product_brand-accuway","7":"product_cat-cnc-makineleri","8":"product_cat-cnc-torna","9":"pa_is-mili-devri-rpm-82","10":"pa_isleme-ekseni-2-eksen","11":"pa_isleme-turu-yatay","12":"pa_kontrol-unitesi-fanuc","13":"pa_makine-turu-cnc-yatay-torna","14":"pa_otomasyon-destegi-var","15":"pa_sogutma-tipi-su","16":"pa_tabla-olcusu-mm-612x400","17":"pa_takim-degistirici-carousel-doner","18":"pa_uretim-mensei-tayvan","20":"first","21":"instock","22":"shipping-taxable","23":"product-type-simple"},"ct_brands":[{"id":166,"name":"ACCUWAY","slug":"accuway"}],"_links":{"self":[{"href":"https:\/\/yuntes.com.tr\/de\/wp-json\/wp\/v2\/product\/11586","targetHints":{"allow":["GET"]}}],"collection":[{"href":"https:\/\/yuntes.com.tr\/de\/wp-json\/wp\/v2\/product"}],"about":[{"href":"https:\/\/yuntes.com.tr\/de\/wp-json\/wp\/v2\/types\/product"}],"replies":[{"embeddable":true,"href":"https:\/\/yuntes.com.tr\/de\/wp-json\/wp\/v2\/comments?post=11586"}],"version-history":[{"count":0,"href":"https:\/\/yuntes.com.tr\/de\/wp-json\/wp\/v2\/product\/11586\/revisions"}],"wp:featuredmedia":[{"embeddable":true,"href":"https:\/\/yuntes.com.tr\/de\/wp-json\/wp\/v2\/media\/14885"}],"wp:attachment":[{"href":"https:\/\/yuntes.com.tr\/de\/wp-json\/wp\/v2\/media?parent=11586"}],"wp:term":[{"taxonomy":"product_brand","embeddable":true,"href":"https:\/\/yuntes.com.tr\/de\/wp-json\/wp\/v2\/product_brand?post=11586"},{"taxonomy":"product_cat","embeddable":true,"href":"https:\/\/yuntes.com.tr\/de\/wp-json\/wp\/v2\/product_cat?post=11586"},{"taxonomy":"product_tag","embeddable":true,"href":"https:\/\/yuntes.com.tr\/de\/wp-json\/wp\/v2\/product_tag?post=11586"}],"curies":[{"name":"wp","href":"https:\/\/api.w.org\/{rel}","templated":true}]}}