{"id":12323,"date":"2025-08-12T23:12:04","date_gmt":"2025-08-12T20:12:04","guid":{"rendered":"https:\/\/yun.defnemedia.com\/?page_id=12323"},"modified":"2025-08-12T23:12:04","modified_gmt":"2025-08-12T20:12:04","slug":"savunma-sanayi","status":"publish","type":"page","link":"https:\/\/yuntes.com.tr\/de\/savunma-sanayi\/","title":{"rendered":"Verteidigungsindustrie"},"content":{"rendered":"<div data-elementor-type=\"wp-page\" data-elementor-id=\"12323\" class=\"elementor elementor-12323\" data-elementor-post-type=\"page\">\n\t\t\t\t<div class=\"elementor-element elementor-element-ffaa063 e-flex e-con-boxed e-con e-parent\" data-id=\"ffaa063\" data-element_type=\"container\" data-settings=\"{&quot;background_background&quot;:&quot;classic&quot;,&quot;shape_divider_bottom&quot;:&quot;mountains&quot;}\">\n\t\t\t\t\t<div class=\"e-con-inner\">\n\t\t\t\t<div class=\"elementor-shape elementor-shape-bottom\" aria-hidden=\"true\" data-negative=\"false\">\n\t\t\t<svg xmlns=\"http:\/\/www.w3.org\/2000\/svg\" viewbox=\"0 0 1000 100\" preserveaspectratio=\"none\">\n\t<path class=\"elementor-shape-fill\" opacity=\"0.33\" d=\"M473,67.3c-203.9,88.3-263.1-34-320.3,0C66,119.1,0,59.7,0,59.7V0h1000v59.7 c0,0-62.1,26.1-94.9,29.3c-32.8,3.3-62.8-12.3-75.8-22.1C806,49.6,745.3,8.7,694.9,4.7S492.4,59,473,67.3z\"\/>\n\t<path class=\"elementor-shape-fill\" opacity=\"0.66\" d=\"M734,67.3c-45.5,0-77.2-23.2-129.1-39.1c-28.6-8.7-150.3-10.1-254,39.1 s-91.7-34.4-149.2,0C115.7,118.3,0,39.8,0,39.8V0h1000v36.5c0,0-28.2-18.5-92.1-18.5C810.2,18.1,775.7,67.3,734,67.3z\"\/>\n\t<path class=\"elementor-shape-fill\" d=\"M766.1,28.9c-200-57.5-266,65.5-395.1,19.5C242,1.8,242,5.4,184.8,20.6C128,35.8,132.3,44.9,89.9,52.5C28.6,63.7,0,0,0,0 h1000c0,0-9.9,40.9-83.6,48.1S829.6,47,766.1,28.9z\"\/>\n<\/svg>\t\t<\/div>\n\t\t<div class=\"elementor-element elementor-element-2c02e89 e-con-full e-flex e-con e-child\" data-id=\"2c02e89\" data-element_type=\"container\">\n\t\t\t\t<\/div>\n\t\t\t\t\t<\/div>\n\t\t\t\t<\/div>\n\t\t<div class=\"elementor-element elementor-element-9bd75d2 e-flex e-con-boxed e-con e-parent\" data-id=\"9bd75d2\" data-element_type=\"container\">\n\t\t\t\t\t<div class=\"e-con-inner\">\n\t\t<div class=\"elementor-element elementor-element-fdeda8e e-con-full e-flex e-con e-child\" data-id=\"fdeda8e\" data-element_type=\"container\">\n\t\t<div class=\"elementor-element elementor-element-b94427c e-con-full e-flex e-con e-child\" data-id=\"b94427c\" data-element_type=\"container\">\n\t\t\t\t<\/div>\n\t\t<div class=\"elementor-element elementor-element-bda8cb6 e-con-full e-flex e-con e-child\" data-id=\"bda8cb6\" data-element_type=\"container\">\n\t\t\t\t<\/div>\n\t\t<div class=\"elementor-element elementor-element-f59a603 e-con-full e-flex e-con e-child\" data-id=\"f59a603\" data-element_type=\"container\">\n\t\t\t\t<\/div>\n\t\t\t\t<\/div>\n\t\t\t\t\t<\/div>\n\t\t\t\t<\/div>\n\t\t<div class=\"elementor-element elementor-element-52cbdfc e-flex e-con-boxed e-con e-parent\" data-id=\"52cbdfc\" data-element_type=\"container\">\n\t\t\t\t\t<div class=\"e-con-inner\">\n\t\t<div class=\"elementor-element elementor-element-6db5e1e e-con-full e-flex e-con e-child\" data-id=\"6db5e1e\" data-element_type=\"container\" data-settings=\"{&quot;background_background&quot;:&quot;classic&quot;}\">\n\t\t\t\t<\/div>\n\t\t\t\t\t<\/div>\n\t\t\t\t<\/div>\n\t\t<div class=\"elementor-element elementor-element-8bab50d e-con-full e-flex e-con e-parent\" data-id=\"8bab50d\" data-element_type=\"container\" data-settings=\"{&quot;background_background&quot;:&quot;classic&quot;}\">\n\t\t<div class=\"elementor-element elementor-element-170bc37 e-con-full e-flex e-con e-child\" data-id=\"170bc37\" data-element_type=\"container\">\n\t\t<div class=\"elementor-element elementor-element-11a2b52 e-con-full e-flex e-con e-child\" data-id=\"11a2b52\" data-element_type=\"container\">\n\t\t\t\t<\/div>\n\t\t\t\t<\/div>\n\t\t\t\t<\/div>\n\t\t<div class=\"elementor-element elementor-element-3a7d1fc e-flex e-con-boxed e-con e-parent\" data-id=\"3a7d1fc\" data-element_type=\"container\">\n\t\t\t\t\t<div class=\"e-con-inner\">\n\t\t<div class=\"elementor-element elementor-element-a5d6167 e-con-full e-flex e-con e-child\" data-id=\"a5d6167\" data-element_type=\"container\">\n\t\t\t\t<\/div>\n\t\t<div class=\"elementor-element elementor-element-da4ad5e e-con-full e-flex e-con e-child\" data-id=\"da4ad5e\" data-element_type=\"container\">\n\t\t\t\t<\/div>\n\t\t<div class=\"elementor-element elementor-element-040c13d e-con-full e-flex e-con e-child\" data-id=\"040c13d\" data-element_type=\"container\">\n\t\t\t\t<\/div>\n\t\t<div class=\"elementor-element elementor-element-bfb9c25 e-con-full e-flex e-con e-child\" data-id=\"bfb9c25\" data-element_type=\"container\">\n\t\t\t\t<\/div>\n\t\t\t\t\t<\/div>\n\t\t\t\t<\/div>\n\t\t\t\t<\/div>","protected":false},"excerpt":{"rendered":"<p>Stratejik G\u00fc\u00e7 \u0130\u00e7in G\u00fcvenilir Ekipmanlar Savunma Sanayinde Y\u00fcksek Performansl\u0131 Makine ve Ekipman \u00c7\u00f6z\u00fcmleri Yuntes, savunma sanayi projelerinde y\u00fcksek hassasiyet, dayan\u0131kl\u0131l\u0131k ve uluslararas\u0131 standartlara uygun makine ve ekipman tedarikinde g\u00fcvenilir i\u015f orta\u011f\u0131n\u0131zd\u0131r. Savunma Sanayi \u0130\u00e7in Altyap\u0131 Savunma sanayinde hassas \u00fcretim, ileri m\u00fchendislik ve g\u00fcvenilir lojistik s\u00fcre\u00e7leri hayati \u00f6nem ta\u015f\u0131r. CNC i\u015fleme merkezleri, y\u00fcksek mukavemetli malzeme i\u015fleme [&hellip;]<\/p>","protected":false},"author":1,"featured_media":0,"parent":0,"menu_order":0,"comment_status":"closed","ping_status":"closed","template":"","meta":{"footnotes":""},"class_list":["post-12323","page","type-page","status-publish","hentry"],"blocksy_meta":[],"_links":{"self":[{"href":"https:\/\/yuntes.com.tr\/de\/wp-json\/wp\/v2\/pages\/12323","targetHints":{"allow":["GET"]}}],"collection":[{"href":"https:\/\/yuntes.com.tr\/de\/wp-json\/wp\/v2\/pages"}],"about":[{"href":"https:\/\/yuntes.com.tr\/de\/wp-json\/wp\/v2\/types\/page"}],"author":[{"embeddable":true,"href":"https:\/\/yuntes.com.tr\/de\/wp-json\/wp\/v2\/users\/1"}],"replies":[{"embeddable":true,"href":"https:\/\/yuntes.com.tr\/de\/wp-json\/wp\/v2\/comments?post=12323"}],"version-history":[{"count":0,"href":"https:\/\/yuntes.com.tr\/de\/wp-json\/wp\/v2\/pages\/12323\/revisions"}],"wp:attachment":[{"href":"https:\/\/yuntes.com.tr\/de\/wp-json\/wp\/v2\/media?parent=12323"}],"curies":[{"name":"wp","href":"https:\/\/api.w.org\/{rel}","templated":true}]}}