{"id":10634,"date":"2025-08-05T09:05:51","date_gmt":"2025-08-05T09:05:51","guid":{"rendered":"https:\/\/yun.defnemedia.com\/?page_id=10634"},"modified":"2025-08-22T12:09:16","modified_gmt":"2025-08-22T09:09:16","slug":"yonetim-kurulu-baskani","status":"publish","type":"page","link":"https:\/\/yuntes.com.tr\/de\/yonetim-kurulu-baskani\/","title":{"rendered":"Vorsitzender des Vorstands"},"content":{"rendered":"<div data-elementor-type=\"wp-page\" data-elementor-id=\"10634\" class=\"elementor elementor-10634\" data-elementor-post-type=\"page\">\n\t\t\t\t<div class=\"elementor-element elementor-element-2d6b478 e-flex e-con-boxed e-con e-parent\" data-id=\"2d6b478\" data-element_type=\"container\">\n\t\t\t\t\t<div class=\"e-con-inner\">\n\t\t\t\t<div class=\"elementor-element elementor-element-c492f0d elementor-widget elementor-widget-slider_revolution\" data-id=\"c492f0d\" data-element_type=\"widget\" data-widget_type=\"slider_revolution.default\">\n\t\t\t\t\t\n\t\t<div class=\"wp-block-themepunch-revslider\">\n\t\t\t\t<p class=\"rs-p-wp-fix\"><\/p>\n\t\t\t\t<sr7-module data-alias=\"fluid-dynamics-effect-showcase11\" data-id=\"7\" id=\"SR7_7_1\" class=\"rs-ov-hidden\" data-version=\"6.7.35\">\n\t\t\t\t\t<sr7-adjuster><\/sr7-adjuster>\n\t\t\t\t\t<sr7-content>\n\t\t\t\t\t\t<sr7-slide id=\"SR7_7_1-31\" data-key=\"31\">\n\t\t\t\t\t\t\t<sr7-bg id=\"SR7_7_1-31-22\" class=\"sr7-layer\"><noscript><img decoding=\"async\" src=\"https:\/\/yuntes.com.tr\/wp-content\/uploads\/backr.png\" alt=\"\" title=\"backr.\"><\/noscript><\/sr7-bg>\n\t\t\t\t\t\t\t<h2 id=\"SR7_7_1-31-5\" class=\"sr7-layer\">YUNUS<br \/>\nDEREBA\u011e<\/h2>\n\t\t\t\t\t\t\t<h2 id=\"SR7_7_1-31-6\" class=\"sr7-layer\">YUNUS<br \/>\nDEREBA\u011e<\/h2>\n\t\t\t\t\t\t\t<h3 id=\"SR7_7_1-31-21\" class=\"sr7-layer\">Yuntes Makine, gegr\u00fcndet 1996 in Konya, hat sich heute zu einer starken Marke entwickelt, die den Industriesektor in ganz T\u00fcrkiye pr\u00e4gt. Seit dem ersten Tag unserer Gr\u00fcndung handeln wir nach dem Prinzip \u201eschneller und direkter Service beim Kunden\u201c und haben mit diesem Ansatz zahlreiche Erfolge erzielt.<br \/>\n<br \/>\nWir sind mit der Vision gestartet, unseren Industriekunden qualitativ hochwertige Dienstleistungen und zuverl\u00e4ssige L\u00f6sungen zu bieten. Im Laufe der Zeit erweiterten wir unser Produktsortiment und er\u00f6ffneten Niederlassungen nicht nur in Konya, sondern auch in wichtigen Industriest\u00e4dten wie Ankara, Izmir, Istanbul, Bursa und Mersin. Mit unseren Vertriebs- und Servicetechnikern bauten wir in jeder Region ein starkes Servicenetzwerk auf.<br \/>\n<br \/>\nAls Yuntes Makine sind wir nicht nur ein Maschinenlieferant, sondern auch zu einem Maschinenmarkt geworden, der jedem Bedarf der Branche gerecht wird. Von Universalmaschinen bis hin zu CNC-Systemen, von Stapelmaschinen bis hin zu Sonderl\u00f6sungen haben wir alle Anforderungen unter einem Dach vereint. Durch die \u00dcbernahme der Vertriebsrechte zahlreicher nationaler und internationaler Marken haben wir niemals Abstriche bei Qualit\u00e4t und Service gemacht.<br \/>\n<br \/>\nHeute heben wir uns in der Branche durch attraktive Zahlungsbedingungen, eine starke Lagerkapazit\u00e4t und unsere Sofortservice-Politik ab. Auch in Zukunft werden wir entschlossen innovative L\u00f6sungen entwickeln, die zur Weiterentwicklung unserer Industrie, zum wirtschaftlichen Wachstum unseres Landes und zur Erf\u00fcllung der Kundenbed\u00fcrfnisse beitragen.<br \/>\nIch danke allen unseren Partnern, die der Yuntes Makine-Familie vertrauen, und w\u00fcnsche uns, gemeinsam viele weitere Erfolge zu erzielen.<br \/>\nMit Respekt.<\/h3>\n\t\t\t\t\t\t<\/sr7-slide>\n\t\t\t\t\t\t<sr7-slide id=\"SR7_7_1-32\" data-key=\"32\">\n\t\t\t\t\t\t<\/sr7-slide>\n\t\t\t\t\t<\/sr7-content>\n\t\t\t\t\t<image_lists style=\"display:none\">\n\t\t\t\t\t\t<img data-src=\"\/\/yuntes.com.tr\/wp-content\/uploads\/YunusDerebag.png\" data-libid=\"17237\" data-lib=\"medialibrary\" title=\"YunusDerebag\" width=\"0\" height=\"0\" data-dbsrc=\"Ly95dW50ZXMuY29tLnRyL3dwLWNvbnRlbnQvdXBsb2Fkcy9ZdW51c0RlcmViYWcucG5n\"\/>\n\t\t\t\t\t\t<img data-src=\"\/\/yuntes.com.tr\/wp-content\/uploads\/revslider\/fluid-dynamics-effect-showcase1\/derebagimzaa1.png\" data-libid=\"14882\" data-lib=\"medialibrary\" title=\"derebagimzaa1.png\" width=\"0\" height=\"0\" data-dbsrc=\"Ly95dW50ZXMuY29tLnRyL3dwLWNvbnRlbnQvdXBsb2Fkcy9yZXZzbGlkZXIvZmx1aWQtZHluYW1pY3MtZWZmZWN0LXNob3djYXNlMS9kZXJlYmFnaW16YWExLnBuZw==\"\/>\n\t\t\t\t\t\t<img data-src=\"\/\/yuntes.com.tr\/wp-content\/uploads\/backr.png\" data-libid=\"14895\" data-lib=\"medialibrary\" title=\"backr.\" width=\"0\" height=\"0\" data-dbsrc=\"Ly95dW50ZXMuY29tLnRyL3dwLWNvbnRlbnQvdXBsb2Fkcy9iYWNrci5wbmc=\"\/>\n\t\t\t\t\t<\/image_lists>\n\t\t\t\t<\/sr7-module>\n\t\t\t\t<script>\n\t\t\t\t\tSR7.PMH ??={}; SR7.PMH[\"SR7_7_1\"] = {cn:100,state:false,fn: function() { if (_tpt!==undefined && _tpt.prepareModuleHeight !== undefined) {  _tpt.prepareModuleHeight({id:\"SR7_7_1\",el:[900,900,768,960,720],type:'standard',shdw:'0',gh:[900,900,768,960,720],gw:[1600,1600,1024,778,480],vpt:['-100px&#039;,&#039;-100px&#039;,&#039;-100px&#039;,&#039;-100px&#039;,&#039;-100px'],size:{fullWidth:true, fullHeight:true},fho:'',mh:'0',onh:0,onw:0,bg:{color:'{\"type\":\"solid\",\"orig\":\"#000000\",\"string\":\"rgba(0, 0, 0, 1)\"}'}});   SR7.PMH[\"SR7_7_1\"].state=true;} else if(SR7.PMH[\"SR7_7_1\"].cn-->0)\tsetTimeout( SR7.PMH[\"SR7_7_1\"].fn,19);}};SR7.PMH[\"SR7_7_1\" ].fn();\n\t\t\t\t<\/script>\n<\/div>\n\n\t\t<style id=\"core-c492f0d-core-block-supports-inline-css\"><\/style>\t\t\t\t<\/div>\n\t\t\t\t\t<\/div>\n\t\t\t\t<\/div>\n\t\t\t\t<\/div>","protected":false},"excerpt":{"rendered":"","protected":false},"author":1,"featured_media":0,"parent":0,"menu_order":0,"comment_status":"closed","ping_status":"closed","template":"","meta":{"footnotes":""},"class_list":["post-10634","page","type-page","status-publish","hentry"],"blocksy_meta":[],"_links":{"self":[{"href":"https:\/\/yuntes.com.tr\/de\/wp-json\/wp\/v2\/pages\/10634","targetHints":{"allow":["GET"]}}],"collection":[{"href":"https:\/\/yuntes.com.tr\/de\/wp-json\/wp\/v2\/pages"}],"about":[{"href":"https:\/\/yuntes.com.tr\/de\/wp-json\/wp\/v2\/types\/page"}],"author":[{"embeddable":true,"href":"https:\/\/yuntes.com.tr\/de\/wp-json\/wp\/v2\/users\/1"}],"replies":[{"embeddable":true,"href":"https:\/\/yuntes.com.tr\/de\/wp-json\/wp\/v2\/comments?post=10634"}],"version-history":[{"count":0,"href":"https:\/\/yuntes.com.tr\/de\/wp-json\/wp\/v2\/pages\/10634\/revisions"}],"wp:attachment":[{"href":"https:\/\/yuntes.com.tr\/de\/wp-json\/wp\/v2\/media?parent=10634"}],"curies":[{"name":"wp","href":"https:\/\/api.w.org\/{rel}","templated":true}]}}