{"id":10633,"date":"2025-08-05T09:05:51","date_gmt":"2025-08-05T09:05:51","guid":{"rendered":"https:\/\/yun.defnemedia.com\/?page_id=10633"},"modified":"2025-08-22T03:21:36","modified_gmt":"2025-08-22T00:21:36","slug":"geschichte","status":"publish","type":"page","link":"https:\/\/yuntes.com.tr\/de\/geschichte\/","title":{"rendered":"Geschichte"},"content":{"rendered":"<div data-elementor-type=\"wp-page\" data-elementor-id=\"10633\" class=\"elementor elementor-10633\" data-elementor-post-type=\"page\">\n\t\t\t\t<div class=\"elementor-element elementor-element-0a5fdb8 e-con-full e-flex e-con e-parent\" data-id=\"0a5fdb8\" data-element_type=\"container\">\n\t\t\t\t<div class=\"elementor-element elementor-element-82e238f elementor-widget elementor-widget-slider_revolution\" data-id=\"82e238f\" data-element_type=\"widget\" data-widget_type=\"slider_revolution.default\">\n\t\t\t\t\t\n\t\t<div class=\"wp-block-themepunch-revslider\">\n\t\t\t\t<p class=\"rs-p-wp-fix\"><\/p>\n\t\t\t\t<sr7-module data-alias=\"winery-timeline\" data-id=\"5\" id=\"SR7_5_1\" class=\"rs-respect-topbar rs-ov-hidden\" data-version=\"6.7.35\">\n\t\t\t\t\t<sr7-adjuster><\/sr7-adjuster>\n\t\t\t\t\t<sr7-content>\n\t\t\t\t\t\t<sr7-slide id=\"SR7_5_1-20\" data-key=\"20\">\n\t\t\t\t\t\t\t<sr7-bg id=\"SR7_5_1-20-34\" class=\"sr7-layer\"><noscript><img decoding=\"async\" src=\"https:\/\/yuntes.com.tr\/wp-content\/uploads\/revslider\/winery-timeline\/yuntes1996-scaled.webp\" alt=\"\" title=\"yuntes1996-scaled.webp\"><\/noscript><\/sr7-bg>\n\t\t\t\t\t\t\t<sr7-txt id=\"SR7_5_1-20-4\" class=\"sr7-layer\">0{{current_slide_index}}<\/sr7-txt>\n\t\t\t\t\t\t\t<sr7-txt id=\"SR7_5_1-20-5\" class=\"sr7-layer\">0{{total_slide_count}}<\/sr7-txt>\n\t\t\t\t\t\t\t<sr7-txt id=\"SR7_5_1-20-7\" class=\"sr7-layer\">Gr\u00fcndung und Erste Schritte<\/sr7-txt>\n\t\t\t\t\t\t\t<sr7-txt id=\"SR7_5_1-20-8\" class=\"sr7-layer\">1996<\/sr7-txt>\n\t\t\t\t\t\t\t<sr7-txt id=\"SR7_5_1-20-9\" class=\"sr7-layer\">Unser Unternehmen trat 1996 in die Branche ein und begann seine T\u00e4tigkeit mit dem Verkauf von Bands\u00e4gen. Zwei Jahre nach unserer Gr\u00fcndung, im Jahr 1998, erweiterten wir unser Produktsortiment um Bands\u00e4genmaschinen, um den Kundenanforderungen gerecht zu werden. Die in dieser Zeit gewonnene Kundenzufriedenheit f\u00fchrte auch zu einer steigenden Nachfrage nach weiteren Industriemaschinen.<\/sr7-txt>\n\t\t\t\t\t\t\t<sr7-txt id=\"SR7_5_1-20-17\" class=\"sr7-layer\">2025<\/sr7-txt>\n\t\t\t\t\t\t\t<sr7-txt id=\"SR7_5_1-20-23\" class=\"sr7-layer\">2000<\/sr7-txt>\n\t\t\t\t\t\t<\/sr7-slide>\n\t\t\t\t\t\t<sr7-slide id=\"SR7_5_1-21\" data-key=\"21\">\n\t\t\t\t\t\t\t<sr7-bg id=\"SR7_5_1-21-27\" class=\"sr7-layer\"><noscript><img decoding=\"async\" src=\"https:\/\/yuntes.com.tr\/wp-content\/uploads\/revslider\/winery-timeline\/yuntes1996-scaled.webp\" alt=\"\" title=\"yuntes1996-scaled.webp\"><\/noscript><\/sr7-bg>\n\t\t\t\t\t\t\t<sr7-txt id=\"SR7_5_1-21-4\" class=\"sr7-layer\">0{{current_slide_index}}<\/sr7-txt>\n\t\t\t\t\t\t\t<sr7-txt id=\"SR7_5_1-21-5\" class=\"sr7-layer\">0{{total_slide_count}}<\/sr7-txt>\n\t\t\t\t\t\t\t<sr7-txt id=\"SR7_5_1-21-7\" class=\"sr7-layer\">\u00dcbergang zum Verkauf von Werkzeugmaschinen<\/sr7-txt>\n\t\t\t\t\t\t\t<sr7-txt id=\"SR7_5_1-21-8\" class=\"sr7-layer\">2000<\/sr7-txt>\n\t\t\t\t\t\t\t<sr7-txt id=\"SR7_5_1-21-9\" class=\"sr7-layer\">Aufgrund der hohen Nachfrage unserer Kunden begannen wir im Jahr 2000 mit dem Verkauf von gebrauchten Werkzeugmaschinen. Mit dieser Produktgruppe, die einen wichtigen Platz im Bereich der spanenden Fertigung einnimmt, boten wir den Industrieunternehmen umfassendere L\u00f6sungen an.<\/sr7-txt>\n\t\t\t\t\t\t\t<sr7-txt id=\"SR7_5_1-21-17\" class=\"sr7-layer\">1996<\/sr7-txt>\n\t\t\t\t\t\t\t<sr7-txt id=\"SR7_5_1-21-23\" class=\"sr7-layer\">2002<\/sr7-txt>\n\t\t\t\t\t\t<\/sr7-slide>\n\t\t\t\t\t\t<sr7-slide id=\"SR7_5_1-22\" data-key=\"22\">\n\t\t\t\t\t\t\t<sr7-bg id=\"SR7_5_1-22-25\" class=\"sr7-layer\"><noscript><img decoding=\"async\" src=\"https:\/\/yuntes.com.tr\/wp-content\/uploads\/revslider\/winery-timeline\/yuntes1996-scaled.webp\" alt=\"\" title=\"yuntes1996-scaled.webp\"><\/noscript><\/sr7-bg>\n\t\t\t\t\t\t\t<sr7-txt id=\"SR7_5_1-22-4\" class=\"sr7-layer\">0{{current_slide_index}}<\/sr7-txt>\n\t\t\t\t\t\t\t<sr7-txt id=\"SR7_5_1-22-5\" class=\"sr7-layer\">0{{total_slide_count}}<\/sr7-txt>\n\t\t\t\t\t\t\t<sr7-txt id=\"SR7_5_1-22-7\" class=\"sr7-layer\">Beginn der Importt\u00e4tigkeiten<\/sr7-txt>\n\t\t\t\t\t\t\t<sr7-txt id=\"SR7_5_1-22-8\" class=\"sr7-layer\">2002<\/sr7-txt>\n\t\t\t\t\t\t\t<sr7-txt id=\"SR7_5_1-22-9\" class=\"sr7-layer\">Seit dem Jahr 2002 begannen wir mit dem Import von gebrauchten und neuen Werkzeugmaschinen. Durch die Erweiterung unseres Produktsortiments mit Maschinen aus dem Ausland festigten wir unsere Position in der Branche weiter.<\/sr7-txt>\n\t\t\t\t\t\t\t<sr7-txt id=\"SR7_5_1-22-17\" class=\"sr7-layer\">2000<\/sr7-txt>\n\t\t\t\t\t\t\t<sr7-txt id=\"SR7_5_1-22-23\" class=\"sr7-layer\">2004<\/sr7-txt>\n\t\t\t\t\t\t<\/sr7-slide>\n\t\t\t\t\t\t<sr7-slide id=\"SR7_5_1-23\" data-key=\"23\">\n\t\t\t\t\t\t\t<sr7-bg id=\"SR7_5_1-23-32\" class=\"sr7-layer\"><noscript><img decoding=\"async\" src=\"https:\/\/yuntes.com.tr\/wp-content\/uploads\/revslider\/winery-timeline\/yuntes1996-scaled.webp\" alt=\"\" title=\"yuntes1996-scaled.webp\"><\/noscript><\/sr7-bg>\n\t\t\t\t\t\t\t<sr7-txt id=\"SR7_5_1-23-4\" class=\"sr7-layer\">0{{current_slide_index}}<\/sr7-txt>\n\t\t\t\t\t\t\t<sr7-txt id=\"SR7_5_1-23-5\" class=\"sr7-layer\">0{{total_slide_count}}<\/sr7-txt>\n\t\t\t\t\t\t\t<sr7-txt id=\"SR7_5_1-23-7\" class=\"sr7-layer\">\u00dcbergang zur CNC-Technologie<\/sr7-txt>\n\t\t\t\t\t\t\t<sr7-txt id=\"SR7_5_1-23-8\" class=\"sr7-layer\">2004<\/sr7-txt>\n\t\t\t\t\t\t\t<sr7-txt id=\"SR7_5_1-23-9\" class=\"sr7-layer\">Mit der schnellen Entwicklung der Technologie begannen wir unsere Arbeiten an CNC-Maschinen. Um das f\u00fcr die CNC-Technologie erforderliche technische Wissen zu erwerben, investierten wir in Schulungsprozesse und nahmen im Jahr 2005 erstmals 2-Achs- und 3-Achs-CNC-Maschinen in unser Produktsortiment auf.<\/sr7-txt>\n\t\t\t\t\t\t\t<sr7-txt id=\"SR7_5_1-23-17\" class=\"sr7-layer\">2002<\/sr7-txt>\n\t\t\t\t\t\t\t<sr7-txt id=\"SR7_5_1-23-23\" class=\"sr7-layer\">2008<\/sr7-txt>\n\t\t\t\t\t\t<\/sr7-slide>\n\t\t\t\t\t\t<sr7-slide id=\"SR7_5_1-24\" data-key=\"24\">\n\t\t\t\t\t\t\t<sr7-bg id=\"SR7_5_1-24-35\" class=\"sr7-layer\"><noscript><img decoding=\"async\" src=\"https:\/\/yuntes.com.tr\/wp-content\/uploads\/revslider\/winery-timeline\/yuntes1996-scaled.webp\" alt=\"\" title=\"yuntes1996-scaled.webp\"><\/noscript><\/sr7-bg>\n\t\t\t\t\t\t\t<sr7-txt id=\"SR7_5_1-24-4\" class=\"sr7-layer\">0{{current_slide_index}}<\/sr7-txt>\n\t\t\t\t\t\t\t<sr7-txt id=\"SR7_5_1-24-5\" class=\"sr7-layer\">0{{total_slide_count}}<\/sr7-txt>\n\t\t\t\t\t\t\t<sr7-txt id=\"SR7_5_1-24-7\" class=\"sr7-layer\">Filialisierungsprozess<\/sr7-txt>\n\t\t\t\t\t\t\t<sr7-txt id=\"SR7_5_1-24-8\" class=\"sr7-layer\">2008<\/sr7-txt>\n\t\t\t\t\t\t\t<sr7-txt id=\"SR7_5_1-24-9\" class=\"sr7-layer\">Unser Erfolg mit CNC-Maschinen erm\u00f6glichte es uns, neue Vertriebspartnerschaften zu gewinnen und unser Produktsortiment zu erweitern. Im selben Jahr er\u00f6ffneten wir unsere Niederlassung in Istanbul und vergr\u00f6\u00dferten damit unser T\u00e4tigkeitsfeld. Daraufhin nahmen wir 2010 unsere Niederlassungen in Ankara und Adana sowie 2012 unsere Niederlassungen in Izmir und Bursa in Betrieb. Mit diesem Filialisierungsprozess gelang es uns, eine breitere Kundschaft in der gesamten T\u00fcrkiye zu erreichen.<\/sr7-txt>\n\t\t\t\t\t\t\t<sr7-txt id=\"SR7_5_1-24-17\" class=\"sr7-layer\">2004<\/sr7-txt>\n\t\t\t\t\t\t\t<sr7-txt id=\"SR7_5_1-24-23\" class=\"sr7-layer\">2015<\/sr7-txt>\n\t\t\t\t\t\t<\/sr7-slide>\n\t\t\t\t\t\t<sr7-slide id=\"SR7_5_1-25\" data-key=\"25\">\n\t\t\t\t\t\t\t<sr7-bg id=\"SR7_5_1-25-36\" class=\"sr7-layer\"><noscript><img decoding=\"async\" src=\"https:\/\/yuntes.com.tr\/wp-content\/uploads\/revslider\/winery-timeline\/yuntes1996-scaled.webp\" alt=\"\" title=\"yuntes1996-scaled.webp\"><\/noscript><\/sr7-bg>\n\t\t\t\t\t\t\t<sr7-txt id=\"SR7_5_1-25-4\" class=\"sr7-layer\">0{{current_slide_index}}<\/sr7-txt>\n\t\t\t\t\t\t\t<sr7-txt id=\"SR7_5_1-25-5\" class=\"sr7-layer\">0{{total_slide_count}}<\/sr7-txt>\n\t\t\t\t\t\t\t<sr7-txt id=\"SR7_5_1-25-7\" class=\"sr7-layer\">\u00dcbergang zur Gabelstaplerproduktion<\/sr7-txt>\n\t\t\t\t\t\t\t<sr7-txt id=\"SR7_5_1-25-8\" class=\"sr7-layer\">2015<\/sr7-txt>\n\t\t\t\t\t\t\t<sr7-txt id=\"SR7_5_1-25-9\" class=\"sr7-layer\">Um die lokale Produktion in T\u00fcrkiye zu unterst\u00fctzen, begannen wir 2015 mit F&amp;E-Aktivit\u00e4ten f\u00fcr die Gabelstaplerproduktion. Im Jahr 2016 wandelten wir die Herstellung von Gabelstaplern unter der Marke \u201eSpartek\u201c in eine Serienfertigung um. Um sowohl im Inlands- als auch im Auslandsmarkt eine starke Position zu sichern, erweiterten wir kontinuierlich unsere Produktionskapazit\u00e4ten und Produktvielfalt.<\/sr7-txt>\n\t\t\t\t\t\t\t<sr7-txt id=\"SR7_5_1-25-17\" class=\"sr7-layer\">2008<\/sr7-txt>\n\t\t\t\t\t\t\t<sr7-txt id=\"SR7_5_1-25-23\" class=\"sr7-layer\">2017<\/sr7-txt>\n\t\t\t\t\t\t<\/sr7-slide>\n\t\t\t\t\t\t<sr7-slide id=\"SR7_5_1-26\" data-key=\"26\">\n\t\t\t\t\t\t\t<sr7-bg id=\"SR7_5_1-26-37\" class=\"sr7-layer\"><noscript><img decoding=\"async\" src=\"https:\/\/yuntes.com.tr\/wp-content\/uploads\/revslider\/winery-timeline\/yuntes1996-scaled.webp\" alt=\"\" title=\"yuntes1996-scaled.webp\"><\/noscript><\/sr7-bg>\n\t\t\t\t\t\t\t<sr7-txt id=\"SR7_5_1-26-4\" class=\"sr7-layer\">0{{current_slide_index}}<\/sr7-txt>\n\t\t\t\t\t\t\t<sr7-txt id=\"SR7_5_1-26-5\" class=\"sr7-layer\">0{{total_slide_count}}<\/sr7-txt>\n\t\t\t\t\t\t\t<sr7-txt id=\"SR7_5_1-26-7\" class=\"sr7-layer\">Institutionalisierung und Technologieinvestitionen<\/sr7-txt>\n\t\t\t\t\t\t\t<sr7-txt id=\"SR7_5_1-26-8\" class=\"sr7-layer\">2017<\/sr7-txt>\n\t\t\t\t\t\t\t<sr7-txt id=\"SR7_5_1-26-9\" class=\"sr7-layer\">Im Jahr 2017 beschleunigten wir unsere Institutionalisierungsprozesse und st\u00e4rkten unsere Infrastruktur, indem wir technologische Entwicklungen genau verfolgten. Im Jahr 2018 meisterten wir die Krisenzeit erfolgreich und setzten unsere Investitionen ohne Unterbrechung fort.<\/sr7-txt>\n\t\t\t\t\t\t\t<sr7-txt id=\"SR7_5_1-26-17\" class=\"sr7-layer\">2015<\/sr7-txt>\n\t\t\t\t\t\t\t<sr7-txt id=\"SR7_5_1-26-23\" class=\"sr7-layer\">2025<\/sr7-txt>\n\t\t\t\t\t\t<\/sr7-slide>\n\t\t\t\t\t\t<sr7-slide id=\"SR7_5_1-27\" data-key=\"27\">\n\t\t\t\t\t\t\t<sr7-bg id=\"SR7_5_1-27-37\" class=\"sr7-layer\"><noscript><img decoding=\"async\" src=\"https:\/\/yuntes.com.tr\/wp-content\/uploads\/revslider\/winery-timeline\/yuntes1996-scaled.webp\" alt=\"\" title=\"yuntes1996-scaled.webp\"><\/noscript><\/sr7-bg>\n\t\t\t\t\t\t\t<sr7-txt id=\"SR7_5_1-27-4\" class=\"sr7-layer\">0{{current_slide_index}}<\/sr7-txt>\n\t\t\t\t\t\t\t<sr7-txt id=\"SR7_5_1-27-5\" class=\"sr7-layer\">0{{total_slide_count}}<\/sr7-txt>\n\t\t\t\t\t\t\t<sr7-txt id=\"SR7_5_1-27-7\" class=\"sr7-layer\">Unsere Vision f\u00fcr Heute und die Zukunft<\/sr7-txt>\n\t\t\t\t\t\t\t<sr7-txt id=\"SR7_5_1-27-8\" class=\"sr7-layer\">2025<\/sr7-txt>\n\t\t\t\t\t\t\t<sr7-txt id=\"SR7_5_1-27-9\" class=\"sr7-layer\">Heute sind wir als eine in ganz T\u00fcrkiye anerkannte und vertrauensw\u00fcrdige Marke in den Bereichen CNC-Maschinen, Werkzeugmaschinen und Gabelstaplerproduktion t\u00e4tig. Durch die Erweiterung unseres Vertriebsnetzes bieten wir unseren Kunden Hightech-Produkte aus verschiedenen Regionen der Welt wie Europa, dem Fernen Osten und Japan an. In Zukunft werden wir unsere Unternehmensstruktur weiter st\u00e4rken, die Kundenzufriedenheit auf das h\u00f6chste Niveau bringen und unsere f\u00fchrende Position in der Branche behaupten.<br \/>\n<br \/>\n<\/sr7-txt>\n\t\t\t\t\t\t\t<sr7-txt id=\"SR7_5_1-27-17\" class=\"sr7-layer\">2012<\/sr7-txt>\n\t\t\t\t\t\t\t<sr7-txt id=\"SR7_5_1-27-23\" class=\"sr7-layer\">1996<\/sr7-txt>\n\t\t\t\t\t\t<\/sr7-slide>\n\t\t\t\t\t\t<sr7-slide id=\"SR7_5_1-28\" data-key=\"28\">\n\t\t\t\t\t\t<\/sr7-slide>\n\t\t\t\t\t<\/sr7-content>\n\t\t\t\t\t<image_lists style=\"display:none\">\n\t\t\t\t\t\t<img data-src=\"\/\/yuntes.com.tr\/wp-content\/uploads\/revslider\/winery-timeline\/yuntes1996-scaled.webp\" data-libid=\"14788\" data-lib=\"medialibrary\" title=\"yuntes1996-scaled.webp\" width=\"0\" height=\"0\" data-dbsrc=\"Ly95dW50ZXMuY29tLnRyL3dwLWNvbnRlbnQvdXBsb2Fkcy9yZXZzbGlkZXIvd2luZXJ5LXRpbWVsaW5lL3l1bnRlczE5OTYtc2NhbGVkLndlYnA=\"\/>\n\t\t\t\t\t\t<img data-src=\"\/\/yuntes.com.tr\/wp-content\/uploads\/revslider\/winery-timeline\/arrow-right_1.svg\" width=\"0\" height=\"0\" data-dbsrc=\"Ly95dW50ZXMuY29tLnRyL3dwLWNvbnRlbnQvdXBsb2Fkcy9yZXZzbGlkZXIvd2luZXJ5LXRpbWVsaW5lL2Fycm93LXJpZ2h0XzEuc3Zn\"\/>\n\t\t\t\t\t\t<img data-src=\"\/\/yuntes.com.tr\/wp-content\/uploads\/revslider\/winery-timeline\/arrow-left_1.svg\" width=\"0\" height=\"0\" data-dbsrc=\"Ly95dW50ZXMuY29tLnRyL3dwLWNvbnRlbnQvdXBsb2Fkcy9yZXZzbGlkZXIvd2luZXJ5LXRpbWVsaW5lL2Fycm93LWxlZnRfMS5zdmc=\"\/>\n\t\t\t\t\t<\/image_lists>\n\t\t\t\t<\/sr7-module>\n\t\t\t\t<script>\n\t\t\t\t\tSR7.PMH ??={}; SR7.PMH[\"SR7_5_1\"] = {cn:100,state:false,fn: function() { if (_tpt!==undefined && _tpt.prepareModuleHeight !== undefined) {  _tpt.prepareModuleHeight({id:\"SR7_5_1\",el:[900,900,768,960,720],type:'standard',shdw:'0',gh:[900,900,768,960,720],gw:[1240,1240,1024,778,480],vpt:['200px&#039;,&#039;200px&#039;,&#039;200px&#039;,&#039;200px&#039;,&#039;200px'],size:{fullWidth:true, fullHeight:true},fho:'#masthead,',mh:'0',onh:0,onw:0,bg:{color:'{\"orig\":\"transparent\",\"type\":\"solid\",\"string\":\"transparent\"}'}});   SR7.PMH[\"SR7_5_1\"].state=true;} else if(SR7.PMH[\"SR7_5_1\"].cn-->0)\tsetTimeout( SR7.PMH[\"SR7_5_1\"].fn,19);}};SR7.PMH[\"SR7_5_1\" ].fn();\n\t\t\t\t<\/script>\n<\/div>\n\n\t\t<style id=\"core-82e238f-core-block-supports-inline-css\"><\/style>\t\t\t\t<\/div>\n\t\t\t\t<\/div>\n\t\t\t\t<\/div>","protected":false},"excerpt":{"rendered":"","protected":false},"author":1,"featured_media":0,"parent":0,"menu_order":0,"comment_status":"closed","ping_status":"closed","template":"","meta":{"footnotes":""},"class_list":["post-10633","page","type-page","status-publish","hentry"],"blocksy_meta":[],"_links":{"self":[{"href":"https:\/\/yuntes.com.tr\/de\/wp-json\/wp\/v2\/pages\/10633","targetHints":{"allow":["GET"]}}],"collection":[{"href":"https:\/\/yuntes.com.tr\/de\/wp-json\/wp\/v2\/pages"}],"about":[{"href":"https:\/\/yuntes.com.tr\/de\/wp-json\/wp\/v2\/types\/page"}],"author":[{"embeddable":true,"href":"https:\/\/yuntes.com.tr\/de\/wp-json\/wp\/v2\/users\/1"}],"replies":[{"embeddable":true,"href":"https:\/\/yuntes.com.tr\/de\/wp-json\/wp\/v2\/comments?post=10633"}],"version-history":[{"count":0,"href":"https:\/\/yuntes.com.tr\/de\/wp-json\/wp\/v2\/pages\/10633\/revisions"}],"wp:attachment":[{"href":"https:\/\/yuntes.com.tr\/de\/wp-json\/wp\/v2\/media?parent=10633"}],"curies":[{"name":"wp","href":"https:\/\/api.w.org\/{rel}","templated":true}]}}