{"id":10632,"date":"2025-08-05T09:05:51","date_gmt":"2025-08-05T09:05:51","guid":{"rendered":"https:\/\/yun.defnemedia.com\/?page_id=10632"},"modified":"2025-10-05T23:40:28","modified_gmt":"2025-10-05T20:40:28","slug":"ueber-uns","status":"publish","type":"page","link":"https:\/\/yuntes.com.tr\/de\/ueber-uns\/","title":{"rendered":"\u00dcber uns"},"content":{"rendered":"<div data-elementor-type=\"wp-page\" data-elementor-id=\"10632\" class=\"elementor elementor-10632\" data-elementor-post-type=\"page\">\n\t\t\t\t<div class=\"elementor-element elementor-element-629d07e e-flex e-con-boxed e-con e-parent\" data-id=\"629d07e\" data-element_type=\"container\" data-settings=\"{&quot;background_background&quot;:&quot;video&quot;,&quot;background_video_link&quot;:&quot;https:\\\/\\\/www.youtube.com\\\/watch?v=sKoGnSZhfBk&quot;,&quot;background_play_on_mobile&quot;:&quot;yes&quot;}\">\n\t\t\t\t\t<div class=\"e-con-inner\">\n\t\t<div class=\"elementor-background-video-container\" aria-hidden=\"true\">\n\t\t\t\t\t\t\t<div class=\"elementor-background-video-embed\"><\/div>\n\t\t\t\t\t\t<\/div><div class=\"elementor-element elementor-element-d930585 e-con-full e-flex e-con e-child\" data-id=\"d930585\" data-element_type=\"container\" data-settings=\"{&quot;background_background&quot;:&quot;classic&quot;}\">\n\t\t\t\t<div class=\"elementor-element elementor-element-7669d79 elementor-widget elementor-widget-text-editor\" data-id=\"7669d79\" data-element_type=\"widget\" data-widget_type=\"text-editor.default\">\n\t\t\t\t\t\t\t\t\t<p>Unsere St\u00e4rke in der Industrie<\/p>\t\t\t\t<style id=\"core-7669d79-core-block-supports-inline-css\"><\/style>\t\t\t\t<\/div>\n\t\t\t\t<div class=\"elementor-element elementor-element-39e6172 elementor-widget__width-initial elementor-widget elementor-widget-heading\" data-id=\"39e6172\" data-element_type=\"widget\" data-widget_type=\"heading.default\">\n\t\t\t\t\t<h2 class=\"elementor-heading-title elementor-size-default\">Unser Licht, das die Nacht erhellt.<\/h2><style id=\"core-39e6172-core-block-supports-inline-css\"><\/style>\t\t\t\t<\/div>\n\t\t\t\t<\/div>\n\t\t\t\t\t<\/div>\n\t\t\t\t<\/div>\n\t\t<div class=\"elementor-element elementor-element-60ad271 e-flex e-con-boxed e-con e-parent\" data-id=\"60ad271\" data-element_type=\"container\">\n\t\t\t\t\t<div class=\"e-con-inner\">\n\t\t<div class=\"elementor-element elementor-element-fa50e08 e-con-full e-flex e-con e-child\" data-id=\"fa50e08\" data-element_type=\"container\">\n\t\t\t\t<div class=\"elementor-element elementor-element-2786b47 elementor-widget__width-initial elementor-widget elementor-widget-image\" data-id=\"2786b47\" data-element_type=\"widget\" data-widget_type=\"image.default\">\n\t\t\t\t\t\t\t\t\t\t\t\t\t\t\t<img fetchpriority=\"high\" decoding=\"async\" width=\"1200\" height=\"630\" src=\"https:\/\/yuntes.com.tr\/wp-content\/uploads\/metabanner.webp\" class=\"attachment-full size-full wp-image-15901\" alt=\"\" srcset=\"https:\/\/yuntes.com.tr\/wp-content\/uploads\/metabanner.webp 1200w, https:\/\/yuntes.com.tr\/wp-content\/uploads\/metabanner-600x315.webp 600w, https:\/\/yuntes.com.tr\/wp-content\/uploads\/metabanner-768x403.webp 768w, https:\/\/yuntes.com.tr\/wp-content\/uploads\/metabanner-800x420.webp 800w\" sizes=\"(max-width: 1200px) 100vw, 1200px\" \/>\t\t\t\t\t\t\t\t\t\t\t<style id=\"core-2786b47-core-block-supports-inline-css\"><\/style>\t\t\t\t<\/div>\n\t\t\t\t<\/div>\n\t\t<div class=\"elementor-element elementor-element-7dcbb9c e-con-full e-flex e-con e-child\" data-id=\"7dcbb9c\" data-element_type=\"container\">\n\t\t\t\t<div class=\"elementor-element elementor-element-60bc471 elementor-widget elementor-widget-text-editor\" data-id=\"60bc471\" data-element_type=\"widget\" data-widget_type=\"text-editor.default\">\n\t\t\t\t\t\t\t\t\t<p>Yuntes Makine wurde 1996 in Konya gegr\u00fcndet und ist ein traditionsreiches Unternehmen, das Maschinenverkauf und umfassende After-Sales-Dienstleistungen f\u00fcr die Industrie anbietet. Obwohl wir uns anfangs auf Bands\u00e4gen spezialisiert haben, erweitern wir seit \u00fcber 28 Jahren kontinuierlich unser Produktsortiment, um den Bed\u00fcrfnissen der Branche gerecht zu werden.<\/p>\t\t\t\t<style id=\"core-60bc471-core-block-supports-inline-css\"><\/style>\t\t\t\t<\/div>\n\t\t\t\t<div class=\"elementor-element elementor-element-0372e34 elementor-widget elementor-widget-text-editor\" data-id=\"0372e34\" data-element_type=\"widget\" data-widget_type=\"text-editor.default\">\n\t\t\t\t\t\t\t\t\t<p>Heute vertreten und vertreiben wir eine Vielzahl von Maschinenkategorien in der gesamten T\u00fcrkei und bieten von Konya aus technologische L\u00f6sungen f\u00fcr Industrieunternehmen im ganzen Land an. Unser Ziel ist es, die besten Maschinenl\u00f6sungen anzubieten, die die Produktionseffizienz unserer Kunden steigern und ihre Betriebsprozesse optimieren.<\/p>\t\t\t\t<style id=\"core-0372e34-core-block-supports-inline-css\"><\/style>\t\t\t\t<\/div>\n\t\t\t\t<\/div>\n\t\t\t\t\t<\/div>\n\t\t\t\t<\/div>\n\t\t<div class=\"elementor-element elementor-element-abd60d3 e-flex e-con-boxed e-con e-parent\" data-id=\"abd60d3\" data-element_type=\"container\">\n\t\t\t\t\t<div class=\"e-con-inner\">\n\t\t<div class=\"elementor-element elementor-element-354461f e-con-full e-flex e-con e-child\" data-id=\"354461f\" data-element_type=\"container\">\n\t\t\t\t<div class=\"elementor-element elementor-element-2bac111 elementor-headline--style-highlight elementor-widget elementor-widget-animated-headline\" data-id=\"2bac111\" data-element_type=\"widget\" data-settings=\"{&quot;marker&quot;:&quot;underline&quot;,&quot;highlighted_text&quot;:&quot; L\\u0130DER.&quot;,&quot;headline_style&quot;:&quot;highlight&quot;,&quot;loop&quot;:&quot;yes&quot;,&quot;highlight_animation_duration&quot;:1200,&quot;highlight_iteration_delay&quot;:8000}\" data-widget_type=\"animated-headline.default\">\n\t\t\t\t\t\t\t<h3 class=\"elementor-headline\">\n\t\t\t\t\t<span class=\"elementor-headline-plain-text elementor-headline-text-wrapper\">VISION\u00c4R, DER DIE ZUKUNFT GESTALTET<\/span>\n\t\t\t\t<span class=\"elementor-headline-dynamic-wrapper elementor-headline-text-wrapper\">\n\t\t\t\t\t<span class=\"elementor-headline-dynamic-text elementor-headline-text-active\"> F\u00dcHRUNGSPERS\u00d6NLICHKEIT.<\/span>\n\t\t\t\t<\/span>\n\t\t\t\t<\/h3>\n\t\t<style id=\"core-2bac111-core-block-supports-inline-css\"><\/style>\t\t\t\t<\/div>\n\t\t\t\t<div class=\"elementor-element elementor-element-43e08d2 elementor-widget elementor-widget-heading\" data-id=\"43e08d2\" data-element_type=\"widget\" data-widget_type=\"heading.default\">\n\t\t\t\t\t<h2 class=\"elementor-heading-title elementor-size-default\">YUNUS DEREBA\u011e<\/h2><style id=\"core-43e08d2-core-block-supports-inline-css\"><\/style>\t\t\t\t<\/div>\n\t\t\t\t<div class=\"elementor-element elementor-element-df97011 elementor-widget elementor-widget-text-editor\" data-id=\"df97011\" data-element_type=\"widget\" data-widget_type=\"text-editor.default\">\n\t\t\t\t\t\t\t\t\t<p>Indem er die Konzepte von Qualit\u00e4t, Vertrauen und Innovation im industriellen Maschinenbau vereinte, legte Yunus Dereba\u011f mit einer starken Vision, jahrelanger Erfahrung und einem ingenieurtechnischen Blickwinkel den Grundstein f\u00fcr Yuntes Makine. Seit der Gr\u00fcndung f\u00fchrt er seine F\u00fchrungsrolle fort, ohne vom Prinzip \u201enachhaltige Werte zu schaffen\u201c abzuweichen, und treibt unsere Marke sowohl auf nationaler als auch auf globaler Ebene voran.<\/p><p>Unter der F\u00fchrung von Yunus Dereba\u011f bietet Yuntes Makine nicht nur Maschinen, sondern auch L\u00f6sungen, Vertrauen und nachhaltige Produktionsstrategien.<\/p>\t\t\t\t<style id=\"core-df97011-core-block-supports-inline-css\"><\/style>\t\t\t\t<\/div>\n\t\t\t\t<\/div>\n\t\t<div class=\"elementor-element elementor-element-3f8db4e e-con-full e-flex e-con e-child\" data-id=\"3f8db4e\" data-element_type=\"container\">\n\t\t\t\t<div class=\"elementor-element elementor-element-7a1d0b6 elementor-widget elementor-widget-premium-addon-banner\" data-id=\"7a1d0b6\" data-element_type=\"widget\" data-widget_type=\"premium-addon-banner.default\">\n\t\t\t\t\t\t\t<div class=\"premium-banner-ib premium-banner-min-height premium-banner-animation1 none premium-banner__effect-type2\">\r\n\t\t\t\t\t\t\t\t\t\t<img decoding=\"async\" width=\"1066\" height=\"1280\" src=\"https:\/\/yuntes.com.tr\/wp-content\/uploads\/YunusDerebag.png\" class=\"attachment-full size-full wp-image-17237\" alt=\"\" srcset=\"https:\/\/yuntes.com.tr\/wp-content\/uploads\/YunusDerebag.png 1066w, https:\/\/yuntes.com.tr\/wp-content\/uploads\/YunusDerebag-500x600.png 500w, https:\/\/yuntes.com.tr\/wp-content\/uploads\/YunusDerebag-999x1200.png 999w, https:\/\/yuntes.com.tr\/wp-content\/uploads\/YunusDerebag-768x922.png 768w, https:\/\/yuntes.com.tr\/wp-content\/uploads\/YunusDerebag-800x961.png 800w\" sizes=\"(max-width: 1066px) 100vw, 1066px\" \/>\t\t\t\t\t\t\t\t\t<div class=\"premium-banner-ib-desc\">\r\n\t\t\t\t\r\n\t\t\t\t\t\t\t\t\t<h2 class=\"premium-banner-ib-title premium_banner_title\">\r\n\t\t\t\t\t\tYUNUS DEREBA\u011e\t\t\t\t\t<\/h2>\r\n\t\t\t\t\r\n\t\t\t\t\t\t\t\t\t<div class=\"premium-banner-ib-content premium_banner_content\">\r\n\t\t\t\t\t\t<p>GR\u00dcNDER<\/p>\t\t\t\t\t<\/div>\r\n\t\t\t\t\r\n\t\t\t\t\r\n\t\t\t\t\t\t\t<\/div>\r\n\t\t\t\t\t<\/div>\r\n\r\n\t\t<style id=\"core-7a1d0b6-core-block-supports-inline-css\"><\/style>\t\t\t\t<\/div>\n\t\t\t\t<\/div>\n\t\t\t\t\t<\/div>\n\t\t\t\t<\/div>\n\t\t<div class=\"elementor-element elementor-element-ea7461d e-flex e-con-boxed e-con e-parent\" data-id=\"ea7461d\" data-element_type=\"container\" data-settings=\"{&quot;background_background&quot;:&quot;classic&quot;}\">\n\t\t\t\t\t<div class=\"e-con-inner\">\n\t\t<div class=\"elementor-element elementor-element-4c928e0 e-con-full e-flex e-con e-child\" data-id=\"4c928e0\" data-element_type=\"container\" data-settings=\"{&quot;background_background&quot;:&quot;classic&quot;}\">\n\t\t<div class=\"elementor-element elementor-element-bb633c3 e-con-full e-flex e-con e-child\" data-id=\"bb633c3\" data-element_type=\"container\">\n\t\t\t\t<div class=\"elementor-element elementor-element-579b5eb elementor-widget elementor-widget-counter\" data-id=\"579b5eb\" data-element_type=\"widget\" data-widget_type=\"counter.default\">\n\t\t\t\t\t\t\t<div class=\"elementor-counter\">\n\t\t\t<div class=\"elementor-counter-title\">Abgeschlossenes Projekt<\/div>\t\t\t<div class=\"elementor-counter-number-wrapper\">\n\t\t\t\t<span class=\"elementor-counter-number-prefix\"><\/span>\n\t\t\t\t<span class=\"elementor-counter-number\" data-duration=\"2000\" data-to-value=\"7800\" data-from-value=\"4000\" data-delimiter=\",\">4000<\/span>\n\t\t\t\t<span class=\"elementor-counter-number-suffix\">+<\/span>\n\t\t\t<\/div>\n\t\t<\/div>\n\t\t<style id=\"core-579b5eb-core-block-supports-inline-css\"><\/style>\t\t\t\t<\/div>\n\t\t\t\t<\/div>\n\t\t<div class=\"elementor-element elementor-element-a0e020a e-con-full e-flex e-con e-child\" data-id=\"a0e020a\" data-element_type=\"container\">\n\t\t\t\t<div class=\"elementor-element elementor-element-0005467 elementor-widget elementor-widget-counter\" data-id=\"0005467\" data-element_type=\"widget\" data-widget_type=\"counter.default\">\n\t\t\t\t\t\t\t<div class=\"elementor-counter\">\n\t\t\t<div class=\"elementor-counter-title\">Aktiver Kunde<\/div>\t\t\t<div class=\"elementor-counter-number-wrapper\">\n\t\t\t\t<span class=\"elementor-counter-number-prefix\"><\/span>\n\t\t\t\t<span class=\"elementor-counter-number\" data-duration=\"2000\" data-to-value=\"480\" data-from-value=\"0\" data-delimiter=\",\">0<\/span>\n\t\t\t\t<span class=\"elementor-counter-number-suffix\">+<\/span>\n\t\t\t<\/div>\n\t\t<\/div>\n\t\t<style id=\"core-0005467-core-block-supports-inline-css\"><\/style>\t\t\t\t<\/div>\n\t\t\t\t<\/div>\n\t\t<div class=\"elementor-element elementor-element-dae5238 e-con-full e-flex e-con e-child\" data-id=\"dae5238\" data-element_type=\"container\">\n\t\t\t\t<div class=\"elementor-element elementor-element-e9f9400 elementor-widget-mobile__width-initial elementor-widget elementor-widget-counter\" data-id=\"e9f9400\" data-element_type=\"widget\" data-widget_type=\"counter.default\">\n\t\t\t\t\t\t\t<div class=\"elementor-counter\">\n\t\t\t<div class=\"elementor-counter-title\">Maschineninstallation\/Inbetriebnahme<\/div>\t\t\t<div class=\"elementor-counter-number-wrapper\">\n\t\t\t\t<span class=\"elementor-counter-number-prefix\"><\/span>\n\t\t\t\t<span class=\"elementor-counter-number\" data-duration=\"2000\" data-to-value=\"6500\" data-from-value=\"3500\" data-delimiter=\",\">3500<\/span>\n\t\t\t\t<span class=\"elementor-counter-number-suffix\">+<\/span>\n\t\t\t<\/div>\n\t\t<\/div>\n\t\t<style id=\"core-e9f9400-core-block-supports-inline-css\"><\/style>\t\t\t\t<\/div>\n\t\t\t\t<\/div>\n\t\t<div class=\"elementor-element elementor-element-88e007e e-con-full e-flex e-con e-child\" data-id=\"88e007e\" data-element_type=\"container\">\n\t\t\t\t<div class=\"elementor-element elementor-element-3cd9d61 elementor-widget elementor-widget-counter\" data-id=\"3cd9d61\" data-element_type=\"widget\" data-widget_type=\"counter.default\">\n\t\t\t\t\t\t\t<div class=\"elementor-counter\">\n\t\t\t<div class=\"elementor-counter-title\">Branchenerfahrung<\/div>\t\t\t<div class=\"elementor-counter-number-wrapper\">\n\t\t\t\t<span class=\"elementor-counter-number-prefix\"><\/span>\n\t\t\t\t<span class=\"elementor-counter-number\" data-duration=\"2000\" data-to-value=\"29\" data-from-value=\"0\" data-delimiter=\",\">0<\/span>\n\t\t\t\t<span class=\"elementor-counter-number-suffix\">+<\/span>\n\t\t\t<\/div>\n\t\t<\/div>\n\t\t<style id=\"core-3cd9d61-core-block-supports-inline-css\"><\/style>\t\t\t\t<\/div>\n\t\t\t\t<\/div>\n\t\t<div class=\"elementor-element elementor-element-a93d588 e-con-full e-flex e-con e-child\" data-id=\"a93d588\" data-element_type=\"container\">\n\t\t\t\t<div class=\"elementor-element elementor-element-574ece5 elementor-widget elementor-widget-counter\" data-id=\"574ece5\" data-element_type=\"widget\" data-widget_type=\"counter.default\">\n\t\t\t\t\t\t\t<div class=\"elementor-counter\">\n\t\t\t<div class=\"elementor-counter-title\">Schulungsteilnehmer<\/div>\t\t\t<div class=\"elementor-counter-number-wrapper\">\n\t\t\t\t<span class=\"elementor-counter-number-prefix\"><\/span>\n\t\t\t\t<span class=\"elementor-counter-number\" data-duration=\"2000\" data-to-value=\"840\" data-from-value=\"0\" data-delimiter=\",\">0<\/span>\n\t\t\t\t<span class=\"elementor-counter-number-suffix\">+<\/span>\n\t\t\t<\/div>\n\t\t<\/div>\n\t\t<style id=\"core-574ece5-core-block-supports-inline-css\"><\/style>\t\t\t\t<\/div>\n\t\t\t\t<\/div>\n\t\t\t\t<\/div>\n\t\t\t\t\t<\/div>\n\t\t\t\t<\/div>\n\t\t<div class=\"elementor-element elementor-element-bc0bc35 e-flex e-con-boxed e-con e-parent\" data-id=\"bc0bc35\" data-element_type=\"container\">\n\t\t\t\t\t<div class=\"e-con-inner\">\n\t\t<div class=\"elementor-element elementor-element-50e496e e-con-full e-flex e-con e-child\" data-id=\"50e496e\" data-element_type=\"container\" data-settings=\"{&quot;background_background&quot;:&quot;video&quot;,&quot;background_video_link&quot;:&quot;https:\\\/\\\/www.youtube.com\\\/watch?v=5JCqt7nJAQo&quot;}\">\n\t\t<div class=\"elementor-background-video-container elementor-hidden-mobile\" aria-hidden=\"true\">\n\t\t\t\t\t\t\t<div class=\"elementor-background-video-embed\"><\/div>\n\t\t\t\t\t\t<\/div>\t\t<div class=\"elementor-element elementor-element-193189e elementor-view-stacked elementor-shape-circle elementor-widget elementor-widget-icon\" data-id=\"193189e\" data-element_type=\"widget\" data-widget_type=\"icon.default\">\n\t\t\t\t\t\t\t<div class=\"elementor-icon-wrapper\">\n\t\t\t<a class=\"elementor-icon\" href=\"https:\/\/www.youtube.com\/watch?v=5JCqt7nJAQo\" target=\"_blank\">\n\t\t\t<svg aria-hidden=\"true\" class=\"e-font-icon-svg e-fas-play\" viewbox=\"0 0 448 512\" xmlns=\"http:\/\/www.w3.org\/2000\/svg\"><path d=\"M424.4 214.7L72.4 6.6C43.8-10.3 0 6.1 0 47.9V464c0 37.5 40.7 60.1 72.4 41.3l352-208c31.4-18.5 31.5-64.1 0-82.6z\"><\/path><\/svg>\t\t\t<\/a>\n\t\t<\/div>\n\t\t<style id=\"core-193189e-core-block-supports-inline-css\"><\/style>\t\t\t\t<\/div>\n\t\t\t\t<\/div>\n\t\t\t\t\t<\/div>\n\t\t\t\t<\/div>\n\t\t<div class=\"elementor-element elementor-element-1f700ff e-flex e-con-boxed e-con e-parent\" data-id=\"1f700ff\" data-element_type=\"container\">\n\t\t\t\t\t<div class=\"e-con-inner\">\n\t\t\t\t<div class=\"elementor-element elementor-element-076bce8 elementor-widget__width-initial elementor-widget elementor-widget-heading\" data-id=\"076bce8\" data-element_type=\"widget\" data-widget_type=\"heading.default\">\n\t\t\t\t\t<h2 class=\"elementor-heading-title elementor-size-default\">Wir gedenken mit Respekt und Dankbarkeit\u2026<\/h2><style id=\"core-076bce8-core-block-supports-inline-css\"><\/style>\t\t\t\t<\/div>\n\t\t<div class=\"elementor-element elementor-element-fa9dca8 e-con-full e-flex e-con e-child\" data-id=\"fa9dca8\" data-element_type=\"container\">\n\t\t\t\t<div class=\"elementor-element elementor-element-48d4a08 elementor-widget__width-initial elementor-widget elementor-widget-image\" data-id=\"48d4a08\" data-element_type=\"widget\" data-widget_type=\"image.default\">\n\t\t\t\t\t\t\t\t\t\t\t\t\t\t\t<img decoding=\"async\" width=\"482\" height=\"475\" src=\"https:\/\/yuntes.com.tr\/wp-content\/uploads\/320885.jpg\" class=\"attachment-full size-full wp-image-17105\" alt=\"\" srcset=\"https:\/\/yuntes.com.tr\/wp-content\/uploads\/320885.jpg 482w, https:\/\/yuntes.com.tr\/wp-content\/uploads\/320885-100x100.jpg 100w\" sizes=\"(max-width: 482px) 100vw, 482px\" \/>\t\t\t\t\t\t\t\t\t\t\t<style id=\"core-48d4a08-core-block-supports-inline-css\"><\/style>\t\t\t\t<\/div>\n\t\t\t\t<\/div>\n\t\t<div class=\"elementor-element elementor-element-6f438c5 e-con-full e-flex e-con e-child\" data-id=\"6f438c5\" data-element_type=\"container\">\n\t\t\t\t<div class=\"elementor-element elementor-element-d050361 elementor-widget__width-initial elementor-widget-tablet__width-initial elementor-widget elementor-widget-text-editor\" data-id=\"d050361\" data-element_type=\"widget\" data-widget_type=\"text-editor.default\">\n\t\t\t\t\t\t\t\t\tDer \u00e4ltere Bruder unseres Gr\u00fcnders Yunus Dereba\u011f, der einen wichtigen Beitrag zur Entwicklung von Yuntes Makine geleistet hat\u2026\t\t\t\t<style id=\"core-d050361-core-block-supports-inline-css\"><\/style>\t\t\t\t<\/div>\n\t\t\t\t<\/div>\n\t\t\t\t\t<\/div>\n\t\t\t\t<\/div>\n\t\t\t\t<\/div>","protected":false},"excerpt":{"rendered":"<p>Sanayide G\u00fcc\u00fcm\u00fcz Geceyi Ayd\u0131nlatan I\u015f\u0131\u011f\u0131m\u0131z. Yuntes Makine,\u00a01996 y\u0131l\u0131nda Konya\u2019da kurulan\u00a0k\u00f6kl\u00fc bir firmad\u0131r ve\u00a0sanayi sekt\u00f6r\u00fcne y\u00f6nelik makine sat\u0131\u015f\u00a0ve\u00a0kapsaml\u0131 sat\u0131\u015f sonras\u0131 hizmetler\u00a0sunmaktad\u0131r. Faaliyetlerimize ba\u015flang\u0131\u00e7ta\u00a0\u015ferit testere makineleri\u00a0alan\u0131nda odaklanm\u0131\u015f olsak da, ge\u00e7en 28 y\u0131l\u0131 a\u015fk\u0131n s\u00fcredir \u00fcr\u00fcn yelpazemizi s\u00fcrekli geni\u015fleterek sekt\u00f6r\u00fcn ihtiya\u00e7lar\u0131na cevap verdik. Bug\u00fcn, bir\u00e7ok farkl\u0131\u00a0makine grubunun bayili\u011fini\u00a0ve\u00a0T\u00fcrkiye distrib\u00fct\u00f6rl\u00fc\u011f\u00fcn\u00fc\u00a0\u00fcstlenerek,\u00a0Konya\u2019dan T\u00fcrkiye\u2019nin d\u00f6rt bir yan\u0131ndaki sanayi kurulu\u015flar\u0131na\u00a0teknolojik \u00e7\u00f6z\u00fcmler sunuyoruz. Amac\u0131m\u0131z, [&hellip;]<\/p>","protected":false},"author":1,"featured_media":0,"parent":0,"menu_order":0,"comment_status":"closed","ping_status":"closed","template":"","meta":{"footnotes":""},"class_list":["post-10632","page","type-page","status-publish","hentry"],"blocksy_meta":[],"_links":{"self":[{"href":"https:\/\/yuntes.com.tr\/de\/wp-json\/wp\/v2\/pages\/10632","targetHints":{"allow":["GET"]}}],"collection":[{"href":"https:\/\/yuntes.com.tr\/de\/wp-json\/wp\/v2\/pages"}],"about":[{"href":"https:\/\/yuntes.com.tr\/de\/wp-json\/wp\/v2\/types\/page"}],"author":[{"embeddable":true,"href":"https:\/\/yuntes.com.tr\/de\/wp-json\/wp\/v2\/users\/1"}],"replies":[{"embeddable":true,"href":"https:\/\/yuntes.com.tr\/de\/wp-json\/wp\/v2\/comments?post=10632"}],"version-history":[{"count":57,"href":"https:\/\/yuntes.com.tr\/de\/wp-json\/wp\/v2\/pages\/10632\/revisions"}],"predecessor-version":[{"id":17313,"href":"https:\/\/yuntes.com.tr\/de\/wp-json\/wp\/v2\/pages\/10632\/revisions\/17313"}],"wp:attachment":[{"href":"https:\/\/yuntes.com.tr\/de\/wp-json\/wp\/v2\/media?parent=10632"}],"curies":[{"name":"wp","href":"https:\/\/api.w.org\/{rel}","templated":true}]}}