{"id":32100,"date":"2025-10-07T09:46:36","date_gmt":"2025-10-07T06:46:36","guid":{"rendered":"https:\/\/yuntes.com.tr\/?post_type=product&#038;p=32100"},"modified":"2025-10-07T09:46:36","modified_gmt":"2025-10-07T06:46:36","slug":"ydm-oree-laser-tg-series-6020","status":"publish","type":"product","link":"https:\/\/yuntes.com.tr\/ar\/product\/ydm-oree-laser-tg-series-6020\/","title":{"rendered":"YDM \u2013 Oree Laser TG Series 6020"},"content":{"rendered":"","protected":false},"excerpt":{"rendered":"<p>Karma\u015f\u0131k geometrilere ve kesit \u015fekillerine sahip borular\u0131n kesilmesini destekler ve \u00e7ok \u00e7e\u015fitli \u00e7al\u0131\u015fma ko\u015fullar\u0131na ve i\u015fleme gereksinimlerine esnek bir \u015fekilde uyum sa\u011flar.<br \/>\n\u00d6zellikle b\u00fcy\u00fck \u00e7apl\u0131 borular\u0131n kullan\u0131ld\u0131\u011f\u0131 y\u00fcksek h\u0131zl\u0131 i\u015flemlerde g\u00fc\u00e7l\u00fc y\u00fck ta\u015f\u0131ma kapasitesi ve kesme stabilitesi sa\u011flayan sa\u011flam ve a\u011f\u0131r hizmet tipi bir yap\u0131 ile \u00fcretilmi\u015ftir.<br \/>\nAk\u0131ll\u0131 y\u00fckseklik ayar\u0131 \u00f6zelli\u011fi sayesinde ayna sistemiyle uyumlu \u00e7al\u0131\u015farak uzun borular\u0131n sarkmas\u0131n\u0131 veya sallanmas\u0131n\u0131 etkili bir \u015fekilde \u00f6nler. Tam uzunlukta i\u015fleme i\u00e7in kesme stabilitesini ve hassasiyetini art\u0131r\u0131r.<br \/>\nOptimize edilmi\u015f makine d\u00fczeni ve kesme yolu tasar\u0131m\u0131, ultra k\u0131sa kuyruk kesimine olanak tan\u0131yarak malzeme israf\u0131n\u0131 \u00f6nemli \u00f6l\u00e7\u00fcde azalt\u0131r. Geleneksel kurulumlara k\u0131yasla malzeme kullan\u0131m\u0131 b\u00fcy\u00fck \u00f6l\u00e7\u00fcde iyile\u015ftirilmi\u015ftir.<\/p>","protected":false},"featured_media":32106,"comment_status":"closed","ping_status":"closed","template":"","meta":[],"product_brand":[701],"product_cat":[174,212],"product_tag":[],"class_list":{"0":"post-32100","1":"product","2":"type-product","3":"status-publish","4":"has-post-thumbnail","6":"product_brand-ydm","7":"product_cat-cnc-lazer-boru-profil-kesim-makinesi","8":"product_cat-lazer-kesim-makineleri","10":"first","11":"instock","12":"shipping-taxable","13":"product-type-simple"},"ct_brands":[{"id":701,"name":"YDM","slug":"ydm"}],"_links":{"self":[{"href":"https:\/\/yuntes.com.tr\/ar\/wp-json\/wp\/v2\/product\/32100","targetHints":{"allow":["GET"]}}],"collection":[{"href":"https:\/\/yuntes.com.tr\/ar\/wp-json\/wp\/v2\/product"}],"about":[{"href":"https:\/\/yuntes.com.tr\/ar\/wp-json\/wp\/v2\/types\/product"}],"replies":[{"embeddable":true,"href":"https:\/\/yuntes.com.tr\/ar\/wp-json\/wp\/v2\/comments?post=32100"}],"version-history":[{"count":2,"href":"https:\/\/yuntes.com.tr\/ar\/wp-json\/wp\/v2\/product\/32100\/revisions"}],"predecessor-version":[{"id":32116,"href":"https:\/\/yuntes.com.tr\/ar\/wp-json\/wp\/v2\/product\/32100\/revisions\/32116"}],"wp:featuredmedia":[{"embeddable":true,"href":"https:\/\/yuntes.com.tr\/ar\/wp-json\/wp\/v2\/media\/32106"}],"wp:attachment":[{"href":"https:\/\/yuntes.com.tr\/ar\/wp-json\/wp\/v2\/media?parent=32100"}],"wp:term":[{"taxonomy":"product_brand","embeddable":true,"href":"https:\/\/yuntes.com.tr\/ar\/wp-json\/wp\/v2\/product_brand?post=32100"},{"taxonomy":"product_cat","embeddable":true,"href":"https:\/\/yuntes.com.tr\/ar\/wp-json\/wp\/v2\/product_cat?post=32100"},{"taxonomy":"product_tag","embeddable":true,"href":"https:\/\/yuntes.com.tr\/ar\/wp-json\/wp\/v2\/product_tag?post=32100"}],"curies":[{"name":"wp","href":"https:\/\/api.w.org\/{rel}","templated":true}]}}