{"id":32085,"date":"2025-10-07T09:10:16","date_gmt":"2025-10-07T06:10:16","guid":{"rendered":"https:\/\/yuntes.com.tr\/?post_type=product&#038;p=32085"},"modified":"2025-10-07T09:10:16","modified_gmt":"2025-10-07T06:10:16","slug":"ydm-oree-laser-f-series-3015","status":"publish","type":"product","link":"https:\/\/yuntes.com.tr\/ar\/product\/ydm-oree-laser-f-series-3015\/","title":{"rendered":"YDM &#8211; Oree Laser F Series 3015"},"content":{"rendered":"","protected":false},"excerpt":{"rendered":"<p>Yanmaya dayan\u0131kl\u0131 tasar\u0131ma sahip geli\u015ftirilmi\u015f yap\u0131, termal deformasyonu en aza indirerek daha ak\u0131c\u0131 y\u00fcksek h\u0131zl\u0131 \u00e7al\u0131\u015fma ve istikrarl\u0131 kesim hassasiyeti sa\u011flar.<\/p>","protected":false},"featured_media":32086,"comment_status":"closed","ping_status":"closed","template":"","meta":[],"product_brand":[701],"product_cat":[212],"product_tag":[],"class_list":{"0":"post-32085","1":"product","2":"type-product","3":"status-publish","4":"has-post-thumbnail","6":"product_brand-ydm","7":"product_cat-lazer-kesim-makineleri","9":"first","10":"instock","11":"shipping-taxable","12":"product-type-simple"},"ct_brands":[{"id":701,"name":"YDM","slug":"ydm"}],"_links":{"self":[{"href":"https:\/\/yuntes.com.tr\/ar\/wp-json\/wp\/v2\/product\/32085","targetHints":{"allow":["GET"]}}],"collection":[{"href":"https:\/\/yuntes.com.tr\/ar\/wp-json\/wp\/v2\/product"}],"about":[{"href":"https:\/\/yuntes.com.tr\/ar\/wp-json\/wp\/v2\/types\/product"}],"replies":[{"embeddable":true,"href":"https:\/\/yuntes.com.tr\/ar\/wp-json\/wp\/v2\/comments?post=32085"}],"version-history":[{"count":1,"href":"https:\/\/yuntes.com.tr\/ar\/wp-json\/wp\/v2\/product\/32085\/revisions"}],"predecessor-version":[{"id":32087,"href":"https:\/\/yuntes.com.tr\/ar\/wp-json\/wp\/v2\/product\/32085\/revisions\/32087"}],"wp:featuredmedia":[{"embeddable":true,"href":"https:\/\/yuntes.com.tr\/ar\/wp-json\/wp\/v2\/media\/32086"}],"wp:attachment":[{"href":"https:\/\/yuntes.com.tr\/ar\/wp-json\/wp\/v2\/media?parent=32085"}],"wp:term":[{"taxonomy":"product_brand","embeddable":true,"href":"https:\/\/yuntes.com.tr\/ar\/wp-json\/wp\/v2\/product_brand?post=32085"},{"taxonomy":"product_cat","embeddable":true,"href":"https:\/\/yuntes.com.tr\/ar\/wp-json\/wp\/v2\/product_cat?post=32085"},{"taxonomy":"product_tag","embeddable":true,"href":"https:\/\/yuntes.com.tr\/ar\/wp-json\/wp\/v2\/product_tag?post=32085"}],"curies":[{"name":"wp","href":"https:\/\/api.w.org\/{rel}","templated":true}]}}